{"id":32,"date":"2024-09-25T17:59:49","date_gmt":"2024-09-25T14:59:49","guid":{"rendered":"https:\/\/sisu.ut.ee\/dak\/?page_id=32"},"modified":"2025-09-12T14:07:09","modified_gmt":"2025-09-12T11:07:09","slug":"uurimisruhm","status":"publish","type":"page","link":"https:\/\/sisu.ut.ee\/dak\/uurimisruhm\/","title":{"rendered":"Uurimisr\u00fchm"},"content":{"rendered":"<p><\/p>\n\n\n\n<h2 class=\"wp-block-heading has-primary-color has-text-color has-link-color wp-elements-c140d8d4b0440b567a3aed3cde8a9141\"><span style=\"color: #374ea2;\">Uurimisr\u00fchm<\/span><\/h2>\n\n\n\n<p><\/p>\n\n\n<div class=\"person-card border rounded p-2 pb-4 mb-4\">\n\t<div class=\"d-flex \">\n\t\t\t\t\t<img loading=\"lazy\" decoding=\"async\" width=\"150\" height=\"150\" src=\"https:\/\/sisu.ut.ee\/wp-content\/uploads\/sites\/800\/IMG_4924-1-150x150.jpg\" class=\"flex-shrink-0 object-fit-cover person-card__image img-fluid rounded mb-2 me-2\" alt=\"\">\n\t\t\t\t<div class=\"person-card__info\">\n\t\t\t\t\t\t\t<h3 class=\"h4 mb-2\">Virve-Anneli Vihman<\/h3>\n\t\t\t\t\t\t\t\t\t\t<div class=\"mb-2\">\n\t\t\t\t\t<p>ps\u00fchholingvistika professor, projektijuht<\/p>\n\n\t\t\t\t<\/div>\n\t\t\t\t\t\t\t\t\t\t\t\t\t\t\t\t<a href=\"mailto:virve.vihman@ut.ee\" class=\"mb-0\">virve.vihman@ut.ee<\/a>\n\t\t\t\t\t<\/div>\n\t<\/div>\n\t\t\t<div class=\"person-card__description mt-2\">\n\t\t\t<p>Mind huvitavad laste keele omandamine ja noorte keelekasutus. Olen uurinud grammatika omandamist, mitmekeelset keelekasutust ja keele varieerumist, nii korpuste p\u00f5hjal kui katsete abil. Selles projektis on p\u00f5nev v\u00f5rrelda suulist ja netikeelt ning eri vanuses k\u00f5nelejate keelelisi erinevusi, mille kaudu saame paremini aru eesti keele varieeruvusest ja muutumisest.<\/p>\n\n\t\t<\/div>\n\t<\/div>\n\n\n<div class=\"person-card border rounded p-2 pb-4 mb-4\">\n\t<div class=\"d-flex \">\n\t\t\t\t\t<img loading=\"lazy\" decoding=\"async\" width=\"150\" height=\"150\" src=\"https:\/\/sisu.ut.ee\/wp-content\/uploads\/sites\/800\/IMG_4856-e1727935413345-150x150.jpg\" class=\"flex-shrink-0 object-fit-cover person-card__image img-fluid rounded mb-2 me-2\" alt=\"\">\n\t\t\t\t<div class=\"person-card__info\">\n\t\t\t\t\t\t\t<h3 class=\"h4 mb-2\">Kirsi Laanesoo-Kalk<\/h3>\n\t\t\t\t\t\t\t\t\t\t<div class=\"mb-2\">\n\t\t\t\t\t<p>eesti keele lektor<\/p>\n\n\t\t\t\t<\/div>\n\t\t\t\t\t\t\t\t\t\t\t\t\t\t<\/div>\n\t<\/div>\n\t\t\t<div class=\"person-card__description mt-2\">\n\t\t\t<p>Minu peamine uurimisvaldkond on suuline keel ja suhtlus. Mind huvitab, milliste keeleliste vahenditega viivad inimesed igap\u00e4evases suhtluses l\u00e4bi erinevaid suhtlustegevusi. Projektis \u201cDigiajastu keel\u201d uurin suulise keele k\u00f5rval ka mitmesuguseid n\u00e4htusi netikeeles.<\/p>\n\n\t\t<\/div>\n\t<\/div>\n\n\n<div class=\"person-card border rounded p-2 pb-4 mb-4\">\n\t<div class=\"d-flex \">\n\t\t\t\t\t<img loading=\"lazy\" decoding=\"async\" width=\"150\" height=\"150\" src=\"https:\/\/sisu.ut.ee\/wp-content\/uploads\/sites\/800\/IMG_9396-e1727935396641-150x150.jpg\" class=\"flex-shrink-0 object-fit-cover person-card__image img-fluid rounded mb-2 me-2\" alt=\"\">\n\t\t\t\t<div class=\"person-card__info\">\n\t\t\t\t\t\t\t<h3 class=\"h4 mb-2\">Tiit Hennoste<\/h3>\n\t\t\t\t\t\t\t\t\t\t<div class=\"mb-2\">\n\t\t\t\t\t<p>suulise k\u00f5ne ja vestlusanal\u00fc\u00fcsi teadur<\/p>\n\n\t\t\t\t<\/div>\n\t\t\t\t\t\t\t\t\t\t\t\t\t\t<\/div>\n\t<\/div>\n\t<\/div>\n\n\n<div class=\"person-card border rounded p-2 pb-4 mb-4\">\n\t<div class=\"d-flex \">\n\t\t\t\t\t<img loading=\"lazy\" decoding=\"async\" width=\"150\" height=\"150\" src=\"https:\/\/sisu.ut.ee\/wp-content\/uploads\/sites\/800\/IMG_5083-e1727935381346-150x150.jpg\" class=\"flex-shrink-0 object-fit-cover person-card__image img-fluid rounded mb-2 me-2\" alt=\"\">\n\t\t\t\t<div class=\"person-card__info\">\n\t\t\t\t\t\t\t<h3 class=\"h4 mb-2\">Andriela R\u00e4\u00e4bis<\/h3>\n\t\t\t\t\t\t\t\t\t\t<div class=\"mb-2\">\n\t\t\t\t\t<p>suulise keele teadur<\/p>\n\n\t\t\t\t<\/div>\n\t\t\t\t\t\t\t\t\t\t\t\t\t\t<\/div>\n\t<\/div>\n\t\t\t<div class=\"person-card__description mt-2\">\n\t\t\t<p>Minu kesksed uurimishuvid on olnud vestluse struktuur, k\u00fcsimused ja vastused, direktiivid, kurtmisj\u00e4rjendid, partiklid, filmidialoog. Olen Tartu \u00fclikooli suulise eesti keele korpuse administraator. Projektis \u201cDigiajastu keel\u201d uurin suulist keelt ning v\u00f5rdlen t\u00e4iskasvanute ja noorte keelekasutust.<\/p>\n\n\t\t<\/div>\n\t<\/div>\n\n\n<div class=\"person-card border rounded p-2 pb-4 mb-4\">\n\t<div class=\"d-flex \">\n\t\t\t\t\t<img loading=\"lazy\" decoding=\"async\" width=\"150\" height=\"150\" src=\"https:\/\/sisu.ut.ee\/wp-content\/uploads\/sites\/800\/KristiinaPraakli-150x150.jpg\" class=\"flex-shrink-0 object-fit-cover person-card__image img-fluid rounded mb-2 me-2\" alt=\"\" srcset=\"https:\/\/sisu.ut.ee\/wp-content\/uploads\/sites\/800\/KristiinaPraakli-150x150.jpg 150w, https:\/\/sisu.ut.ee\/wp-content\/uploads\/sites\/800\/KristiinaPraakli-300x300.jpg 300w, https:\/\/sisu.ut.ee\/wp-content\/uploads\/sites\/800\/KristiinaPraakli.jpg 528w\" sizes=\"auto, (max-width: 150px) 100vw, 150px\">\n\t\t\t\t<div class=\"person-card__info\">\n\t\t\t\t\t\t\t<h3 class=\"h4 mb-2\">Kristiina Praakli<\/h3>\n\t\t\t\t\t\t\t\t\t\t<div class=\"mb-2\">\n\t\t\t\t\t<p>rakenduslingvistika kaasprofessor<\/p>\n\n\t\t\t\t<\/div>\n\t\t\t\t\t\t\t\t\t\t\t\t\t\t<\/div>\n\t<\/div>\n\t<\/div>\n\n\n<div class=\"person-card border rounded p-2 pb-4 mb-4\">\n\t<div class=\"d-flex \">\n\t\t\t\t\t<img loading=\"lazy\" decoding=\"async\" width=\"150\" height=\"150\" src=\"https:\/\/sisu.ut.ee\/wp-content\/uploads\/sites\/800\/IMG_6896-e1727935355909-150x150.jpg\" class=\"flex-shrink-0 object-fit-cover person-card__image img-fluid rounded mb-2 me-2\" alt=\"\">\n\t\t\t\t<div class=\"person-card__info\">\n\t\t\t\t\t\t\t<h3 class=\"h4 mb-2\">Maarja-Liisa Pilvik<\/h3>\n\t\t\t\t\t\t\t\t\t\t<div class=\"mb-2\">\n\t\t\t\t\t<p>eesti keele teadur<\/p>\n\n\t\t\t\t<\/div>\n\t\t\t\t\t\t\t\t\t\t\t\t\t\t<\/div>\n\t<\/div>\n\t\t\t<div class=\"person-card__description mt-2\">\n\t\t\t<p>Mind huvitab tegeliku keelekasutuse varieerumine ja muutumine, eriti s\u00f5navormide ja keeleliste konstruktsioonide tasandil. Olen seda varieerumist uurinud nii kirjakeeles, suulises keeles kui ka murretes ning kasutan oma t\u00f6\u00f6s p\u00f5hiliselt suuri tekstikorpusi ja kvantitatiivseid anal\u00fc\u00fcsimeetodeid. Sedasama teen ka selles projektis. Lisaks aitan korpuste materjale \u00fchtlustada ja teha neid huvilistele ligip\u00e4\u00e4setavamaks.<\/p>\n\n\t\t<\/div>\n\t<\/div>\n\n\n<div class=\"person-card border rounded p-2 pb-4 mb-4\">\n\t<div class=\"d-flex \">\n\t\t\t\t\t<img loading=\"lazy\" decoding=\"async\" width=\"150\" height=\"150\" src=\"https:\/\/sisu.ut.ee\/wp-content\/uploads\/sites\/800\/IMG_4874-e1727935330118-150x150.jpg\" class=\"flex-shrink-0 object-fit-cover person-card__image img-fluid rounded mb-2 me-2\" alt=\"\">\n\t\t\t\t<div class=\"person-card__info\">\n\t\t\t\t\t\t\t<h3 class=\"h4 mb-2\">Mari Aigro<\/h3>\n\t\t\t\t\t\t\t\t\t\t<div class=\"mb-2\">\n\t\t\t\t\t<p>morfos\u00fcntaksi teadur<\/p>\n\n\t\t\t\t<\/div>\n\t\t\t\t\t\t\t\t\t\t\t\t\t\t<\/div>\n\t<\/div>\n\t<\/div>\n\n\n<div class=\"person-card border rounded p-2 pb-4 mb-4\">\n\t<div class=\"d-flex \">\n\t\t\t\t\t<img loading=\"lazy\" decoding=\"async\" width=\"150\" height=\"150\" src=\"https:\/\/sisu.ut.ee\/wp-content\/uploads\/sites\/800\/IMG_5571-e1727935290479-150x150.jpg\" class=\"flex-shrink-0 object-fit-cover person-card__image img-fluid rounded mb-2 me-2\" alt=\"\">\n\t\t\t\t<div class=\"person-card__info\">\n\t\t\t\t\t\t\t<h3 class=\"h4 mb-2\">Andra Rumm<\/h3>\n\t\t\t\t\t\t\t\t\t\t<div class=\"mb-2\">\n\t\t\t\t\t<p>eesti keele lektor<\/p>\n\n\t\t\t\t<\/div>\n\t\t\t\t\t\t\t\t\t\t\t\t\t\t<\/div>\n\t<\/div>\n\t<\/div>\n\n\n<div class=\"person-card border rounded p-2 pb-4 mb-4\">\n\t<div class=\"d-flex \">\n\t\t\t\t\t<img loading=\"lazy\" decoding=\"async\" width=\"150\" height=\"150\" src=\"https:\/\/sisu.ut.ee\/wp-content\/uploads\/sites\/800\/1663599531723-150x150.jpg\" class=\"flex-shrink-0 object-fit-cover person-card__image img-fluid rounded mb-2 me-2\" alt=\"\" srcset=\"https:\/\/sisu.ut.ee\/wp-content\/uploads\/sites\/800\/1663599531723-150x150.jpg 150w, https:\/\/sisu.ut.ee\/wp-content\/uploads\/sites\/800\/1663599531723.jpg 200w\" sizes=\"auto, (max-width: 150px) 100vw, 150px\">\n\t\t\t\t<div class=\"person-card__info\">\n\t\t\t\t\t\t\t<h3 class=\"h4 mb-2\">Andra Annuka-Loik<\/h3>\n\t\t\t\t\t\t\t\t\t\t<div class=\"mb-2\">\n\t\t\t\t\t<p>eesti keele teksti\u00f5petuse lektor<\/p>\n\n\t\t\t\t<\/div>\n\t\t\t\t\t\t\t\t\t\t\t\t\t\t<\/div>\n\t<\/div>\n\t\t\t<div class=\"person-card__description mt-2\">\n\t\t\t<p>Oma teadust\u00f6\u00f6s tegelen peamiselt suulise keele ja suhtlusega. Oma senises teadust\u00f6\u00f6s olen peamiselt keskendunud naeru ja naerva h\u00e4\u00e4le uurimisele, mille eesm\u00e4rk oli n\u00e4idata, kuidas n\u00e4htus, mis pealtn\u00e4ha justkui ei olekski keelega seotud, kannab tegelikult olulist rolli selles, kuidas me \u00fcksteist m\u00f5istame. Projektis \u201cDigiajastu keel\u201d j\u00e4tkan suulise keele uurimisega, lisaks sellele keskendun suulise keele joontele netivestlustes.<\/p>\n\n\t\t<\/div>\n\t<\/div>\n\n\n<div class=\"person-card border rounded p-2 pb-4 mb-4\">\n\t<div class=\"d-flex \">\n\t\t\t\t\t<img loading=\"lazy\" decoding=\"async\" width=\"150\" height=\"150\" src=\"https:\/\/sisu.ut.ee\/wp-content\/uploads\/sites\/800\/1662731839728-150x150.jpg\" class=\"flex-shrink-0 object-fit-cover person-card__image img-fluid rounded mb-2 me-2\" alt=\"\" srcset=\"https:\/\/sisu.ut.ee\/wp-content\/uploads\/sites\/800\/1662731839728-150x150.jpg 150w, https:\/\/sisu.ut.ee\/wp-content\/uploads\/sites\/800\/1662731839728.jpg 200w\" sizes=\"auto, (max-width: 150px) 100vw, 150px\">\n\t\t\t\t<div class=\"person-card__info\">\n\t\t\t\t\t\t\t<h3 class=\"h4 mb-2\">Piret Upser<\/h3>\n\t\t\t\t\t\t\t\t\t\t<div class=\"mb-2\">\n\t\t\t\t\t<p>lingvistilise antropoloogia teadur<\/p>\n\n\t\t\t\t<\/div>\n\t\t\t\t\t\t\t\t\t\t\t\t\t\t<\/div>\n\t<\/div>\n\t<\/div>\n\n\n<div class=\"person-card border rounded p-2 pb-4 mb-4\">\n\t<div class=\"d-flex \">\n\t\t\t\t\t<img loading=\"lazy\" decoding=\"async\" width=\"150\" height=\"150\" src=\"https:\/\/sisu.ut.ee\/wp-content\/uploads\/sites\/800\/2251281hc313t70-150x150.jpg\" class=\"flex-shrink-0 object-fit-cover person-card__image img-fluid rounded mb-2 me-2\" alt=\"\">\n\t\t\t\t<div class=\"person-card__info\">\n\t\t\t\t\t\t\t<h3 class=\"h4 mb-2\">Mari-Liis Korkus<\/h3>\n\t\t\t\t\t\t\t\t\t\t<div class=\"mb-2\">\n\t\t\t\t\t<p>eesti ja soome-ugri keeleteaduse nooremteadur<\/p>\n\n\t\t\t\t<\/div>\n\t\t\t\t\t\t\t\t\t\t\t\t\t\t<\/div>\n\t<\/div>\n\t\t\t<div class=\"person-card__description mt-2\">\n\t\t\t<p>Minu peamised uurimishuvid on seotud mitmekeelsuse ja noortekeelega, Oma doktorit\u00f6\u00f6s uurin Rootsis elavate Eesti p\u00e4ritolu teismeliste suulist keelekasutust ja keelehoiakuid. Projektis \u201cDigiajastu keel\u201d uurin aga, kuidas ja miks Eesti noored kasutavad teisi keeli eestikeelses suhtluses, seda nii suuliste kui t\u0161\u00e4tivestluste n\u00e4itel.<\/p>\n\n\t\t<\/div>\n\t<\/div>\n\n\n<div class=\"person-card border rounded p-2 pb-4 mb-4\">\n\t<div class=\"d-flex \">\n\t\t\t\t\t<img loading=\"lazy\" decoding=\"async\" width=\"150\" height=\"150\" src=\"https:\/\/sisu.ut.ee\/wp-content\/uploads\/sites\/800\/K_Algvere-e1727935213359-150x150.jpg\" class=\"flex-shrink-0 object-fit-cover person-card__image img-fluid rounded mb-2 me-2\" alt=\"\" srcset=\"https:\/\/sisu.ut.ee\/wp-content\/uploads\/sites\/800\/K_Algvere-e1727935213359-150x150.jpg 150w, https:\/\/sisu.ut.ee\/wp-content\/uploads\/sites\/800\/K_Algvere-e1727935213359-298x300.jpg 298w, https:\/\/sisu.ut.ee\/wp-content\/uploads\/sites\/800\/K_Algvere-e1727935213359-1019x1024.jpg 1019w, https:\/\/sisu.ut.ee\/wp-content\/uploads\/sites\/800\/K_Algvere-e1727935213359-768x772.jpg 768w, https:\/\/sisu.ut.ee\/wp-content\/uploads\/sites\/800\/K_Algvere-e1727935213359.jpg 1365w\" sizes=\"auto, (max-width: 150px) 100vw, 150px\">\n\t\t\t\t<div class=\"person-card__info\">\n\t\t\t\t\t\t\t<h3 class=\"h4 mb-2\">Kristel Algvere<\/h3>\n\t\t\t\t\t\t\t\t\t\t<div class=\"mb-2\">\n\t\t\t\t\t<p>keeleteaduse nooremteadur<\/p>\n\n\t\t\t\t<\/div>\n\t\t\t\t\t\t\t\t\t\t\t\t\t\t<\/div>\n\t<\/div>\n\t<\/div>\n\n\n<div class=\"person-card border rounded p-2 pb-4 mb-4\">\n\t<div class=\"d-flex \">\n\t\t\t\t\t<img loading=\"lazy\" decoding=\"async\" width=\"150\" height=\"150\" src=\"https:\/\/sisu.ut.ee\/wp-content\/uploads\/sites\/800\/KatrinTsepelina-e1727935266859-150x150.webp\" class=\"flex-shrink-0 object-fit-cover person-card__image img-fluid rounded mb-2 me-2\" alt=\"\">\n\t\t\t\t<div class=\"person-card__info\">\n\t\t\t\t\t\t\t<h3 class=\"h4 mb-2\">Katrin Tsepelina<\/h3>\n\t\t\t\t\t\t\t\t\t\t<div class=\"mb-2\">\n\t\t\t\t\t<p>keeleressursside spetsialist<\/p>\n\n\t\t\t\t<\/div>\n\t\t\t\t\t\t\t\t\t\t\t\t\t\t<\/div>\n\t<\/div>\n\t\t\t<div class=\"person-card__description mt-2\">\n\t\t\t<p>Oma t\u00f6\u00f6s tegelen tekstikorpustega, nende t\u00f6\u00f6tlemise, korrastamise, automaatse m\u00e4rgendamisega. Projektis \u201cDigiajastu keel\u201d olen abiks korpuse otsingumootori loomisel.<\/p>\n\n\t\t<\/div>\n\t<\/div>\n\n\n<div class=\"person-card border rounded p-2 pb-4 mb-4\">\n\t<div class=\"d-flex \">\n\t\t\t\t\t<img loading=\"lazy\" decoding=\"async\" width=\"150\" height=\"150\" src=\"https:\/\/sisu.ut.ee\/wp-content\/uploads\/sites\/800\/IMG_8347_lauri_kulpsoo-scaled-e1757675210662-150x150.jpg\" class=\"flex-shrink-0 object-fit-cover person-card__image img-fluid rounded mb-2 me-2\" alt=\"\">\n\t\t\t\t<div class=\"person-card__info\">\n\t\t\t\t\t\t\t<h3 class=\"h4 mb-2\">Adele Vaks<\/h3>\n\t\t\t\t\t\t\t\t\t\t<div class=\"mb-2\">\n\t\t\t\t\t<p>eesti ja soome-ugri keeleteaduse nooremteadur<\/p>\n\n\t\t\t\t<\/div>\n\t\t\t\t\t\t\t\t\t\t\t\t\t\t<\/div>\n\t<\/div>\n\t<\/div>\n\n\n\n<p><\/p>\n\n\n\n<p><\/p>\n\n\n\n<p><\/p>\n\n\n\n<p><\/p>\n","protected":false},"excerpt":{"rendered":"<p>Uurimisr\u00fchm<\/p>\n","protected":false},"author":308,"featured_media":0,"parent":0,"menu_order":0,"comment_status":"closed","ping_status":"closed","template":"","meta":{"_acf_changed":false,"inline_featured_image":false,"footnotes":""},"class_list":["post-32","page","type-page","status-publish","hentry"],"acf":[],"_links":{"self":[{"href":"https:\/\/sisu.ut.ee\/dak\/wp-json\/wp\/v2\/pages\/32","targetHints":{"allow":["GET"]}}],"collection":[{"href":"https:\/\/sisu.ut.ee\/dak\/wp-json\/wp\/v2\/pages"}],"about":[{"href":"https:\/\/sisu.ut.ee\/dak\/wp-json\/wp\/v2\/types\/page"}],"author":[{"embeddable":true,"href":"https:\/\/sisu.ut.ee\/dak\/wp-json\/wp\/v2\/users\/308"}],"replies":[{"embeddable":true,"href":"https:\/\/sisu.ut.ee\/dak\/wp-json\/wp\/v2\/comments?post=32"}],"version-history":[{"count":30,"href":"https:\/\/sisu.ut.ee\/dak\/wp-json\/wp\/v2\/pages\/32\/revisions"}],"predecessor-version":[{"id":484,"href":"https:\/\/sisu.ut.ee\/dak\/wp-json\/wp\/v2\/pages\/32\/revisions\/484"}],"wp:attachment":[{"href":"https:\/\/sisu.ut.ee\/dak\/wp-json\/wp\/v2\/media?parent=32"}],"curies":[{"name":"wp","href":"https:\/\/api.w.org\/{rel}","templated":true}]}}