{"id":30,"date":"2024-09-25T17:59:33","date_gmt":"2024-09-25T14:59:33","guid":{"rendered":"https:\/\/sisu.ut.ee\/dak\/?page_id=30"},"modified":"2026-03-09T08:03:51","modified_gmt":"2026-03-09T06:03:51","slug":"tsatikorje","status":"publish","type":"page","link":"https:\/\/sisu.ut.ee\/dak\/tsatikorje\/","title":{"rendered":"UUS! Osale t\u0161\u00e4tikorjes"},"content":{"rendered":"<p><\/p>\n\n\n\n<h2 class=\"wp-block-heading\"><span style=\"color: #dd7896;\">Osale meie projekti t\u0161\u00e4tikorjes!<\/span><\/h2>\n\n\n\n<p><\/p>\n\n\n\n<p><span style=\"font-size: 16px;\">Alates 2024. aastast kogume 12-18-aastastelt\u00a0\u00f5pilastelt t\u0161\u00e4tifaile. Vajame neid selleks, et uurida, kuidas noored keelt kasutavad, kuidas keel varieerub, muutub ja mitmekesistub.<\/span><\/p>\n\n\n\n<p><span style=\"font-size: 16px;\">Kui oled n\u00f5us oma t\u0161\u00e4tte teaduse h\u00fcvanguks loovutama, siis\u00a0<strong><u>kingime sulle Apollo kinkekaardi!<\/u><\/strong><\/span><\/p>\n\n\n\n<figure class=\"wp-block-gallery has-nested-images columns-default is-cropped wp-block-gallery-1 is-layout-flex wp-block-gallery-is-layout-flex\">\n<figure class=\"wp-block-image size-medium\"><a href=\"https:\/\/sisu.ut.ee\/wp-content\/uploads\/sites\/800\/jakub-zerdzicki-MT5FD3VCcYw-unsplash-1-scaled.jpg\"><img loading=\"lazy\" decoding=\"async\" width=\"300\" height=\"200\" data-id=\"161\" src=\"https:\/\/sisu.ut.ee\/wp-content\/uploads\/sites\/800\/jakub-zerdzicki-MT5FD3VCcYw-unsplash-1-300x200.jpg\" alt=\"\" class=\"wp-image-161\" srcset=\"https:\/\/sisu.ut.ee\/wp-content\/uploads\/sites\/800\/jakub-zerdzicki-MT5FD3VCcYw-unsplash-1-300x200.jpg 300w, https:\/\/sisu.ut.ee\/wp-content\/uploads\/sites\/800\/jakub-zerdzicki-MT5FD3VCcYw-unsplash-1-1024x683.jpg 1024w, https:\/\/sisu.ut.ee\/wp-content\/uploads\/sites\/800\/jakub-zerdzicki-MT5FD3VCcYw-unsplash-1-768x512.jpg 768w, https:\/\/sisu.ut.ee\/wp-content\/uploads\/sites\/800\/jakub-zerdzicki-MT5FD3VCcYw-unsplash-1-1536x1025.jpg 1536w, https:\/\/sisu.ut.ee\/wp-content\/uploads\/sites\/800\/jakub-zerdzicki-MT5FD3VCcYw-unsplash-1-2048x1366.jpg 2048w, https:\/\/sisu.ut.ee\/wp-content\/uploads\/sites\/800\/jakub-zerdzicki-MT5FD3VCcYw-unsplash-1-1920x1281.jpg 1920w\" sizes=\"auto, (max-width: 300px) 100vw, 300px\"><\/a><\/figure>\n\n\n\n<figure class=\"wp-block-image size-medium\"><a href=\"https:\/\/sisu.ut.ee\/wp-content\/uploads\/sites\/800\/domingo-alvarez-e-Cs3y8Mn6-Gk-unsplash1-scaled.jpg\"><img loading=\"lazy\" decoding=\"async\" width=\"300\" height=\"200\" data-id=\"128\" src=\"https:\/\/sisu.ut.ee\/wp-content\/uploads\/sites\/800\/domingo-alvarez-e-Cs3y8Mn6-Gk-unsplash1-300x200.jpg\" alt=\"\" class=\"wp-image-128\" srcset=\"https:\/\/sisu.ut.ee\/wp-content\/uploads\/sites\/800\/domingo-alvarez-e-Cs3y8Mn6-Gk-unsplash1-300x200.jpg 300w, https:\/\/sisu.ut.ee\/wp-content\/uploads\/sites\/800\/domingo-alvarez-e-Cs3y8Mn6-Gk-unsplash1-1024x683.jpg 1024w, https:\/\/sisu.ut.ee\/wp-content\/uploads\/sites\/800\/domingo-alvarez-e-Cs3y8Mn6-Gk-unsplash1-768x512.jpg 768w, https:\/\/sisu.ut.ee\/wp-content\/uploads\/sites\/800\/domingo-alvarez-e-Cs3y8Mn6-Gk-unsplash1-1536x1024.jpg 1536w, https:\/\/sisu.ut.ee\/wp-content\/uploads\/sites\/800\/domingo-alvarez-e-Cs3y8Mn6-Gk-unsplash1-2048x1365.jpg 2048w, https:\/\/sisu.ut.ee\/wp-content\/uploads\/sites\/800\/domingo-alvarez-e-Cs3y8Mn6-Gk-unsplash1-1920x1280.jpg 1920w\" sizes=\"auto, (max-width: 300px) 100vw, 300px\"><\/a><\/figure>\n\n\n\n<figure class=\"wp-block-image size-medium\"><img loading=\"lazy\" decoding=\"async\" width=\"300\" height=\"200\" data-id=\"352\" src=\"https:\/\/sisu.ut.ee\/wp-content\/uploads\/sites\/800\/pexels-anton-8100-243925-300x200.jpg\" alt=\"\" class=\"wp-image-352\" srcset=\"https:\/\/sisu.ut.ee\/wp-content\/uploads\/sites\/800\/pexels-anton-8100-243925-300x200.jpg 300w, https:\/\/sisu.ut.ee\/wp-content\/uploads\/sites\/800\/pexels-anton-8100-243925-1024x683.jpg 1024w, https:\/\/sisu.ut.ee\/wp-content\/uploads\/sites\/800\/pexels-anton-8100-243925-768x512.jpg 768w, https:\/\/sisu.ut.ee\/wp-content\/uploads\/sites\/800\/pexels-anton-8100-243925-1536x1024.jpg 1536w, https:\/\/sisu.ut.ee\/wp-content\/uploads\/sites\/800\/pexels-anton-8100-243925-2048x1365.jpg 2048w, https:\/\/sisu.ut.ee\/wp-content\/uploads\/sites\/800\/pexels-anton-8100-243925-1920x1280.jpg 1920w\" sizes=\"auto, (max-width: 300px) 100vw, 300px\"><\/figure>\n<\/figure>\n\n\n\n<h2 class=\"wp-block-heading\"><span style=\"color: #374ea2\n;\">Miks me vajame sinu t\u0161\u00e4tte?<\/span><\/h2>\n\n\n\n<p><\/p>\n\n\n\n<p><a href=\"https:\/\/teismelistekeel.ee\">Tartu \u00dclikooli teismeliste keele t\u00f6\u00f6grupp<\/a> kogus\u00a0aastatel 2019-2023 suure hulga teismeliste suulise keele salvestusi, aga ka t\u0161\u00e4tivestlusi. Et t\u0161\u00e4tikorpusest aga keeleuurijatel t\u00f5eliselt kasu oleks, on meil vaja\u00a0selle mahtu suurendada. Uue andmekorjega ehitamegi suurt tekstikorpust, mis koosneb kahe osaleja vahelistest t\u0161\u00e4tivestlustest, kellest m\u00f5lemad on vanuses 12-18 eluaastat.<\/p>\n\n\n\n<h2 class=\"wp-block-heading\"><span style=\"color: #00ae95\n;\">Mida tuleb teha, et osaleda t\u0161\u00e4tikorjes?<\/span><\/h2>\n\n\n\n<p><\/p>\n\n\n\n<div class=\"wp-block-cover\" style=\"min-height:266px;aspect-ratio:unset;\"><span aria-hidden=\"true\" class=\"wp-block-cover__background has-primary-background-color has-background-dim-100 has-background-dim\"><\/span><div class=\"wp-block-cover__inner-container is-layout-constrained wp-block-cover-is-layout-constrained\">\n<div style=\"height:19px\" aria-hidden=\"true\" class=\"wp-block-spacer\"><\/div>\n\n\n\n<p class=\"has-light-color has-text-color has-link-color wp-elements-da427d4c636830cbec667e8de411d1dd\"><strong>Laias laastus on sul vaja teha kolm asja:<\/strong><\/p>\n\n\n\n<p class=\"has-light-color has-text-color has-link-color wp-elements-7597fb34072a1144f2678ac14570906e\">1. Kui oled alaealine, siis nii sina kui ka sinu lapsevanem v\u00f5i hooldaja allkirjastate <strong>n\u00f5usolekulehed <\/strong>(need asuvad siinsamas lehel veidi allpool). Kui oled v\u00e4hemalt 15-aastane, siis vajame n\u00f5usolekukinnitust vaid sinult.<\/p>\n\n\n\n<p class=\"has-light-color has-text-color has-link-color wp-elements-2c75d6bb76d45c9234ac2a73e3bebc54\">2. T\u00e4ida \u00e4ra <strong>veebik\u00fcsimustik <\/strong>(siinsamas lehel allpool).<\/p>\n\n\n\n<p class=\"has-light-color has-text-color has-link-color wp-elements-7f751d1629fd6bfb180e6431ece0bcff\">3. Lae Facebooki kaudu alla ja saada meile<strong> kaks-kolm t\u0161\u00e4tivestlust<\/strong> (ajavahemikust 2020-2025), <a>mis vastavad j\u00e4rgmistele tingimustele: <\/a>vestlustes osalejad on 12-18-aastased, \u00f5pivad eestikeelses koolis ja r\u00e4\u00e4givad lapsest saati eesti keelt. Kui oled hetkel vanem kui 19-aastane, kuid soovid andmekorjes osaleda, saada meile need t\u0161\u00e4tid, mille kirjutamise ajal\u00a0olid 12-18-aastane.<\/p>\n\n\n\n<p class=\"has-light-color has-text-color has-link-color wp-elements-b3e486a8587012f210a784f9e1cd242f\"><strong>\u00c4ra muretse \u2013 k\u00e4ime k\u00f5ik saadetud failid k\u00e4sitsi l\u00e4bi ja peidame seal leiduva isikliku info (n\u00e4iteks sinu ja su s\u00f5prade nimed, aadressid jne).<\/strong><\/p>\n<\/div><\/div>\n\n\n\n<p><\/p>\n\n\n\n<h2 class=\"wp-block-heading\"><span style=\"color: #dd7896;\">Kuidas esitada t\u0161\u00e4tivestluseid?<\/span><\/h2>\n\n\n\n<p><\/p>\n\n\n\n<details class=\"wp-block-details is-layout-flow wp-block-details-is-layout-flow\"><summary>Kirjalik juhend<br><\/summary>\n<p>Esmalt tuleb sul allkirjastada <strong>n\u00f5usolekuleht<\/strong>. N\u00f5usolekulehti saab allkirjastada kahel moel: (1) digiallkirjastamise teel (sel juhul saada .asice failid aadressile <a href=\"mailto:kristel.algvere@ut.ee\">kristel.algvere@ut.ee<\/a>) v\u00f5i (2) pildistamise teel (sel juhul prindi leht v\u00f5i lehed v\u00e4lja, lisa k\u00e4sitsi allkiri, tee telefoniga igast lehest pilt ning saada need pildid aadressile <a href=\"mailto:kristel.algvere@ut.ee\">kristel.algvere@ut.ee<\/a>).<\/p>\n\n\n\n<div class=\"wp-block-columns is-layout-flex wp-container-core-columns-is-layout-9d6595d7 wp-block-columns-is-layout-flex\">\n<div class=\"wp-block-column is-layout-flow wp-block-column-is-layout-flow\">\n<p>Kui sa saadad meile <strong>ise <\/strong>t\u0161\u00e4tifaile:<\/p>\n\n\n\n<ul class=\"wp-block-list\">\n<li>Alla 15-aastasena allkirjasta <span style=\"text-decoration: underline;\">N\u00f5usolekuleht 1<\/span> ning palu oma vanemal\/hooldajal allkirjastada\u00a0<span style=\"text-decoration: underline;\">N\u00f5usolekuleht 2<\/span><\/li>\n\n\n\n<li>V\u00e4hemalt 15-aastasena allkirjasta\u00a0vaid <span style=\"text-decoration: underline;\">N\u00f5usolekuleht 1<\/span><\/li>\n<\/ul>\n<\/div>\n\n\n\n<div class=\"wp-block-column is-layout-flow wp-block-column-is-layout-flow\">\n<p>Kui oled <strong>kaasvestleja <\/strong>failis, mille su s\u00f5ber meile saatis:<\/p>\n\n\n\n<ul class=\"wp-block-list\">\n<li>Alla 15-aastasena allkirjasta <span style=\"text-decoration: underline;\">N\u00f5usolekuleht 3<\/span> ning palu oma vanemal\/hooldajal allkirjastada\u00a0<span style=\"text-decoration: underline;\">N\u00f5usolekuleht 4<\/span><\/li>\n\n\n\n<li>V\u00e4hemalt 15-aastasena allkirjasta\u00a0vaid <span style=\"text-decoration: underline;\">N\u00f5usolekuleht 3<\/span><\/li>\n<\/ul>\n<\/div>\n<\/div>\n\n\n\n<div class=\"wp-block-columns is-layout-flex wp-container-core-columns-is-layout-9d6595d7 wp-block-columns-is-layout-flex\">\n<div class=\"wp-block-column is-layout-flow wp-block-column-is-layout-flow\">\n<div class=\"wp-block-file\"><a id=\"wp-block-file--media-d8a0440b-9426-4c8b-9b9c-1bf9bac9dacd\" href=\"https:\/\/sisu.ut.ee\/wp-content\/uploads\/sites\/800\/Nousolekuleht-1_UUS.docx\">Nousolekuleht-1_UUS<\/a><a href=\"https:\/\/sisu.ut.ee\/wp-content\/uploads\/sites\/800\/Nousolekuleht-1_UUS.docx\" class=\"wp-block-file__button wp-element-button\" download aria-describedby=\"wp-block-file--media-d8a0440b-9426-4c8b-9b9c-1bf9bac9dacd\">Lae alla<\/a><\/div>\n<\/div>\n\n\n\n<div class=\"wp-block-column is-layout-flow wp-block-column-is-layout-flow\">\n<div class=\"wp-block-file\"><a id=\"wp-block-file--media-10552614-3840-4bd9-8949-ba3426a01aef\" href=\"https:\/\/sisu.ut.ee\/wp-content\/uploads\/sites\/800\/Nousolekuleht-2_UUS.docx\">Nousolekuleht-2_UUS<\/a><a href=\"https:\/\/sisu.ut.ee\/wp-content\/uploads\/sites\/800\/Nousolekuleht-2_UUS.docx\" class=\"wp-block-file__button wp-element-button\" download aria-describedby=\"wp-block-file--media-10552614-3840-4bd9-8949-ba3426a01aef\">Lae alla<\/a><\/div>\n<\/div>\n\n\n\n<div class=\"wp-block-column is-layout-flow wp-block-column-is-layout-flow\">\n<div class=\"wp-block-file\"><a id=\"wp-block-file--media-601e2b5e-2a8d-4cbd-ae7b-fd23ea93c706\" href=\"https:\/\/sisu.ut.ee\/wp-content\/uploads\/sites\/800\/Nousolekuleht-3_UUS.docx\">Nousolekuleht-3_UUS<\/a><a href=\"https:\/\/sisu.ut.ee\/wp-content\/uploads\/sites\/800\/Nousolekuleht-3_UUS.docx\" class=\"wp-block-file__button wp-element-button\" download aria-describedby=\"wp-block-file--media-601e2b5e-2a8d-4cbd-ae7b-fd23ea93c706\">Lae alla<\/a><\/div>\n<\/div>\n\n\n\n<div class=\"wp-block-column is-layout-flow wp-block-column-is-layout-flow\">\n<div class=\"wp-block-file\"><a id=\"wp-block-file--media-b2ea34a2-39ee-42e2-8145-7b5a06acac1e\" href=\"https:\/\/sisu.ut.ee\/wp-content\/uploads\/sites\/800\/Nousolekuleht-4_UUS.docx\">Nousolekuleht-4_UUS<\/a><a href=\"https:\/\/sisu.ut.ee\/wp-content\/uploads\/sites\/800\/Nousolekuleht-4_UUS.docx\" class=\"wp-block-file__button wp-element-button\" download aria-describedby=\"wp-block-file--media-b2ea34a2-39ee-42e2-8145-7b5a06acac1e\">Lae alla<\/a><\/div>\n<\/div>\n<\/div>\n\n\n\n<details class=\"wp-block-details is-layout-flow wp-block-details-is-layout-flow\"><summary>T\u00dc \u00f5ppeaine \u201cEesti keele allkeeled\u201d (FLEE.02.185) tudengite ja nende vestluskaaslaste n\u00f5usolekuvormid<\/summary>\n<p><\/p>\n\n\n\n<div class=\"wp-block-columns is-layout-flex wp-container-core-columns-is-layout-9d6595d7 wp-block-columns-is-layout-flex\">\n<div class=\"wp-block-column is-layout-flow wp-block-column-is-layout-flow\">\n<p>Kui sa saadad meile <strong>ise <\/strong>t\u0161\u00e4tifaile:<\/p>\n\n\n\n<ul class=\"wp-block-list\">\n<li>Allkirjasta \u00fcksnes <span style=\"text-decoration: underline;\">N\u00f5usolekuleht 5<\/span><\/li>\n<\/ul>\n<\/div>\n\n\n\n<div class=\"wp-block-column is-layout-flow wp-block-column-is-layout-flow\">\n<p>Kui oled <strong>kaasvestleja <\/strong>failis, mille su s\u00f5ber meile saatis:<\/p>\n\n\n\n<ul class=\"wp-block-list\">\n<li>Alaealisena allkirjasta <span style=\"text-decoration: underline;\">N\u00f5usolekuleht 6<\/span> ning v\u00f5ta meiega \u00fchendust, et jagaksime sinuga ka n\u00f5usolekulehte sinu vanemale\/hooldajale<\/li>\n\n\n\n<li>T\u00e4isealisena allkirjasta\u00a0vaid <span style=\"text-decoration: underline;\">N\u00f5usolekuleht 6<\/span><\/li>\n<\/ul>\n<\/div>\n<\/div>\n\n\n\n<div class=\"wp-block-columns is-layout-flex wp-container-core-columns-is-layout-9d6595d7 wp-block-columns-is-layout-flex\">\n<div class=\"wp-block-column is-layout-flow wp-block-column-is-layout-flow\">\n<div class=\"wp-block-file\"><a id=\"wp-block-file--media-b064aeb2-7388-49d9-87bc-e032f74e4c36\" href=\"https:\/\/sisu.ut.ee\/wp-content\/uploads\/sites\/800\/Nousolekuleht-5-1.docx\">Nousolekuleht-5<\/a><a href=\"https:\/\/sisu.ut.ee\/wp-content\/uploads\/sites\/800\/Nousolekuleht-5-1.docx\" class=\"wp-block-file__button wp-element-button\" download aria-describedby=\"wp-block-file--media-b064aeb2-7388-49d9-87bc-e032f74e4c36\">Lae alla<\/a><\/div>\n<\/div>\n\n\n\n<div class=\"wp-block-column is-layout-flow wp-block-column-is-layout-flow\">\n<div class=\"wp-block-file\"><a id=\"wp-block-file--media-19680b43-8923-4b94-a532-35a60cb52926\" href=\"https:\/\/sisu.ut.ee\/wp-content\/uploads\/sites\/800\/Nousolekuleht-6-1.docx\">Nousolekuleht-6<\/a><a href=\"https:\/\/sisu.ut.ee\/wp-content\/uploads\/sites\/800\/Nousolekuleht-6-1.docx\" class=\"wp-block-file__button wp-element-button\" download aria-describedby=\"wp-block-file--media-19680b43-8923-4b94-a532-35a60cb52926\">Lae alla<\/a><\/div>\n<\/div>\n<\/div>\n<\/details>\n\n\n\n<p><\/p>\n\n\n\n<p>Seej\u00e4rel t\u00e4ida \u00e4ra l\u00fchike <strong>veebik\u00fcsitlus <\/strong>(<a href=\"https:\/\/survey.ut.ee\/index.php\/613723?lang=et\" target=\"_blank\" rel=\"noreferrer noopener\">see asub SIIN<\/a>).\u00a0Eemaldame sellest sinu s\u00f5prade andmed ja <a>saadame ka neile allkirjastamiseks n\u00f5usolekulehed.<\/a><\/p>\n\n\n\n<p>N\u00fc\u00fcd hakkame vestluseid alla laadima! <\/p>\n\n\n\n<ol start=\"1\" class=\"wp-block-list\">\n<li>Veendu, et oled Facebooki keskkonda sisse logitud ja\u00a0<a href=\"https:\/\/accountscenter.facebook.com\/info_and_permissions\/dyi\/?entry_point=download_your_information\" target=\"_blank\" rel=\"noreferrer noopener\">siia aadressile<\/a>.<\/li>\n\n\n\n<li>Taotle allalaadimist (<em>Download or transfer information<\/em>) \u2013&gt; vali ainult isiklik Facebooki konto \u2013&gt; Vali teabet\u00fc\u00fcbid (<em>Specific types of information<\/em>) \u2013&gt; S\u00f5numid (<em>Messages<\/em>) \u2013&gt; Lae alla (<em>Download to device<\/em>) \u2013&gt; Kuup\u00e4evavahemik (<em>Date range<\/em>).<\/li>\n\n\n\n<li>Vali kuu pikkune ajavahemik <span style=\"text-decoration: underline;\">aastatest 2020-2025,<\/span> selleks kasuta kohandatud ajavahemikku (<em>Custom date range<\/em>). Kui oled 19 v\u00f5i vanem, siis vali selline ajavahemik, mille v\u00e4ltel olid 18 v\u00f5i noorem.<\/li>\n\n\n\n<li>Vormingu (<em>Format<\/em>) all vali \u201cHTML\u201d ja vali \u201cLoo failid\u201d (<em>Create files<\/em>).<\/li>\n\n\n\n<li>Aken \u00fctleb n\u00fc\u00fcd \u201cAllalaadimine on ootel\u201d (<em>In progress)<\/em>. Sulge see vaade, kuid j\u00e4ta Facebook lahti, et n\u00e4eksid teavitusi. Peagi peaksid saama nii teavituse kui ka e-maili, et sinu pakett on valmis allalaadimiseks. NB! Teavitus v\u00f5ib tulla kas m\u00f5ne tunni jooksul v\u00f5i alles j\u00e4rgmisel p\u00e4eval. Hoia silm peal oma Facebooki teavitustel.<\/li>\n\n\n\n<li><a>Kui oled saanud teavituse, et allalaadimine on valmis, siis vajuta sellel teavitusel. Seej\u00e4rel ploki \u201cSaadaolevad allalaadimised\u201d all vajuta k\u00f5ige esimesel real \u201cLaadi alla\u201d.<\/a>\u00a0Sinu <em>Downloads<\/em> kausta laetakse kokku pakitud fail. Paki see fail lahti: paremkl\u00f5ps failil \u2013&gt; \u201c7-ZIP\u201d\/\u201dWinRAR\u201d\/\u201dWinZIP\u201d \u2013&gt; \u201cextract to [sama kausta nimi]\u201d.<\/li>\n\n\n\n<li>N\u00fc\u00fcd on <em>Downloads<\/em> kaustas sama nimega lahti pakitud kaust. Ava see kaust \u2013&gt; \u201cyour_activity_across_facebook\u201d \u2013&gt; \u201cmessages\u201d \u2013&gt; \u201cinbox\u201d. Otsi \u00fcles need kaks s\u00f5pra, kelle andmed meile veebik\u00fcsitluses andsid. Kui see moodus ei t\u00f6\u00f6ta, tee nii: -&gt; \u201cyour_facebook_activity\u201d -&gt; \u201cmessages\u201d -&gt; \u201cyour_messages\u201d -&gt; sealt valida \u00fche s\u00f5bra nimega vestlus -&gt; parem klikk -&gt; Save As ja allalaaditud failide kausta tekib nii fail kui ka kaust, kus on meedia, sh pildid. Seej\u00e4rel tee \u00fcks variant kahest j\u00e4rgnevast:\n<ol start=\"1\" class=\"wp-block-list\">\n<li>Paremkl\u00f5psa kummalgi kaustal ja paki nad kokku: \u201c7-ZIP\u201d\/\u201dWinRAR\u201d\/\u201dWinZIP\u201d \u2013&gt; \u201cadd to archive\u201d. Saada loodud kokku pakitud failid e-maili manuses aadressile <a href=\"mailto:kristel.algvere@ut.ee\">kristel.algvere@ut.ee<\/a>.<\/li>\n\n\n\n<li>Ava kumbki kaust, kopeeri k\u00f5ik failid (.html failid, k\u00f5ik pildid ja gifid) e-maili manusesse ja saada see aadressile <a href=\"mailto:kristel.algvere@ut.ee\">kristel.algvere@ut.ee<\/a>.<\/li>\n<\/ol>\n<\/li>\n<\/ol>\n\n\n\n<p>Ja ongi tehtud! Kui oleme sinult k\u00f5ik vajalikud n\u00f5usolekulehed, t\u00e4idetud veebik\u00fcsitluse ja t\u0161\u00e4tifailid k\u00e4tte saanud, siis saadame kinkekaardi koodid kohe sinu meiliaadressile.<\/p>\n<\/details>\n\n\n\n<details class=\"wp-block-details is-layout-flow wp-block-details-is-layout-flow\"><summary>Illustreeritud juhend<br><\/summary>\n<div data-wp-interactive=\"core\/file\" class=\"wp-block-file\"><object data-wp-bind--hidden=\"!state.hasPdfPreview\" hidden class=\"wp-block-file__embed\" data=\"https:\/\/sisu.ut.ee\/wp-content\/uploads\/sites\/800\/Tsattide-allalaadimine_illustreeritud-juhend.pdf\" type=\"application\/pdf\" style=\"width:100%;height:600px\" aria-label=\"Lisa T\u0161\u00e4ttide allalaadimine_illustreeritud juhend.\"><\/object><a id=\"wp-block-file--media-2ec5597e-4aee-4ef1-9748-dfbe62aeb076\" href=\"https:\/\/sisu.ut.ee\/wp-content\/uploads\/sites\/800\/Tsattide-allalaadimine_illustreeritud-juhend.pdf\">T\u0161\u00e4ttide allalaadimine_illustreeritud juhend<\/a><a href=\"https:\/\/sisu.ut.ee\/wp-content\/uploads\/sites\/800\/Tsattide-allalaadimine_illustreeritud-juhend.pdf\" class=\"wp-block-file__button wp-element-button\" download aria-describedby=\"wp-block-file--media-2ec5597e-4aee-4ef1-9748-dfbe62aeb076\">Lae alla<\/a><\/div>\n<\/details>\n\n\n\n<details class=\"wp-block-details is-layout-flow wp-block-details-is-layout-flow\"><summary>Videojuhend<br><\/summary>\n<figure class=\"wp-block-video\"><video height=\"1080\" style=\"aspect-ratio: 1920 \/ 1080;\" width=\"1920\" controls src=\"https:\/\/sisu.ut.ee\/wp-content\/uploads\/sites\/800\/Tsattide-allalaadimise-videojuhend.mp4\"><\/video><\/figure>\n\n\n\n<p><em>NB! Video p\u00e4rineb 2024. aastast, selles on m\u00f5ningaid ebat\u00e4psusi (nt failid saata kristel.algvere@ut.ee). K\u00f5ige uuema info leiad tekstilise juhendi juurest.<\/em><\/p>\n<\/details>\n\n\n\n<p><\/p>\n\n\n\n<h2 class=\"wp-block-heading\"><span style=\"color: #00ae95\n;\">Kuidas me sinu andmeid kaitseme?<\/span><\/h2>\n\n\n\n<p><\/p>\n\n\n\n<p>K\u00e4ime k\u00e4sitsi l\u00e4bi k\u00f5ik saadetud failid ja katame kinni k\u00f5ik tundliku info \u2013 osalejate ja teiste vestluses mainitud inimeste nimed, koolide nimed, asukohad, t\u00e4psed ajaviited jms. Samuti varjame \u00e4ra pildid,\u00a0mis annavad infot sinu isiku kohta.\u00a0Nii ei ole sina ise, sinu s\u00f5brad ja teised t\u0161\u00e4tis mainitud isikud \u00e4ra tuntavad. \u00dchtlasi, korpust saavad\u00a0kasutada\u00a0ka teised keeleteadlased ja teiste valdkondade uurijad (vaid piiratud ajaks), kuid andmed ei ole avalikult k\u00e4ttesaadavad.<\/p>\n\n\n\n<h2 class=\"wp-block-heading\"><span style=\"color: #374ea2\n;\">Korduma kippuvad k\u00fcsimused<\/span><\/h2>\n\n\n\n<p><\/p>\n\n\n\n<figure class=\"wp-block-table\"><table class=\"table table-hover\"><tbody><tr><td><strong>Kas ma v\u00f5in ka ise t\u0161\u00e4tifaile esitada, kui ma olen juba\u00a0\u00fche teise s\u00f5bra vestluses sees, kes samuti failid esitas?<\/strong><\/td><td>Jah! Aga \u00e4ra esita sama vestlust, mille sinu s\u00f5ber meile saatis.<\/td><\/tr><tr><td><strong>Kas v\u00f5in saata faile, kui ma olen veel 11-aastane, kuid saan kohe-kohe 12?<\/strong><\/td><td>Kahjuks ei. Oluline on, et oleksid vestluse ajal v\u00e4hemalt 12-aastane. Kui sa seda veel pole, siis oota oma s\u00fcnnip\u00e4ev \u00e4ra, t\u0161\u00e4ti s\u00f5pradega ja saada siis meile need tekstid.<\/td><\/tr><tr><td><strong>Kas v\u00f5in saata faile ka siis, kui olen vanem kui 18-aastane?<\/strong><\/td><td>Jah! Sel juhul pead valima selliseid t\u0161\u00e4tte, mille kirjutamise\/saatmise ajal olid vanuses 12-18. Samuti, kui oled 18 v\u00f5i vanem, ei ole sul vaja saata lapsevanema n\u00f5usolekut.<\/td><\/tr><tr><td><strong>Kas v\u00f5in saata faile ka siin, kui mul on peale eesti keele veel m\u00f5ni emakeel?<\/strong><\/td><td>Jaa! Ja lisa see info meie taustak\u00fcsimustikku (vt \u00fcleval).<\/td><\/tr><tr><td><strong>Kas v\u00f5in saata faile, kui kasutame ts\u00e4ttides lisaks eest keelele ka teisi keeli?<\/strong><\/td><td>Jaa!\u00a0<\/td><\/tr><tr><td><strong>Kas v\u00f5in saata ka selliseid faile, kus pole s\u00f5nagi eesti keelt?<\/strong><\/td><td>Ainult siis, kui sinu vestluspartneriks siiski on keegi, kelle emakeelte hulka kuulub ka eesti keel.<\/td><\/tr><tr><td><strong>Kas v\u00f5in saata faile, kui minu vestluspartner ei oska eesti keelt v\u00f5i r\u00e4\u00e4gib seda teise keelena?<\/strong><\/td><td>Ainult siis, kui sinu vestluspartner on eesti keelt r\u00e4\u00e4kinud varasest lapsep\u00f5lvest peale (st eesti keelt saab lugeda tema emakeelte hulka, isegi, kui r\u00e4\u00e4gib seda harva).<\/td><\/tr><\/tbody><\/table><\/figure>\n\n\n\n<p><\/p>\n","protected":false},"excerpt":{"rendered":"<p>Osale meie projekti t\u0161\u00e4tikorjes! Alates 2024. aastast kogume 12-18-aastastelt\u00a0\u00f5pilastelt t\u0161\u00e4tifaile. Vajame neid selleks, et uurida, kuidas noored keelt kasutavad, kuidas keel varieerub, muutub ja mitmekesistub. Kui oled n\u00f5us oma t\u0161\u00e4tte teaduse h\u00fcvanguks loovutama, siis\u00a0kingime sulle Apollo kinkekaardi! Miks me vajame &#8230;<\/p>\n","protected":false},"author":308,"featured_media":0,"parent":0,"menu_order":0,"comment_status":"closed","ping_status":"closed","template":"","meta":{"_acf_changed":false,"inline_featured_image":false,"footnotes":""},"class_list":["post-30","page","type-page","status-publish","hentry"],"acf":[],"_links":{"self":[{"href":"https:\/\/sisu.ut.ee\/dak\/wp-json\/wp\/v2\/pages\/30","targetHints":{"allow":["GET"]}}],"collection":[{"href":"https:\/\/sisu.ut.ee\/dak\/wp-json\/wp\/v2\/pages"}],"about":[{"href":"https:\/\/sisu.ut.ee\/dak\/wp-json\/wp\/v2\/types\/page"}],"author":[{"embeddable":true,"href":"https:\/\/sisu.ut.ee\/dak\/wp-json\/wp\/v2\/users\/308"}],"replies":[{"embeddable":true,"href":"https:\/\/sisu.ut.ee\/dak\/wp-json\/wp\/v2\/comments?post=30"}],"version-history":[{"count":29,"href":"https:\/\/sisu.ut.ee\/dak\/wp-json\/wp\/v2\/pages\/30\/revisions"}],"predecessor-version":[{"id":507,"href":"https:\/\/sisu.ut.ee\/dak\/wp-json\/wp\/v2\/pages\/30\/revisions\/507"}],"wp:attachment":[{"href":"https:\/\/sisu.ut.ee\/dak\/wp-json\/wp\/v2\/media?parent=30"}],"curies":[{"name":"wp","href":"https:\/\/api.w.org\/{rel}","templated":true}]}}