{"id":28,"date":"2024-09-25T17:58:08","date_gmt":"2024-09-25T14:58:08","guid":{"rendered":"https:\/\/sisu.ut.ee\/dak\/?page_id=28"},"modified":"2026-02-17T13:56:04","modified_gmt":"2026-02-17T11:56:04","slug":"avaleht-2","status":"publish","type":"page","link":"https:\/\/sisu.ut.ee\/dak\/","title":{"rendered":"Avaleht"},"content":{"rendered":"<p class=\"has-regular-font-size\"><\/p>\n\n\n\n<div class=\"wp-block-columns is-layout-flex wp-container-core-columns-is-layout-9d6595d7 wp-block-columns-is-layout-flex\">\n<div class=\"wp-block-column is-layout-flow wp-block-column-is-layout-flow\" style=\"flex-basis:60%\">\n<h2 class=\"wp-block-heading\"><span style=\"color: #00ae95;\">2026. aasta t\u0161\u00e4tikorje<\/span><\/h2>\n\n\n\n<p><\/p>\n\n\n\n<p><span style=\"font-size: 16px;\"><strong>T\u00e4helepanu, 12-18-aastane noor! Kas sina kirjutad <em>lih <\/em>v\u00f5i <em>lic<\/em>? <em>Naq<\/em> v\u00f5i <em>ngu<\/em>? \ud83d\udc80 v\u00f5i \ud83d\ude02?<\/strong><\/span><\/p>\n\n\n\n<p><span style=\"font-size: 16px;\">Kutsume sind osalema 2025. aasta kampaanias, mille raames <strong>kogume Eesti teismeliste Messengeri vestluseid<\/strong>. Sinu t\u0161\u00e4tivestlused aitavad meil uurida, missugune on t\u00e4nap\u00e4eva noorte keel, kuidas see muutub ja rikastub.<\/span><\/p>\n\n\n\n<div class=\"wp-block-buttons is-layout-flex wp-block-buttons-is-layout-flex\">\n<div class=\"wp-block-button\"><a class=\"wp-block-button__link wp-element-button\" href=\"https:\/\/sisu.ut.ee\/dak\/tsatikorje\/\">Loe rohkem<\/a><\/div>\n<\/div>\n\n\n\n<div style=\"height:34px\" aria-hidden=\"true\" class=\"wp-block-spacer\"><\/div>\n\n\n\n<hr class=\"wp-block-separator has-alpha-channel-opacity\">\n\n\n\n<div style=\"height:34px\" aria-hidden=\"true\" class=\"wp-block-spacer\"><\/div>\n\n\n\n<h2 class=\"wp-block-heading\"><span style=\"color: #374ea2;\">Projektist<\/span><\/h2>\n\n\n\n<p><\/p>\n\n\n\n<p><span style=\"font-size: 16px;\">Meie eesm\u00e4rk DAK projektis on kirjeldada, kuidas varieerub ja muutub t\u00e4nap\u00e4eva eesti keel argisuhtluses. Selleks uurime ning v\u00f5rdleme eri vanuses k\u00f5nelejate suulist ja t\u0161\u00e4tikeelt. Projekti raames kogume uusi vestlusi ning arendame olemasolevaid suuliste ja t\u0161\u00e4tivestluste andmekogusid ehk keelekorpuseid. <\/span><\/p>\n\n\n\n<p><span style=\"font-size: 16px;\"><em>Projekti <a href=\"https:\/\/www.etis.ee\/Portal\/Projects\/Display\/7025a6c7-050b-4051-9b0c-fb2526c24751\">\u201cDigiajastu keel: suulised ja t\u0161\u00e4tivestlused (DAK)\u201d (2024\u20132027)<\/a> rahastab Haridus- ja Teadusministeeriumi teadus- ja arendustegevuse programm \u201cEesti keel ja kultuur digiajastul 2019\u20132027\u201d.<\/em><\/span><\/p>\n<\/div>\n\n\n\n<div class=\"wp-block-column is-layout-flow wp-block-column-is-layout-flow\" style=\"flex-basis:40%\">\n<p class=\"has-light-color has-text-color has-link-color wp-elements-6faae43bccc12a66ca68fa844ec01730\"><\/p>\n\n\n\n<figure class=\"wp-block-image size-large\"><img loading=\"lazy\" decoding=\"async\" width=\"1024\" height=\"1024\" src=\"https:\/\/sisu.ut.ee\/wp-content\/uploads\/sites\/800\/tsatikorje_IG3-1024x1024.png\" alt=\"\" class=\"wp-image-378\" srcset=\"https:\/\/sisu.ut.ee\/wp-content\/uploads\/sites\/800\/tsatikorje_IG3-1024x1024.png 1024w, https:\/\/sisu.ut.ee\/wp-content\/uploads\/sites\/800\/tsatikorje_IG3-300x300.png 300w, https:\/\/sisu.ut.ee\/wp-content\/uploads\/sites\/800\/tsatikorje_IG3-150x150.png 150w, https:\/\/sisu.ut.ee\/wp-content\/uploads\/sites\/800\/tsatikorje_IG3-768x768.png 768w, https:\/\/sisu.ut.ee\/wp-content\/uploads\/sites\/800\/tsatikorje_IG3.png 1080w\" sizes=\"auto, (max-width: 1024px) 100vw, 1024px\"><\/figure>\n<\/div>\n<\/div>\n\n\n\n<p><\/p>\n\n\n\n<p><\/p>\n","protected":false},"excerpt":{"rendered":"<p>2026. aasta t\u0161\u00e4tikorje T\u00e4helepanu, 12-18-aastane noor! Kas sina kirjutad lih v\u00f5i lic? Naq v\u00f5i ngu? \ud83d\udc80 v\u00f5i \ud83d\ude02? Kutsume sind osalema 2025. aasta kampaanias, mille raames kogume Eesti teismeliste Messengeri vestluseid. Sinu t\u0161\u00e4tivestlused aitavad meil uurida, missugune on t\u00e4nap\u00e4eva noorte &#8230;<\/p>\n","protected":false},"author":308,"featured_media":0,"parent":0,"menu_order":0,"comment_status":"closed","ping_status":"closed","template":"","meta":{"_acf_changed":false,"inline_featured_image":false,"footnotes":""},"class_list":["post-28","page","type-page","status-publish","hentry"],"acf":[],"_links":{"self":[{"href":"https:\/\/sisu.ut.ee\/dak\/wp-json\/wp\/v2\/pages\/28","targetHints":{"allow":["GET"]}}],"collection":[{"href":"https:\/\/sisu.ut.ee\/dak\/wp-json\/wp\/v2\/pages"}],"about":[{"href":"https:\/\/sisu.ut.ee\/dak\/wp-json\/wp\/v2\/types\/page"}],"author":[{"embeddable":true,"href":"https:\/\/sisu.ut.ee\/dak\/wp-json\/wp\/v2\/users\/308"}],"replies":[{"embeddable":true,"href":"https:\/\/sisu.ut.ee\/dak\/wp-json\/wp\/v2\/comments?post=28"}],"version-history":[{"count":30,"href":"https:\/\/sisu.ut.ee\/dak\/wp-json\/wp\/v2\/pages\/28\/revisions"}],"predecessor-version":[{"id":495,"href":"https:\/\/sisu.ut.ee\/dak\/wp-json\/wp\/v2\/pages\/28\/revisions\/495"}],"wp:attachment":[{"href":"https:\/\/sisu.ut.ee\/dak\/wp-json\/wp\/v2\/media?parent=28"}],"curies":[{"name":"wp","href":"https:\/\/api.w.org\/{rel}","templated":true}]}}