{"id":2,"date":"2025-01-29T13:25:40","date_gmt":"2025-01-29T13:25:40","guid":{"rendered":"https:\/\/sisu.ut.ee\/daf2025\/?page_id=2"},"modified":"2025-09-30T11:59:52","modified_gmt":"2025-09-30T08:59:52","slug":"sample-page","status":"publish","type":"page","link":"https:\/\/sisu.ut.ee\/daf2025\/","title":{"rendered":"Call for Papers"},"content":{"rendered":"<p><\/p>\n\n\n\n<p class=\"has-text-align-center has-extra-large-font-size\" style=\"font-style:normal;font-weight:700;text-transform:uppercase\"><strong>Call for Papers<\/strong><\/p>\n\n\n\n<p class=\"has-text-align-center has-primary-color has-text-color has-link-color has-extra-large-font-size wp-elements-81ff2631dbba7ab7280329825b2acb4c\"><strong>Konferenz: \u201cDaF zwischen Innovation und Tradition\u201d<\/strong><br>\u00a001.- 02.10.2025 an der Universit\u00e4t Tartu (Lossi 3, Foyer,\u00a02. Etage)<br><\/p>\n\n\n\n<div class=\"wp-block-columns is-layout-flex wp-container-core-columns-is-layout-9d6595d7 wp-block-columns-is-layout-flex\">\n<div class=\"wp-block-column is-layout-flow wp-block-column-is-layout-flow\" style=\"flex-basis:15%\"><\/div>\n\n\n\n<div class=\"wp-block-column is-layout-flow wp-block-column-is-layout-flow\" style=\"flex-basis:70%\">\n<p>Wir leben in einer Zeit des dynamischen Wandels in allen Lebensbereichen. Auch das Sprachenlernen ist diesem Wandel unterworfen, sei es durch immer heterogenere Lernendengruppen oder durch die zunehmende Digitalisierung des Unterrichts. Auch die versch\u00e4rfte politische Lage kann zu tiefgreifenden Ver\u00e4nderungen in der Fremdsprachenlandschaft eines Landes f\u00fchren. Dies erfordert sowohl eine Neudefinition der Rolle der Sprachlehrenden als auch eine zeitgem\u00e4\u00dfe Ausbildung zuk\u00fcnftiger Sprachlehrender. Die st\u00e4ndige Forderung nach Modernisierung des Unterrichts wirft jedoch auch die Frage auf, ob die altbew\u00e4hrten Unterrichtsmedien und -methoden nicht l\u00e4ngst \u201causgedient\u201d haben und dringend eines \u201cUpdates\u201d bed\u00fcrfen? Vor diesem Hintergrund bietet unsere Konferenz allen Beteiligten Raum f\u00fcr einen reflektierten Austausch \u00fcber innovative und traditionelle Ans\u00e4tze der Fremdsprachenvermittlung mit Fokus auf den DaF-Unterricht in Schule, Hochschule und Erwachsenenbildung.<\/p>\n\n\n\n<p>Die <strong>Abteilung f\u00fcr Germanistik am Institut f\u00fcr Fremdsprachen und Kulturen der Universit\u00e4t Tartu<\/strong> l\u00e4dt alle DaF-Interessierten herzlich ein, sich aktiv an der Konferenz zu beteiligen. Die Schwerpunkte sind wie folgt:<\/p>\n<\/div>\n\n\n\n<div class=\"wp-block-column is-layout-flow wp-block-column-is-layout-flow\" style=\"flex-basis:15%\"><\/div>\n<\/div>\n\n\n\n<figure class=\"wp-block-image aligncenter size-large\"><img loading=\"lazy\" decoding=\"async\" width=\"1024\" height=\"618\" src=\"https:\/\/sisu.ut.ee\/wp-content\/uploads\/sites\/884\/Schwerpunkte-2-1024x618.png\" alt=\"\" class=\"wp-image-9\" srcset=\"https:\/\/sisu.ut.ee\/wp-content\/uploads\/sites\/884\/Schwerpunkte-2-1024x618.png 1024w, https:\/\/sisu.ut.ee\/wp-content\/uploads\/sites\/884\/Schwerpunkte-2-300x181.png 300w, https:\/\/sisu.ut.ee\/wp-content\/uploads\/sites\/884\/Schwerpunkte-2-768x463.png 768w, https:\/\/sisu.ut.ee\/wp-content\/uploads\/sites\/884\/Schwerpunkte-2.png 1137w\" sizes=\"auto, (max-width: 1024px) 100vw, 1024px\"><\/figure>\n\n\n\n<div class=\"wp-block-columns is-layout-flex wp-container-core-columns-is-layout-9d6595d7 wp-block-columns-is-layout-flex\">\n<div class=\"wp-block-column is-layout-flow wp-block-column-is-layout-flow\" style=\"flex-basis:15%\"><\/div>\n\n\n\n<div class=\"wp-block-column is-layout-flow wp-block-column-is-layout-flow\" style=\"flex-basis:70%\">\n<p><strong>M\u00f6gliche Beitragsformen sind<\/strong>:<\/p>\n\n\n\n<ul class=\"wp-block-list\">\n<li><strong>Impulsvortrag<\/strong> \u2013 20 Min. (auch Online-Beitrag m\u00f6glich)<\/li>\n\n\n\n<li><strong>Workshop<\/strong> \u2013 60 Min.<\/li>\n<\/ul>\n\n\n\n<p>Die <strong>Abstracts<\/strong> (bis 300 W\u00f6rter, auf Deutsch) sollten bis zum <strong>01.04.2025<\/strong> unter der folgenden E-Mail-Adresse eingereicht werden: <a href=\"mailto:daf2025@ut.ee\">daf2025@ut.ee<\/a><\/p>\n\n\n\n<p>Die Konferenz wird in Kooperation mit der <strong>Universit\u00e4t Potsdam<\/strong> im Rahmen der Germanistischen Partnerschaft (GIP) organisiert und vom <strong>Deutschen Akademischen Austauschdienst<\/strong> (DAAD) gef\u00f6rdert.<\/p>\n<\/div>\n\n\n\n<div class=\"wp-block-column is-layout-flow wp-block-column-is-layout-flow\" style=\"flex-basis:15%\"><\/div>\n<\/div>\n\n\n\n<div style=\"height:100px\" aria-hidden=\"true\" class=\"wp-block-spacer\"><\/div>\n\n\n\n<p><\/p>\n\n\n\n<figure class=\"wp-block-image aligncenter size-large is-resized\" id=\"block-a90e4c90-73be-4080-90bf-ad180c3d1f38\"><a href=\"https:\/\/maailmakeeled.ut.ee\/en\" target=\"_blank\" rel=\"noreferrer noopener\"><img decoding=\"async\" src=\"https:\/\/sisu.ut.ee\/wp-content\/uploads\/sites\/884\/maailma-keelte-ja-kultuuride-instituut_eng.svg\" alt=\"University of Tartu\" class=\"wp-image-50\" style=\"width:367px;height:auto\"><\/a><\/figure>\n\n\n\n<figure class=\"wp-block-image aligncenter is-resized\" id=\"block-d59d104b-df07-46b1-9ca9-59d0cd7166a5\"><a href=\"https:\/\/www.uni-potsdam.de\/de\/gip-tartu\/\" target=\"_blank\" rel=\"noreferrer noopener\"><img decoding=\"async\" src=\"https:\/\/sisu.ut.ee\/wp-content\/uploads\/sites\/685\/unilogo.png\" alt=\"Universtit\u00e4t Potsdam\" style=\"width:376px\"><\/a><\/figure>\n\n\n\n<figure class=\"wp-block-image aligncenter size-large is-resized\" id=\"block-f5e58299-391b-4846-b006-459b3d0f4217\"><a href=\"https:\/\/www.daad.de\/de\/\" target=\"_blank\" rel=\"noreferrer noopener\"><img loading=\"lazy\" decoding=\"async\" width=\"3780\" height=\"2834\" src=\"https:\/\/sisu.ut.ee\/wp-content\/uploads\/sites\/884\/daad_logo_suppl_deen_v_messe_rgb-edited.png\" alt=\"DAAD\" class=\"wp-image-28\" style=\"width:250px;height:auto\" srcset=\"https:\/\/sisu.ut.ee\/wp-content\/uploads\/sites\/884\/daad_logo_suppl_deen_v_messe_rgb-edited.png 3780w, https:\/\/sisu.ut.ee\/wp-content\/uploads\/sites\/884\/daad_logo_suppl_deen_v_messe_rgb-edited-300x225.png 300w, https:\/\/sisu.ut.ee\/wp-content\/uploads\/sites\/884\/daad_logo_suppl_deen_v_messe_rgb-edited-1024x768.png 1024w, https:\/\/sisu.ut.ee\/wp-content\/uploads\/sites\/884\/daad_logo_suppl_deen_v_messe_rgb-edited-768x576.png 768w, https:\/\/sisu.ut.ee\/wp-content\/uploads\/sites\/884\/daad_logo_suppl_deen_v_messe_rgb-edited-1536x1152.png 1536w, https:\/\/sisu.ut.ee\/wp-content\/uploads\/sites\/884\/daad_logo_suppl_deen_v_messe_rgb-edited-2048x1535.png 2048w, https:\/\/sisu.ut.ee\/wp-content\/uploads\/sites\/884\/daad_logo_suppl_deen_v_messe_rgb-edited-1920x1439.png 1920w\" sizes=\"auto, (max-width: 3780px) 100vw, 3780px\"><\/a><\/figure>\n\n\n\n<p id=\"block-3ba4d2ba-2cca-4486-83ba-08e9ece992e7\"><\/p>\n\n\n\n<p><\/p>\n\n\n\n<div style=\"height:100px\" aria-hidden=\"true\" class=\"wp-block-spacer\"><\/div>\n\n\n\n<p class=\"has-text-align-center\"><strong>Organisationsteam:<\/strong><br>Dr. Merje Miliste<br>Dozentin f\u00fcr Deutsch als Fremdsprache &amp; Linguistik<br><a href=\"mailto:merje.miliste@ut.ee\">merje.miliste@ut.ee<\/a>\u00a0<\/p>\n\n\n\n<p class=\"has-text-align-center\">Katrin Saar<br>Dozentin f\u00fcr Deutsch als Fremdsprache<br><a href=\"mailto:katrin.saar.1@ut.ee\">katrin.saar.1@ut.ee<\/a><\/p>\n\n\n\n<p class=\"has-text-align-center\">Daniel Kulesza<br>DAAD-Lektor<br><a href=\"mailto:daniel.kulesza@ut.ee\">daniel.kulesza@ut.ee<\/a><\/p>\n","protected":false},"excerpt":{"rendered":"<p>Call for Papers Konferenz: \u201cDaF zwischen Innovation und Tradition\u201d\u00a001.- 02.10.2025 an der Universit\u00e4t Tartu (Lossi 3, Foyer,\u00a02. Etage) Wir leben in einer Zeit des dynamischen Wandels in allen Lebensbereichen. Auch das Sprachenlernen ist diesem Wandel unterworfen, sei es durch immer &#8230;<\/p>\n","protected":false},"author":99,"featured_media":0,"parent":0,"menu_order":0,"comment_status":"closed","ping_status":"open","template":"","meta":{"_acf_changed":false,"inline_featured_image":false,"footnotes":""},"class_list":["post-2","page","type-page","status-publish","hentry"],"acf":[],"_links":{"self":[{"href":"https:\/\/sisu.ut.ee\/daf2025\/wp-json\/wp\/v2\/pages\/2","targetHints":{"allow":["GET"]}}],"collection":[{"href":"https:\/\/sisu.ut.ee\/daf2025\/wp-json\/wp\/v2\/pages"}],"about":[{"href":"https:\/\/sisu.ut.ee\/daf2025\/wp-json\/wp\/v2\/types\/page"}],"author":[{"embeddable":true,"href":"https:\/\/sisu.ut.ee\/daf2025\/wp-json\/wp\/v2\/users\/99"}],"replies":[{"embeddable":true,"href":"https:\/\/sisu.ut.ee\/daf2025\/wp-json\/wp\/v2\/comments?post=2"}],"version-history":[{"count":29,"href":"https:\/\/sisu.ut.ee\/daf2025\/wp-json\/wp\/v2\/pages\/2\/revisions"}],"predecessor-version":[{"id":146,"href":"https:\/\/sisu.ut.ee\/daf2025\/wp-json\/wp\/v2\/pages\/2\/revisions\/146"}],"wp:attachment":[{"href":"https:\/\/sisu.ut.ee\/daf2025\/wp-json\/wp\/v2\/media?parent=2"}],"curies":[{"name":"wp","href":"https:\/\/api.w.org\/{rel}","templated":true}]}}