{"id":9,"date":"2024-04-04T01:46:22","date_gmt":"2024-04-03T22:46:22","guid":{"rendered":"https:\/\/sisu.ut.ee\/culturerich\/lietuva\/"},"modified":"2024-04-04T01:46:59","modified_gmt":"2024-04-03T22:46:59","slug":"lietuva","status":"publish","type":"page","link":"https:\/\/sisu.ut.ee\/culturerich\/lietuva\/","title":{"rendered":"Lithuania (2.03.2017)"},"content":{"rendered":"<p><strong><a href=\"http:\/\/www.uttv.ee\/fotod#id_galerii=10938\" target=\"_blank\" rel=\"noopener\"><strong><strong>Vaata fotosid \/ Look at the photos!<\/strong><\/strong><\/a><\/strong><\/p>\n<p>Aeg ja koht\/Time and venue <\/p>\n<p>18:00-21:00, <a href=\"http:\/\/www.tartuloodusmaja.ee\/ET\/kontaktid\/ET\/kontaktid\/\" target=\"_blank\" rel=\"noopener\">Lille 10, Tartu (Tartu loodusmaja\/Tartu Nature House<\/a><a href=\"http:\/\/www.tartuloodusmaja.ee\/ET\/kontaktid\/ET\/kontaktid\/\" target=\"_blank\" rel=\"noopener\">) <\/a><\/p>\n<p> <strong>Kava\/Programme <br> <\/strong><strong><\/strong><\/p>\n<p style=\"text-align: justify\">Sarja\u00a0\u00fcheksas\u00a0<strong>kultuuri\u00f5htu <\/strong>keskendub Leedule. V\u00f5\u00f5rustajateks on Leedust p\u00e4rit\u00a0t\u00f6\u00f6tajad ja \u00fcli\u00f5pilased koos T\u00dc humanitaarteaduste ja kunstide valdkonna, personaliosakonna ja Tartu loodusmaja inimestega \u2013 kultuuri\u00f5htul on teil v\u00f5imalus tutvuda Leedu kultuuri, tavade ja vaatamisv\u00e4\u00e4rsustega. Kultuuriprogrammi osaks on ka traditsioonilised Leedu s\u00f6\u00f6gid ning muusika. Soovijatel on v\u00f5imalik\u00a0 nautida rahvatantse, harjutada pol\u00fcfoonilist lauluvormi\u00a0<em>sutartin\u0117s<\/em> ning meisterdada tsepeliine. <em>Sutartin\u0117s<\/em><span> \u00f5pitoa viivad l\u00e4bi ansambli\u00a0<\/span><em><strong><a href=\"https:\/\/www.facebook.com\/pg\/Kadujo-187740357930747\/photos\/?tab=album&amp;album_id=187755397929243\" target=\"_blank\" rel=\"noopener\">Kadujo <\/a><\/strong><\/em>liikmed.\u00a0<em>Kadujo<\/em>\u00a0on peamiselt Leedu traditsioonilist pol\u00fcfoonilist lauluvormi\u00a0<em>sutartin\u0117s<\/em>\u2018t esitav ansambel Kaunasest. 2008. aastal loodud ansambli repertuaaris on erinevaid Leedu rahvalaule, -tantse ja tantsumuusikat, kuid peamine selle kollektiivi eesm\u00e4rk on ikkagi keskenduda<em>sutartin\u0117s<\/em>\u2018e p\u00f5hiolemusele, mille tulemusena valmis 2014. aastal CD-plaat \u201e<em>Aukseliu lingo, perlaliu mirgo<\/em>\u201c.<\/p>\n<p style=\"text-align: justify\">The ninth event in the series will introduce the traditions and culture of\u00a0<strong>Lithuania<\/strong> and offer a glimpse of interesting tourism and nature locations across the country. The event will take place in the Tartu Nature House at Lille 10, Tartu, on 2 March and is hosted by the staff and students from Lithuania, together with UT Faculty of Arts and Humanities, Human Resources Office and Tartu Nature House. You will have the chance to learn interesting things about the customs and traditions of Lithuania and enjoy music. You will be offered some traditional Lithuanian food. The event will also include learning to sing polyphonic Lithuanian songs (<em>sutartin\u0117s <\/em>workshop) and making the traditional Lithuanian dish\u00a0<em>cepelinai. <\/em>The s<em>utartin\u0117s<\/em>\u00a0 workshop will be carried out by group <em><strong><a href=\"https:\/\/www.facebook.com\/Kadujo-187740357930747\/\" target=\"_blank\" rel=\"noopener\">Kadujo <\/a><\/strong><\/em>from Kaunas.<\/p>\n<p><strong>Programme highlights:<\/strong><\/p>\n<ul>\n<li>presentation about Lithuania by Lithuanian Honorary Consul in Estonia Prof. Birute Klaas-Lang<\/li>\n<li>movie <em>The Flight Over Lithuania<\/em><\/li>\n<li>Lithuanian folk dance and music by group <em>Kadujo<\/em><\/li>\n<li>workshops: s<em>utartin\u0117s<\/em> (Lithuanian multipart songs) and c<em>epelinai<\/em> (a type of\u00a0dumpling, a\u00a0national dish\u00a0of Lithuania)<\/li>\n<li>Lithuanian food<\/li>\n<\/ul>\n<table class=\"table table-hover\" cellspacing=\"0\" cellpadding=\"0\" border=\"0\" align=\"center\">\n<tbody>\n<tr align=\"center\">\n<td valign=\"top\">\n<p><img loading=\"lazy\" decoding=\"async\" style=\"vertical-align: middle\" src=\"\/wp-content\/uploads\/sites\/138\/istock-520221565.jpg\" title=\"http:\/\/www.tntmagazine.com\/travel\/top-guides\/lithuania-has-more-to-offer-than-you-may-think\" width=\"174\" height=\"139\"> <img loading=\"lazy\" decoding=\"async\" style=\"vertical-align: middle\" src=\"\/wp-content\/uploads\/sites\/138\/lithuanian_meat.jpg\" title=\"http:\/\/lithuanianfoodrecipe.blogspot.com.ee\/\" width=\"170\" height=\"113\">\u00a0<img loading=\"lazy\" decoding=\"async\" src=\"\/wp-content\/uploads\/sites\/138\/kadujo.jpg\" title=\"https:\/\/www.facebook.com\/187740357930747\/photos\/a.187755397929243.36576.187740357930747\/1217644751606964\/?type=3&amp;theater\" width=\"164\" height=\"142\"> <img loading=\"lazy\" decoding=\"async\" style=\"vertical-align: middle\" src=\"\/wp-content\/uploads\/sites\/138\/trakai-litauen.jpeg\" title=\"http:\/\/blog.radissonblu.com\/visit-lithuanias-iconic-trakai-vilnius\/\" width=\"168\" height=\"112\"><br>\u00a0\u00a0\u00a0\u00a0\u00a0\u00a0\u00a0\u00a0\u00a0\u00a0\u00a0\u00a0\u00a0\u00a0\u00a0\u00a0\u00a0\u00a0\u00a0\u00a0\u00a0\u00a0\u00a0\u00a0\u00a0\u00a0\u00a0\u00a0\u00a0\u00a0\u00a0\u00a0\u00a0\u00a0\u00a0\u00a0\u00a0\u00a0\u00a0\u00a0\u00a0\u00a0\u00a0\u00a0\u00a0\u00a0\u00a0\u00a0\u00a0\u00a0\u00a0\u00a0\u00a0\u00a0\u00a0<\/p>\n<\/td>\n<\/tr>\n<\/tbody>\n<\/table>\n<p>Oodatud on huvilised igas vanuses! \u00d5htu on inglise keeles eestikeelsete selgitustega. Osalustasu on 5 eurot, alla 10 a lapsed on teretulnud tasuta. <strong>Registreerumiseks palun vajutage siia<\/strong> (registreerumine on l\u00f5ppenud). Kuna kohtade arv on piiratud, palume tasuda osav\u00f5tumaks ning ennast kirja panna esimesel v\u00f5imalusel. Registreerumise t\u00e4htaeg on <strong>28. veebruar<\/strong>. K\u00fcsimuste korral ja lisainfo saamiseks palun v\u00f5tke \u00fchendust Sirli Urbasega (<a href=\"mailto:sirli.urbas@ut.ee\">sirli.urbas@ut.ee<\/a>).\u00a0<\/p>\n<p><strong>Osalemine\/Participation\u00a0<\/strong><\/p>\n<p>Everybody is welcome, regardless of age! Seminar will be held in English, explanations in Estonian will also be provided. The event is free for kids under the age 10 and costs 5 euros for others.\u00a0<strong>For registration please follow the link (registration is closed)<\/strong>. As the number of seats is limited, we kindly request you to transfer participation fee and register as early as possible. The deadline for registration is <strong>28 February<\/strong>. For any further information please contact, Sirli Urbas (<a href=\"mailto:sirli.urbas@ut.ee\">sirli.urbas@ut.ee<\/a>).\u00a0<\/p>\n<p><strong>Makse saaja\/Beneficiary name:<\/strong> Tartu Keskkonnahariduse Keskus <strong>Konto\/account:<\/strong> Swedbank EE502200221019407978 <strong>Selgitus\/Payment description:<\/strong> osaleja nimi\/the name of the participant + 2. m\u00e4rtsi kultuuri\u00f5htu osalustasu\/the culture evening of 2 March.<\/p>\n<table class=\"table table-hover\" border=\"0\" align=\"center\">\n<tbody>\n<tr>\n<td><img loading=\"lazy\" decoding=\"async\" style=\"vertical-align: middle\" src=\"\/wp-content\/uploads\/sites\/138\/lithuanian-flag-autumn-leaves-forest-saulius-stankevicius_880_1.jpg\" title=\"http:\/\/www.boredpanda.com\/lithuanian-flag-autumn-leaves-forest-saulius-stankevicius\/\" width=\"340\" height=\"171\"><\/td>\n<\/tr>\n<\/tbody>\n<\/table>\n<p><strong><br>Veel olulist\/Please note <\/strong><\/p>\n<ul>\n<li>Pildistamine: v\u00f5ib juhtuda, et korraldajad teevad kultuuri\u00f5htutel fotosid ning avaldavad need hiljem Tartu \u00dclikooliga seotud infokanalites (prinditud kujul, veebis, sotsiaalmeedias jm). Fotosid ei anta kolmandatele isikutele ega kasutata kommertseesm\u00e4rkidel. Kui te ei soovi, et teid v\u00f5i teie alaealisi lapsi pildistataks, palun \u00f6elge seda enne s\u00fcndmuse toimumist korraldajale. Korraldajad ei v\u00f5ta vastutust teiste s\u00fcndmusel osalejate poolt tehtud fotode ning nende kasutamise eest. \/ During our events organizers might take photos and publish them (print, web, social media) in connection with the University of Tartu. The photos will not be given to third parties and they will not be used commercially. If you do not agree with your picture (or photo of your child) being taken please tell us at the beginning of each event. Organizers are not responsible for photos and their use, taken by participants of the event.<\/li>\n<li>Oleme t\u00e4nulikud, kui registreerite s\u00fcndmusele k\u00f5ik inimesed, kes teiega kaasa tulevad ning annate meile teada, kui osalemise t\u00fchistate. See aitab meil s\u00fcndmusi paremini planeerida. \/ We appreciate you to enroll all of the people who you wish to bring along and please let us know if you have to cancel your participation. This helps us to plan our events and costs better.<\/li>\n<li>Registreeringu t\u00fchistamise v\u00f5i \u00fcritusele tulemata j\u00e4tmise korral ei tagastata makstud osalustasu. \/ In case of a cancellation or failure to attend, the participation fee will not reimbursed.<\/li>\n<li>Me ei planeeri riskantseid tegevusi, ent osalemine on ikkagi omal vastutusel. Palume lastega tulijatel neil ise silm peal hoida. Anname oma parima, et s\u00fcndmused sujuksid kenasti, kuid T\u00dc ega Tartu loodusmaja ei vastuta etten\u00e4gematute probleemsete juhtumite eest (vargus, vigastus jmt). \/\u00a0 We don\u2019t plan dangerous activities but participation is still at your own risk. Parents are responsible for their children and are expected to supervise them. Claims against University of Tartu or a member of staff regarding liability for theft, personal injury or property damage are expressly excluded.<\/li>\n<\/ul>\n","protected":false},"excerpt":{"rendered":"<p>Vaata fotosid \/ Look at the photos! Aeg ja koht\/Time and venue 18:00-21:00, Lille 10, Tartu (Tartu loodusmaja\/Tartu Nature House) Kava\/Programme Sarja\u00a0\u00fcheksas\u00a0kultuuri\u00f5htu keskendub Leedule. V\u00f5\u00f5rustajateks on Leedust p\u00e4rit\u00a0t\u00f6\u00f6tajad ja \u00fcli\u00f5pilased koos T\u00dc humanitaarteaduste ja kunstide valdkonna, personaliosakonna ja Tartu loodusmaja &#8230;<\/p>\n","protected":false},"author":47,"featured_media":0,"parent":0,"menu_order":0,"comment_status":"closed","ping_status":"closed","template":"","meta":{"_acf_changed":false,"inline_featured_image":false,"footnotes":""},"class_list":["post-9","page","type-page","status-publish","hentry"],"acf":[],"_links":{"self":[{"href":"https:\/\/sisu.ut.ee\/culturerich\/wp-json\/wp\/v2\/pages\/9","targetHints":{"allow":["GET"]}}],"collection":[{"href":"https:\/\/sisu.ut.ee\/culturerich\/wp-json\/wp\/v2\/pages"}],"about":[{"href":"https:\/\/sisu.ut.ee\/culturerich\/wp-json\/wp\/v2\/types\/page"}],"author":[{"embeddable":true,"href":"https:\/\/sisu.ut.ee\/culturerich\/wp-json\/wp\/v2\/users\/47"}],"replies":[{"embeddable":true,"href":"https:\/\/sisu.ut.ee\/culturerich\/wp-json\/wp\/v2\/comments?post=9"}],"version-history":[{"count":1,"href":"https:\/\/sisu.ut.ee\/culturerich\/wp-json\/wp\/v2\/pages\/9\/revisions"}],"predecessor-version":[{"id":266,"href":"https:\/\/sisu.ut.ee\/culturerich\/wp-json\/wp\/v2\/pages\/9\/revisions\/266"}],"wp:attachment":[{"href":"https:\/\/sisu.ut.ee\/culturerich\/wp-json\/wp\/v2\/media?parent=9"}],"curies":[{"name":"wp","href":"https:\/\/api.w.org\/{rel}","templated":true}]}}