{"id":3,"date":"2024-04-04T01:46:21","date_gmt":"2024-04-03T22:46:21","guid":{"rendered":"https:\/\/sisu.ut.ee\/culturerich\/korea-27042018-0\/"},"modified":"2024-04-04T01:46:59","modified_gmt":"2024-04-03T22:46:59","slug":"korea-27042018-0","status":"publish","type":"page","link":"https:\/\/sisu.ut.ee\/culturerich\/korea-27042018-0\/","title":{"rendered":"Korea (27.04.2018)"},"content":{"rendered":"<p><strong><a href=\"https:\/\/www.facebook.com\/media\/set\/?set=oa.438305303259235&amp;type=3\" target=\"_blank\" rel=\"noopener\"><strong>Vaata fotosid! \/ Look at the photos!<\/strong><\/a><\/strong><\/p>\n<p>Aeg ja koht\/Time and venue <br><br>18:00-22:00, <a href=\"http:\/\/www.tartuloodusmaja.ee\/ET\/kontaktid\/ET\/kontaktid\/\" target=\"_blank\" rel=\"noopener\">Lille 10, Tartu (Tartu loodusmaja\/Tartu Nature House<\/a><a href=\"http:\/\/www.tartuloodusmaja.ee\/ET\/kontaktid\/ET\/kontaktid\/\" target=\"_blank\" rel=\"noopener\">) \u00a0 \u00a0 \u00a0 \u00a0 \u00a0 \u00a0 \u00a0 \u00a0 \u00a0 \u00a0 \u00a0 \u00a0 \u00a0 \u00a0 \u00a0 \u00a0 \u00a0 \u00a0 \u00a0 \u00a0 \u00a0 \u00a0 \u00a0 \u00a0 \u00a0 \u00a0 \u00a0 \u00a0 \u00a0 \u00a0 \u00a0 \u00a0 \u00a0 \u00a0 \u00a0 \u00a0 \u00a0 \u00a0 \u00a0 \u00a0 \u00a0 \u00a0 \u00a0 \u00a0 \u00a0 \u00a0 \u00a0 \u00a0 \u00a0 \u00a0\u00a0 <img loading=\"lazy\" decoding=\"async\" style=\"float: right\" src=\"\/wp-content\/uploads\/sites\/138\/28424550_1790514144326402_32506776489165593_o.jpg\" width=\"200\" height=\"165\"><\/a><\/p>\n<p> <strong>Kava\/Program<\/strong><\/p>\n<p>Sarja kaheteistk\u00fcmnes <strong>kultuuri\u00f5htu <\/strong>keskendub Korea keele ja kultuuri tutvustamisele. V\u00f5\u00f5rustajateks on T\u00dc Aasia regiooni keelte osakonna, T\u00dc personaliosakonna ja Tartu loodusmaja inimesed. \u00d5htu \u00fcheks osaks on Koreaainelised v\u00f5i koreakeelsed sket\u0161id. On v\u00f5imalus osaleda Korea kalligraafia \u00f5pitoas ja m\u00e4ngida Korea (laua)m\u00e4nge. \u00d5htus\u00f6\u00f6gil saab proovida erinevaid Korea stiilis s\u00f6\u00f6ke.<\/p>\n<p>The twelfth event in the series will introduce the language and culture of Korea. The event will take place in the Tartu Nature House at Lille 10, Tartu, on 27 April and is hosted by the <span style=\"color: #4b4f56;font-family: Helvetica, Arial, sans-serif;font-size: 14px;font-style: normal;font-weight: 400;letter-spacing: normal;text-align: start;text-indent: 0px;text-transform: none;background-color: #ffffff;float: none\">UT Department of Languages of the Asian Region, the UT Human Resources Office and Tartu Nature House.<\/span> You will have the chance to learn about the customs and traditions of Korea and to enjoy food in Korean style. You can watch short Korean plays (in Korean and in English). You can take part in Korean calligraphy workshop and play Korean (board) games.<\/p>\n<table class=\"table table-hover\" border=\"0\" align=\"center\">\n<tbody>\n<tr>\n<td><img loading=\"lazy\" decoding=\"async\" src=\"\/wp-content\/uploads\/sites\/138\/korea1.jpg\" title=\"https:\/\/www.facebook.com\/groups\/149698222119946\/photos\/\" width=\"130\" height=\"200\"> <img loading=\"lazy\" decoding=\"async\" src=\"\/wp-content\/uploads\/sites\/138\/korea3.jpg\" title=\"https:\/\/www.facebook.com\/groups\/149698222119946\/photos\/\" width=\"112\" height=\"199\">\u00a0<img loading=\"lazy\" decoding=\"async\" src=\"\/wp-content\/uploads\/sites\/138\/korea5.jpg\" title=\"http:\/\/traveljapanblog.com\/ashland\/\" width=\"105\" height=\"199\"><\/td>\n<\/tr>\n<\/tbody>\n<\/table>\n<p><strong><\/strong><\/p>\n<p>Program highlights:<\/p>\n<ul>\n<li>Presentation about Korea<\/li>\n<li>UT KCC 2nd Korean Drama Festival (<span style=\"color: #4b4f56;font-family: Helvetica, Arial, sans-serif;font-size: 14px;font-style: normal;font-weight: 400;letter-spacing: normal;text-align: start;text-indent: 0px;text-transform: none;background-color: #ffffff;float: none\">one live musical performance and two films<\/span> made by students)<\/li>\n<li>Food in Korean style<\/li>\n<li>Workshops: Calligraphy &amp; Korean (board) games\n<\/li>\n<\/ul>\n<table class=\"table table-hover\" border=\"0\" align=\"center\">\n<tbody>\n<tr>\n<td><img loading=\"lazy\" decoding=\"async\" src=\"\/wp-content\/uploads\/sites\/138\/korea2.jpg\" title=\"https:\/\/www.facebook.com\/groups\/149698222119946\/photos\/\" width=\"200\" height=\"113\"> <img loading=\"lazy\" decoding=\"async\" src=\"\/wp-content\/uploads\/sites\/138\/kimchi.jpg\" title=\"http:\/\/www.koreanfood.net\/en\" width=\"150\" height=\"121\"><img loading=\"lazy\" decoding=\"async\" src=\"\/wp-content\/uploads\/sites\/138\/korea4_0.jpg\" title=\"https:\/\/www.facebook.com\/media\/set\/?set=oa.362955727460860&amp;type=3\" width=\"170\" height=\"114\"><\/td>\n<\/tr>\n<\/tbody>\n<\/table>\n<p><strong>Osalemine\/Participation<\/strong><\/p>\n<p>Oodatud on huvilised igas vanuses! \u00d5htu on inglise keeles. \u00dcrituse osalustasu on 5 eurot, alla 10 a lapsed osalevad tasuta. <strong>Registreerumiseks palun vajutage siia (registreerumine l\u00f5ppenud)<\/strong>. Kuna kohtade arv on piiratud, palume tasuda osav\u00f5tumaks ning ennast kirja panna esimesel v\u00f5imalusel. Registreerumise t\u00e4htaeg on <strong>25. aprill<\/strong>. K\u00fcsimuste korral ja lisainfo saamiseks palun v\u00f5tke \u00fchendust Sirli Urbasega (<a href=\"mailto:sirli.urbas@ut.ee\">sirli.urbas@ut.ee<\/a>).<\/p>\n<p> Everybody is welcome, regardless of age! The event will be held in English. The event is free for kids under the age 10 and costs 5 euros for others. <strong>For registration, please follow the link (registration is closed)<\/strong>. As the number of places is limited, we kindly request you to transfer the participation fee and register as early as possible. The deadline for registration is <strong>25 April<\/strong>. For any further information, please contact Sirli Urbas (<a href=\"mailto:sirli.urbas@ut.ee\">sirli.urbas@ut.ee<\/a>).<\/p>\n<p><strong>Makse saaja\/Beneficiary name:<\/strong> Tartu Keskkonnahariduse Keskus <strong>Konto\/account:<\/strong> Swedbank EE502200221019407978 <strong>Selgitus\/Payment description:<\/strong> osaleja nimi\/the name of the participant + 27. aprilli kultuuri\u00f5htu osalustasu\/the culture evening on 27 April.<\/p>\n<p>Special thanks to<\/p>\n<table class=\"table table-hover\" style=\"width: 347px;height: 130px\" border=\"0\" align=\"center\">\n<tbody>\n<tr>\n<td><img loading=\"lazy\" decoding=\"async\" src=\"\/wp-content\/uploads\/sites\/138\/anna_edasi_logo_kohvik_ylal.jpg\" title=\"http:\/\/www.annaedasi.ee\/\" width=\"335\" height=\"194\"><\/td>\n<\/tr>\n<\/tbody>\n<\/table>\n<p><strong>Veel olulist\/Please note <\/strong><\/p>\n<ul>\n<li>Pildistamine: v\u00f5ib juhtuda, et korraldajad teevad kultuuri\u00f5htutel fotosid ning avaldavad need hiljem Tartu \u00dclikooliga seotud infokanalites (prinditud kujul, veebis, sotsiaalmeedias jm). Fotosid ei anta kolmandatele isikutele ega kasutata kommertseesm\u00e4rkidel. Kui te ei soovi, et teid v\u00f5i teie alaealisi lapsi pildistataks, palun \u00f6elge seda enne s\u00fcndmuse toimumist korraldajale. Korraldajad ei v\u00f5ta vastutust teiste s\u00fcndmusel osalejate poolt tehtud fotode ning nende kasutamise eest. \/ During our events organizers might take photos and publish them (print, web, social media) in connection with the University of Tartu. The photos will not be given to third parties and they will not be used commercially. If you do not agree with your picture (or photo of your child) being taken please tell us at the beginning of each event. Organizers are not responsible for photos and their use, taken by participants of the event.<\/li>\n<li>Oleme t\u00e4nulikud, kui registreerite s\u00fcndmusele k\u00f5ik inimesed, kes teiega kaasa tulevad ning annate meile teada, kui osalemise t\u00fchistate. See aitab meil s\u00fcndmusi paremini planeerida. \/ We appreciate you to enroll all of the people who you wish to bring along and please let us know if you have to cancel your participation. This helps us to plan our events and costs better.<\/li>\n<li>Registreeringu t\u00fchistamise v\u00f5i \u00fcritusele tulemata j\u00e4tmise korral ei tagastata makstud osalustasu. \/ In case of a cancellation or failure to attend, the participation fee will not reimbursed.<\/li>\n<li>Me ei planeeri riskantseid tegevusi, ent osalemine on ikkagi omal vastutusel. Palume lastega tulijatel neil ise silm peal hoida. Anname oma parima, et s\u00fcndmused sujuksid kenasti, kuid T\u00dc ega Tartu loodusmaja ei vastuta etten\u00e4gematute probleemsete juhtumite eest (vargus, vigastus jmt). \/\u00a0 We don\u2019t plan dangerous activities but participation is still at your own risk. Parents are responsible for their children and are expected to supervise them. Claims against University of Tartu or a member of Tartu Nature House staff regarding liability for theft, personal injury or property damage are expressly excluded.<\/li>\n<\/ul>\n","protected":false},"excerpt":{"rendered":"<p>Vaata fotosid! \/ Look at the photos! Aeg ja koht\/Time and venue 18:00-22:00, Lille 10, Tartu (Tartu loodusmaja\/Tartu Nature House) \u00a0 \u00a0 \u00a0 \u00a0 \u00a0 \u00a0 \u00a0 \u00a0 \u00a0 \u00a0 \u00a0 \u00a0 \u00a0 \u00a0 \u00a0 \u00a0 \u00a0 \u00a0 \u00a0 \u00a0 &#8230;<\/p>\n","protected":false},"author":47,"featured_media":0,"parent":0,"menu_order":0,"comment_status":"closed","ping_status":"closed","template":"","meta":{"_acf_changed":false,"inline_featured_image":false,"footnotes":""},"class_list":["post-3","page","type-page","status-publish","hentry"],"acf":[],"_links":{"self":[{"href":"https:\/\/sisu.ut.ee\/culturerich\/wp-json\/wp\/v2\/pages\/3","targetHints":{"allow":["GET"]}}],"collection":[{"href":"https:\/\/sisu.ut.ee\/culturerich\/wp-json\/wp\/v2\/pages"}],"about":[{"href":"https:\/\/sisu.ut.ee\/culturerich\/wp-json\/wp\/v2\/types\/page"}],"author":[{"embeddable":true,"href":"https:\/\/sisu.ut.ee\/culturerich\/wp-json\/wp\/v2\/users\/47"}],"replies":[{"embeddable":true,"href":"https:\/\/sisu.ut.ee\/culturerich\/wp-json\/wp\/v2\/comments?post=3"}],"version-history":[{"count":1,"href":"https:\/\/sisu.ut.ee\/culturerich\/wp-json\/wp\/v2\/pages\/3\/revisions"}],"predecessor-version":[{"id":272,"href":"https:\/\/sisu.ut.ee\/culturerich\/wp-json\/wp\/v2\/pages\/3\/revisions\/272"}],"wp:attachment":[{"href":"https:\/\/sisu.ut.ee\/culturerich\/wp-json\/wp\/v2\/media?parent=3"}],"curies":[{"name":"wp","href":"https:\/\/api.w.org\/{rel}","templated":true}]}}