{"id":28,"date":"2024-04-04T01:46:23","date_gmt":"2024-04-03T22:46:23","guid":{"rendered":"https:\/\/sisu.ut.ee\/culturerich\/usa\/"},"modified":"2024-04-04T01:46:59","modified_gmt":"2024-04-03T22:46:59","slug":"usa","status":"publish","type":"page","link":"https:\/\/sisu.ut.ee\/culturerich\/usa\/","title":{"rendered":"Thanksgiving in the USA (22.11.2017)"},"content":{"rendered":"<p><strong><a href=\"http:\/\/www.uttv.ee\/fotod#id_galerii=11310\" target=\"_blank\" rel=\"noopener\">Vaata fotosid! \/ Look at the photos!<\/a><\/strong><\/p>\n<p>Aeg ja koht\/Time and venue <a href=\"http:\/\/www.tartuloodusmaja.ee\/ET\/kontaktid\/ET\/kontaktid\/\" target=\"_blank\" rel=\"noopener\"><strong><img loading=\"lazy\" decoding=\"async\" style=\"float: right\" class=\"text-right\" src=\"\/wp-content\/uploads\/sites\/138\/free-american-flag-clipart-2.gif\" title=\"http:\/\/clipartix.com\/american-flag-clipart-image-8320\/\" width=\"238\" height=\"155\"><\/strong><\/a><\/p>\n<p style=\"text-align: left\">18:00-22:00, <a href=\"http:\/\/www.tartuloodusmaja.ee\/ET\/kontaktid\/ET\/kontaktid\/\" target=\"_blank\" rel=\"noopener\">Lille 10, Tartu (Tartu loodusmaja\/Tartu Nature House<\/a><a href=\"http:\/\/www.tartuloodusmaja.ee\/ET\/kontaktid\/ET\/kontaktid\/\" target=\"_blank\" rel=\"noopener\">) <\/a><\/p>\n<p> <strong>Kava\/Program<\/strong><\/p>\n<p style=\"text-align: left\">Sarja \u00fcheteistk\u00fcmnes <strong>kultuuri\u00f5htu <\/strong>keskendub USA t\u00e4nup\u00fcha traditsioonidele. V\u00f5\u00f5rustajateks on T\u00dc t\u00f6\u00f6tajad ja \u00fcli\u00f5pilased USAst koos Tartu Ameerika Nurga, T\u00dc personaliosakonna ja Tartu loodusmaja inimestega \u2013 tutvustatakse t\u00e4nup\u00fcha tavasid ning kombeid. \u00d5htus\u00f6\u00f6gil saab proovida erinevaid t\u00e4nup\u00fchade toite. \u00d5htu \u00fcheks osaks on USA vaieldamatusse filmiklassikasse kuuluva filmi \u201cMalta pistrik\u201d vaatamine ja arutelu professor Raili Marlinguga. On v\u00f5imalus osaleda kolmes \u00f5pitoas: T\u00e4nup\u00fcha toitude \u00f5pituba, seltskonnam\u00e4ngude \u00f5pituba v\u00f5i vestlusring Ameerika inglise keeles, mida juhendab Janice Viinalass. Lapsi ootab m\u00e4ngunurk ja meisterdamise \u00f5pituba.<\/p>\n<p style=\"text-align: justify\">The eleventh event in the series will introduce the Thanksgiving traditions of USA. The event will take place in the Tartu Nature House at Lille 10, Tartu, on 22 November and is hosted by the UT staff and students from USA together with Tartu American Corner, UT Human Resources Office and Tartu Nature House. You will have the chance to learn about the customs and traditions of Thanksgiving in the USA and to enjoy a traditional Thanksgiving dinner. You can watch one of the most popular and best classic detective mysteries ever made \u201cThe Maltese Falcon\u201d followed by a discussion led by professor Raili Marling. You can take part in three activities: you can make Thanksgiving food, take part in an game workshop or take part in an American English conversation class led by Janice Viinalass. There is a special kids\u2019 corner for younger participants and a separate crafting workshop is also organized.<\/p>\n<table class=\"table table-hover\" border=\"0\" align=\"center\">\n<tbody>\n<tr>\n<td><img loading=\"lazy\" decoding=\"async\" src=\"\/wp-content\/uploads\/sites\/138\/1386172256183.jpeg\" title=\"http:\/\/www.foodnetwork.com\/recipes\/food-network-kitchen\/pumpkin-pie-recipe-2102740\" width=\"171\" height=\"142\"> <img loading=\"lazy\" decoding=\"async\" src=\"\/wp-content\/uploads\/sites\/138\/istock_000073435373_medium_custom-4c77db62ac0cf624e1f306f5c710d3993642cab5-s800-c85.jpg\" title=\"http:\/\/www.npr.org\/2015\/11\/24\/456824538\/how-to-survive-and-maybe-even-enjoy-thanksgiving-dinner\" width=\"201\" height=\"143\"> <img loading=\"lazy\" decoding=\"async\" src=\"\/wp-content\/uploads\/sites\/138\/turkey-dinner-web-image.jpg\" title=\"https:\/\/www.marketofchoice.com\/kitchen-blog\/thanksgiving-turkey-101\" width=\"208\" height=\"122\"><\/td>\n<\/tr>\n<\/tbody>\n<\/table>\n<p style=\"text-align: justify\">\n<\/p><p><strong>Program highlights:<\/strong><\/p>\n<p>18:00 Main event \u2013 presentation about Thanksgiving traditions<\/p>\n<p>18:15 Workshops: Thanksgiving food, game workshop or American English conversation lesson<\/p>\n<p>19:15 Main event \u2013 movie \u201cThe Maltese Falcon\u201d followed by a discussion led by professor Raili Marling<\/p>\n<p>21:15 Main event \u2013 dinner<\/p>\n<table class=\"table table-hover\" border=\"0\" align=\"center\">\n<tbody>\n<tr>\n<td><img loading=\"lazy\" decoding=\"async\" src=\"\/wp-content\/uploads\/sites\/138\/44ce653adeffd9963c25330466afc8f8-thanksgiving-blessings-thanksgiving-cards.jpg\" title=\"https:\/\/www.pinterest.co.uk\/dianekehl\/thanksgiving-the-family-holiday\/?lp=true\" width=\"201\" height=\"190\"><\/td>\n<\/tr>\n<\/tbody>\n<\/table>\n<p><strong>Osalemine\/Participation<\/strong><\/p>\n<p style=\"text-align: justify\">Oodatud on huvilised igas vanuses! \u00d5htu on inglise keeles eestikeelsete selgitustega. \u00dcrituse osalustasu on 5 eurot, alla 10 a lapsed osalevad tasuta. <strong>Registreerumiseks palun vajutage <\/strong><strong>siia (registreerumine on l\u00f5ppenud)<\/strong>. Kuna kohtade arv on piiratud, palume tasuda osav\u00f5tumaks ning ennast kirja panna esimesel v\u00f5imalusel. Registreerumise t\u00e4htaeg on <strong>20. november<\/strong>. K\u00fcsimuste korral ja lisainfo saamiseks palun v\u00f5tke \u00fchendust Sirli Urbasega (<a href=\"mailto:sirli.urbas@ut.ee\">sirli.urbas@ut.ee<\/a>).<\/p>\n<p style=\"text-align: justify\"> Everybody is welcome, regardless of age! The event will be held in English and explanations will be provided in Estonian. The event is free for kids under the age 10 and costs 5 euros for others. <strong>For registration, please follow the <\/strong><strong>link (registration is closed)<\/strong>. As the number of places is limited, we kindly request you to transfer the participation fee and register as early as possible. The deadline for registration is <strong>20 November<\/strong>. For any further information, please contact Sirli Urbas (<a href=\"mailto:sirli.urbas@ut.ee\">sirli.urbas@ut.ee<\/a>).<\/p>\n<p style=\"text-align: justify\"><strong>Makse saaja\/Beneficiary name:<\/strong> Tartu Keskkonnahariduse Keskus <strong>Konto\/account:<\/strong> Swedbank EE502200221019407978 <strong>Selgitus\/Payment description:<\/strong> osaleja nimi\/the name of the participant + 22. novembri kultuuri\u00f5htu osalustasu\/the culture evening on 22 November.<\/p>\n<p><strong>Veel olulist\/Please note <\/strong><\/p>\n<ul>\n<li style=\"text-align: justify\"><span style=\"color: #333333\"> Pildistamine: v\u00f5ib juhtuda, et korraldajad teevad kultuuri\u00f5htutel fotosid ning avaldavad need <\/span>hiljem Tartu \u00dclikooliga seotud infokanalites (prinditud kujul, veebis, sotsiaalmeedias jm). Fotosid ei anta kolmandatele isikutele ega kasutata kommertseesm\u00e4rkidel. Kui te ei soovi, et teid v\u00f5i teie alaealisi lapsi pildistataks, palun \u00f6elge seda enne s\u00fcndmuse toimumist korraldajale. Korraldajad ei v\u00f5ta vastutust teiste s\u00fcndmusel osalejate poolt tehtud fotode ning nende kasutamise eest. \/ During our events organizers might take photos and publish them (print, web, social media) in connection with the University of Tartu. The photos will not be given to third parties and they will not be used commercially. If you do not agree with your picture (or photo of your child) being taken please tell us at the beginning of each event. Organizers are not responsible for photos and their use, taken by participants of the event.<\/li>\n<li style=\"text-align: justify\">Oleme t\u00e4nulikud, kui registreerite s\u00fcndmusele k\u00f5ik inimesed, kes teiega kaasa tulevad ning annate meile teada, kui osalemise t\u00fchistate. See aitab meil s\u00fcndmusi paremini planeerida. \/ We appreciate you to enroll all of the people who you wish to bring along and please let us know if you have to cancel your participation. This helps us to plan our events and costs better.<\/li>\n<li style=\"text-align: justify\">Registreeringu t\u00fchistamise v\u00f5i \u00fcritusele tulemata j\u00e4tmise korral ei tagastata makstud osalustasu. \/ In case of a cancellation or failure to attend, the participation fee will not reimbursed.<\/li>\n<li style=\"text-align: justify\">Me ei planeeri riskantseid tegevusi, ent osalemine on ikkagi omal vastutusel. Palume lastega tulijatel neil ise silm peal hoida. Anname oma parima, et s\u00fcndmused sujuksid kenasti, kuid T\u00dc ega Tartu loodusmaja ei vastuta etten\u00e4gematute probleemsete juhtumite eest (vargus, vigastus jmt). \/\u00a0 We don\u2019t plan dangerous activities but participation is still at your own risk. Parents are responsible for their children and are expected to supervise them. Claims against University of Tartu or a member of Tartu Nature House staff regarding liability for theft, personal injury or property damage are expressly excluded.<\/li>\n<\/ul>\n","protected":false},"excerpt":{"rendered":"<p>Vaata fotosid! \/ Look at the photos! Aeg ja koht\/Time and venue 18:00-22:00, Lille 10, Tartu (Tartu loodusmaja\/Tartu Nature House) Kava\/Program Sarja \u00fcheteistk\u00fcmnes kultuuri\u00f5htu keskendub USA t\u00e4nup\u00fcha traditsioonidele. V\u00f5\u00f5rustajateks on T\u00dc t\u00f6\u00f6tajad ja \u00fcli\u00f5pilased USAst koos Tartu Ameerika Nurga, T\u00dc &#8230;<\/p>\n","protected":false},"author":47,"featured_media":0,"parent":0,"menu_order":0,"comment_status":"closed","ping_status":"closed","template":"","meta":{"_acf_changed":false,"inline_featured_image":false,"footnotes":""},"class_list":["post-28","page","type-page","status-publish","hentry"],"acf":[],"_links":{"self":[{"href":"https:\/\/sisu.ut.ee\/culturerich\/wp-json\/wp\/v2\/pages\/28","targetHints":{"allow":["GET"]}}],"collection":[{"href":"https:\/\/sisu.ut.ee\/culturerich\/wp-json\/wp\/v2\/pages"}],"about":[{"href":"https:\/\/sisu.ut.ee\/culturerich\/wp-json\/wp\/v2\/types\/page"}],"author":[{"embeddable":true,"href":"https:\/\/sisu.ut.ee\/culturerich\/wp-json\/wp\/v2\/users\/47"}],"replies":[{"embeddable":true,"href":"https:\/\/sisu.ut.ee\/culturerich\/wp-json\/wp\/v2\/comments?post=28"}],"version-history":[{"count":1,"href":"https:\/\/sisu.ut.ee\/culturerich\/wp-json\/wp\/v2\/pages\/28\/revisions"}],"predecessor-version":[{"id":247,"href":"https:\/\/sisu.ut.ee\/culturerich\/wp-json\/wp\/v2\/pages\/28\/revisions\/247"}],"wp:attachment":[{"href":"https:\/\/sisu.ut.ee\/culturerich\/wp-json\/wp\/v2\/media?parent=28"}],"curies":[{"name":"wp","href":"https:\/\/api.w.org\/{rel}","templated":true}]}}