{"id":27,"date":"2024-04-04T01:46:23","date_gmt":"2024-04-03T22:46:23","guid":{"rendered":"https:\/\/sisu.ut.ee\/culturerich\/spain-mexico\/"},"modified":"2024-04-04T01:46:59","modified_gmt":"2024-04-03T22:46:59","slug":"spain-mexico","status":"publish","type":"page","link":"https:\/\/sisu.ut.ee\/culturerich\/spain-mexico\/","title":{"rendered":"Mexico\/Spain (16.05.2019)"},"content":{"rendered":"<p>\n\t<a data-url=\"https:\/\/www.uttv.ee\/fotod#id_galerii=12109\" href=\"https:\/\/www.uttv.ee\/fotod#id_galerii=12109\" target=\"_blank\" title=\"\" rel=\"noopener\">Vaata fotosid! \/ Look at the photos!<\/a><br><a data-url=\"https:\/\/owncloud.ut.ee\/owncloud\/index.php\/s\/rCgXWHi3B6Qkoqg\" href=\"https:\/\/owncloud.ut.ee\/owncloud\/index.php\/s\/rCgXWHi3B6Qkoqg\" target=\"_blank\" title=\"\" rel=\"noopener\">Photos of Pi\u00f1ata workshop<\/a>\n<\/p>\n<p>\n\t<strong>Aeg ja koht\/Time and venue<\/strong>\n<\/p>\n<p>\n\t18:30-21:30,\u00a0<a href=\"http:\/\/www.tartuloodusmaja.ee\/ET\/kontaktid\/ET\/kontaktid\/\" target=\"_blank\" rel=\"noopener\">Lille 10, Tartu (Tartu loodusmaja\/Tartu Nature House<\/a><a href=\"http:\/\/www.tartuloodusmaja.ee\/ET\/kontaktid\/ET\/kontaktid\/\" target=\"_blank\" rel=\"noopener\">)\u00a0<\/a><\/p>\n<p><strong>Kava\/Programme<\/strong>\n<\/p>\n<p>\n\tSarja viieteistk\u00fcmnes\u00a0<strong>kultuuri\u00f5htu\u00a0<\/strong>keskendub Mehhikole ja Hispaaniale. V\u00f5\u00f5rustajateks on T\u00dc t\u00f6\u00f6tajad ja\u00a0\u00fcli\u00f5pilased\u00a0Mehhikost ja Hispaaniast\u00a0koos\u00a0T\u00dc personaliosakonna ja Tartu loodusmaja inimestega \u2013 tutvustatakse\u00a0mitmekesist kultuuri ning kombeid.\u00a0 \u00a0\u00d5htus\u00f6\u00f6gil saab proovida Mehhiko ja Hispaania toite ja jooke. On v\u00f5imalus valida kahe\u00a0\u00f5pitoa vahel: <em>pi\u00f1ata\u00b4de<\/em> meisterdamise \u00f5pituba ja Hispaania ning Mehhiko toiduvalmistamise \u00f5pituba\u00a0(hispaaniap\u00e4rased omlett ja sangr\u00eda, mehhikop\u00e4rased takod ja <em>agua de jamaica<\/em>).\n<\/p>\n<p>\n\tThe fifteenth\u00a0event in the series will introduce the traditions and culture of\u00a0<strong>Mexico and Spain.<\/strong>\u00a0The event will take place in the Tartu Nature House at Lille 10, Tartu, on 16 May and is hosted by the UT staff and students from Mexico and Spain, together with UT Human Resources Office and Tartu Nature House. You will have the chance to learn interesting things about the customs and traditions of Mexico and Spain.\u00a0You can learn how to make\u00a0pi\u00f1ata\u00b4s or make Mexican (Tacos and Agua de Jamaica) and Spanish (Spanish tortilla and Sangria) food.\n<\/p>\n<p>\n\t<strong>Programme highlights:<\/strong>\n<\/p>\n<ul>\n<li>\n\t\tShort presentations about Mexico and Spain\u00a0\n\t<\/li>\n<li>\n\t\tWorkshops:\u00a0pi\u00f1ata\u00a0making\u00a0 and Mexican and Spanish\u00a0food\n\t<\/li>\n<li>\n\t\tDinner\n\t<\/li>\n<\/ul>\n<table class=\"table table-hover\" border=\"0\" align=\"center\">\n<tbody>\n<tr>\n<td>\n\t\t\t\t<img loading=\"lazy\" decoding=\"async\" width=\"781\" height=\"512\" class=\"alignnone wp-image-87\" style=\"width: 150px;height: 100px\" src=\"https:\/\/sisu.ut.ee\/wp-content\/uploads\/sites\/138\/barcelona-781x512-1.jpg\" title=\"http:\/\/travel1.ee\/hispaania-reisid\/\" alt=\"http:\/\/travel1.ee\/hispaania-reisid\/\" srcset=\"https:\/\/sisu.ut.ee\/wp-content\/uploads\/sites\/138\/barcelona-781x512-1.jpg 781w, https:\/\/sisu.ut.ee\/wp-content\/uploads\/sites\/138\/barcelona-781x512-1-300x197.jpg 300w, https:\/\/sisu.ut.ee\/wp-content\/uploads\/sites\/138\/barcelona-781x512-1-768x503.jpg 768w\" sizes=\"auto, (max-width: 781px) 100vw, 781px\"> <img loading=\"lazy\" decoding=\"async\" width=\"1920\" height=\"1080\" class=\"alignnone wp-image-89\" style=\"width: 150px;height: 100px\" src=\"https:\/\/sisu.ut.ee\/wp-content\/uploads\/sites\/138\/hispaania-maastik.jpg\" title=\"https:\/\/hispaaniakeel.ee\/galerii\/\" alt=\"https:\/\/hispaaniakeel.ee\/galerii\/\" srcset=\"https:\/\/sisu.ut.ee\/wp-content\/uploads\/sites\/138\/hispaania-maastik.jpg 1920w, https:\/\/sisu.ut.ee\/wp-content\/uploads\/sites\/138\/hispaania-maastik-300x169.jpg 300w, https:\/\/sisu.ut.ee\/wp-content\/uploads\/sites\/138\/hispaania-maastik-1024x576.jpg 1024w, https:\/\/sisu.ut.ee\/wp-content\/uploads\/sites\/138\/hispaania-maastik-768x432.jpg 768w, https:\/\/sisu.ut.ee\/wp-content\/uploads\/sites\/138\/hispaania-maastik-1536x864.jpg 1536w\" sizes=\"auto, (max-width: 1920px) 100vw, 1920px\"> <img loading=\"lazy\" decoding=\"async\" width=\"1480\" height=\"833\" class=\"alignnone wp-image-88\" style=\"width: 150px;height: 100px\" src=\"https:\/\/sisu.ut.ee\/wp-content\/uploads\/sites\/138\/mehhiko2.jpg\" title=\"https:\/\/www.germalo.ee\/kultuurireisid\/mehhiko-ringreis-ja-rannapuhkus-cancunis-1\/\" alt=\"https:\/\/www.germalo.ee\/kultuurireisid\/mehhiko-ringreis-ja-rannapuhkus-cancunis-1\/\" srcset=\"https:\/\/sisu.ut.ee\/wp-content\/uploads\/sites\/138\/mehhiko2.jpg 1480w, https:\/\/sisu.ut.ee\/wp-content\/uploads\/sites\/138\/mehhiko2-300x169.jpg 300w, https:\/\/sisu.ut.ee\/wp-content\/uploads\/sites\/138\/mehhiko2-1024x576.jpg 1024w, https:\/\/sisu.ut.ee\/wp-content\/uploads\/sites\/138\/mehhiko2-768x432.jpg 768w\" sizes=\"auto, (max-width: 1480px) 100vw, 1480px\"> <img loading=\"lazy\" decoding=\"async\" width=\"540\" height=\"360\" class=\"alignnone wp-image-90\" style=\"width: 150px;height: 100px\" src=\"https:\/\/sisu.ut.ee\/wp-content\/uploads\/sites\/138\/ik-kil-cenote-chichen-itza-540x360-1.jpg\" title=\"https:\/\/www.estravel.ee\/blog\/korgkultuuri-ja-iidset-hongu-mehhikost\/\" alt=\"https:\/\/www.estravel.ee\/blog\/korgkultuuri-ja-iidset-hongu-mehhikost\/\" srcset=\"https:\/\/sisu.ut.ee\/wp-content\/uploads\/sites\/138\/ik-kil-cenote-chichen-itza-540x360-1.jpg 540w, https:\/\/sisu.ut.ee\/wp-content\/uploads\/sites\/138\/ik-kil-cenote-chichen-itza-540x360-1-300x200.jpg 300w\" sizes=\"auto, (max-width: 540px) 100vw, 540px\">\n\t\t\t<\/td>\n<\/tr>\n<\/tbody>\n<\/table>\n<p>\u00a0<\/p>\n<p>\n\t<strong>Osalemine\/Participation\u00a0<\/strong>\n<\/p>\n<p>\n\tOodatud on huvilised igas vanuses! \u00d5htu on inglise keeles. P\u00f5hi\u00fcrituse osalustasu on 5 eurot, alla 10 a lapsed osalevad tasuta. Kuna kohtade arv on piiratud, palume tasuda osav\u00f5tumaks ning ennast kirja panna esimesel v\u00f5imalusel. Registreerumise t\u00e4htaeg on\u00a0<strong>14. mai<\/strong>. K\u00fcsimuste korral ja lisainfo saamiseks palun v\u00f5tke \u00fchendust Sirli Urbasega (<a href=\"mailto:sirli.urbas@ut.ee\">sirli.urbas@ut.ee<\/a>).\n<\/p>\n<p>\n\t<br>Everybody is welcome, regardless of age! Seminar will be held in English. The main event is free for kids under the age 10 and costs 5 euros for others. As the number of seats is limited, we kindly request you to transfer participation fee and register as early as possible. The deadline for registration is\u00a0<strong>14\u00a0May<\/strong>. For any further information please contact, Sirli Urbas (<a href=\"mailto:sirli.urbas@ut.ee\">sirli.urbas@ut.ee<\/a>).\u00a0\n<\/p>\n<p>\n\t<strong>Makse saaja\/Beneficiary name:<\/strong>\u00a0Tartu Keskkonnahariduse Keskus\u00a0<strong>Konto\/account:<\/strong>\u00a0Swedbank EE502200221019407978\u00a0<strong>Selgitus\/Payment description:<\/strong>\u00a0osaleja nimi\/the name of the participant + 16. mai\u00a0kultuuri\u00f5htu osalustasu\/the culture evening of 16\u00a0May.<\/p>\n<p>\u00a0\n<\/p>\n<p>\u00a0<\/p>\n<table class=\"table table-hover\" border=\"0\" align=\"center\">\n<tbody>\n<tr>\n<td>\n\t\t\t\t<img loading=\"lazy\" decoding=\"async\" width=\"310\" height=\"163\" class=\"alignnone wp-image-91\" style=\"width: 150px;height: 100px\" src=\"https:\/\/sisu.ut.ee\/wp-content\/uploads\/sites\/138\/tortilja.jpg\" title=\"http:\/\/jansaretseptid.blogspot.com\/2013\/02\/hispaania-munaroog-ehk-tortilja.html\" alt=\"https:\/\/images.app.goo.gl\/7AtceCL3FwFjVNDMA\" srcset=\"https:\/\/sisu.ut.ee\/wp-content\/uploads\/sites\/138\/tortilja.jpg 310w, https:\/\/sisu.ut.ee\/wp-content\/uploads\/sites\/138\/tortilja-300x158.jpg 300w\" sizes=\"auto, (max-width: 310px) 100vw, 310px\">\u00a0<img loading=\"lazy\" decoding=\"async\" width=\"375\" height=\"300\" class=\"alignnone wp-image-93\" style=\"width: 150px;height: 120px\" src=\"https:\/\/sisu.ut.ee\/wp-content\/uploads\/sites\/138\/pinata-375x300-1.jpg\" title=\"http:\/\/www.woodstock.org\/event\/pinata-workshop\/\" alt=\"http:\/\/www.woodstock.org\/event\/pinata-workshop\/\" srcset=\"https:\/\/sisu.ut.ee\/wp-content\/uploads\/sites\/138\/pinata-375x300-1.jpg 375w, https:\/\/sisu.ut.ee\/wp-content\/uploads\/sites\/138\/pinata-375x300-1-300x240.jpg 300w\" sizes=\"auto, (max-width: 375px) 100vw, 375px\"> <img loading=\"lazy\" decoding=\"async\" width=\"600\" height=\"407\" class=\"alignnone wp-image-92\" style=\"width: 150px;height: 100px\" src=\"https:\/\/sisu.ut.ee\/wp-content\/uploads\/sites\/138\/aqua_de_jamaica.jpg\" title=\"https:\/\/in.pinterest.com\/pin\/128000814379193303\/\" alt=\"https:\/\/in.pinterest.com\/pin\/128000814379193303\/\" srcset=\"https:\/\/sisu.ut.ee\/wp-content\/uploads\/sites\/138\/aqua_de_jamaica.jpg 600w, https:\/\/sisu.ut.ee\/wp-content\/uploads\/sites\/138\/aqua_de_jamaica-300x204.jpg 300w\" sizes=\"auto, (max-width: 600px) 100vw, 600px\">\n\t\t\t<\/td>\n<\/tr>\n<\/tbody>\n<\/table>\n<p>\n\t<br><strong>Veel olulist\/Please note<\/strong>\n<\/p>\n<ul>\n<li>\n\t\tPildistamine: v\u00f5ib juhtuda, et korraldajad teevad kultuuri\u00f5htutel fotosid ning avaldavad need hiljem Tartu \u00dclikooliga seotud infokanalites (prinditud kujul, veebis, sotsiaalmeedias jm). Fotosid ei anta kolmandatele isikutele ega kasutata kommertseesm\u00e4rkidel. Kui te ei soovi, et teid v\u00f5i teie alaealisi lapsi pildistataks, palun \u00f6elge seda enne s\u00fcndmuse toimumist korraldajale. Korraldajad ei v\u00f5ta vastutust teiste s\u00fcndmusel osalejate poolt tehtud fotode ning nende kasutamise eest. \/ During our events organizers might take photos and publish them (print, web, social media) in connection with the University of Tartu. The photos will not be given to third parties and they will not be used commercially. If you do not agree with your picture (or photo of your child) being taken please tell us at the beginning of each event. Organizers are not responsible for photos and their use, taken by participants of the event.\n\t<\/li>\n<li>\n\t\tOleme t\u00e4nulikud, kui registreerite s\u00fcndmusele k\u00f5ik inimesed, kes teiega kaasa tulevad ning annate meile teada, kui osalemise t\u00fchistate. See aitab meil s\u00fcndmusi paremini planeerida. \/ We appreciate you to enroll all of the people who you wish to bring along and please let us know if you have to cancel your participation. This helps us to plan our events and costs better.\n\t<\/li>\n<li>\n\t\tRegistreeringu t\u00fchistamise v\u00f5i \u00fcritusele tulemata j\u00e4tmise korral ei tagastata makstud osalustasu. \/ In case of a cancellation or failure to attend, the participation fee will not reimbursed.\n\t<\/li>\n<li>\n\t\tMe ei planeeri riskantseid tegevusi, ent osalemine on ikkagi omal vastutusel. Palume lastega tulijatel neil ise silm peal hoida. Anname oma parima, et s\u00fcndmused sujuksid kenasti, kuid T\u00dc ega Tartu loodusmaja ei vastuta etten\u00e4gematute probleemsete juhtumite eest (vargus, vigastus jmt). \/\u00a0 We don\u2019t plan dangerous activities but participation is still at your own risk. Parents are responsible for their children and are expected to supervise them. Claims against University of Tartu or a member of staff regarding liability for theft, personal injury or property damage are expressly excluded.\n\t<\/li>\n<\/ul>\n<p>\n\t\u00a0<\/p>\n","protected":false},"excerpt":{"rendered":"<p>Vaata fotosid! \/ Look at the photos!Photos of Pi\u00f1ata workshop Aeg ja koht\/Time and venue 18:30-21:30,\u00a0Lille 10, Tartu (Tartu loodusmaja\/Tartu Nature House)\u00a0 Kava\/Programme Sarja viieteistk\u00fcmnes\u00a0kultuuri\u00f5htu\u00a0keskendub Mehhikole ja Hispaaniale. V\u00f5\u00f5rustajateks on T\u00dc t\u00f6\u00f6tajad ja\u00a0\u00fcli\u00f5pilased\u00a0Mehhikost ja Hispaaniast\u00a0koos\u00a0T\u00dc personaliosakonna ja Tartu loodusmaja inimestega &#8230;<\/p>\n","protected":false},"author":47,"featured_media":0,"parent":0,"menu_order":0,"comment_status":"closed","ping_status":"closed","template":"","meta":{"_acf_changed":false,"inline_featured_image":false,"footnotes":""},"class_list":["post-27","page","type-page","status-publish","hentry"],"acf":[],"_links":{"self":[{"href":"https:\/\/sisu.ut.ee\/culturerich\/wp-json\/wp\/v2\/pages\/27","targetHints":{"allow":["GET"]}}],"collection":[{"href":"https:\/\/sisu.ut.ee\/culturerich\/wp-json\/wp\/v2\/pages"}],"about":[{"href":"https:\/\/sisu.ut.ee\/culturerich\/wp-json\/wp\/v2\/types\/page"}],"author":[{"embeddable":true,"href":"https:\/\/sisu.ut.ee\/culturerich\/wp-json\/wp\/v2\/users\/47"}],"replies":[{"embeddable":true,"href":"https:\/\/sisu.ut.ee\/culturerich\/wp-json\/wp\/v2\/comments?post=27"}],"version-history":[{"count":1,"href":"https:\/\/sisu.ut.ee\/culturerich\/wp-json\/wp\/v2\/pages\/27\/revisions"}],"predecessor-version":[{"id":248,"href":"https:\/\/sisu.ut.ee\/culturerich\/wp-json\/wp\/v2\/pages\/27\/revisions\/248"}],"wp:attachment":[{"href":"https:\/\/sisu.ut.ee\/culturerich\/wp-json\/wp\/v2\/media?parent=27"}],"curies":[{"name":"wp","href":"https:\/\/api.w.org\/{rel}","templated":true}]}}