{"id":21,"date":"2024-04-04T01:46:22","date_gmt":"2024-04-03T22:46:22","guid":{"rendered":"https:\/\/sisu.ut.ee\/culturerich\/armenian-culture-evening-11112022\/"},"modified":"2024-04-04T01:46:59","modified_gmt":"2024-04-03T22:46:59","slug":"armenian-culture-evening-11112022","status":"publish","type":"page","link":"https:\/\/sisu.ut.ee\/culturerich\/armenian-culture-evening-11112022\/","title":{"rendered":"Armenian Culture Evening (11.11.2022)"},"content":{"rendered":"<p>\n\t<span style=\"line-height:normal\"><b><span><span style=\",serif\"><span style=\"color:black\">Time and venue (EST below)<\/span><\/span><\/span><\/b><\/span><\/p>\n<p><span><span style=\",serif\"><b><span style=\"color:black\">18:00\u201322:00<\/span><\/b><span style=\"color:black\">, <a href=\"http:\/\/www.tartuloodusmaja.ee\/ET\/kontaktid\/ET\/kontaktid\/\" target=\"_blank\" rel=\"noopener\"><span style=\"color:blue\">Lille 10, Tartu (Tartu Nature House<\/span><\/a><a href=\"http:\/\/www.tartuloodusmaja.ee\/ET\/kontaktid\/ET\/kontaktid\/\" target=\"_blank\" rel=\"noopener\"><span style=\"color:blue\">) <\/span><\/a><\/span><\/span><\/span><br><span><span style=\"line-height:107%\"><span style=\",serif\"><span style=\"color:black\">*Participation fee 10 euros (<\/span><\/span><\/span><\/span>payment on the spot. Card payment possible)<span><span style=\"line-height:107%\"><span style=\",serif\"><span style=\"color:black\">, prior registration required<\/span><\/span><\/span><\/span><br><b><span><span style=\"line-height:107%\"><span style=\",serif\"><span style=\"color:black\">NB!<\/span><\/span><\/span><\/span><\/b><span><span style=\"line-height:107%\"><span style=\",serif\"><span style=\"color:black\"> Please arrive 15 minutes before the start of the event.<\/span><\/span><\/span><\/span>\n<\/p>\n<p>\n\t<span style=\"color:#0e101a\"><span style=\"line-height:normal\"><span><span><span style=\",serif\"><strong>NB! The <\/strong><\/span><\/span><\/span><\/span><\/span><b><span style=\"color:#0e101a\">group is full, but it is still possible to register on the waiting list.<\/span><\/b>\n<\/p>\n<p style=\"margin-bottom:0cm\">\n\t<span style=\"line-height:normal\"><b><span><span style=\",serif\"><span style=\"color:#0e101a\">Programme<\/span><\/span><\/span><\/b> <\/span>\n<\/p>\n<p style=\"margin-bottom:0cm\">\n\t<span style=\"line-height:normal\"><span><span style=\",serif\"><span style=\"color:#0e101a\">The nineteen event in the series will introduce <b>Armenia<\/b>. The UT Human Resources Office and <\/span><\/span><\/span><a href=\"https:\/\/www.tartuloodusmaja.ee\/en\/\" target=\"_blank\" rel=\"noopener\"><span><span style=\",serif\"><span style=\"color:#4a6ee0\">Tartu Nature House<\/span><\/span><\/span><\/a><span><span style=\",serif\"><span style=\"color:#0e101a\"> host the event. The event organisers are UT staff and students from Armenia and <a href=\"https:\/\/www.facebook.com\/SmileTartu\" target=\"_blank\" rel=\"noopener\"><span style=\"color:#4a6ee0\">Cafe Smile<\/span><\/a>. You will have the chance to learn exciting things about the culture and traditions of Armenia and learn Armenian folk dances. <\/span><\/span><\/span><\/span><span><span style=\"line-height:107%\"><span style=\",serif\">You can learn how to cook some delicious traditional Armenian food. You will be offered traditional Armenian drinks and dinner.<\/span><\/span><\/span><br>\u00a0\n<\/p>\n<p style=\"margin-bottom:0cm\">\n\t<span style=\"line-height:normal\"><span><span style=\",serif\"><span style=\"color:#0e101a\"><b>Programme highlights:<\/b> <\/span><\/span><\/span><\/span>\n<\/p>\n<ul>\n<li style=\"margin-bottom:0cm\">\n\t\t<span style=\"color:#0e101a\"><span style=\"line-height:normal\"><span><span><span style=\",serif\">Cooking (<\/span><\/span><\/span><\/span><\/span>Armenian kidney beans paste &amp; Dolma) <span style=\"color:#0e101a\"><span style=\"line-height:normal\"><span><span><span style=\",serif\">workshops <\/span><\/span><\/span><\/span><\/span>\n\t<\/li>\n<li style=\"margin-bottom:0cm\">\n\t\t<span style=\"color:#0e101a\"><span style=\"line-height:normal\"><span><span><span style=\",serif\">Presentation about Armenia<\/span><\/span><\/span><\/span><\/span>\n\t<\/li>\n<li style=\"margin-bottom:0cm\">\n\t\t<span style=\"color:#0e101a\"><span style=\"line-height:normal\"><span><span><span style=\",serif\">Armenian Dances<\/span><\/span><\/span><\/span><\/span>\n\t<\/li>\n<li style=\"margin-bottom:0cm\">\n\t\t<span style=\"color:#0e101a\"><span style=\"line-height:normal\"><span><span><span style=\",serif\">Armenian barbeque <\/span><\/span><\/span><\/span><\/span>\n\t<\/li>\n<li style=\"margin-bottom:0cm\">\n\t\t<span style=\"color:#0e101a\"><span style=\"line-height:normal\"><span><span><span style=\",serif\">Armenian Dinner <\/span><\/span><\/span><\/span><\/span>\n\t<\/li>\n<\/ul>\n<table class=\"table table-hover\" style=\"margin-bottom: 0cm\" width=\"306\" cellspacing=\"0\" cellpadding=\"0\" border=\"0\" align=\"center\">\n<tbody>\n<tr>\n<td>\n\t\t\t\t<img loading=\"lazy\" decoding=\"async\" width=\"300\" height=\"200\" class=\"alignnone wp-image-68\" style=\"width: 300px;height: 200px\" src=\"https:\/\/sisu.ut.ee\/wp-content\/uploads\/sites\/138\/tolma.jpg\" title=\"https:\/\/barevarmenia.com\/travelblog\/armenian-new-year-2014\/\" alt=\"https:\/\/barevarmenia.com\/travelblog\/armenian-new-year-2014\/\">\n\t\t\t<\/td>\n<\/tr>\n<\/tbody>\n<\/table>\n<p style=\"margin-bottom:0cm\">\n\t\u00a0\n<\/p>\n<p style=\"margin-bottom:0cm\">\n\t<span style=\"line-height:normal\"><b><span><span style=\",serif\"><span style=\"color:black\">Important to know<\/span><\/span><\/span><\/b> <\/span>\n<\/p>\n<p style=\"margin-bottom:12.0pt\">\n\t<span style=\"line-height:normal\"><span><span style=\",serif\"><span style=\"color:black\">Please stay home if you are unwell. This is for the safety of all of us. <\/span><\/span><\/span><\/span>\n<\/p>\n<p>\n\t<span style=\"line-height:normal\"><b><span><span style=\",serif\"><span style=\"color:black\">Please note<\/span><\/span><\/span><\/b> <\/span>\n<\/p>\n<ul>\n<li>\n\t\t<span style=\"line-height:normal\"><span><span><span style=\",serif\"><span style=\"color:black\">During our events organizers might take photos and publish them (print, web, social media) in connection with the University of Tartu. The photos will not be given to third parties and they will not be used commercially. If you do not agree with your picture (or photo of your child) being taken please tell us at the beginning of each event. The organizers are not responsible for the photos taken by the participants of the event and the subsequent use of those photos. <\/span><\/span><\/span><\/span><\/span>\n\t<\/li>\n<li>\n\t\t<span style=\"line-height:normal\"><span><span><span style=\",serif\"><span style=\"color:black\">We appreciate you enrolling all the people you wish to bring along and please let us know if you have to cancel your participation. This helps us to plan our events and costs better. <\/span><\/span><\/span><\/span><\/span>\n\t<\/li>\n<li>\n\t\t<span style=\"line-height:normal\"><span><span><span style=\",serif\"><span style=\"color:black\">We don\u2019t plan dangerous activities but participation is still at your own risk. Parents are responsible for their children and are expected to supervise them. Claims against University of Tartu or a member of staff.<\/span><\/span><\/span> <\/span><\/span>\n\t<\/li>\n<\/ul>\n<p><b><span><span style=\"line-height:107%\"><span style=\",serif\"><span style=\"color:black\">Participation<\/span><\/span><\/span><\/span><\/b><\/p>\n<p><span><span style=\"line-height:107%\"><span style=\",serif\"><span style=\"color:black\">Everybody is welcome, regardless of age! Event will be held in English. <\/span><\/span><\/span><\/span>The event is free for kids under age 10 and costs 10 euros for others. <b>For registration<strong><span style=\"color:#0e101a\">, please send an e-mail to <\/span><a href=\"mailto:sirli.urbas@ut.ee\">sirli.urbas@ut.ee <\/a><\/strong><\/b>with the participant\u2019s name(s) and the preferred workshop name (Armenian kidney beans paste or Dolma). If the group is completed, we will send you an e-mail to let you know that you are on the waiting list. We will notify you if there are vacancies due to cancellation<span style=\"color:#0e101a\">.<\/span> The deadline for registration is<b> 08.11.2022 <\/b>or until places are full. For any further information, please contact, Sirli Urbas (<a href=\"mailto:sirli.urbas@ut.ee\">sirli.urbas@ut.ee<\/a>).<br>\u00a0<\/p>\n<table class=\"table table-hover\" width=\"254\" cellspacing=\"0\" cellpadding=\"0\" border=\"0\" align=\"center\">\n<tbody>\n<tr>\n<td>\n\t\t\t\t<img loading=\"lazy\" decoding=\"async\" width=\"750\" height=\"423\" class=\"alignnone wp-image-64\" style=\"width: 275px;height: 200px\" src=\"https:\/\/sisu.ut.ee\/wp-content\/uploads\/sites\/138\/tatevi-vanq.jpg\" title=\"https:\/\/bavnews.am\/wp-content\/uploads\/2019\/02\/Tatevi-Vanq.jpg\" alt=\"Tatev Monastery\" srcset=\"https:\/\/sisu.ut.ee\/wp-content\/uploads\/sites\/138\/tatevi-vanq.jpg 750w, https:\/\/sisu.ut.ee\/wp-content\/uploads\/sites\/138\/tatevi-vanq-300x169.jpg 300w\" sizes=\"auto, (max-width: 750px) 100vw, 750px\">\n\t\t\t<\/td>\n<\/tr>\n<\/tbody>\n<\/table>\n<p><b><span><span style=\"background:white\"><span style=\"line-height:107%\"><span style=\",serif\"><span style=\"color:black\">Aeg ja koht<\/span><\/span><\/span><\/span><\/span><\/b><\/p>\n<p><span><span style=\"background:white\"><span style=\"line-height:107%\"><span style=\",serif\"><span style=\"color:black\"><b>18.00\u201322.00<\/b>, <a href=\"http:\/\/www.tartuloodusmaja.ee\/ET\/kontaktid\/ET\/kontaktid\/\" target=\"_blank\" rel=\"noopener\"><span style=\"color:blue\">Lille 10, Tartu (Tartu loodusmaja) <\/span><\/a><\/span><\/span><\/span><\/span><\/span><br><span style=\"clear:both\"><span style=\"position:relative\"><span style=\"background-color:#ffffff\"><span style=\"vertical-align:baseline\"><span style=\"margin:0px;padding:0px\"><span style=\"line-height:18px\">*Osalustasu 10 eurot (tasumine kohapeal. Kaardimakse v\u00f5imalus), eelnev registreerumine kohustuslik<\/span><\/span><\/span><\/span><\/span><\/span><br><span><span style=\"background:white\"><span style=\"line-height:107%\"><span style=\",serif\"><span style=\"color:black\"><b>NB!<\/b> Palume kohale tulla 15 min enne \u00fcrituse algust<\/span><\/span><\/span><\/span><\/span><\/p>\n<p><span style=\"color:#0e101a\"><span style=\"line-height:normal\"><span><span><span style=\",serif\"><strong>NB! G<\/strong><\/span><\/span><\/span><\/span><\/span><strong><span style=\"background:white\"><span><span style=\"color:black\">rupp on t\u00e4is, kuid on v\u00f5imalik registreeruda j\u00e4rjekorda.<\/span><\/span><\/span><\/strong><\/p>\n<p style=\"margin-bottom:0cm\">\n\t<span style=\"line-height:normal\"><b><span><span style=\",serif\"><span style=\"color:#0e101a\">Programm<\/span><\/span><\/span><\/b><\/span>\n<\/p>\n<p style=\"margin-bottom:0cm\">\n\t<span style=\"line-height:normal\"><span><span style=\",serif\"><span style=\"color:#0e101a\"><b>Sarja \u00fcheksateistk\u00fcmnes kuulturi\u00f5htu tutvustab Armeeniat<\/b>.\u00a0<\/span><\/span><\/span><\/span><span style=\"clear:both\"><span style=\"position:relative\"><span style=\"background-color:#ffffff\"><span style=\"vertical-align:baseline\"><span style=\"margin:0px;padding:0px\"><span style=\"line-height:18px\"><span style=\"margin:0px;padding:0px\"><span style=\"color:#000000\">V\u00f5\u00f5rustajateks on T\u00dc personaliosakonna t\u00f6\u00f6tajad koos<\/span> <\/span><\/span><\/span><a href=\"https:\/\/www.tartuloodusmaja.ee\/\" rel=\"noreferrer noopener\" style=\"margin:0px;padding:0px;text-decoration:none\" target=\"_blank\"><span style=\"margin:0px;padding:0px\"><span style=\"color:#0000ff\"><span style=\"text-decoration:underline\"><span style=\"line-height:18px\"><span style=\"margin:0px;padding:0px\">Tartu loodusmaja <\/span><\/span><\/span><\/span><\/span><\/a><span style=\"margin:0px;padding:0px\"><span style=\"line-height:18px\"><span style=\"margin:0px;padding:0px\">inimestega. <span style=\"color:#000000\">\u00dcritust on aidanud korraldada<\/span><\/span> <\/span><\/span><\/span><\/span><\/span><\/span>Tartu \u00dclikooli t\u00f6\u00f6tajad ja \u00fcli\u00f5pilased Armeeniast<span style=\"clear:both\"><span style=\"position:relative\"><span style=\"background-color:#ffffff\"><span style=\"vertical-align:baseline\"><span style=\"margin:0px;padding:0px\"><span style=\"line-height:18px\"><span style=\"margin:0px;padding:0px\"> ja <\/span><\/span><\/span><\/span><\/span><\/span><\/span><span style=\"line-height:normal\"><span><span style=\",serif\"><span style=\"color:#0e101a\"> <a href=\"https:\/\/www.facebook.com\/SmileTartu\" target=\"_blank\" rel=\"noopener\"><span style=\"color:#4a6ee0\">Cafe Smile<\/span><\/a>. <\/span>\u00d5htus\u00f6\u00f6gil saab proovida Armeenia toite ja jooke. Teil on v\u00f5imalus valida kahe toiduvalmistamise \u00f5pitoa vahel. \u00dcritusel osalejatele tutvustatakse Armeeniat ja Armeenia rahvatantse. <\/span><\/span><\/span><br>\u00a0\n<\/p>\n<ul>\n<li style=\"margin-bottom:0cm\">\n\t\t<span style=\"color:#0e101a\"><span style=\"line-height:normal\"><span><span><span style=\",serif\">Toiduvalmistamise (punase aedoa pasteet ja dolma) \u00f5pitoad <\/span><\/span><\/span><\/span><\/span>\n\t<\/li>\n<li style=\"margin-bottom:0cm\">\n\t\t<span style=\"color:#0e101a\"><span style=\"line-height:normal\"><span><span><span style=\",serif\">Armeeniat tutvustav ettekanne<\/span><\/span><\/span><\/span><\/span>\n\t<\/li>\n<li style=\"margin-bottom:0cm\">\n\t\t<span style=\"color:#0e101a\"><span style=\"line-height:normal\"><span><span><span style=\",serif\">Armeenia tantsud<\/span><\/span><\/span><\/span><\/span>\n\t<\/li>\n<li style=\"margin-bottom:0cm\">\n\t\t<span style=\"color:#0e101a\"><span style=\"line-height:normal\"><span><span><span style=\",serif\">Armeenia \u0161a\u0161l\u00f5kk<\/span><\/span><\/span><\/span><\/span>\n\t<\/li>\n<li style=\"margin-bottom:0cm\">\n\t\t<span style=\"color:#0e101a\"><span style=\"line-height:normal\"><span><span><span style=\",serif\">Armeenia \u00f5htus\u00f6\u00f6k<\/span><\/span><\/span><\/span><\/span>\n\t<\/li>\n<\/ul>\n<p style=\"margin-bottom:0cm\">\n\t<br><span style=\"line-height:normal\"><b><span><span style=\"background:white\"><span style=\",serif\"><span style=\"color:black\">Osalemine <\/span><\/span><\/span><\/span><\/b><\/span>\n<\/p>\n<p style=\"margin-bottom:0cm\">\n\t<span style=\"line-height:normal\"><span><span style=\"background:white\"><span style=\",serif\"><span style=\"color:black\">Oodatud on huvilised igas vanuses! \u00d5htu on inglise keeles. <\/span><\/span><\/span><\/span><\/span>\u00dcrituse osalustasu on <strong>10 eurot<\/strong>, alla 10 a lapsed osalevad tasuta. <b>Registreerumiseks saatke palun e-kiri aadressile <strong><a href=\"mailto:sirli.urbas@ut.ee\">sirli.urbas@ut.ee<\/a> <\/strong><\/b>osaleda soovija(te) nime(de)ga. Registreerumisel andke palun teada kummas \u00f5pitoas <span style=\"color:#0e101a\"><span style=\"line-height:normal\"><span><span><span style=\",serif\">(punase aedoa pasteet v\u00f5i dolma)<\/span><\/span><\/span><\/span><\/span> soovite osaleda. Kohtade arv on piiratud, kui grupp on t\u00e4is, saadame teile teate, et olete \u00f5pitoa j\u00e4rjekorras. Registreerumise t\u00e4htaeg on <b>08.11.2022<\/b> v\u00f5i kuni kohad on t\u00e4is. K\u00fcsimuste korral ja lisainfo saamiseks palun v\u00f5tke \u00fchendust Sirli Urbasega (<a href=\"mailto:sirli.urbas@ut.ee\">sirli.urbas@ut.ee<\/a>).<\/p>\n<p><span style=\"line-height:normal\"><span><span style=\"background:white\"><span style=\",serif\"><span style=\"color:black\"><b>Teadmiseks<\/b> <\/span><\/span><\/span><\/span><\/span>\n<\/p>\n<p style=\"margin-bottom:0cm\">\n\t<span style=\"line-height:normal\"><span><span style=\"background:white\"><span style=\",serif\"><span style=\"color:black\">Kui oled haige, j\u00e4\u00e4 palun koju. See palve on k\u00f5igi meie turvalisuse huvides. <\/span><\/span><\/span><\/span><\/span><br>\u00a0\n<\/p>\n<p style=\"margin-bottom:0cm\">\n\t<span style=\"line-height:normal\"><b><span><span style=\"background:white\"><span style=\",serif\"><span style=\"color:black\">Veel olulist<\/span><\/span><\/span><\/span><\/b> <\/span>\n<\/p>\n<ul>\n<li style=\"margin-bottom:0cm\">\n\t\t<span style=\"line-height:normal\"><span><span><span style=\",serif\"><span style=\"color:black\">Pildistamine: v\u00f5ib juhtuda, et korraldajad teevad kultuuri\u00f5htutel fotosid ning avaldavad need hiljem Tartu \u00dclikooliga seotud infokanalites (prinditud kujul, veebis, sotsiaalmeedias jm). Fotosid ei anta kolmandatele isikutele ega kasutata kommertseesm\u00e4rkidel. Kui te ei soovi, et teid v\u00f5i teie alaealisi lapsi pildistataks, palun \u00f6elge seda enne s\u00fcndmuse toimumist korraldajale. Korraldajad ei v\u00f5ta vastutust teiste s\u00fcndmusel osalejate poolt tehtud fotode ning nende kasutamise eest. <\/span><\/span><\/span><\/span><\/span>\n\t<\/li>\n<li style=\"margin-bottom:0cm\">\n\t\t<span style=\"line-height:normal\"><span><span><span style=\",serif\"><span style=\"color:black\">Oleme t\u00e4nulikud, kui registreerite s\u00fcndmusele k\u00f5ik inimesed, kes teiega kaasa tulevad ning annate meile teada, kui osalemise t\u00fchistate. See aitab meil s\u00fcndmusi paremini planeerida. <\/span><\/span><\/span><\/span><\/span>\n\t<\/li>\n<li style=\"margin-bottom:0cm\">\n\t\t<span style=\"line-height:normal\"><span><span><span style=\",serif\"><span style=\"color:black\">Me ei planeeri riskantseid tegevusi, ent osalemine on ikkagi omal vastutusel. Palume lastega tulijatel neil ise silm peal hoida. Anname oma parima, et s\u00fcndmused sujuksid kenasti, kuid T\u00dc ega Tartu loodusmaja ei vastuta etten\u00e4gematute probleemsete juhtumite eest (vargus, vigastus jmt). <\/span><\/span><\/span><\/span><\/span>\n\t<\/li>\n<\/ul>\n","protected":false},"excerpt":{"rendered":"<p>Time and venue (EST below) 18:00\u201322:00, Lille 10, Tartu (Tartu Nature House) *Participation fee 10 euros (payment on the spot. Card payment possible), prior registration requiredNB! Please arrive 15 minutes before the start of the event. NB! The group is &#8230;<\/p>\n","protected":false},"author":47,"featured_media":0,"parent":0,"menu_order":0,"comment_status":"closed","ping_status":"closed","template":"","meta":{"_acf_changed":false,"inline_featured_image":false,"footnotes":""},"class_list":["post-21","page","type-page","status-publish","hentry"],"acf":[],"_links":{"self":[{"href":"https:\/\/sisu.ut.ee\/culturerich\/wp-json\/wp\/v2\/pages\/21","targetHints":{"allow":["GET"]}}],"collection":[{"href":"https:\/\/sisu.ut.ee\/culturerich\/wp-json\/wp\/v2\/pages"}],"about":[{"href":"https:\/\/sisu.ut.ee\/culturerich\/wp-json\/wp\/v2\/types\/page"}],"author":[{"embeddable":true,"href":"https:\/\/sisu.ut.ee\/culturerich\/wp-json\/wp\/v2\/users\/47"}],"replies":[{"embeddable":true,"href":"https:\/\/sisu.ut.ee\/culturerich\/wp-json\/wp\/v2\/comments?post=21"}],"version-history":[{"count":1,"href":"https:\/\/sisu.ut.ee\/culturerich\/wp-json\/wp\/v2\/pages\/21\/revisions"}],"predecessor-version":[{"id":254,"href":"https:\/\/sisu.ut.ee\/culturerich\/wp-json\/wp\/v2\/pages\/21\/revisions\/254"}],"wp:attachment":[{"href":"https:\/\/sisu.ut.ee\/culturerich\/wp-json\/wp\/v2\/media?parent=21"}],"curies":[{"name":"wp","href":"https:\/\/api.w.org\/{rel}","templated":true}]}}