{"id":18,"date":"2024-04-04T01:46:22","date_gmt":"2024-04-03T22:46:22","guid":{"rendered":"https:\/\/sisu.ut.ee\/culturerich\/italy-18102018\/"},"modified":"2024-04-04T01:46:59","modified_gmt":"2024-04-03T22:46:59","slug":"italy-18102018","status":"publish","type":"page","link":"https:\/\/sisu.ut.ee\/culturerich\/italy-18102018\/","title":{"rendered":"Italy (18.10.2018)"},"content":{"rendered":"<p><strong><a href=\"https:\/\/www.uttv.ee\/fotod#id_galerii=11768\" target=\"_blank\" rel=\"noopener\"><strong><strong><strong>Vaata fotosid! \/ Look at the photos!<\/strong><\/strong><\/strong><\/a><\/strong><\/p>\n<p>Aeg ja koht\/Time and venue <\/p>\n<p>18:00-22:00, <a href=\"http:\/\/www.tartuloodusmaja.ee\/ET\/kontaktid\/ET\/kontaktid\/\" target=\"_blank\" rel=\"noopener\">Lille 10, Tartu (Tartu loodusmaja\/Tartu Nature House<\/a><a href=\"http:\/\/www.tartuloodusmaja.ee\/ET\/kontaktid\/ET\/kontaktid\/\" target=\"_blank\" rel=\"noopener\">) <\/a><\/p>\n<p> <strong>Kava\/Programme <\/strong><\/p>\n<p>Sarja\u00a0neljateistk\u00fcmnes <strong>kultuuri\u00f5htu <\/strong>keskendub Itaaliale. V\u00f5\u00f5rustajateks on T\u00dc t\u00f6\u00f6tajad ja\u00a0\u00fcli\u00f5pilased\u00a0Itaaliast\u00a0koos\u00a0T\u00dc personaliosakonna ja Tartu loodusmaja inimestega \u2013 tutvustatakse\u00a0mitmekesist kultuuri ning kombeid.\u00a0 N\u00e4ha saab pilte p\u00f5nevatest kultuuri- ja loodusvaatamisv\u00e4\u00e4rsustest. \u00d5htus\u00f6\u00f6gil saab proovida erinevaid Itaalia toite. Soovi korral v\u00f5ite \u00f5htus\u00f6\u00f6gi k\u00f5rvale osta pokaali veini (3 eurot pokaal). Maksta on v\u00f5imalik nii kaardiga kui sularahas. Veini on v\u00f5imalik ka koju kaasa osta. On v\u00f5imalus valida kolme \u00f5pitoa vahel: Itaalia veinide tutvustus sommeljee juhendamisel v\u00f5i Itaalia toitude \u00f5pituba v\u00f5i Itaalia keele tund (registreerunutele).<\/p>\n<p>The fourteenth\u00a0event in the series will introduce the traditions and culture of\u00a0<strong>Italy<\/strong> and offer a glimpse of interesting tourism and nature locations across the country. The event will take place in the Tartu Nature House at Lille 10, Tartu, on 18 October and is hosted by the UT staff and students from Italy, together with UT Human Resources Office and Tartu Nature House. You will have the chance to learn interesting things about the customs and traditions of Italy.\u00a0 You will be offered Italian dinner and you can listen Italian music. If you want to have a glass of wine with your food, we can buy it (3 euros glass) \u2013 card and cash payments. You can pay wine to take home as well. You can learn to know Italian wines or make Italian food or take Italian class (only for registered people).<\/p>\n<p><strong>Programme highlights:<\/strong><\/p>\n<p>18:00 Workshops: Italian wine tasting or Italian food (only for registered people. Participation fee 5 euros additionally) or Italian lesson (only for registered people. No additional fee)<\/p>\n<p>19:30 Main event \u2013 dinner (many different starters, pasta\u00a0(there will be also a vegetarian option) and a dessert)<\/p>\n<p>20:30 Main event \u2013 presentation about Italy<\/p>\n<p>21:00 Main event \u2013 Italian music<\/p>\n<table class=\"table table-hover\" border=\"0\" align=\"center\">\n<tbody>\n<tr>\n<td><img loading=\"lazy\" decoding=\"async\" src=\"\/wp-content\/uploads\/sites\/138\/dieta_mediterranea_italia_002.jpg\" title=\"https:\/\/it.wikipedia.org\/wiki\/Dieta_mediterranea\" longdesc=\"https:\/\/it.wikipedia.org\/wiki\/Dieta_mediterranea\" width=\"150\" height=\"104\"> <img loading=\"lazy\" decoding=\"async\" src=\"\/wp-content\/uploads\/sites\/138\/cannoli-2.jpg\" title=\"https:\/\/recipes.howstuffworks.com\/menus\/mascarpone-ricotta-cannoli1.htm\" longdesc=\"https:\/\/recipes.howstuffworks.com\/menus\/mascarpone-ricotta-cannoli1.htm\" width=\"164\" height=\"110\"> <img loading=\"lazy\" decoding=\"async\" src=\"\/wp-content\/uploads\/sites\/138\/alberto_sordi.jpg\" title=\"https:\/\/www.studio7am.it\/2012\/03\/il-bisogno-stimolo-del-consumo\/\" longdesc=\"https:\/\/www.studio7am.it\/2012\/03\/il-bisogno-stimolo-del-consumo\/\" width=\"163\" height=\"106\"><\/td>\n<\/tr>\n<\/tbody>\n<\/table>\n<p><strong>Osalemine\/Participation\u00a0<\/strong><\/p>\n<p>Oodatud on huvilised igas vanuses! \u00d5htu on inglise keeles. P\u00f5hi\u00fcrituse osalustasu on 5 eurot, alla 10 a lapsed osalevad tasuta. Osalustasu sommeljee juhendamisel toimuvas veini degusteerimise \u00f5pitoas v\u00f5i Itaalia s\u00f6\u00f6gi \u00f5pitoas maksab 5 eurot lisaks. Tasulised \u00f5pitoad toimuvad k\u00f6\u00f6gis ja selle k\u00f5rval olevas ruumis. Palun valige \u00fcks \u00f5pituba! \u00d5pitubades osalemise tasu peab olema makstud enne \u00fcrituse algust! Soovi korral v\u00f5ite \u00f5htus\u00f6\u00f6gi k\u00f5rvale osta pokaali veini. Pokaal veini maksab 3 eurot. Palun v\u00f5tke veini eest tasumiseks kaasa sularaha! <strong>Registreerumiseks palun vajutage <a href=\"https:\/\/sisu.ut.ee\/ht_reg_form\/index.php\/form\/view\/1777\" target=\"_blank\" rel=\"noopener\">siia<\/a><\/strong>. Kuna kohtade arv on piiratud, palume tasuda osav\u00f5tumaks ning ennast kirja panna esimesel v\u00f5imalusel. Registreerumise t\u00e4htaeg on <strong>16. oktoober<\/strong>. K\u00fcsimuste korral ja lisainfo saamiseks palun v\u00f5tke \u00fchendust Sirli Urbasega (<a href=\"mailto:sirli.urbas@ut.ee\">sirli.urbas@ut.ee<\/a>).<\/p>\n<p> Everybody is welcome, regardless of age! Seminar will be held in English. The main event is free for kids under the age 10 and costs 5 euros for others. The fee for wine degustation or Italian cooking workshop is 5 euros additionally. Those workshops will be held in the kitchen and in the next door room. Please choose one workshop! The fee for the workshops has to be payed before the event! If you want to have a glass of wine with your food, we can buy it. A glass of wine will cost for you 3 euros \u2013 cash payments only. <strong>For registration please follow the <a href=\"https:\/\/sisu.ut.ee\/ht_reg_form\/index.php\/form\/view\/1777\" target=\"_blank\" rel=\"noopener\">link<\/a><\/strong><a href=\"https:\/\/sisu.ut.ee\/ht_reg_form\/index.php\/form\/view\/1777\" target=\"_blank\" rel=\"noopener\">.<\/a> As the number of seats is limited, we kindly request you to transfer participation fee and register as early as possible. The deadline for registration is <strong>16 October<\/strong>. For any further information please contact, Sirli Urbas (<a href=\"mailto:sirli.urbas@ut.ee\">sirli.urbas@ut.ee<\/a>).\u00a0<\/p>\n<p><strong>Makse saaja\/Beneficiary name:<\/strong> Tartu Keskkonnahariduse Keskus <strong>Konto\/account:<\/strong> Swedbank EE502200221019407978 <strong>Selgitus\/Payment description:<\/strong> osaleja nimi\/the name of the participant + 18. oktoobri kultuuri\u00f5htu osalustasu\/the culture evening of 18 October.<\/p>\n<p> Special thanks to <a href=\"http:\/\/www.myitaly.ee\/\" target=\"_blank\" rel=\"noopener\">O\u00dc Italest<\/a><\/p>\n<table class=\"table table-hover\" border=\"0\" align=\"center\">\n<tbody>\n<tr>\n<td><img loading=\"lazy\" decoding=\"async\" src=\"\/wp-content\/uploads\/sites\/138\/dolomites.jpg\" title=\"https:\/\/www.elledecor.com\/life-culture\/travel\/g8992227\/dolomites-italy\/\" longdesc=\"https:\/\/www.elledecor.com\/life-culture\/travel\/g8992227\/dolomites-italy\/\" width=\"169\" height=\"114\"> <img loading=\"lazy\" decoding=\"async\" src=\"\/wp-content\/uploads\/sites\/138\/carnevale_castorano.jpg\" title=\"https:\/\/www.destinazionemarche.it\/idea-weekend-festeggiare-il-carnevale-nelle-marche\/\" longdesc=\"https:\/\/www.destinazionemarche.it\/idea-weekend-festeggiare-il-carnevale-nelle-marche\/\" width=\"165\" height=\"110\">\u00a0<img loading=\"lazy\" decoding=\"async\" src=\"\/wp-content\/uploads\/sites\/138\/vespa.jpg\" title=\"https:\/\/www.cityzeum.com\/ar\/comment-faire-un-circuit-en-italie\" longdesc=\"https:\/\/www.google.com\/search?hl=et&amp;q=plus+belles+photos+de+l+italie&amp;tbm=isch&amp;source=iu&amp;ictx=1&amp;tbs=simg:CAESogIJDVOcmGwY6YkalgILEKjU2AQaBAgVCAkMCxCwjKcIGmIKYAgDEiitHr4Wqh7WF8AWrB7BFuYX8hS4HpY_1iz_1wPMUqnyGGOfQ5lzP2OYU5GjABqB7gZDxgCM0JYC7xZnAeUffUWZgWEuq1LnR4110sTV250H14U1Gt8xUWk8XUsVsgBAwLEI6u_1ggaCgoICAESBMPYn7cMCxCd7cEJGoEBChgKBXZlc3Bh2qWI9gMLCgkvbS8wMTFfbGIKFwoFbW9wZWTapYj2AwoKCC9tLzBkbXBtChYKBWFnYXZl2qWI9gMJCgcvbS8wajAxChYKBGRvb3LapYj2AwoKCC9tLzAyZGd2ChwKCWZsb3dlcnBvdNqliPYDCwoJL20vMGZtM3poDA&amp;fir=w9gy1Qu1Ni3NlM%253A%252ChhA2FrdIDL0K8M%252C_&amp;usg=AI4_-kS1Oq1b-iDUjiz1tgFgGoCOmwTxXQ&amp;sa=X&amp;ved=2ahUKEwi8_O756uTdAhWJ6CwKHUnzAScQ9QEwAnoECAYQBA#imgrc=w9gy1Qu1Ni3NlM:\" width=\"200\" height=\"111\"><\/td>\n<\/tr>\n<\/tbody>\n<\/table>\n<p><strong><br> Veel olulist\/Please note <\/strong><\/p>\n<ul>\n<li>Pildistamine: v\u00f5ib juhtuda, et korraldajad teevad kultuuri\u00f5htutel fotosid ning avaldavad need hiljem Tartu \u00dclikooliga seotud infokanalites (prinditud kujul, veebis, sotsiaalmeedias jm). Fotosid ei anta kolmandatele isikutele ega kasutata kommertseesm\u00e4rkidel. Kui te ei soovi, et teid v\u00f5i teie alaealisi lapsi pildistataks, palun \u00f6elge seda enne s\u00fcndmuse toimumist korraldajale. Korraldajad ei v\u00f5ta vastutust teiste s\u00fcndmusel osalejate poolt tehtud fotode ning nende kasutamise eest. \/ During our events organizers might take photos and publish them (print, web, social media) in connection with the University of Tartu. The photos will not be given to third parties and they will not be used commercially. If you do not agree with your picture (or photo of your child) being taken please tell us at the beginning of each event. Organizers are not responsible for photos and their use, taken by participants of the event.<\/li>\n<li>Oleme t\u00e4nulikud, kui registreerite s\u00fcndmusele k\u00f5ik inimesed, kes teiega kaasa tulevad ning annate meile teada, kui osalemise t\u00fchistate. See aitab meil s\u00fcndmusi paremini planeerida. \/ We appreciate you to enroll all of the people who you wish to bring along and please let us know if you have to cancel your participation. This helps us to plan our events and costs better.<\/li>\n<li>Registreeringu t\u00fchistamise v\u00f5i \u00fcritusele tulemata j\u00e4tmise korral ei tagastata makstud osalustasu. \/ In case of a cancellation or failure to attend, the participation fee will not reimbursed.<\/li>\n<li>Me ei planeeri riskantseid tegevusi, ent osalemine on ikkagi omal vastutusel. Palume lastega tulijatel neil ise silm peal hoida. Anname oma parima, et s\u00fcndmused sujuksid kenasti, kuid T\u00dc ega Tartu loodusmaja ei vastuta etten\u00e4gematute probleemsete juhtumite eest (vargus, vigastus jmt). \/\u00a0 We don\u2019t plan dangerous activities but participation is still at your own risk. Parents are responsible for their children and are expected to supervise them. Claims against University of Tartu or a member of staff regarding liability for theft, personal injury or property damage are expressly excluded.<\/li>\n<\/ul>\n","protected":false},"excerpt":{"rendered":"<p>Vaata fotosid! \/ Look at the photos! Aeg ja koht\/Time and venue 18:00-22:00, Lille 10, Tartu (Tartu loodusmaja\/Tartu Nature House) Kava\/Programme Sarja\u00a0neljateistk\u00fcmnes kultuuri\u00f5htu keskendub Itaaliale. V\u00f5\u00f5rustajateks on T\u00dc t\u00f6\u00f6tajad ja\u00a0\u00fcli\u00f5pilased\u00a0Itaaliast\u00a0koos\u00a0T\u00dc personaliosakonna ja Tartu loodusmaja inimestega \u2013 tutvustatakse\u00a0mitmekesist kultuuri ning kombeid.\u00a0 &#8230;<\/p>\n","protected":false},"author":47,"featured_media":0,"parent":0,"menu_order":0,"comment_status":"closed","ping_status":"closed","template":"","meta":{"_acf_changed":false,"inline_featured_image":false,"footnotes":""},"class_list":["post-18","page","type-page","status-publish","hentry"],"acf":[],"_links":{"self":[{"href":"https:\/\/sisu.ut.ee\/culturerich\/wp-json\/wp\/v2\/pages\/18","targetHints":{"allow":["GET"]}}],"collection":[{"href":"https:\/\/sisu.ut.ee\/culturerich\/wp-json\/wp\/v2\/pages"}],"about":[{"href":"https:\/\/sisu.ut.ee\/culturerich\/wp-json\/wp\/v2\/types\/page"}],"author":[{"embeddable":true,"href":"https:\/\/sisu.ut.ee\/culturerich\/wp-json\/wp\/v2\/users\/47"}],"replies":[{"embeddable":true,"href":"https:\/\/sisu.ut.ee\/culturerich\/wp-json\/wp\/v2\/comments?post=18"}],"version-history":[{"count":1,"href":"https:\/\/sisu.ut.ee\/culturerich\/wp-json\/wp\/v2\/pages\/18\/revisions"}],"predecessor-version":[{"id":257,"href":"https:\/\/sisu.ut.ee\/culturerich\/wp-json\/wp\/v2\/pages\/18\/revisions\/257"}],"wp:attachment":[{"href":"https:\/\/sisu.ut.ee\/culturerich\/wp-json\/wp\/v2\/media?parent=18"}],"curies":[{"name":"wp","href":"https:\/\/api.w.org\/{rel}","templated":true}]}}