{"id":17,"date":"2024-04-04T01:46:22","date_gmt":"2024-04-03T22:46:22","guid":{"rendered":"https:\/\/sisu.ut.ee\/culturerich\/iran\/"},"modified":"2024-04-04T01:46:59","modified_gmt":"2024-04-03T22:46:59","slug":"iran","status":"publish","type":"page","link":"https:\/\/sisu.ut.ee\/culturerich\/iran\/","title":{"rendered":"Iranian Culture Evening (19.03.2022)"},"content":{"rendered":"<p><b>Aeg ja koht\/Time and venue<\/b><\/p>\n<p>\n\t18:00-22:00, <a href=\"http:\/\/www.tartuloodusmaja.ee\/ET\/kontaktid\/ET\/kontaktid\/\" target=\"_blank\" rel=\"noopener\"><span style=\"color:blue\">Lille 10, Tartu (Tartu loodusmaja\/Tartu Nature House<\/span><\/a><a href=\"http:\/\/www.tartuloodusmaja.ee\/ET\/kontaktid\/ET\/kontaktid\/\" target=\"_blank\" rel=\"noopener\"><span style=\"color:blue\">) <\/span><\/a><\/p>\n<p><strong><span style=\"color:#ff0000\">The event is fully booked!<\/span><\/strong><\/p>\n<p><b>Kava\/Programme<\/b>\n<\/p>\n<p>\n\tSarja seitsmeteistk\u00fcmnes <b>kultuuri\u00f5htu <\/b>keskendub Iraani\u00a0 <span><span style=\",serif\">uue aasta pidustuste tutvustamisele<\/span><\/span>. V\u00f5\u00f5rustajateks on T\u00dc t\u00f6\u00f6tajad ja \u00fcli\u00f5pilased Iraanist koos T\u00dc personaliosakonna ja Tartu loodusmaja inimestega. \u00d5htus\u00f6\u00f6gil saab proovida Iraani toite ja jooke. <span><span style=\",serif\">Teil on v\u00f5imalus valida kahe \u00f5pitoa vahel: toiduvalmistamise \u00f5pituba ja Iraani kuulsamaid poeete ja poeesiat tutvustav \u00f5pituba. \u00dcrituse l\u00f5pus ootab k\u00f5iki osalejaid l\u00f5bus \u00fcllatus. Me t\u00e4histame Iraani uut aastat, seega palun riietuga vastavalt ja v\u00f5tke kaasa hea tuju.<\/span><\/span><br>\u00a0\n<\/p>\n<p>\n\tThe seventhteenth event in the series will introduce multifaceted <strong>Iranian culture<\/strong>. The event is hosted by the UT staff and students from Iran, together with UT Human Resources Office and Tartu Nature House. You will have a chance to learn interesting facts about Iran and the traditions of celebrating the new year in Iran. You can learn how to cook some delicious traditional Iranian food or participate in a workshop about the most famous Iranian poets and poetry. You will be offered traditional Iranian sweets, beverages, and dinner, and we will have a fun surprise for you at the end of the event. We celebrate the Iranian new year \u201cNowruz\u201d, so please dress up, bring a good mood and smiley faces.<\/p>\n<p><b>Programme highlights:<\/b>\n<\/p>\n<ul>\n<li>\n\t\tSeminar about <span>Nowruz<\/span> traditions\n\t<\/li>\n<li>\n\t\t<span><span><span style=\"color:black\">Cooking<\/span><\/span><\/span> workshop (the group is compleated)\n\t<\/li>\n<li>\n\t\tWorkshop about the most famous Iranian poets and poetry (the group is compleated)\n\t<\/li>\n<li>\n\t\tIranian Dinner\n\t<\/li>\n<\/ul>\n<table class=\"table table-hover\" cellspacing=\"0\" cellpadding=\"0\" border=\"0\" align=\"center\">\n<tbody>\n<tr>\n<td>\n\t\t\t\t<a href=\"https:\/\/reisijuht.delfi.ee\/news\/news\/tahad-suvepuhkusele-soites-kogeda-midagi-enneolematut-need-kohad-on-just-sulle?id=77781724&amp;page=1\" target=\"_blank\" rel=\"noopener\"><img loading=\"lazy\" decoding=\"async\" width=\"1000\" height=\"666\" class=\"alignnone wp-image-55\" style=\"width: 305px;height: 271px\" src=\"https:\/\/sisu.ut.ee\/wp-content\/uploads\/sites\/138\/iraan-vaibad-73131891.jpg\" title=\"Photo: Shutterstock\" alt=\"https:\/\/reisijuht.delfi.ee\/news\/news\/tahad-suvepuhkusele-soites-kogeda-midagi-enneolematut-need-kohad-on-just-sulle?id=77781724&amp;page=1\" srcset=\"https:\/\/sisu.ut.ee\/wp-content\/uploads\/sites\/138\/iraan-vaibad-73131891.jpg 1000w, https:\/\/sisu.ut.ee\/wp-content\/uploads\/sites\/138\/iraan-vaibad-73131891-300x200.jpg 300w, https:\/\/sisu.ut.ee\/wp-content\/uploads\/sites\/138\/iraan-vaibad-73131891-768x511.jpg 768w\" sizes=\"auto, (max-width: 1000px) 100vw, 1000px\"><\/a>\n\t\t\t<\/td>\n<\/tr>\n<\/tbody>\n<\/table>\n<p>\n\t<br><b>Osalemine\/Participation <\/b>\n<\/p>\n<p>\n\tOodatud on huvilised igas vanuses! \u00d5htu on inglise keeles. \u00dcrituse osalustasu on 5 eurot, alla 10 a lapsed osalevad tasuta. <b>Registreerumiseks saatke palun e-kiri aadressile <\/b><strong><a href=\"mailto:sirli.urbas@ut.ee\">sirli.urbas@ut.ee<\/a> <\/strong>osaleda soovija(te) nime(de)ga. Registreerumisel andke palun teada kummas \u00f5pitoas soovite osaleda. Kohtade arv on piiratud, kui grupp on t\u00e4is, saadame teile teate, et olete \u00f5pitoa j\u00e4rjekorras. Registreerumise t\u00e4htaeg on <b>16.03.2022<\/b> v\u00f5i kuni kohad on t\u00e4is.\u00a0K\u00fcsimuste korral ja lisainfo saamiseks palun v\u00f5tke \u00fchendust Sirli Urbasega (<a href=\"mailto:sirli.urbas@ut.ee\"><span style=\"color:blue\">sirli.urbas@ut.ee<\/span><\/a>).\n<\/p>\n<p>\n\t<span data-mce-style=\"font-size: x-small;\"><strong>Seoses Corona viiruse levikuga \u2013 <\/strong><\/span>\u00fcritusele ootame vaktsineeritud v\u00f5i haiguse l\u00e4bip\u00f5denud osalejaid. Palun ole hea ja osale \u00fcritusel maskiga. Kui oled haige, j\u00e4\u00e4 palun koju. See palve on k\u00f5igi meie turvalisuse huvides.<\/p>\n<p>Everybody is welcome, regardless of age! Seminar will be held in English. The event is free for kids under age 10 and costs 5 euros for others. <b>For registration<\/b><strong style=\"color:#0e101a;background:transparent;margin-top:0pt;margin-bottom:0pt\"><span data-preserver-spaces=\"true\" style=\"background:transparent;margin-top:0pt;margin-bottom:0pt\"><span style=\"color:#0e101a\">, please send an e-mail to <\/span><\/span><\/strong><strong><a href=\"mailto:sirli.urbas@ut.ee\">sirli.urbas@ut.ee <\/a><\/strong><span lang=\"EN-GB\">with the participant\u2019s name(s) and the preferred workshop name. <span style=\",serif\">If the group is completed, we will send you an e-mail to let you know that you are on the waiting list. We will notify you if there are vacancies due to cancellation<\/span><\/span><span data-preserver-spaces=\"true\" style=\"background:transparent;margin-top:0pt;margin-bottom:0pt\"><span style=\"color:#0e101a\">.<\/span><\/span> The deadline for registration is<b> 16.03.2022 <\/b> <span><span style=\",serif\">or until places are full<\/span><\/span>. For any further information, please contact, Sirli Urbas (<a href=\"mailto:sirli.urbas@ut.ee\"><span style=\"color:blue\">sirli.urbas@ut.ee<\/span><\/a>).\n<\/p>\n<p>\n\t<span data-mce-style=\"font-size: x-small;\"><strong>Regarding the spread of Coronavirus \u2013\u00a0<\/strong><\/span>We expect participants of the event to be vaccinated against or recovered from Covid-19. Please wear a mask during the event. Please stay home if you are unwell. This is for the safety of all of us.<span data-mce-style=\"font-size: x-small;\"><strong> <\/strong><\/span><br>\u00a0\n<\/p>\n<table class=\"table table-hover\" width=\"258\" cellspacing=\"0\" cellpadding=\"0\" border=\"0\" align=\"center\">\n<tbody>\n<tr>\n<td>\n\t\t\t\t<a href=\"http:\/\/www.persiantourismguide.com\/2016\/08\/12\/sofreye-haft-sin\/\" target=\"_blank\" rel=\"noopener\"><img loading=\"lazy\" decoding=\"async\" width=\"667\" height=\"599\" class=\"alignnone wp-image-54\" src=\"https:\/\/sisu.ut.ee\/wp-content\/uploads\/sites\/138\/667px-1389-norooz-haftseenwm.jpg\" title=\" http:\/\/www.persiantourismguide.com\/2016\/08\/12\/sofreye-haft-sin\/\" alt=\"http:\/\/www.persiantourismguide.com\/2016\/08\/12\/sofreye-haft-sin\/\" srcset=\"https:\/\/sisu.ut.ee\/wp-content\/uploads\/sites\/138\/667px-1389-norooz-haftseenwm.jpg 667w, https:\/\/sisu.ut.ee\/wp-content\/uploads\/sites\/138\/667px-1389-norooz-haftseenwm-300x269.jpg 300w\" sizes=\"auto, (max-width: 667px) 100vw, 667px\"><\/a>\n\t\t\t<\/td>\n<\/tr>\n<\/tbody>\n<\/table>\n<p>\n\t<b>Veel olulist\/Please note<\/b>\n<\/p>\n<ul>\n<li>\n\t\tPildistamine: v\u00f5ib juhtuda, et korraldajad teevad kultuuri\u00f5htutel fotosid ning avaldavad need hiljem Tartu \u00dclikooliga seotud infokanalites (prinditud kujul, veebis, sotsiaalmeedias jm). Fotosid ei anta kolmandatele isikutele ega kasutata kommertseesm\u00e4rkidel. Kui te ei soovi, et teid v\u00f5i teie alaealisi lapsi pildistataks, palun \u00f6elge seda enne s\u00fcndmuse toimumist korraldajale. Korraldajad ei v\u00f5ta vastutust teiste s\u00fcndmusel osalejate poolt tehtud fotode ning nende kasutamise eest. \/ During our events organizers might take photos and publish them (print, web, social media) in connection with the University of Tartu. The photos will not be given to third parties and they will not be used commercially. If you do not agree with your picture (or photo of your child) being taken please tell us at the beginning of each event. Organizers are not responsible for photos and their use, taken by participants of the event.\n\t<\/li>\n<li>\n\t\tOleme t\u00e4nulikud, kui registreerite s\u00fcndmusele k\u00f5ik inimesed, kes teiega kaasa tulevad ning annate meile teada, kui osalemise t\u00fchistate. See aitab meil s\u00fcndmusi paremini planeerida. \/ We appreciate you to enroll all of the people who you wish to bring along and please let us know if you have to cancel your participation. This helps us to plan our events and costs better.\n\t<\/li>\n<li>\n\t\tRegistreeringu t\u00fchistamise v\u00f5i \u00fcritusele tulemata j\u00e4tmise korral ei tagastata makstud osalustasu. \/ In case of a cancellation or failure to attend, the participation fee will not reimbursed.\n\t<\/li>\n<li>\n\t\tMe ei planeeri riskantseid tegevusi, ent osalemine on ikkagi omal vastutusel. Palume lastega tulijatel neil ise silm peal hoida. Anname oma parima, et s\u00fcndmused sujuksid kenasti, kuid T\u00dc ega Tartu loodusmaja ei vastuta etten\u00e4gematute probleemsete juhtumite eest (vargus, vigastus jmt). \/ We don\u2019t plan dangerous activities but participation is still at your own risk. Parents are responsible for their children and are expected to supervise them. Claims against University of Tartu or a member of staff regarding liability for theft, personal injury or property damage are expressly excluded.\n\t<\/li>\n<\/ul>\n","protected":false},"excerpt":{"rendered":"<p>Aeg ja koht\/Time and venue 18:00-22:00, Lille 10, Tartu (Tartu loodusmaja\/Tartu Nature House) The event is fully booked! Kava\/Programme Sarja seitsmeteistk\u00fcmnes kultuuri\u00f5htu keskendub Iraani\u00a0 uue aasta pidustuste tutvustamisele. V\u00f5\u00f5rustajateks on T\u00dc t\u00f6\u00f6tajad ja \u00fcli\u00f5pilased Iraanist koos T\u00dc personaliosakonna ja Tartu &#8230;<\/p>\n","protected":false},"author":47,"featured_media":0,"parent":0,"menu_order":0,"comment_status":"closed","ping_status":"closed","template":"","meta":{"_acf_changed":false,"inline_featured_image":false,"footnotes":""},"class_list":["post-17","page","type-page","status-publish","hentry"],"acf":[],"_links":{"self":[{"href":"https:\/\/sisu.ut.ee\/culturerich\/wp-json\/wp\/v2\/pages\/17","targetHints":{"allow":["GET"]}}],"collection":[{"href":"https:\/\/sisu.ut.ee\/culturerich\/wp-json\/wp\/v2\/pages"}],"about":[{"href":"https:\/\/sisu.ut.ee\/culturerich\/wp-json\/wp\/v2\/types\/page"}],"author":[{"embeddable":true,"href":"https:\/\/sisu.ut.ee\/culturerich\/wp-json\/wp\/v2\/users\/47"}],"replies":[{"embeddable":true,"href":"https:\/\/sisu.ut.ee\/culturerich\/wp-json\/wp\/v2\/comments?post=17"}],"version-history":[{"count":1,"href":"https:\/\/sisu.ut.ee\/culturerich\/wp-json\/wp\/v2\/pages\/17\/revisions"}],"predecessor-version":[{"id":258,"href":"https:\/\/sisu.ut.ee\/culturerich\/wp-json\/wp\/v2\/pages\/17\/revisions\/258"}],"wp:attachment":[{"href":"https:\/\/sisu.ut.ee\/culturerich\/wp-json\/wp\/v2\/media?parent=17"}],"curies":[{"name":"wp","href":"https:\/\/api.w.org\/{rel}","templated":true}]}}