{"id":15,"date":"2024-04-04T01:46:22","date_gmt":"2024-04-03T22:46:22","guid":{"rendered":"https:\/\/sisu.ut.ee\/culturerich\/avaleht\/"},"modified":"2024-07-29T11:10:37","modified_gmt":"2024-07-29T08:10:37","slug":"avaleht","status":"publish","type":"page","link":"https:\/\/sisu.ut.ee\/culturerich\/","title":{"rendered":"Kultuuriderikas Tartu"},"content":{"rendered":"<p><strong>Kutsume kultuuri\u00f5htutele! You are welcome to attend culture evenings!\u00a0<\/strong><\/p>\n<p>Tartu on rahvusvaheline linn ning koduks paljudele siin \u00f5ppivatele ja t\u00f6\u00f6tavatele toredatele ja andekatele inimesetele maailma eri paigust. T\u00dc personaliosakond ja Tartu loodusmaja kutsuvad osa saama \u00fcrituste sarjast \u201cKultuuriderikas Tartu\u201d. Kultuuri\u00f5htud toimuvad Tartu loodusmajas (Lille 10) ning pakuvad v\u00f5imalust p\u00f5nevaks sissevaateks erinevate riikide ja kultuuripiirkondade inimeste ilmavaatesse, kommetesse, kunsti ja loodusesse. Ootame osalema!<\/p>\n<p>Tartu is an international town with more than a thousand nice and talented people having arrived all over the world to study or work here. Human Resources Office of the University of Tartu and Tartu Nature House warmly invite you to take part in the event series titled \u201cTartu \u2013 Rich in Cultures\u201d. Culture evenings showcase worldview, traditions, art and nature of people living in a certain country or region. Seminars are held in Tartu Nature House (Lille 10).<\/p>\n","protected":false},"excerpt":{"rendered":"<p>Kutsume kultuuri\u00f5htutele! You are welcome to attend culture evenings!\u00a0 Tartu on rahvusvaheline linn ning koduks paljudele siin \u00f5ppivatele ja t\u00f6\u00f6tavatele toredatele ja andekatele inimesetele maailma eri paigust. T\u00dc personaliosakond ja Tartu loodusmaja kutsuvad osa saama \u00fcrituste sarjast \u201cKultuuriderikas Tartu\u201d. Kultuuri\u00f5htud &#8230;<\/p>\n","protected":false},"author":47,"featured_media":0,"parent":0,"menu_order":0,"comment_status":"closed","ping_status":"closed","template":"","meta":{"_acf_changed":false,"inline_featured_image":false,"footnotes":""},"class_list":["post-15","page","type-page","status-publish","hentry"],"acf":[],"_links":{"self":[{"href":"https:\/\/sisu.ut.ee\/culturerich\/wp-json\/wp\/v2\/pages\/15","targetHints":{"allow":["GET"]}}],"collection":[{"href":"https:\/\/sisu.ut.ee\/culturerich\/wp-json\/wp\/v2\/pages"}],"about":[{"href":"https:\/\/sisu.ut.ee\/culturerich\/wp-json\/wp\/v2\/types\/page"}],"author":[{"embeddable":true,"href":"https:\/\/sisu.ut.ee\/culturerich\/wp-json\/wp\/v2\/users\/47"}],"replies":[{"embeddable":true,"href":"https:\/\/sisu.ut.ee\/culturerich\/wp-json\/wp\/v2\/comments?post=15"}],"version-history":[{"count":2,"href":"https:\/\/sisu.ut.ee\/culturerich\/wp-json\/wp\/v2\/pages\/15\/revisions"}],"predecessor-version":[{"id":308,"href":"https:\/\/sisu.ut.ee\/culturerich\/wp-json\/wp\/v2\/pages\/15\/revisions\/308"}],"wp:attachment":[{"href":"https:\/\/sisu.ut.ee\/culturerich\/wp-json\/wp\/v2\/media?parent=15"}],"curies":[{"name":"wp","href":"https:\/\/api.w.org\/{rel}","templated":true}]}}