{"id":14,"date":"2024-04-04T01:46:22","date_gmt":"2024-04-03T22:46:22","guid":{"rendered":"https:\/\/sisu.ut.ee\/culturerich\/day-dead-dia-de-muertos-celebrations-mexico-2112019\/"},"modified":"2024-04-04T01:46:59","modified_gmt":"2024-04-03T22:46:59","slug":"day-dead-dia-de-muertos-celebrations-mexico-2112019","status":"publish","type":"page","link":"https:\/\/sisu.ut.ee\/culturerich\/day-dead-dia-de-muertos-celebrations-mexico-2112019\/","title":{"rendered":"The Day of the Dead (D\u00eda de Muertos) celebrations in Mexico (2.11.2019)"},"content":{"rendered":"<p>\n\t<a data-url=\"https:\/\/www.uttv.ee\/fotod#id_galerii=12286\" href=\"https:\/\/www.uttv.ee\/fotod#id_galerii=12286\" target=\"_blank\" title=\"\" rel=\"noopener\">Vaata fotosid! \/ Look at the photos!<\/a><\/p>\n<p><span style=\"line-height:normal\"><b><span><span style=\",serif\">Aeg ja koht\/Time and venue<\/span><\/span><\/b> <\/span>\n<\/p>\n<p>\n\t<span style=\"line-height:normal\"><span><span style=\",serif\">17:00-20:00, <a href=\"http:\/\/www.tartuloodusmaja.ee\/ET\/kontaktid\/ET\/kontaktid\/\" target=\"_blank\" rel=\"noopener\"><span style=\"color:blue\">Lille 10, Tartu (Tartu loodusmaja\/Tartu Nature House<\/span><\/a><a href=\"http:\/\/www.tartuloodusmaja.ee\/ET\/kontaktid\/ET\/kontaktid\/\" target=\"_blank\" rel=\"noopener\"><span style=\"color:blue\">) <\/span><\/a><\/span><\/span><\/span><\/p>\n<p><b>Kava\/Programme<\/b> \n<\/p>\n<p>\n\t<span style=\"line-height:normal\"><span><span style=\",serif\">Sarja kuueteistk\u00fcmnes <b>kultuuri\u00f5htu <\/b>keskendub Mehhiko surnutep\u00fcha pidustuste tutvustamisele. V\u00f5\u00f5rustajateks on T\u00dc t\u00f6\u00f6tajad ja \u00fcli\u00f5pilased Mehhikost koos T\u00dc personaliosakonna ja Tartu loodusmaja inimestega. \u00d5htus\u00f6\u00f6gil saab proovida Mehhiko toite ja jooke. On v\u00f5imalus valida kahe \u00f5pitoa vahel: p\u00e4evakohaste kaunistuste meisterdamise \u00f5pituba ja p\u00e4evakohaste toitude valmistamise \u00f5pituba. <\/span><\/span><\/span>\n<\/p>\n<p>\n\t<span style=\"line-height:normal\"><span><span style=\",serif\">The sixteenth event in the series will introduce the traditions and culture of the Day of the Dead (<\/span><\/span><i><span><span style=\"background:white\"><span><span style=\"color:#222222\">D\u00eda de Muertos)<\/span><\/span><\/span><\/span><\/i><span><span style=\",serif\"> celebrations in Mexico.<\/span><\/span><span><span style=\",serif\"> The event will take place in the Tartu Nature House at Lille 10, Tartu, on 2 November and is hosted by the UT staff and students from Mexico, together with UT Human Resources Office and Tartu Nature House. You will have the chance to learn interesting things about the customs and traditions of the Day of the Dead celebrations in Mexico. You can learn how to make decorations for that day or make typical food for that day.<\/span><\/span><\/span>\n<\/p>\n<p>\n\t<span style=\"line-height:normal\"><b><span><span style=\",serif\">Programme highlights:<\/span><\/span><\/b> <\/span>\n<\/p>\n<ul>\n<li>\n\t\t<span style=\"line-height:normal\"><span><span><span style=\",serif\">Short presentation about the Day of the Dead (<i>D\u00eda de Muertos<\/i>) celebrations in Mexico<\/span><\/span><\/span><\/span>\n\t<\/li>\n<li>\n\t\t<span style=\"line-height:normal\"><span><span><span style=\",serif\">Workshops: making decorations for that day and typical food for that day<\/span><\/span><\/span><\/span>\n\t<\/li>\n<li>\n\t\t<span style=\"line-height:normal\"><span><span><span style=\",serif\">Dinner <\/span><\/span><\/span><\/span>\n\t<\/li>\n<\/ul>\n<p style=\"margin-bottom:.0001pt\">\n\t<span style=\"line-height:normal\"><b><span><span style=\",serif\">Osalemine\/Participation <\/span><\/span><\/b> <\/span>\n<\/p>\n<p>\n\t<span style=\"line-height:normal\"><span><span style=\",serif\">Oodatud on huvilised igas vanuses! \u00d5htu on inglise keeles. \u00dcrituse osalustasu on 5 eurot, alla 10 a lapsed osalevad tasuta. Kuna kohtade arv on piiratud, palume tasuda osav\u00f5tumaks ning ennast kirja panna esimesel v\u00f5imalusel. Registreerumise t\u00e4htaeg on <b>31. oktoober<\/b>. K\u00fcsimuste korral ja lisainfo saamiseks palun v\u00f5tke \u00fchendust Sirli Urbasega (<a href=\"mailto:sirli.urbas@ut.ee\"><span style=\"color:blue\">sirli.urbas@ut.ee<\/span><\/a>). <\/span><\/span><\/span>\n<\/p>\n<p>\n\t<br><span style=\"line-height:normal\"><span><span style=\",serif\">Everybody is welcome, regardless of age! Seminar will be held in English. The event is free for kids under the age 10 and costs 5 euros for others. As the number of seats is limited, we kindly request you to transfer participation fee and register as early as possible. The deadline for registration is <b>31 October<\/b>. For any further information please contact, Sirli Urbas (<a href=\"mailto:sirli.urbas@ut.ee\"><span style=\"color:blue\">sirli.urbas@ut.ee<\/span><\/a>). <\/span><\/span><\/span>\n<\/p>\n<p>\n\t<span style=\"line-height:normal\"><b><span><span style=\",serif\">Makse saaja\/Beneficiary name:<\/span><\/span><\/b><span><span style=\",serif\"> Tartu Keskkonnahariduse Keskus <b>Konto\/account:<\/b> Swedbank EE502200221019407978 <b>Selgitus\/Payment description:<\/b> osaleja nimi\/the name of the participant + 2. novembri kultuuri\u00f5htu osalustasu\/the culture evening of 2 November.<\/span><\/span><\/span><\/p>\n<p>\u00a0\n<\/p>\n<div class=\"row\">\n<div class=\"col-md-4\">\n\t\t<img loading=\"lazy\" decoding=\"async\" width=\"627\" height=\"467\" class=\"alignnone wp-image-49\" style=\"width: 105px;height: 75px\" src=\"https:\/\/sisu.ut.ee\/wp-content\/uploads\/sites\/138\/alfenique-3.jpg\" title=\"https:\/\/www.theguardian.com\/world\/gallery\/2017\/oct\/30\/mexico-citys-day-of-the-dead-parade-in-pictures\" alt=\"Photograph: Mario Guzman\/EPA\" srcset=\"https:\/\/sisu.ut.ee\/wp-content\/uploads\/sites\/138\/alfenique-3.jpg 627w, https:\/\/sisu.ut.ee\/wp-content\/uploads\/sites\/138\/alfenique-3-300x223.jpg 300w\" sizes=\"auto, (max-width: 627px) 100vw, 627px\">\n\t<\/div>\n<div class=\"col-md-4\">\n\t\t<img loading=\"lazy\" decoding=\"async\" width=\"804\" height=\"516\" class=\"alignnone wp-image-51\" style=\"width: 105px;height: 75px\" src=\"https:\/\/sisu.ut.ee\/wp-content\/uploads\/sites\/138\/every-thursday-night-in-october-metate-bake-shop-hosts-a-night-of-sugar-skull-decorating-and-delici.jpg\" title=\"Photo Metate Bake Shop\/Facebook https:\/\/www.vancourier.com\/entertainment\/decorate-your-sugar-skull-before-mexican-day-of-the-dead-1.23964438\" alt=\"https:\/\/www.vancourier.com\/entertainment\/decorate-your-sugar-skull-before-mexican-day-of-the-dead-1.23964438\" srcset=\"https:\/\/sisu.ut.ee\/wp-content\/uploads\/sites\/138\/every-thursday-night-in-october-metate-bake-shop-hosts-a-night-of-sugar-skull-decorating-and-delici.jpg 804w, https:\/\/sisu.ut.ee\/wp-content\/uploads\/sites\/138\/every-thursday-night-in-october-metate-bake-shop-hosts-a-night-of-sugar-skull-decorating-and-delici-300x193.jpg 300w, https:\/\/sisu.ut.ee\/wp-content\/uploads\/sites\/138\/every-thursday-night-in-october-metate-bake-shop-hosts-a-night-of-sugar-skull-decorating-and-delici-768x493.jpg 768w\" sizes=\"auto, (max-width: 804px) 100vw, 804px\">\n\t<\/div>\n<div class=\"col-md-4\">\n\t\t<img loading=\"lazy\" decoding=\"async\" width=\"1010\" height=\"718\" class=\"alignnone wp-image-50\" style=\"width: 105px;height: 75px\" src=\"https:\/\/sisu.ut.ee\/wp-content\/uploads\/sites\/138\/4012.jpg\" title=\"Photograph: Mario Guzman\/EPA https:\/\/www.theguardian.com\/world\/gallery\/2017\/oct\/30\/mexico-citys-day-of-the-dead-parade-in-pictures\" alt=\"https:\/\/www.theguardian.com\/world\/gallery\/2017\/oct\/30\/mexico-citys-day-of-the-dead-parade-in-pictures\" srcset=\"https:\/\/sisu.ut.ee\/wp-content\/uploads\/sites\/138\/4012.jpg 1010w, https:\/\/sisu.ut.ee\/wp-content\/uploads\/sites\/138\/4012-300x213.jpg 300w, https:\/\/sisu.ut.ee\/wp-content\/uploads\/sites\/138\/4012-768x546.jpg 768w\" sizes=\"auto, (max-width: 1010px) 100vw, 1010px\">\n\t<\/div>\n<\/div>\n<p>\n\t<br><span style=\"line-height:normal\"><span><span style=\",serif\"><b>Veel olulist\/Please note<\/b> <\/span><\/span><\/span>\n<\/p>\n<ul>\n<li>\n\t\t<span style=\"line-height:normal\"><span><span><span style=\",serif\">Pildistamine: v\u00f5ib juhtuda, et korraldajad teevad kultuuri\u00f5htutel fotosid ning avaldavad need hiljem Tartu \u00dclikooliga seotud infokanalites (prinditud kujul, veebis, sotsiaalmeedias jm). Fotosid ei anta kolmandatele isikutele ega kasutata kommertseesm\u00e4rkidel. Kui te ei soovi, et teid v\u00f5i teie alaealisi lapsi pildistataks, palun \u00f6elge seda enne s\u00fcndmuse toimumist korraldajale. Korraldajad ei v\u00f5ta vastutust teiste s\u00fcndmusel osalejate poolt tehtud fotode ning nende kasutamise eest. \/ During our events organizers might take photos and publish them (print, web, social media) in connection with the University of Tartu. The photos will not be given to third parties and they will not be used commercially. If you do not agree with your picture (or photo of your child) being taken please tell us at the beginning of each event. Organizers are not responsible for photos and their use, taken by participants of the event. <\/span><\/span><\/span><\/span>\n\t<\/li>\n<li>\n\t\t<span style=\"line-height:normal\"><span><span><span style=\",serif\">Oleme t\u00e4nulikud, kui registreerite s\u00fcndmusele k\u00f5ik inimesed, kes teiega kaasa tulevad ning annate meile teada, kui osalemise t\u00fchistate. See aitab meil s\u00fcndmusi paremini planeerida. \/ We appreciate you to enroll all of the people who you wish to bring along and please let us know if you have to cancel your participation. This helps us to plan our events and costs better. <\/span><\/span><\/span><\/span>\n\t<\/li>\n<li>\n\t\t<span style=\"line-height:normal\"><span><span><span style=\",serif\">Registreeringu t\u00fchistamise v\u00f5i \u00fcritusele tulemata j\u00e4tmise korral ei tagastata makstud osalustasu. \/ In case of a cancellation or failure to attend, the participation fee will not reimbursed. <\/span><\/span><\/span><\/span>\n\t<\/li>\n<li>\n\t\t<span style=\"line-height:normal\"><span><span><span style=\",serif\">Me ei planeeri riskantseid tegevusi, ent osalemine on ikkagi omal vastutusel. Palume lastega tulijatel neil ise silm peal hoida. Anname oma parima, et s\u00fcndmused sujuksid kenasti, kuid T\u00dc ega Tartu loodusmaja ei vastuta etten\u00e4gematute probleemsete juhtumite eest (vargus, vigastus jmt). \/ We don\u2019t plan dangerous activities but participation is still at your own risk. Parents are responsible for their children and are expected to supervise them. Claims against University of Tartu or a member of staff regarding liability for theft, personal injury or property damage are expressly excluded. <\/span><\/span><\/span><\/span>\n\t<\/li>\n<\/ul>\n","protected":false},"excerpt":{"rendered":"<p>Vaata fotosid! \/ Look at the photos! Aeg ja koht\/Time and venue 17:00-20:00, Lille 10, Tartu (Tartu loodusmaja\/Tartu Nature House) Kava\/Programme Sarja kuueteistk\u00fcmnes kultuuri\u00f5htu keskendub Mehhiko surnutep\u00fcha pidustuste tutvustamisele. V\u00f5\u00f5rustajateks on T\u00dc t\u00f6\u00f6tajad ja \u00fcli\u00f5pilased Mehhikost koos T\u00dc personaliosakonna ja &#8230;<\/p>\n","protected":false},"author":47,"featured_media":0,"parent":0,"menu_order":0,"comment_status":"closed","ping_status":"closed","template":"","meta":{"_acf_changed":false,"inline_featured_image":false,"footnotes":""},"class_list":["post-14","page","type-page","status-publish","hentry"],"acf":[],"_links":{"self":[{"href":"https:\/\/sisu.ut.ee\/culturerich\/wp-json\/wp\/v2\/pages\/14","targetHints":{"allow":["GET"]}}],"collection":[{"href":"https:\/\/sisu.ut.ee\/culturerich\/wp-json\/wp\/v2\/pages"}],"about":[{"href":"https:\/\/sisu.ut.ee\/culturerich\/wp-json\/wp\/v2\/types\/page"}],"author":[{"embeddable":true,"href":"https:\/\/sisu.ut.ee\/culturerich\/wp-json\/wp\/v2\/users\/47"}],"replies":[{"embeddable":true,"href":"https:\/\/sisu.ut.ee\/culturerich\/wp-json\/wp\/v2\/comments?post=14"}],"version-history":[{"count":1,"href":"https:\/\/sisu.ut.ee\/culturerich\/wp-json\/wp\/v2\/pages\/14\/revisions"}],"predecessor-version":[{"id":261,"href":"https:\/\/sisu.ut.ee\/culturerich\/wp-json\/wp\/v2\/pages\/14\/revisions\/261"}],"wp:attachment":[{"href":"https:\/\/sisu.ut.ee\/culturerich\/wp-json\/wp\/v2\/media?parent=14"}],"curies":[{"name":"wp","href":"https:\/\/api.w.org\/{rel}","templated":true}]}}