{"id":13,"date":"2024-04-04T01:46:22","date_gmt":"2024-04-03T22:46:22","guid":{"rendered":"https:\/\/sisu.ut.ee\/culturerich\/poland\/"},"modified":"2024-04-04T01:46:59","modified_gmt":"2024-04-03T22:46:59","slug":"poland","status":"publish","type":"page","link":"https:\/\/sisu.ut.ee\/culturerich\/poland\/","title":{"rendered":"Poland (25.05.2018)"},"content":{"rendered":"<p><strong><a href=\"https:\/\/www.facebook.com\/media\/set\/?set=a.1717726634974691.1073741842.1291765414237484&amp;type=1&amp;l=7d988f8fc0\" target=\"_blank\" rel=\"noopener\"><strong><strong>Vaata fotosid! \/ Look at the photos!<\/strong><\/strong><\/a><\/strong><\/p>\n<p>Aeg ja koht\/Time and venue\u00a0<\/p>\n<p><img loading=\"lazy\" decoding=\"async\" style=\"float: right\" class=\"text-justify\" src=\"\/wp-content\/uploads\/sites\/138\/poola-piirkondade-kaart.jpg\" title=\"https:\/\/et.maps-poland.com\/poola-piirkondade-kaart\" width=\"150\" height=\"140\"><br> 19:00-22:00, <a href=\"http:\/\/www.tartuloodusmaja.ee\/ET\/kontaktid\/ET\/kontaktid\/\" target=\"_blank\" rel=\"noopener\">Lille 10, Tartu (Tartu loodusmaja\/Tartu Nature House)<\/a><\/p>\n<p style=\"text-align: justify\"><strong><br> <\/strong><strong>Kava\/Programme\u00a0<br> <\/strong>Sarja kolmeteistk\u00fcmnes <strong>kultuuri\u00f5htu <\/strong>keskendub Poola toidukultuurile.\u00a0V\u00f5\u00f5rustajateks on T\u00dc t\u00f6\u00f6tajad ja \u00fcli\u00f5pilased\u00a0 Poolast koos T\u00dc personaliosakonna ja Tartu loodusmaja inimestega \u2013 tutvustatakse Poola toidu- ja \u00f5llekultuuri. Kultuuriprogrammi osaks on ka traditsioonilised Poola s\u00f6\u00f6gid ning \u00f5lu. Soovijatel on v\u00f5imalik osaleda vareenikute meisterdamise \u00f5pitoas ja degusteerida Poola \u00f5lut.<\/p>\n<p style=\"text-align: justify\">The thirteenth event in the series will introduce Polish dishes and beer. The event will take place in the Tartu Nature House, at Lille 10, Tartu on 25 May at 19:00 and is hosted by the UT staff and students from Poland\u00a0together with UT Personnel Office and Tartu Nature House.\u00a0 You will be offered traditional Polish dumplings and beer. The event will also include making Polish dumplings.<\/p>\n<p>\u00a0<strong>Programme highlights:<\/strong><\/p>\n<ul>\n<li>Short presentation about Poland (\u201cTrip around Poland\u201d), focused on food, but also interesting facts and tourist attractions<\/li>\n<li>Workshops: Making dumplings from making dough, filling, cooking and eating &amp; beer degustation<br>\n<table class=\"table table-hover\" border=\"0\" align=\"center\">\n<tbody>\n<tr>\n<td><img loading=\"lazy\" decoding=\"async\" class=\"text-justify\" src=\"\/wp-content\/uploads\/sites\/138\/pierogi16md-960x540.jpg\" title=\"https:\/\/www.europavox.com\/news\/eat-poland-pierogi-polish-dumplings\/\" width=\"219\" height=\"95\"> <img loading=\"lazy\" decoding=\"async\" class=\"text-justify\" src=\"\/wp-content\/uploads\/sites\/138\/pierogi22md-960x540.jpg\" title=\"https:\/\/www.europavox.com\/news\/eat-poland-pierogi-polish-dumplings\/\" width=\"215\" height=\"115\">\u00a0\u00a0<\/td>\n<\/tr>\n<\/tbody>\n<\/table>\n<\/li>\n<\/ul>\n<p><strong>Osalemine\/Participation<\/strong><\/p>\n<p style=\"text-align: justify\">Oodatud on huvilised igas vanuses! \u00d5htu on inglise keeles eestikeelsete selgitustega. \u00dcrituse osalustasu on 5 eurot, alla 10 a lapsed osalevad tasuta. <strong>Registreerumiseks palun vajutage <\/strong><strong>siia (registreerumine l\u00f5ppenud)<\/strong>. Kuna kohtade arv on piiratud, palume tasuda osav\u00f5tumaks ning ennast kirja panna esimesel v\u00f5imalusel. Registreerumise t\u00e4htaeg on <strong>22. mai<\/strong>. K\u00fcsimuste korral ja lisainfo saamiseks palun v\u00f5tke \u00fchendust Sirli Urbasega (<a href=\"mailto:sirli.urbas@ut.ee\">sirli.urbas@ut.ee<\/a>).<\/p>\n<p style=\"text-align: justify\"> Everybody is welcome, regardless of age! The event will be held in English, explanations in Estonian will also be provided.. The event is free for kids under the age 10 and costs 5 euros for others. <strong>For registration, please follow the <span style=\"text-decoration: underline\">link (registration is closed).<\/span><\/strong> As the number of places is limited, we kindly request you to transfer the participation fee and register as early as possible. The deadline for registration is <strong>22 May<\/strong>. For any further information, please contact Sirli Urbas (<a href=\"mailto:sirli.urbas@ut.ee\">sirli.urbas@ut.ee<\/a>).<\/p>\n<p style=\"text-align: justify\"><strong>Makse saaja\/Beneficiary name:<\/strong> Tartu Keskkonnahariduse Keskus <strong>Konto\/account:<\/strong> Swedbank EE502200221019407978 <strong>Selgitus\/Payment description:<\/strong> osaleja nimi\/the name of the participant + 25. mai kultuuri\u00f5htu osalustasu\/the culture evening on 25 May.<\/p>\n<table class=\"table table-hover\" border=\"0\" align=\"center\">\n<tbody>\n<tr>\n<td><img loading=\"lazy\" decoding=\"async\" class=\"text-justify\" src=\"\/wp-content\/uploads\/sites\/138\/polish_folk_pattern_by_taopanda19-d9o0gdf.jpg\" title=\"https:\/\/taopanda19.deviantart.com\/art\/Polish-folk-pattern-584527587\" width=\"516\" height=\"199\"><\/td>\n<\/tr>\n<\/tbody>\n<\/table>\n<p><strong>Veel olulist\/Please note <\/strong><\/p>\n<ul>\n<li style=\"text-align: justify\">Pildistamine: v\u00f5ib juhtuda, et korraldajad teevad kultuuri\u00f5htutel fotosid ning avaldavad need hiljem Tartu \u00dclikooliga seotud infokanalites (prinditud kujul, veebis, sotsiaalmeedias jm). Fotosid ei anta kolmandatele isikutele ega kasutata kommertseesm\u00e4rkidel. Kui te ei soovi, et teid v\u00f5i teie alaealisi lapsi pildistataks, palun \u00f6elge seda enne s\u00fcndmuse toimumist korraldajale. Korraldajad ei v\u00f5ta vastutust teiste s\u00fcndmusel osalejate poolt tehtud fotode ning nende kasutamise eest. \/ During our events organizers might take photos and publish them (print, web, social media) in connection with the University of Tartu. The photos will not be given to third parties and they will not be used commercially. If you do not agree with your picture (or photo of your child) being taken please tell us at the beginning of each event. Organizers are not responsible for photos and their use, taken by participants of the event.<\/li>\n<li style=\"text-align: justify\">Oleme t\u00e4nulikud, kui registreerite s\u00fcndmusele k\u00f5ik inimesed, kes teiega kaasa tulevad ning annate meile teada, kui osalemise t\u00fchistate. See aitab meil s\u00fcndmusi paremini planeerida. \/ We appreciate you to enroll all of the people who you wish to bring along and please let us know if you have to cancel your participation. This helps us to plan our events and costs better.<\/li>\n<li style=\"text-align: justify\">Registreeringu t\u00fchistamise v\u00f5i \u00fcritusele tulemata j\u00e4tmise korral ei tagastata makstud osalustasu. \/ In case of a cancellation or failure to attend, the participation fee will not reimbursed.<\/li>\n<li style=\"text-align: justify\">Me ei planeeri riskantseid tegevusi, ent osalemine on ikkagi omal vastutusel. Palume lastega tulijatel neil ise silm peal hoida. Anname oma parima, et s\u00fcndmused sujuksid kenasti, kuid T\u00dc ega Tartu loodusmaja ei vastuta etten\u00e4gematute probleemsete juhtumite eest (vargus, vigastus jmt). \/\u00a0 We don\u2019t plan dangerous activities but participation is still at your own risk. Parents are responsible for their children and are expected to supervise them. Claims against University of Tartu or a member of Tartu Nature House staff regarding liability for theft, personal injury or property damage are expressly excluded.<\/li>\n<\/ul>\n","protected":false},"excerpt":{"rendered":"<p>Vaata fotosid! \/ Look at the photos! Aeg ja koht\/Time and venue\u00a0 19:00-22:00, Lille 10, Tartu (Tartu loodusmaja\/Tartu Nature House) Kava\/Programme\u00a0 Sarja kolmeteistk\u00fcmnes kultuuri\u00f5htu keskendub Poola toidukultuurile.\u00a0V\u00f5\u00f5rustajateks on T\u00dc t\u00f6\u00f6tajad ja \u00fcli\u00f5pilased\u00a0 Poolast koos T\u00dc personaliosakonna ja Tartu loodusmaja inimestega &#8230;<\/p>\n","protected":false},"author":47,"featured_media":0,"parent":0,"menu_order":0,"comment_status":"closed","ping_status":"closed","template":"","meta":{"_acf_changed":false,"inline_featured_image":false,"footnotes":""},"class_list":["post-13","page","type-page","status-publish","hentry"],"acf":[],"_links":{"self":[{"href":"https:\/\/sisu.ut.ee\/culturerich\/wp-json\/wp\/v2\/pages\/13","targetHints":{"allow":["GET"]}}],"collection":[{"href":"https:\/\/sisu.ut.ee\/culturerich\/wp-json\/wp\/v2\/pages"}],"about":[{"href":"https:\/\/sisu.ut.ee\/culturerich\/wp-json\/wp\/v2\/types\/page"}],"author":[{"embeddable":true,"href":"https:\/\/sisu.ut.ee\/culturerich\/wp-json\/wp\/v2\/users\/47"}],"replies":[{"embeddable":true,"href":"https:\/\/sisu.ut.ee\/culturerich\/wp-json\/wp\/v2\/comments?post=13"}],"version-history":[{"count":1,"href":"https:\/\/sisu.ut.ee\/culturerich\/wp-json\/wp\/v2\/pages\/13\/revisions"}],"predecessor-version":[{"id":262,"href":"https:\/\/sisu.ut.ee\/culturerich\/wp-json\/wp\/v2\/pages\/13\/revisions\/262"}],"wp:attachment":[{"href":"https:\/\/sisu.ut.ee\/culturerich\/wp-json\/wp\/v2\/media?parent=13"}],"curies":[{"name":"wp","href":"https:\/\/api.w.org\/{rel}","templated":true}]}}