{"id":10,"date":"2024-04-04T01:46:22","date_gmt":"2024-04-03T22:46:22","guid":{"rendered":"https:\/\/sisu.ut.ee\/culturerich\/germany-3122015\/"},"modified":"2024-04-04T01:46:59","modified_gmt":"2024-04-03T22:46:59","slug":"germany-3122015","status":"publish","type":"page","link":"https:\/\/sisu.ut.ee\/culturerich\/germany-3122015\/","title":{"rendered":"Germany\/Poland (3.12.2015)"},"content":{"rendered":"<p><strong><span style=\"font-size: large\"><strong><span style=\"color: #0066cc\"><span style=\"font-size: large\"><strong><span style=\"color: #0066cc\"><a href=\"http:\/\/www.uttv.ee\/fotod#id_galerii=10042\" target=\"_blank\" data-url=\"http:\/\/www.uttv.ee\/fotod#id_galerii=10042\" rel=\"noopener\"><span style=\"font-size: large\"><strong><span style=\"color: #0066cc\"><span style=\"font-size: large\"><strong><span style=\"color: #0066cc\">Vaata fotosid\/Look at the photos!<\/span><\/strong><\/span><\/span><\/strong><\/span><\/a><br><\/span><\/strong><\/span><\/span><\/strong><\/span><br>Aeg ja koht\/Time and venue\u00a0<\/strong><\/p>\n<p>19:00-22:00, <a href=\"http:\/\/www.tartuloodusmaja.ee\/ET\/kontaktid\/ET\/kontaktid\/\" target=\"_blank\" rel=\"noopener\">Lille 10, Tartu (Tartu loodusmaja\/Tartu Nature House)<\/a><a href=\"http:\/\/moodle.ut.ee\/ht_reg_form\/index.php\/form\/view\/1415\" data-url=\"http:\/\/moodle.ut.ee\/ht_reg_form\/index.php\/form\/view\/1415\"><\/a><a href=\"http:\/\/moodle.ut.ee\/ht_reg_form\/index.php\/form\/view\/1415\" data-url=\"http:\/\/moodle.ut.ee\/ht_reg_form\/index.php\/form\/view\/1415\"><\/a><\/p>\n<p><strong>Kava\/Programme\u00a0\u00a0\u00a0\u00a0\u00a0\u00a0\u00a0\u00a0\u00a0\u00a0\u00a0\u00a0\u00a0\u00a0\u00a0\u00a0\u00a0\u00a0\u00a0\u00a0\u00a0\u00a0\u00a0\u00a0\u00a0\u00a0\u00a0\u00a0\u00a0\u00a0<a href=\"http:\/\/moodle.ut.ee\/ht_reg_form\/index.php\/form\/view\/1415\" data-url=\"http:\/\/moodle.ut.ee\/ht_reg_form\/index.php\/form\/view\/1415\"><\/a><a href=\"http:\/\/moodle.ut.ee\/ht_reg_form\/index.php\/form\/view\/1415\" data-url=\"http:\/\/moodle.ut.ee\/ht_reg_form\/index.php\/form\/view\/1415\"><\/a>\u00a0\u00a0\u00a0\u00a0\u00a0\u00a0\u00a0\u00a0\u00a0\u00a0\u00a0\u00a0\u00a0<a href=\"http:\/\/moodle.ut.ee\/ht_reg_form\/index.php\/form\/view\/1415\" data-url=\"http:\/\/moodle.ut.ee\/ht_reg_form\/index.php\/form\/view\/1415\"><\/a><a href=\"http:\/\/moodle.ut.ee\/ht_reg_form\/index.php\/form\/view\/1415\" data-url=\"http:\/\/moodle.ut.ee\/ht_reg_form\/index.php\/form\/view\/1415\"><\/a>\u00a0\u00a0\u00a0\u00a0\u00a0\u00a0\u00a0\u00a0\u00a0\u00a0\u00a0\u00a0\u00a0\u00a0\u00a0\u00a0\u00a0\u00a0\u00a0\u00a0\u00a0\u00a0\u00a0\u00a0\u00a0\u00a0\u00a0\u00a0\u00a0\u00a0<a href=\"http:\/\/moodle.ut.ee\/ht_reg_form\/index.php\/form\/view\/1415\" data-url=\"http:\/\/moodle.ut.ee\/ht_reg_form\/index.php\/form\/view\/1415\"><\/a><a href=\"http:\/\/moodle.ut.ee\/ht_reg_form\/index.php\/form\/view\/1415\" data-url=\"http:\/\/moodle.ut.ee\/ht_reg_form\/index.php\/form\/view\/1415\"><\/a>\u00a0\u00a0\u00a0\u00a0\u00a0\u00a0\u00a0\u00a0\u00a0\u00a0\u00a0\u00a0\u00a0\u00a0\u00a0\u00a0\u00a0\u00a0\u00a0\u00a0\u00a0\u00a0\u00a0\u00a0\u00a0\u00a0\u00a0\u00a0\u00a0\u00a0\u00a0\u00a0\u00a0\u00a0\u00a0\u00a0\u00a0\u00a0\u00a0\u00a0\u00a0\u00a0\u00a0\u00a0\u00a0\u00a0\u00a0<img loading=\"lazy\" decoding=\"async\" style=\"float: right\" class=\"text-justify\" src=\"https:\/\/sisu.ut.ee\/wp-content\/uploads\/sites\/138\/deutschland-polen.jpg\" data-file_info=\"%7B%22fid%22:%2212099%22,%22view_mode%22:%22default%22,%22type%22:%22media%22%7D\" width=\"220\" height=\"165\"><\/strong><\/p>\n<p>Sarja kolmas <strong>kultuuri\u00f5htu \u201cJ\u00f5ulud\u201d <\/strong>keskendub Saksamaale ja Poolale.\u00a0V\u00f5\u00f5rustajateks on T\u00dc t\u00f6\u00f6tajad ja \u00fcli\u00f5pilased\u00a0 Saksamaalt ning Poolast koos T\u00dc personaliosakonna ja Tartu loodusmaja inimestega \u2013 tutvustatakse Saksamaa ja Poola j\u00f5ulukombeid ja traditsioone. Kultuuriprogrammi osaks on ka traditsioonilised Saksa ja Poola s\u00f6\u00f6gid ning joogid. Soovijatel on v\u00f5imalik osaleda s\u00f5nade h\u00e4\u00e4ldamise v\u00f5istlusel, piparkookide meisterdamise \u00f5pitoas, \u00f5ppida Poola tantse v\u00f5i osaleda \u00e4raarvamism\u00e4ngus: \u201cKas tegemist on Eestist, Poolast v\u00f5i Saksamaalt p\u00e4rit eseme v\u00f5i tootega?\u201d. Lastele tulevad k\u00fclla Nikolaus ja Ruprecht.<\/p>\n<p>The third event in the series is titled<strong> \u201cChristmas\u201d<\/strong> and it will introduce the variegated Christmas traditions in Germany and Poland. The event will take place in the Tartu Nature House, at Lille 10, Tartu on 3 December at 19:00 and is hosted by the UT staff and students from\u00a0Germany and Poland\u00a0together with UT Personnel Office and Tartu Nature House. You will get a chance to learn interesting things about German and Polish christmas customs and traditions. You will be offered some traditional German and Polish dishes and drinks. The event will also include word spelling contest, baking Polish gingerbread and German Stutenkerl, to try out Polish dances and take part of <a href=\"http:\/\/moodle.ut.ee\/ht_reg_form\/index.php\/form\/view\/1415\" data-url=\"http:\/\/moodle.ut.ee\/ht_reg_form\/index.php\/form\/view\/1415\"><\/a><a href=\"http:\/\/moodle.ut.ee\/ht_reg_form\/index.php\/form\/view\/1415\" data-url=\"http:\/\/moodle.ut.ee\/ht_reg_form\/index.php\/form\/view\/1415\"><\/a>Quiz. Visit of Nikolaus and Ruprecht is also part of the evening.<\/p>\n<p>\u00a0<strong>Programme highlights:<\/strong><\/p>\n<ul>\n<li>Intro to Germany, Poland and Silesia<\/li>\n<li>Word spelling contest<\/li>\n<li>Quiz \u2013 is the picture, beer etc. from Estonia, from Germany or from Poland?<\/li>\n<li>Visit of Nikolaus and Ruprecht<\/li>\n<li>Christmas carols from Estonia, Germany, Poland<\/li>\n<li>Polish Dancing<\/li>\n<li>German and Polish food and drinks<\/li>\n<li>Workshops: <br>Christmas tree decoration;<br>Polish gingerbread baking and decoration;<br>Baking German \u201cStutenkerl\u201d: Sweet yeast bakings with raisins and clay pipe, in shape of a little man.<\/li>\n<\/ul>\n<p>\u00a0\u00a0\u00a0\u00a0\u00a0\u00a0\u00a0\u00a0\u00a0\u00a0\u00a0\u00a0\u00a0\u00a0 <img loading=\"lazy\" decoding=\"async\" class=\"img-rounded\" src=\"https:\/\/sisu.ut.ee\/wp-content\/uploads\/sites\/138\/gritibenzen_02.jpg\" data-file_info=\"%7B%22fid%22:%2212102%22,%22view_mode%22:%22default%22,%22type%22:%22media%22%7D\" width=\"130\" height=\"87\">\u00a0\u00a0\u00a0<img loading=\"lazy\" decoding=\"async\" class=\"img-rounded\" src=\"https:\/\/sisu.ut.ee\/wp-content\/uploads\/sites\/138\/drinks.jpg\" data-file_info=\"%7B%22fid%22:%2212108%22,%22view_mode%22:%22default%22,%22type%22:%22media%22%7D\" width=\"105\" height=\"105\">\u00a0\u00a0 <img loading=\"lazy\" decoding=\"async\" class=\"img-rounded\" src=\"https:\/\/sisu.ut.ee\/wp-content\/uploads\/sites\/138\/polish-spiced-christmas-cookies.jpg\" data-file_info=\"%7B%22fid%22:%2212104%22,%22view_mode%22:%22default%22,%22type%22:%22media%22%7D\" width=\"90\" height=\"68\">\u00a0 <img loading=\"lazy\" decoding=\"async\" class=\"img-rounded\" src=\"https:\/\/sisu.ut.ee\/wp-content\/uploads\/sites\/138\/german-cuisine.jpg\" data-file_info=\"%7B%22fid%22:%2212107%22,%22view_mode%22:%22default%22,%22type%22:%22media%22%7D\" width=\"105\" height=\"105\">\u00a0 <img loading=\"lazy\" decoding=\"async\" class=\"img-rounded\" src=\"https:\/\/sisu.ut.ee\/wp-content\/uploads\/sites\/138\/uszka_east_news_11.jpg\" data-file_info=\"%7B%22fid%22:%2212103%22,%22view_mode%22:%22default%22,%22type%22:%22media%22%7D\" width=\"120\" height=\"80\">\u00a0 \u00a0<a href=\"http:\/\/moodle.ut.ee\/ht_reg_form\/index.php\/form\/view\/1415\" data-url=\"http:\/\/moodle.ut.ee\/ht_reg_form\/index.php\/form\/view\/1415\"><\/a><a href=\"http:\/\/moodle.ut.ee\/ht_reg_form\/index.php\/form\/view\/1415\" data-url=\"http:\/\/moodle.ut.ee\/ht_reg_form\/index.php\/form\/view\/1415\"><\/a><img loading=\"lazy\" decoding=\"async\" class=\"img-rounded\" src=\"https:\/\/sisu.ut.ee\/wp-content\/uploads\/sites\/138\/beerstein.jpg\" data-file_info=\"%7B%22fid%22:%2212114%22,%22view_mode%22:%22default%22,%22type%22:%22media%22%7D\" width=\"105\" height=\"143\"><\/p>\n<p>\u00a0\u00a0\u00a0\u00a0<a href=\"http:\/\/moodle.ut.ee\/ht_reg_form\/index.php\/form\/view\/1415\" data-url=\"http:\/\/moodle.ut.ee\/ht_reg_form\/index.php\/form\/view\/1415\"><\/a><a href=\"http:\/\/moodle.ut.ee\/ht_reg_form\/index.php\/form\/view\/1415\" data-url=\"http:\/\/moodle.ut.ee\/ht_reg_form\/index.php\/form\/view\/1415\"><\/a>\u00a0\u00a0\u00a0\u00a0\u00a0\u00a0\u00a0\u00a0\u00a0\u00a0\u00a0\u00a0\u00a0\u00a0\u00a0<a href=\"http:\/\/moodle.ut.ee\/ht_reg_form\/index.php\/form\/view\/1415\" data-url=\"http:\/\/moodle.ut.ee\/ht_reg_form\/index.php\/form\/view\/1415\"><\/a><a href=\"http:\/\/moodle.ut.ee\/ht_reg_form\/index.php\/form\/view\/1415\" data-url=\"http:\/\/moodle.ut.ee\/ht_reg_form\/index.php\/form\/view\/1415\"><\/a>\u00a0\u00a0\u00a0\u00a0\u00a0\u00a0\u00a0\u00a0\u00a0\u00a0\u00a0\u00a0\u00a0\u00a0\u00a0\u00a0\u00a0\u00a0\u00a0\u00a0\u00a0\u00a0\u00a0\u00a0\u00a0\u00a0\u00a0\u00a0\u00a0\u00a0\u00a0\u00a0\u00a0\u00a0\u00a0\u00a0\u00a0\u00a0\u00a0\u00a0\u00a0\u00a0\u00a0\u00a0\u00a0\u00a0\u00a0\u00a0\u00a0\u00a0\u00a0\u00a0\u00a0\u00a0\u00a0\u00a0\u00a0\u00a0\u00a0\u00a0\u00a0\u00a0\u00a0\u00a0\u00a0\u00a0\u00a0\u00a0\u00a0\u00a0\u00a0\u00a0\u00a0\u00a0\u00a0\u00a0\u00a0\u00a0\u00a0\u00a0\u00a0\u00a0<\/p>\n<p><strong>Osalemine\/Participation<\/strong><\/p>\n<p>Oodatud on huvilised igas vanuses! \u00d5htu on inglise keeles eestikeelsete selgitustega. Osalustasu on 5 eurot, alla 10 a lapsed on teretulnud tasuta. <strong>Registreerumiseks palun vajutage siia<\/strong> (registreerumine on l\u00f5ppenud). Kuna kohtade arv on piiratud, palume tasuda osav\u00f5tumaks ning ennast kirja panna esimesel v\u00f5imalusel. Registreerumise t\u00e4htaeg on <strong>1. detsember<\/strong>. K\u00fcsimuste korral ja lisainfo saamiseks palun v\u00f5tke \u00fchendust Sirli Urbasega (<a href=\"mailto:sirli.urbas@ut.ee\">sirli.urbas@ut.ee<\/a>).\u00a0<\/p>\n<p>Everybody is welcome, regardless of age! Seminar will be held in English, explanations in Estonian will also be provided. The event is free for kids under the age 10 and costs 5 euros for others.\u00a0<strong>For registration please follow the link (registration is closed)<\/strong>. As the number of seats is limited, we kindly request you to transfer participation fee and register as early as possible. The deadline for registration is <strong>1 December<\/strong>. For any further information please contact, Sirli Urbas (<a href=\"mailto:sirli.urbas@ut.ee\">sirli.urbas@ut.ee<\/a>).\u00a0<\/p>\n<p><strong>Makse saaja\/Beneficiary name:<\/strong> Tartu Keskkonnahariduse Keskus <strong>Konto\/account:<\/strong> Swedbank EE502200221019407978 <strong>Selgitus\/Payment description:<\/strong> osaleja nimi\/the name of the participant + 1.\u00a0detsembri kultuuri\u00f5htu osalustasu\/the culture evening of 1 December.\u00a0<br>\u00a0\u00a0\u00a0<img loading=\"lazy\" decoding=\"async\" class=\"img-rounded\" src=\"https:\/\/sisu.ut.ee\/wp-content\/uploads\/sites\/138\/best-german-christmas-decorations.jpg\" data-file_info=\"%7B%22fid%22:%2212109%22,%22view_mode%22:%22default%22,%22type%22:%22media%22%7D\" width=\"150\" height=\"113\">\u00a0\u00a0 \u00a0<img loading=\"lazy\" decoding=\"async\" class=\"img-rounded\" src=\"https:\/\/sisu.ut.ee\/wp-content\/uploads\/sites\/138\/nussknacker_.jpg\" data-file_info=\"%7B%22fid%22:%2212106%22,%22view_mode%22:%22default%22,%22type%22:%22media%22%7D\" width=\"120\" height=\"160\">\u00a0 \u00a0 <img loading=\"lazy\" decoding=\"async\" class=\"img-rounded\" src=\"https:\/\/sisu.ut.ee\/wp-content\/uploads\/sites\/138\/german-christmas-pyramid-wooden-candle-powered-carousel-xl.jpg\" data-file_info=\"%7B%22fid%22:%2212110%22,%22view_mode%22:%22default%22,%22type%22:%22media%22%7D\" width=\"150\" height=\"150\">\u00a0\u00a0 \u00a0<img loading=\"lazy\" decoding=\"async\" class=\"img-rounded\" src=\"https:\/\/sisu.ut.ee\/wp-content\/uploads\/sites\/138\/polish-star-man-santa-claus.jpg\" data-file_info=\"%7B%22fid%22:%2212111%22,%22view_mode%22:%22default%22,%22type%22:%22media%22%7D\" width=\"120\" height=\"167\">\u00a0 \u00a0 <img loading=\"lazy\" decoding=\"async\" class=\"img-rounded\" src=\"https:\/\/sisu.ut.ee\/wp-content\/uploads\/sites\/138\/paper-ornament-polish_star.jpg\" data-file_info=\"%7B%22fid%22:%2212113%22,%22view_mode%22:%22default%22,%22type%22:%22media%22%7D\" width=\"150\" height=\"107\"><br>\u00a0\u00a0 <a href=\"http:\/\/moodle.ut.ee\/ht_reg_form\/index.php\/form\/view\/1415\" data-url=\"http:\/\/moodle.ut.ee\/ht_reg_form\/index.php\/form\/view\/1415\"><\/a><a href=\"http:\/\/moodle.ut.ee\/ht_reg_form\/index.php\/form\/view\/1415\" data-url=\"http:\/\/moodle.ut.ee\/ht_reg_form\/index.php\/form\/view\/1415\"><\/a><\/p>\n<p><strong>Veel olulist\/Please note <\/strong><\/p>\n<ul>\n<li><span style=\"color: #333333\"> Pildistamine: v\u00f5ib juhtuda, et korraldajad teevad kultuuri\u00f5htutel fotosid ning avaldavad need <\/span>hiljem Tartu \u00dclikooliga seotud infokanalites (prinditud kujul, veebis, sotsiaalmeedias jm). Fotosid ei anta kolmandatele isikutele ega kasutata kommertseesm\u00e4rkidel. Kui te ei soovi, et teid v\u00f5i teie alaealisi lapsi pildistataks, palun \u00f6elge seda enne s\u00fcndmuse toimumist korraldajale. Korraldajad ei v\u00f5ta vastutust teiste s\u00fcndmusel osalejate poolt tehtud fotode ning nende kasutamise eest. \/ During our events organizers might take photos and publish them (print, web, social media) in connection with the University of Tartu. The photos will not be given to third parties and they will not be used commercially. If you do not agree with your picture (or photo of your child) being taken please tell us at the beginning of each event. Organizers are not responsible for photos and their use, taken by participants of the event.<\/li>\n<li>Oleme t\u00e4nulikud, kui registreerite s\u00fcndmusele k\u00f5ik inimesed, kes teiega kaasa tulevad ning annate meile teada, kui osalemise t\u00fchistate. See aitab meil s\u00fcndmusi paremini planeerida. \/ We appreciate you to enroll all of the people who you wish to bring along and please let us know if you have to cancel your participation. This helps us to plan our events and costs better.<\/li>\n<li>Me ei planeeri riskantseid tegevusi, ent osalemine on ikkagi omal vastutusel. Palume lastega tulijatel neil ise silm peal hoida. Anname oma parima, et s\u00fcndmused sujuksid kenasti, kuid T\u00dc ega Tartu loodusmaja ei vastuta etten\u00e4gematute probleemsete juhtumite eest (vargus, vigastus jmt). \/\u00a0 We don\u2019t plan dangerous activities but participation is still at your own risk. Parents are responsible for their children and are expected to supervise them. Claims against University of Tartu or a member of staff regarding liability for theft, personal injury or property damage are expressly excluded.<\/li>\n<\/ul>\n","protected":false},"excerpt":{"rendered":"<p>Vaata fotosid\/Look at the photos!Aeg ja koht\/Time and venue\u00a0 19:00-22:00, Lille 10, Tartu (Tartu loodusmaja\/Tartu Nature House) Kava\/Programme\u00a0\u00a0\u00a0\u00a0\u00a0\u00a0\u00a0\u00a0\u00a0\u00a0\u00a0\u00a0\u00a0\u00a0\u00a0\u00a0\u00a0\u00a0\u00a0\u00a0\u00a0\u00a0\u00a0\u00a0\u00a0\u00a0\u00a0\u00a0\u00a0\u00a0\u00a0\u00a0\u00a0\u00a0\u00a0\u00a0\u00a0\u00a0\u00a0\u00a0\u00a0\u00a0\u00a0\u00a0\u00a0\u00a0\u00a0\u00a0\u00a0\u00a0\u00a0\u00a0\u00a0\u00a0\u00a0\u00a0\u00a0\u00a0\u00a0\u00a0\u00a0\u00a0\u00a0\u00a0\u00a0\u00a0\u00a0\u00a0\u00a0\u00a0\u00a0\u00a0\u00a0\u00a0\u00a0\u00a0\u00a0\u00a0\u00a0\u00a0\u00a0\u00a0\u00a0\u00a0\u00a0\u00a0\u00a0\u00a0\u00a0\u00a0\u00a0\u00a0\u00a0\u00a0\u00a0\u00a0\u00a0\u00a0\u00a0\u00a0\u00a0\u00a0\u00a0\u00a0\u00a0\u00a0\u00a0\u00a0\u00a0\u00a0\u00a0\u00a0\u00a0\u00a0\u00a0\u00a0\u00a0\u00a0\u00a0\u00a0 Sarja kolmas kultuuri\u00f5htu \u201cJ\u00f5ulud\u201d keskendub Saksamaale ja Poolale.\u00a0V\u00f5\u00f5rustajateks on T\u00dc t\u00f6\u00f6tajad ja \u00fcli\u00f5pilased\u00a0 Saksamaalt ning Poolast koos T\u00dc personaliosakonna ja Tartu loodusmaja &#8230;<\/p>\n","protected":false},"author":47,"featured_media":0,"parent":0,"menu_order":0,"comment_status":"closed","ping_status":"closed","template":"","meta":{"_acf_changed":false,"inline_featured_image":false,"footnotes":""},"class_list":["post-10","page","type-page","status-publish","hentry"],"acf":[],"_links":{"self":[{"href":"https:\/\/sisu.ut.ee\/culturerich\/wp-json\/wp\/v2\/pages\/10","targetHints":{"allow":["GET"]}}],"collection":[{"href":"https:\/\/sisu.ut.ee\/culturerich\/wp-json\/wp\/v2\/pages"}],"about":[{"href":"https:\/\/sisu.ut.ee\/culturerich\/wp-json\/wp\/v2\/types\/page"}],"author":[{"embeddable":true,"href":"https:\/\/sisu.ut.ee\/culturerich\/wp-json\/wp\/v2\/users\/47"}],"replies":[{"embeddable":true,"href":"https:\/\/sisu.ut.ee\/culturerich\/wp-json\/wp\/v2\/comments?post=10"}],"version-history":[{"count":1,"href":"https:\/\/sisu.ut.ee\/culturerich\/wp-json\/wp\/v2\/pages\/10\/revisions"}],"predecessor-version":[{"id":265,"href":"https:\/\/sisu.ut.ee\/culturerich\/wp-json\/wp\/v2\/pages\/10\/revisions\/265"}],"wp:attachment":[{"href":"https:\/\/sisu.ut.ee\/culturerich\/wp-json\/wp\/v2\/media?parent=10"}],"curies":[{"name":"wp","href":"https:\/\/api.w.org\/{rel}","templated":true}]}}