{"id":9,"date":"2024-04-04T09:15:05","date_gmt":"2024-04-04T06:15:05","guid":{"rendered":"https:\/\/sisu.ut.ee\/craftsymposiumrauland\/network\/"},"modified":"2024-04-30T09:22:16","modified_gmt":"2024-04-30T06:22:16","slug":"network","status":"publish","type":"page","link":"https:\/\/sisu.ut.ee\/craftsymposiumrauland\/network\/","title":{"rendered":"The network"},"content":{"rendered":"<p>Higher Education on Craft Traditions (<a title=\"\" href=\"https:\/\/viljandi.ut.ee\/en\/nordtradcraft\" target=\"_blank\" rel=\"noopener\" data-url=\"https:\/\/viljandi.ut.ee\/en\/nordtradcraft\">NordTradCraft<\/a>) is a network connecting eight universities from the Nordic\/Baltic countries. The network aims to advance international cooperation in traditional craft studies. The partners offer study programmes that preserve traditional craft knowledge with a future-oriented approach. We regard heritage properties and qualities as environmental, cultural, and societal assets for the continuing development of society from local, national, and global perspectives. Traditional crafts studies are rare at the university level. There needs to be more systematic cooperation between HEIs in this field that would thus benefit from international collaboration and student\/staff exchange.<br>\nWe intend to advance the programmes concerning traditional crafts in the Nordic-Baltic cultural area and integrate institutionally separated researchers and students in traditional crafts and craft pedagogy. We aim to encourage teachers and students to seek innovative approaches to established practices by exchanging knowledge, experience, and vision on how to bring traditional crafts to the contemporary environment and the labour market, keeping in mind knowledge of the past and the needs of the future.<\/p>\n<h2>Coordinating institution:<\/h2>\n<p><strong>University of Tartu (Estonia)<\/strong><br>\nUnit: Viljandi Culture Academy<\/p>\n<p>Contact persons:<br>\nAve Matsin (Programme Director of Estonian Native Craft) (<a href=\"mailto:ave.matsin@ut.ee\">ave.matsin@ut.ee<\/a>)<br>\nKrista Tamm (International Relations) (<a href=\"mailto:krista.tamm@ut.ee\">krista.tamm@ut.ee<\/a>)<\/p>\n<h2>Partner institutions:<\/h2>\n<p><strong>University of South-Eastern Norway (Norway)<\/strong><br>\nCampus Rauland<br>\nUnit:\u00a0Department of Traditional Arts and Traditional Music<\/p>\n<p>Contact person: Eli Wendelbo (<a href=\"mailto:eli.wendelbo@usn.no\">eli.wendelbo@usn.no<\/a>)<\/p>\n<p><strong>Uppsala University (Sweden)<\/strong><br>\nUnit:\u00a0Department of Art History<\/p>\n<p>Contact person: Julia Holm (<a href=\"mailto:julia.holm@konstvet.uu.se\">julia.holm@konstvet.uu.se<\/a>)<\/p>\n<p><strong>University of Gothenburg (Sweden)<\/strong><br>\nUnit:\u00a0Department of Conservation<\/p>\n<p>Contact person: Lars Runnquist (<a href=\"mailto:lars.runnquist@conservation.gu.se\">lars.runnquist@conservation.gu.se<\/a>)<\/p>\n<p><strong>University of Helsinki (Finland)<\/strong><br>\nUnit:\u00a0Faculty of Educational Sciences \/ Department of Education<\/p>\n<p>Contact person: P\u00e4ivi Fernstr\u00f6m (<a href=\"mailto:paivi.fernstrom@helsinki.fi\">paivi.fernstrom@helsinki.fi<\/a>)<\/p>\n<p><strong>Pallas University of Applied Science (Estonia)<\/strong><br>\nUnit:\u00a0Department of Textile<\/p>\n<p>Contact person: Marilin Aasoja (<a href=\"mailto:marilin.aasoja@pallasart.ee\">marilin.aasoja@pallasart.ee<\/a>)<\/p>\n<p><strong>University of Eastern Finland\u00a0(Finland)<\/strong><br>\nUnit:\u00a0School of Applied Educational Science and Teacher Education<\/p>\n<p>Contact person: Niina V\u00e4\u00e4n\u00e4nen (<a href=\"mailto:niina.vaananen@uef.fi\">niina.vaananen@uef.fi<\/a>)<\/p>\n<p><strong>Norwegian University of Science and Technology\u00a0(Norway)<\/strong><br>\nCampus Gl\u00f8shaugen<br>\nUnit:\u00a0Department of Architecture and Technology<\/p>\n<p>Contact person:\u00a0Thor-Aage Kaminka Heiberg (<a href=\"mailto:Thor-aage.heiberg@ntnu.no\">Thor-aage.heiberg@ntnu.no<\/a>)<\/p>\n","protected":false},"excerpt":{"rendered":"<p>Higher Education on Craft Traditions (NordTradCraft) is a network connecting eight universities from the Nordic\/Baltic countries. The network aims to advance international cooperation in traditional craft studies. The partners offer study programmes that preserve traditional craft knowledge with a future-oriented &#8230;<\/p>\n","protected":false},"author":340,"featured_media":0,"parent":0,"menu_order":0,"comment_status":"closed","ping_status":"closed","template":"","meta":{"_acf_changed":false,"inline_featured_image":false,"footnotes":""},"class_list":["post-9","page","type-page","status-publish","hentry"],"acf":[],"_links":{"self":[{"href":"https:\/\/sisu.ut.ee\/craftsymposiumrauland\/wp-json\/wp\/v2\/pages\/9","targetHints":{"allow":["GET"]}}],"collection":[{"href":"https:\/\/sisu.ut.ee\/craftsymposiumrauland\/wp-json\/wp\/v2\/pages"}],"about":[{"href":"https:\/\/sisu.ut.ee\/craftsymposiumrauland\/wp-json\/wp\/v2\/types\/page"}],"author":[{"embeddable":true,"href":"https:\/\/sisu.ut.ee\/craftsymposiumrauland\/wp-json\/wp\/v2\/users\/340"}],"replies":[{"embeddable":true,"href":"https:\/\/sisu.ut.ee\/craftsymposiumrauland\/wp-json\/wp\/v2\/comments?post=9"}],"version-history":[{"count":2,"href":"https:\/\/sisu.ut.ee\/craftsymposiumrauland\/wp-json\/wp\/v2\/pages\/9\/revisions"}],"predecessor-version":[{"id":59,"href":"https:\/\/sisu.ut.ee\/craftsymposiumrauland\/wp-json\/wp\/v2\/pages\/9\/revisions\/59"}],"wp:attachment":[{"href":"https:\/\/sisu.ut.ee\/craftsymposiumrauland\/wp-json\/wp\/v2\/media?parent=9"}],"curies":[{"name":"wp","href":"https:\/\/api.w.org\/{rel}","templated":true}]}}