{"id":7,"date":"2024-04-04T09:15:05","date_gmt":"2024-04-04T06:15:05","guid":{"rendered":"https:\/\/sisu.ut.ee\/craftsymposiumrauland\/long-workshops\/"},"modified":"2025-01-15T15:13:56","modified_gmt":"2025-01-15T13:13:56","slug":"long-workshops","status":"publish","type":"page","link":"https:\/\/sisu.ut.ee\/craftsymposiumrauland\/long-workshops\/","title":{"rendered":"Long workshops"},"content":{"rendered":"<p><strong>Long workshops (total length of 9,5 hours) took place on Wednesday, 20 March from 9:00 t<\/strong><strong>o <\/strong><strong>12:00 and from 14:30 to 17:00, continuing on Thursday, 21 March from 9:00 to 12:00.<\/strong><\/p>\n<p><strong>Pay attention to the requirements for the workshop and the materials you might need to bring with you.<\/strong><\/p>\n<p><\/p><div class=\"accordion mb-3\">\n        <div class=\"accordion-item accordion-item--white\">\n        <h2 class=\"accordion-header\" id=\"accordion-69e80d0132f4b-heading\">\n            <button class=\"accordion-button collapsed\" type=\"button\" data-bs-toggle=\"collapse\" data-bs-target=\"#accordion-69e80d0132f4b-collapse\" aria-expanded=\"true\" aria-controls=\"accordion-69e80d0132f4b-collapse\">Crios (Reed) Technique<\/button>\n        <\/h2>\n        <div id=\"accordion-69e80d0132f4b-collapse\" class=\"accordion-collapse collapse\" aria-labelledby=\"accordion-69e80d0132f4b-heading\">\n            <div class=\"accordion-body\"><strong>Kaisa Hyrsky and P\u00e4ivi Fernstr\u00f6m, Helsinki University<\/strong>\n<p><img decoding=\"async\" title=\"Crios\/reed technique\" src=\"https:\/\/sisu.ut.ee\/wp-content\/uploads\/sites\/687\/pilt_7.png\" alt=\"Crios\/reed technique\"><\/p>\n<p>This workshop focuses on making belts and jewellery using the crios\/reed technique. We will prepare various types of weft threads by cutting, sewing, knotting, etc. For the crios\/reed technique, we will apply the Japanese saori technique. Additionally, we will make buckles for the belts ourselves.<\/p><\/div>\n        <\/div>\n        <\/div>\n    <\/div>\n<p><\/p><div class=\"accordion mb-3\">\n        <div class=\"accordion-item accordion-item--white\">\n        <h2 class=\"accordion-header\" id=\"accordion-69e80d0132f51-heading\">\n            <button class=\"accordion-button collapsed\" type=\"button\" data-bs-toggle=\"collapse\" data-bs-target=\"#accordion-69e80d0132f51-collapse\" aria-expanded=\"true\" aria-controls=\"accordion-69e80d0132f51-collapse\">Traditional Estonian Brooch \u201cPrees\u201d Out of Copper<\/button>\n        <\/h2>\n        <div id=\"accordion-69e80d0132f51-collapse\" class=\"accordion-collapse collapse\" aria-labelledby=\"accordion-69e80d0132f51-heading\">\n            <div class=\"accordion-body\"><strong>Gert Evert, UT Viljandi Culture Academy<\/strong>\n<p>We are going to make a traditional Estonian brooch out of copper. We are going to stamp the pattern on a sheet of copper and then we are going to saw it out. We will also do some soldering with silver solder and a propane torch.<br>\nSee examples on Estonian Museums Public Portal: https:\/\/www.muis.ee\/museaalview\/2607527 https:\/\/www.muis.ee\/museaalview\/2167273 <\/p><\/div>\n        <\/div>\n        <\/div>\n    <\/div>\n<p><\/p><div class=\"accordion mb-3\">\n        <div class=\"accordion-item accordion-item--white\">\n        <h2 class=\"accordion-header\" id=\"accordion-69e80d0132f54-heading\">\n            <button class=\"accordion-button collapsed\" type=\"button\" data-bs-toggle=\"collapse\" data-bs-target=\"#accordion-69e80d0132f54-collapse\" aria-expanded=\"true\" aria-controls=\"accordion-69e80d0132f54-collapse\">Making Camouflage Nets for Ukraine<\/button>\n        <\/h2>\n        <div id=\"accordion-69e80d0132f54-collapse\" class=\"accordion-collapse collapse\" aria-labelledby=\"accordion-69e80d0132f54-heading\">\n            <div class=\"accordion-body\"><strong>K\u00fcllike Pihkva, UT Viljandi Culture Academy student<\/strong><br>\n<img decoding=\"async\" title=\"Camouflage net in the making\" src=\"https:\/\/sisu.ut.ee\/wp-content\/uploads\/sites\/687\/pilt_17.png\" alt=\"Camouflage net in the making\">\n<p>The workshop consists of three parts:<br>\n1) Introduction of\u00a0the method.<br>\n2)\u00a0Textile strip cutting: suitably shaped strips will be cut from textiles that the supervisor is taking with her from Estonia.<br>\n3) Camouflage netting: textile strips will be tied to the net that is stretched and fixed properly onto the support frame.<\/p>\n<p>See pages 2-3 from <a title=\"\" href=\"https:\/\/www.researchgate.net\/publication\/367635249_Ulanowska_et_al_2022_EuroWeb_COST_Action_CA_19131_Europe_through_Textiles_Network_for_an_integrated_and_interdisciplinary_Humanities_A_mid-term_report\" target=\"_blank\" rel=\"noopener\" data-url=\"https:\/\/www.researchgate.net\/publication\/367635249_Ulanowska_et_al_2022_EuroWeb_COST_Action_CA_19131_Europe_through_Textiles_Network_for_an_integrated_and_interdisciplinary_Humanities_A_mid-term_report\">Archaeological Textiles Review No. 64<\/a><\/p><\/div>\n        <\/div>\n        <\/div>\n    <\/div>\n<p><\/p><div class=\"accordion mb-3\">\n        <div class=\"accordion-item accordion-item--white\">\n        <h2 class=\"accordion-header\" id=\"accordion-69e80d0132f58-heading\">\n            <button class=\"accordion-button collapsed\" type=\"button\" data-bs-toggle=\"collapse\" data-bs-target=\"#accordion-69e80d0132f58-collapse\" aria-expanded=\"true\" aria-controls=\"accordion-69e80d0132f58-collapse\">Spearhead Workshop<\/button>\n        <\/h2>\n        <div id=\"accordion-69e80d0132f58-collapse\" class=\"accordion-collapse collapse\" aria-labelledby=\"accordion-69e80d0132f58-heading\">\n            <div class=\"accordion-body\"><strong>J\u00fcrgen Sisask, UT Viljandi Culture Academy student<\/strong>\n<p><img decoding=\"async\" title=\"Spearhead\" src=\"https:\/\/sisu.ut.ee\/wp-content\/uploads\/sites\/687\/pilt_16.png\" alt=\"Spearhead\"><\/p>\n<p>The spear is a weapon that has been in use for the longest time period in history. It was the most common weapon during the time when steel was expensive because it has a long range and it is also very practical in close combat. \u00a0In this long workshop, we are forging spearheads: throwing spearheads for hunting (for less experienced blacksmiths) and combat spearheads (for more experienced blacksmiths).<br>\nImportant: This workshop takes place outdoors, and warm clothes and shoes are necessary, preferably out of a natural material such as wool or cotton that does not easily catch fire.<\/p><\/div>\n        <\/div>\n        <\/div>\n    <\/div>\n<p><\/p><div class=\"accordion mb-3\">\n        <div class=\"accordion-item accordion-item--white\">\n        <h2 class=\"accordion-header\" id=\"accordion-69e80d0132f5c-heading\">\n            <button class=\"accordion-button collapsed\" type=\"button\" data-bs-toggle=\"collapse\" data-bs-target=\"#accordion-69e80d0132f5c-collapse\" aria-expanded=\"true\" aria-controls=\"accordion-69e80d0132f5c-collapse\">Straw Marquetry<\/button>\n        <\/h2>\n        <div id=\"accordion-69e80d0132f5c-collapse\" class=\"accordion-collapse collapse\" aria-labelledby=\"accordion-69e80d0132f5c-heading\">\n            <div class=\"accordion-body\"><strong>Ingemar Maasikm\u00e4e, Pallas UAS<\/strong>\n<p>Straw marquetry is a technique that uses different straw materials, like wheat or oats. In the preparation phase the straws are cut into lengths, then split with a knife and ironed with an ironing machine or hot mallet. After the preparations are done, the flat strips of straw can be cut and are then glued to a surface, creating a geometrical pattern or a picture. It is possible to colour the strips, which gives more opportunities to create shades and contrasts. The base of the work is going to be a small box. Participants can choose which areas of the box they would want to create straw marquetry for; a minimum would be one side or the top of the box.<\/p>\n<p>To participate in this workshop, previous knowledge of using wood-cutting knives is required.<\/p><\/div>\n        <\/div>\n        <\/div>\n    <\/div>\n<p><\/p><div class=\"accordion mb-3\">\n        <div class=\"accordion-item accordion-item--white\">\n        <h2 class=\"accordion-header\" id=\"accordion-69e80d0132f5e-heading\">\n            <button class=\"accordion-button collapsed\" type=\"button\" data-bs-toggle=\"collapse\" data-bs-target=\"#accordion-69e80d0132f5e-collapse\" aria-expanded=\"true\" aria-controls=\"accordion-69e80d0132f5e-collapse\">Making a Shrink Box<\/button>\n        <\/h2>\n        <div id=\"accordion-69e80d0132f5e-collapse\" class=\"accordion-collapse collapse\" aria-labelledby=\"accordion-69e80d0132f5e-heading\">\n            <div class=\"accordion-body\"><strong>Tine Spuur, USN Rauland<\/strong>\n<p>In this workshop, we make small cups or boxes out of green wood. First, we make a cylinder of green wood using hand tools, then we fit in a dry bottom. When the green wood dries, it will shrink around the bottom and make a tight bond. There will also be time for decorating your cup\/box with chip carving or kolrosing.<\/p>\n<p><img decoding=\"async\" title=\"A shrink box\" src=\"https:\/\/sisu.ut.ee\/wp-content\/uploads\/sites\/687\/pilt_4.png\" alt=\"A shrink box\"><\/p><\/div>\n        <\/div>\n        <\/div>\n    <\/div>\n<p><\/p><div class=\"accordion mb-3\">\n        <div class=\"accordion-item accordion-item--white\">\n        <h2 class=\"accordion-header\" id=\"accordion-69e80d0132f5f-heading\">\n            <button class=\"accordion-button collapsed\" type=\"button\" data-bs-toggle=\"collapse\" data-bs-target=\"#accordion-69e80d0132f5f-collapse\" aria-expanded=\"true\" aria-controls=\"accordion-69e80d0132f5f-collapse\">Tablet Weaving<\/button>\n        <\/h2>\n        <div id=\"accordion-69e80d0132f5f-collapse\" class=\"accordion-collapse collapse\" aria-labelledby=\"accordion-69e80d0132f5f-heading\">\n            <div class=\"accordion-body\"><strong>Eli Wendelbo and USN Rauland students<\/strong>\n<p>You will learn to make patterns, warping, and try different patterns and possibilities for belts and band.<\/p><\/div>\n        <\/div>\n        <\/div>\n    <\/div>\n<p><\/p><div class=\"accordion mb-3\">\n        <div class=\"accordion-item accordion-item--white\">\n        <h2 class=\"accordion-header\" id=\"accordion-69e80d0132f62-heading\">\n            <button class=\"accordion-button collapsed\" type=\"button\" data-bs-toggle=\"collapse\" data-bs-target=\"#accordion-69e80d0132f62-collapse\" aria-expanded=\"true\" aria-controls=\"accordion-69e80d0132f62-collapse\">Leather Sewing<\/button>\n        <\/h2>\n        <div id=\"accordion-69e80d0132f62-collapse\" class=\"accordion-collapse collapse\" aria-labelledby=\"accordion-69e80d0132f62-heading\">\n            <div class=\"accordion-body\"><strong>Sidsel S\u00e6terhaug, USN Rauland<\/strong>\n<p><img decoding=\"async\" title=\"Leather sewing\" src=\"https:\/\/sisu.ut.ee\/wp-content\/uploads\/sites\/687\/pilt_6.png\" alt=\"Leather sewing\"><\/p>\n<p>In this workshop, an introduction to traditional leather sewing techniques will be given. As a practical work, small bags will be made, using leather leftovers.<br>\nThis workshop is suitable for beginners and participants with prior experience in leather work.<\/p><\/div>\n        <\/div>\n        <\/div>\n    <\/div>\n<p><\/p><div class=\"accordion mb-3\">\n        <div class=\"accordion-item accordion-item--white\">\n        <h2 class=\"accordion-header\" id=\"accordion-69e80d0132f64-heading\">\n            <button class=\"accordion-button collapsed\" type=\"button\" data-bs-toggle=\"collapse\" data-bs-target=\"#accordion-69e80d0132f64-collapse\" aria-expanded=\"true\" aria-controls=\"accordion-69e80d0132f64-collapse\">Rya Weaving Workshop<\/button>\n        <\/h2>\n        <div id=\"accordion-69e80d0132f64-collapse\" class=\"accordion-collapse collapse\" aria-labelledby=\"accordion-69e80d0132f64-heading\">\n            <div class=\"accordion-body\"><strong>Hanna Kettunen and Niina V\u00e4\u00e4n\u00e4nen, University of Eastern Finland<\/strong>\n<p><img decoding=\"async\" title=\"Rya weaving\" src=\"https:\/\/sisu.ut.ee\/wp-content\/uploads\/sites\/687\/pilt_13.png\" alt=\"Rya weaving\"><\/p>\n<p>In this long workshop, we first make a small wooden weaving loom with hand tools. Then we weave a textile structure with a rya knot, inspired by our own cultural identities. After the workshop, you have a weaving tool and a rya art decoration to take home with you. To participate in this workshop, you should bring about 100 g of leftover yarn to share in our yarn picnic.<\/p><\/div>\n        <\/div>\n        <\/div>\n    <\/div>\n<p><\/p><div class=\"accordion mb-3\">\n        <div class=\"accordion-item accordion-item--white\">\n        <h2 class=\"accordion-header\" id=\"accordion-69e80d0132f67-heading\">\n            <button class=\"accordion-button collapsed\" type=\"button\" data-bs-toggle=\"collapse\" data-bs-target=\"#accordion-69e80d0132f67-collapse\" aria-expanded=\"true\" aria-controls=\"accordion-69e80d0132f67-collapse\">Historical Embroidery with No Leftovers: Intarsia and Skarvs\u00f6m<\/button>\n        <\/h2>\n        <div id=\"accordion-69e80d0132f67-collapse\" class=\"accordion-collapse collapse\" aria-labelledby=\"accordion-69e80d0132f67-heading\">\n            <div class=\"accordion-body\"><strong>Julia Holm, Uppsala University<\/strong>\n<p><img decoding=\"async\" title=\"Historical embroidery\" src=\"https:\/\/sisu.ut.ee\/wp-content\/uploads\/sites\/687\/pilt.png\" alt=\"Historical embroidery\"><\/p>\n<p>This workshop introduces a group of embroidery techniques that go back to the medieval period. The techniques, intarsia, and skarvs\u00f6m, use woolen cloth and leave no leftovers. We will use historical artifacts as inspiration and for study. The workshop starts with a short introduction of preserved objects, the historical context of the techniques, and a walkthrough of the importance that the Silk Roads had on pattern and design evolution. After that, there will be an introduction to the practical part of the workshop, including materials, tools, and techniques. To participate in this workshop, you should bring some scraps of woolen cloth (kl\u00e4de) or velvet to bring to the fabric picnic.\u00a0\u00a0<\/p><\/div>\n        <\/div>\n        <\/div>\n    <\/div>\n","protected":false},"excerpt":{"rendered":"<p>Long workshops (total length of 9,5 hours) took place on Wednesday, 20 March from 9:00 to 12:00 and from 14:30 to 17:00, continuing on Thursday, 21 March from 9:00 to 12:00. Pay attention to the requirements for the workshop and &#8230;<\/p>\n","protected":false},"author":340,"featured_media":0,"parent":0,"menu_order":0,"comment_status":"closed","ping_status":"closed","template":"","meta":{"_acf_changed":false,"inline_featured_image":false,"footnotes":""},"class_list":["post-7","page","type-page","status-publish","hentry"],"acf":[],"_links":{"self":[{"href":"https:\/\/sisu.ut.ee\/craftsymposiumrauland\/wp-json\/wp\/v2\/pages\/7","targetHints":{"allow":["GET"]}}],"collection":[{"href":"https:\/\/sisu.ut.ee\/craftsymposiumrauland\/wp-json\/wp\/v2\/pages"}],"about":[{"href":"https:\/\/sisu.ut.ee\/craftsymposiumrauland\/wp-json\/wp\/v2\/types\/page"}],"author":[{"embeddable":true,"href":"https:\/\/sisu.ut.ee\/craftsymposiumrauland\/wp-json\/wp\/v2\/users\/340"}],"replies":[{"embeddable":true,"href":"https:\/\/sisu.ut.ee\/craftsymposiumrauland\/wp-json\/wp\/v2\/comments?post=7"}],"version-history":[{"count":4,"href":"https:\/\/sisu.ut.ee\/craftsymposiumrauland\/wp-json\/wp\/v2\/pages\/7\/revisions"}],"predecessor-version":[{"id":64,"href":"https:\/\/sisu.ut.ee\/craftsymposiumrauland\/wp-json\/wp\/v2\/pages\/7\/revisions\/64"}],"wp:attachment":[{"href":"https:\/\/sisu.ut.ee\/craftsymposiumrauland\/wp-json\/wp\/v2\/media?parent=7"}],"curies":[{"name":"wp","href":"https:\/\/api.w.org\/{rel}","templated":true}]}}