{"id":6,"date":"2024-04-04T09:15:05","date_gmt":"2024-04-04T06:15:05","guid":{"rendered":"https:\/\/sisu.ut.ee\/craftsymposiumrauland\/short-workshops\/"},"modified":"2025-01-15T15:13:33","modified_gmt":"2025-01-15T13:13:33","slug":"short-workshops","status":"publish","type":"page","link":"https:\/\/sisu.ut.ee\/craftsymposiumrauland\/short-workshops\/","title":{"rendered":"Short workshops"},"content":{"rendered":"<p style=\"text-align: left;\">Short workshops (4 hours) took place on Tuesday, 19 March from 13:00 to 17:00.<\/p>\n<p style=\"text-align: left;\"><strong>Pay attention to the requirements for the workshop and the materials you might need to bring with you.<\/strong><\/p>\n<p style=\"text-align: left;\"><\/p><div class=\"accordion mb-3\">\n        <div class=\"accordion-item accordion-item--white\">\n        <h2 class=\"accordion-header\" id=\"accordion-69e80cff66b3c-heading\">\n            <button class=\"accordion-button collapsed\" type=\"button\" data-bs-toggle=\"collapse\" data-bs-target=\"#accordion-69e80cff66b3c-collapse\" aria-expanded=\"true\" aria-controls=\"accordion-69e80cff66b3c-collapse\">Dyeing Silk Scarfs and Silk Fabric<\/button>\n        <\/h2>\n        <div id=\"accordion-69e80cff66b3c-collapse\" class=\"accordion-collapse collapse\" aria-labelledby=\"accordion-69e80cff66b3c-heading\">\n            <div class=\"accordion-body\"><strong>Kaisa Hyrsky and P\u00e4ivi Fernstr\u00f6m, Helsinki University<\/strong>\n<p style=\"text-align: left;\"><img decoding=\"async\" title=\"Dyeing silk fabric\" src=\"https:\/\/sisu.ut.ee\/wp-content\/uploads\/sites\/687\/pilt_9.png\" alt=\"Dyeing silk fabric\"><\/p>\n<p style=\"text-align: left;\">In this workshop, we make colourful silk scarves by painting and folding silk. You can also bring your own silk with you and make, for example, the pieces of a shirt. This is a quick and surprising fabric dyeing technique.<\/p><\/div>\n        <\/div>\n        <\/div>\n    <\/div>\n<p style=\"text-align: left;\"><\/p><div class=\"accordion mb-3\">\n        <div class=\"accordion-item accordion-item--white\">\n        <h2 class=\"accordion-header\" id=\"accordion-69e80cff66b54-heading\">\n            <button class=\"accordion-button collapsed\" type=\"button\" data-bs-toggle=\"collapse\" data-bs-target=\"#accordion-69e80cff66b54-collapse\" aria-expanded=\"true\" aria-controls=\"accordion-69e80cff66b54-collapse\">Seto Bottleneck Band Braiding<\/button>\n        <\/h2>\n        <div id=\"accordion-69e80cff66b54-collapse\" class=\"accordion-collapse collapse\" aria-labelledby=\"accordion-69e80cff66b54-heading\">\n            <div class=\"accordion-body\"><strong>Inna Raud, UT Viljandi Culture Academy<\/strong>\n<p style=\"text-align: left;\"><img decoding=\"async\" title=\"Seto bottleneck band braiding technique\" src=\"https:\/\/sisu.ut.ee\/wp-content\/uploads\/sites\/687\/pilt_10.png\" alt=\"Seto bottleneck band braiding technique\"><\/p>\n<p style=\"text-align: left;\">This braiding technique has been used to make the Seto men\u2019s folk costume belt in Southeast Estonia. For this, a ribbon is woven around a rod placed in the bottle by knotting linen and woolen threads. During the workshop, we will be making a keychain using this technique.<\/p><\/div>\n        <\/div>\n        <\/div>\n    <\/div>\n<p style=\"text-align: left;\"><\/p><div class=\"accordion mb-3\">\n        <div class=\"accordion-item accordion-item--white\">\n        <h2 class=\"accordion-header\" id=\"accordion-69e80cff66b58-heading\">\n            <button class=\"accordion-button collapsed\" type=\"button\" data-bs-toggle=\"collapse\" data-bs-target=\"#accordion-69e80cff66b58-collapse\" aria-expanded=\"true\" aria-controls=\"accordion-69e80cff66b58-collapse\">Making Camouflage Nets for Ukraine<\/button>\n        <\/h2>\n        <div id=\"accordion-69e80cff66b58-collapse\" class=\"accordion-collapse collapse\" aria-labelledby=\"accordion-69e80cff66b58-heading\">\n            <div class=\"accordion-body\"><strong>K\u00fcllike Pihkva, UT Viljandi Culture Academy student<\/strong>\n<p style=\"text-align: left;\"><img decoding=\"async\" title=\"Camouflage net\" src=\"https:\/\/sisu.ut.ee\/wp-content\/uploads\/sites\/687\/pilt_3.png\" alt=\"Camouflage net\"><\/p>\n<p style=\"text-align: left;\">The workshop consists of two parts:<br>\n1) Introduction of the method.<br>\n2) Helmet cover making: textile strips will be tied to the \u2018hat\u2019 made from the net.<\/p>\n<p style=\"text-align: left;\">There will be a similar long workshop on the next day.<\/p>\n<p style=\"text-align: left;\">See pages 2-3 from <a title=\"\" href=\"https:\/\/www.researchgate.net\/publication\/367635249_Ulanowska_et_al_2022_EuroWeb_COST_Action_CA_19131_Europe_through_Textiles_Network_for_an_integrated_and_interdisciplinary_Humanities_A_mid-term_report\" target=\"_blank\" rel=\"noopener\" data-url=\"https:\/\/www.researchgate.net\/publication\/367635249_Ulanowska_et_al_2022_EuroWeb_COST_Action_CA_19131_Europe_through_Textiles_Network_for_an_integrated_and_interdisciplinary_Humanities_A_mid-term_report\">Archaeological Textiles Review No. 64<\/a><\/p><\/div>\n        <\/div>\n        <\/div>\n    <\/div>\n<p style=\"text-align: left;\"><\/p><div class=\"accordion mb-3\">\n        <div class=\"accordion-item accordion-item--white\">\n        <h2 class=\"accordion-header\" id=\"accordion-69e80cff66b5c-heading\">\n            <button class=\"accordion-button collapsed\" type=\"button\" data-bs-toggle=\"collapse\" data-bs-target=\"#accordion-69e80cff66b5c-collapse\" aria-expanded=\"true\" aria-controls=\"accordion-69e80cff66b5c-collapse\">Traditional Ring Making with Zero Metal Waste<\/button>\n        <\/h2>\n        <div id=\"accordion-69e80cff66b5c-collapse\" class=\"accordion-collapse collapse\" aria-labelledby=\"accordion-69e80cff66b5c-heading\">\n            <div class=\"accordion-body\"><strong>Kirsti Tuum, UT Viljandi Culture Academy<\/strong>\n<p style=\"text-align: left;\"><img decoding=\"async\" title=\"Traditional ring making\" src=\"https:\/\/sisu.ut.ee\/wp-content\/uploads\/sites\/687\/pilt_2.png\" alt=\"Traditional ring making\"><\/p>\n<p style=\"text-align: left;\">During the short workshop, we make a simple ring by the ancient method of forming the ring from one solid silver\/brass puck or disc without soldering points and almost 0 waste of (precious) metal. Gradually stretching the material using polished hammers and anvils, there is the possibility to attain an almost high polished metal surface.<\/p><\/div>\n        <\/div>\n        <\/div>\n    <\/div>\n<p style=\"text-align: left;\"><\/p><div class=\"accordion mb-3\">\n        <div class=\"accordion-item accordion-item--white\">\n        <h2 class=\"accordion-header\" id=\"accordion-69e80cff66b5f-heading\">\n            <button class=\"accordion-button collapsed\" type=\"button\" data-bs-toggle=\"collapse\" data-bs-target=\"#accordion-69e80cff66b5f-collapse\" aria-expanded=\"true\" aria-controls=\"accordion-69e80cff66b5f-collapse\">Firesteel<\/button>\n        <\/h2>\n        <div id=\"accordion-69e80cff66b5f-collapse\" class=\"accordion-collapse collapse\" aria-labelledby=\"accordion-69e80cff66b5f-heading\">\n            <div class=\"accordion-body\"><strong>J\u00fcrgen Sisask, UT Viljandi Culture Academy student<\/strong>\n<p style=\"text-align: left;\"><img decoding=\"async\" title=\"Firesteel\" src=\"https:\/\/sisu.ut.ee\/wp-content\/uploads\/sites\/687\/pilt_11.png\" alt=\"Firesteel\"><\/p>\n<p style=\"text-align: left;\">Before the invention of matches in the early 19th century the most common way of making a fire was with flint and steel. The sparks created by hitting the flintstone were caught in a piece of tinder fungus that started smouldering. In this short workshop, we are forging a firesteel from high-carbon steel.<\/p>\n<p style=\"text-align: left;\">Important: This workshop takes place outdoors, and warm clothes and shoes are necessary, preferably\u00a0out of a natural material such as wool or cotton that does not easily catch fire.<\/p><\/div>\n        <\/div>\n        <\/div>\n    <\/div>\n<p style=\"text-align: left;\"><\/p><div class=\"accordion mb-3\">\n        <div class=\"accordion-item accordion-item--white\">\n        <h2 class=\"accordion-header\" id=\"accordion-69e80cff66b62-heading\">\n            <button class=\"accordion-button collapsed\" type=\"button\" data-bs-toggle=\"collapse\" data-bs-target=\"#accordion-69e80cff66b62-collapse\" aria-expanded=\"true\" aria-controls=\"accordion-69e80cff66b62-collapse\">Papercord Weaved Wooden Trivet<\/button>\n        <\/h2>\n        <div id=\"accordion-69e80cff66b62-collapse\" class=\"accordion-collapse collapse\" aria-labelledby=\"accordion-69e80cff66b62-heading\">\n            <div class=\"accordion-body\"><strong>Mirjam and Markus P\u00e4rnamets, Pallas UAS<\/strong>\n<p style=\"text-align: left;\"><img decoding=\"async\" title=\"Papercord weaved wooden trivet\" src=\"https:\/\/sisu.ut.ee\/wp-content\/uploads\/sites\/687\/pilt_5.png\" alt=\"Papercord weaved wooden trivet\"><\/p>\n<p style=\"text-align: left;\">Students can weave a frame with a paper cord they can use as a trivet for a hot teapot, a coaster for a mug, or a special interior element. We have prepared wooden frame details so that students can assemble the frame using traditional window joinery methods. Paper cord weaving is known as a very strong, durable, and sustainable way of chair seating that lasts decades. Besides any other traditional natural rope material, the paper cord has a very smooth and even structure that is pleasant to weave for beginners. Participants can choose between traditional or more contemporary patterns. Small and special items for your home are made from natural materials using this traditional technique.<\/p><\/div>\n        <\/div>\n        <\/div>\n    <\/div>\n<p style=\"text-align: left;\"><\/p><div class=\"accordion mb-3\">\n        <div class=\"accordion-item accordion-item--white\">\n        <h2 class=\"accordion-header\" id=\"accordion-69e80cff66b63-heading\">\n            <button class=\"accordion-button collapsed\" type=\"button\" data-bs-toggle=\"collapse\" data-bs-target=\"#accordion-69e80cff66b63-collapse\" aria-expanded=\"true\" aria-controls=\"accordion-69e80cff66b63-collapse\">Tablet weaving<\/button>\n        <\/h2>\n        <div id=\"accordion-69e80cff66b63-collapse\" class=\"accordion-collapse collapse\" aria-labelledby=\"accordion-69e80cff66b63-heading\">\n            <div class=\"accordion-body\"><strong>USN Rauland students and Eli Wendelbo<\/strong>\n<p style=\"text-align: left;\"><img decoding=\"async\" title=\"Tablet weaving\" src=\"https:\/\/sisu.ut.ee\/wp-content\/uploads\/sites\/687\/pilt_8.png\" alt=\"Tablet weaving\"><\/p>\n<p style=\"text-align: left;\"><\/p><\/div>\n        <\/div>\n        <\/div>\n    <\/div>\n<p style=\"text-align: left;\"><\/p><div class=\"accordion mb-3\">\n        <div class=\"accordion-item accordion-item--white\">\n        <h2 class=\"accordion-header\" id=\"accordion-69e80cff66b66-heading\">\n            <button class=\"accordion-button collapsed\" type=\"button\" data-bs-toggle=\"collapse\" data-bs-target=\"#accordion-69e80cff66b66-collapse\" aria-expanded=\"true\" aria-controls=\"accordion-69e80cff66b66-collapse\">Norwegian Traditional Embroidery with Pearls<\/button>\n        <\/h2>\n        <div id=\"accordion-69e80cff66b66-collapse\" class=\"accordion-collapse collapse\" aria-labelledby=\"accordion-69e80cff66b66-heading\">\n            <div class=\"accordion-body\"><strong>USN Rauland students (Ina Soldal)<\/strong>\n<p style=\"text-align: left;\"><img decoding=\"async\" title=\"Pearl embroidery\" src=\"https:\/\/sisu.ut.ee\/wp-content\/uploads\/sites\/687\/pilt_12.png\" alt=\"Pearl embroidery\"><\/p>\n<p style=\"text-align: left;\">Pearl embroidery is where pearls are sewn to a substrate and form a pattern. Natural and imitation pearls and silver, gold, and glass pearls have been used for this type of embroidery.<\/p>\n<p style=\"text-align: left;\"><\/p><\/div>\n        <\/div>\n        <\/div>\n    <\/div>\n<p style=\"text-align: left;\"><\/p><div class=\"accordion mb-3\">\n        <div class=\"accordion-item accordion-item--white\">\n        <h2 class=\"accordion-header\" id=\"accordion-69e80cff66b69-heading\">\n            <button class=\"accordion-button collapsed\" type=\"button\" data-bs-toggle=\"collapse\" data-bs-target=\"#accordion-69e80cff66b69-collapse\" aria-expanded=\"true\" aria-controls=\"accordion-69e80cff66b69-collapse\">Tatting \/ Nupereller<\/button>\n        <\/h2>\n        <div id=\"accordion-69e80cff66b69-collapse\" class=\"accordion-collapse collapse\" aria-labelledby=\"accordion-69e80cff66b69-heading\">\n            <div class=\"accordion-body\"><strong>USN\u00a0Rauland students (Birgit Fiske Hokstad)<\/strong>\n<p style=\"text-align: left;\"><img decoding=\"async\" title=\"Tatting\/Nuperell\" src=\"https:\/\/sisu.ut.ee\/wp-content\/uploads\/sites\/687\/pilt_15.png\" alt=\"Tatting\/Nuperell\"><\/p>\n<p style=\"text-align: left;\">Tatting (Nuperell) is a knotwork that came into fashion in the 19th century. It is carried out with a small shuttle on which the thread is wound, and the technique is called striking nuperells. The technique has been used for lace and other openwork work and can be handmade and machine-made.<\/p><\/div>\n        <\/div>\n        <\/div>\n    <\/div>\n<p style=\"text-align: left;\"><\/p><div class=\"accordion mb-3\">\n        <div class=\"accordion-item accordion-item--white\">\n        <h2 class=\"accordion-header\" id=\"accordion-69e80cff66b6b-heading\">\n            <button class=\"accordion-button collapsed\" type=\"button\" data-bs-toggle=\"collapse\" data-bs-target=\"#accordion-69e80cff66b6b-collapse\" aria-expanded=\"true\" aria-controls=\"accordion-69e80cff66b6b-collapse\">Enamel Workshop<\/button>\n        <\/h2>\n        <div id=\"accordion-69e80cff66b6b-collapse\" class=\"accordion-collapse collapse\" aria-labelledby=\"accordion-69e80cff66b6b-heading\">\n            <div class=\"accordion-body\"><strong>Linn Sigrid Bratland, USN Rauland<\/strong>\n<p style=\"text-align: left;\">Enamel is a technique where glass is melted onto the metal surface. This ancient technique has developed and spread around the globe through more or less advanced variations from Keltic Champlev\u00e8, Chinese Cloysonn\u00e8, and Norwegian plaque \u00e0 jour to ruff surface decorations typically for the art and crafts movement. In the workshop, we will explore the principles of the technique by enameling simple shapes we will cut out of copper sheets.<\/p><\/div>\n        <\/div>\n        <\/div>\n    <\/div>\n<p style=\"text-align: left;\"><\/p><div class=\"accordion mb-3\">\n        <div class=\"accordion-item accordion-item--white\">\n        <h2 class=\"accordion-header\" id=\"accordion-69e80cff66b6d-heading\">\n            <button class=\"accordion-button collapsed\" type=\"button\" data-bs-toggle=\"collapse\" data-bs-target=\"#accordion-69e80cff66b6d-collapse\" aria-expanded=\"true\" aria-controls=\"accordion-69e80cff66b6d-collapse\">Basic Knowledge of Green Woodworking<\/button>\n        <\/h2>\n        <div id=\"accordion-69e80cff66b6d-collapse\" class=\"accordion-collapse collapse\" aria-labelledby=\"accordion-69e80cff66b6d-heading\">\n            <div class=\"accordion-body\"><strong>USN Rauland students (Julie Kongsted Cordes)<\/strong>\n<p style=\"text-align: left;\">In this workshop you will get to know wood as a material, starting with a freshly cut tree. Different techniques on how to use the axe and the knife to split the wood in different ways, and then shape it into a variety of smaller items such as spoons, butterknives, and spinningtool.<\/p><\/div>\n        <\/div>\n        <\/div>\n    <\/div>\n<p style=\"text-align: left;\"><\/p><div class=\"accordion mb-3\">\n        <div class=\"accordion-item accordion-item--white\">\n        <h2 class=\"accordion-header\" id=\"accordion-69e80cff66b6f-heading\">\n            <button class=\"accordion-button collapsed\" type=\"button\" data-bs-toggle=\"collapse\" data-bs-target=\"#accordion-69e80cff66b6f-collapse\" aria-expanded=\"true\" aria-controls=\"accordion-69e80cff66b6f-collapse\">Embroided Expressions<\/button>\n        <\/h2>\n        <div id=\"accordion-69e80cff66b6f-collapse\" class=\"accordion-collapse collapse\" aria-labelledby=\"accordion-69e80cff66b6f-heading\">\n            <div class=\"accordion-body\"><strong>Niina V\u00e4\u00e4n\u00e4nen and Hanna Kettunen, University of Eastern Finland<\/strong>\n<p style=\"text-align: left;\"><img decoding=\"async\" title=\"Embroided expressions\" src=\"https:\/\/sisu.ut.ee\/wp-content\/uploads\/sites\/687\/pilt_14.png\" alt=\"Embroided expressions\"><\/p>\n<p style=\"text-align: left;\">This workshop will let your needle speak out with cross-stitches, as a form of craft activism. Here you can express your opinion, make a statement, stand out, take part, and stich it up.<\/p><\/div>\n        <\/div>\n        <\/div>\n    <\/div>\n<p style=\"text-align: left;\"><\/p><div class=\"accordion mb-3\">\n        <div class=\"accordion-item accordion-item--white\">\n        <h2 class=\"accordion-header\" id=\"accordion-69e80cff66b72-heading\">\n            <button class=\"accordion-button collapsed\" type=\"button\" data-bs-toggle=\"collapse\" data-bs-target=\"#accordion-69e80cff66b72-collapse\" aria-expanded=\"true\" aria-controls=\"accordion-69e80cff66b72-collapse\">Investigating Historical Clothing for Documentation and Research<\/button>\n        <\/h2>\n        <div id=\"accordion-69e80cff66b72-collapse\" class=\"accordion-collapse collapse\" aria-labelledby=\"accordion-69e80cff66b72-heading\">\n            <div class=\"accordion-body\"><strong>Julia Holm, Uppsala University<\/strong>\n<p style=\"text-align: left;\"><img decoding=\"async\" title=\"Historical clothing\" src=\"https:\/\/sisu.ut.ee\/wp-content\/uploads\/sites\/687\/pilt_1.png\" alt=\"Historical clothing\"><\/p>\n<p style=\"text-align: left;\">In this short workshop, you will get an introduction to how to study clothing and fashion with the actual garments as a starting point. You will get to \u201cspeed date\u201d a couple of historical pieces of clothing and try your hand at discovering the personal and cultural narratives that lie in the very fabric of the garments. What kind of answers can we get from the garment, and what can we tell about its material culture context? The workshop will start with a short introduction on PowerPoint, and you will then in groups get to get closer acquainted with some of the garments in speed-dating sessions.\u00a0 <\/p><\/div>\n        <\/div>\n        <\/div>\n    <\/div>\n","protected":false},"excerpt":{"rendered":"<p>Short workshops (4 hours) took place on Tuesday, 19 March from 13:00 to 17:00. Pay attention to the requirements for the workshop and the materials you might need to bring with you. Dyeing Silk Scarfs and Silk Fabric Kaisa Hyrsky &#8230;<\/p>\n","protected":false},"author":340,"featured_media":0,"parent":0,"menu_order":0,"comment_status":"closed","ping_status":"closed","template":"","meta":{"_acf_changed":false,"inline_featured_image":false,"footnotes":""},"class_list":["post-6","page","type-page","status-publish","hentry"],"acf":[],"_links":{"self":[{"href":"https:\/\/sisu.ut.ee\/craftsymposiumrauland\/wp-json\/wp\/v2\/pages\/6","targetHints":{"allow":["GET"]}}],"collection":[{"href":"https:\/\/sisu.ut.ee\/craftsymposiumrauland\/wp-json\/wp\/v2\/pages"}],"about":[{"href":"https:\/\/sisu.ut.ee\/craftsymposiumrauland\/wp-json\/wp\/v2\/types\/page"}],"author":[{"embeddable":true,"href":"https:\/\/sisu.ut.ee\/craftsymposiumrauland\/wp-json\/wp\/v2\/users\/340"}],"replies":[{"embeddable":true,"href":"https:\/\/sisu.ut.ee\/craftsymposiumrauland\/wp-json\/wp\/v2\/comments?post=6"}],"version-history":[{"count":3,"href":"https:\/\/sisu.ut.ee\/craftsymposiumrauland\/wp-json\/wp\/v2\/pages\/6\/revisions"}],"predecessor-version":[{"id":63,"href":"https:\/\/sisu.ut.ee\/craftsymposiumrauland\/wp-json\/wp\/v2\/pages\/6\/revisions\/63"}],"wp:attachment":[{"href":"https:\/\/sisu.ut.ee\/craftsymposiumrauland\/wp-json\/wp\/v2\/media?parent=6"}],"curies":[{"name":"wp","href":"https:\/\/api.w.org\/{rel}","templated":true}]}}