{"id":5,"date":"2024-04-04T05:35:51","date_gmt":"2024-04-04T05:35:51","guid":{"rendered":"https:\/\/sisu.ut.ee\/craftsymposiummariestad\/seminars\/"},"modified":"2024-04-04T05:36:14","modified_gmt":"2024-04-04T05:36:14","slug":"seminars","status":"publish","type":"page","link":"https:\/\/sisu.ut.ee\/craftsymposiummariestad\/seminars\/","title":{"rendered":"Seminars"},"content":{"rendered":"<p>\n\t<strong>On Tuesday, March 28\u00a0at 10-12, seminars in small groups will take place.\u00a0See the descriptions\u00a0below. <\/strong>\n<\/p>\n<p>\n\t<strong>Pay attention to the assignments and materials of the seminar.<\/strong>\n<\/p>\n<p>\n\t<\/p><div class=\"accordion mb-3\">\n        <div class=\"accordion-item accordion-item--white\">\n        <h2 class=\"accordion-header\" id=\"accordion-69e0f15e20ca0-heading\">\n            <button class=\"accordion-button collapsed\" type=\"button\" data-bs-toggle=\"collapse\" data-bs-target=\"#accordion-69e0f15e20ca0-collapse\" aria-expanded=\"true\" aria-controls=\"accordion-69e0f15e20ca0-collapse\">Craft and crafting \u2013 exploring spatial dimensions \u2013 304\u00a0 \u00a0<\/button>\n        <\/h2>\n        <div id=\"accordion-69e0f15e20ca0-collapse\" class=\"accordion-collapse collapse\" aria-labelledby=\"accordion-69e0f15e20ca0-heading\">\n            <div class=\"accordion-body\">\n\n<p>\n\t<strong>Elisabeth Gr\u00e4slund Berg, Uppsala University\u00a0\u00a0 <\/strong>\u00a0\n<\/p>\n<p>\n\t\u00a0\n<\/p>\n<p>\n\tThe aim of this seminar is that we together can reflect on and discuss craft and crafting with focus on spatial dimensions. Spatial aspects can be both material and immaterial, they can influence our crafting and crafting can affect its environment. For example, crafting can be strongly connected to certain landscapes or create social spaces of crafting communities.\n<\/p>\n<p>\n\tAs preparation for the seminar, you will reflect on your own experiences and\/or knowledge of crafts and crafting, and read two papers to get input on some spatial dimensions of crafting.\n<\/p>\n<p>\n\tTo reflect on possible spatial dimensions of your own experiences and\/or knowledge of crafts and crafting, you can use these questions:\n<\/p>\n<ul style=\"list-style-type:circle\">\n<li>\n\t\tDo you get inspiration from special places or landscapes for crafting?\n\t<\/li>\n<li>\n\t\tWhere does the material for your craft come from?\n\t<\/li>\n<li>\n\t\tWhat are the needs of a specially designed workshop or a specific place for your crafting?\n\t<\/li>\n<li>\n\t\tIs it possible to perform your craft while moving\/travelling, or going to meetings\/gatherings for crafting?\n\t<\/li>\n<li>\n\t\tIs your craft identified with a specific place or region \u2013 or does it have a more general, global character?\n\t<\/li>\n<li>\n\t\tDoes your craft affect its environment? Regarding for example the local community, pollution, regional economy, identity.\n\t<\/li>\n<li>\n\t\tAre there virtual spaces for your craft\/crafting like online communities or online tutoring?\n\t<\/li>\n<\/ul>\n<p>\n\tYou shall also choose two out of the three suggested papers below, and read them before the seminar. The reading is intended to add input and inspiration to you for the discussion and reflection of spatial dimensions of crafting.\n<\/p>\n<p>\n\t\u00a0\n<\/p>\n<p style=\"margin-bottom:0cm\">\n\t<strong>Carden, Si\u00fan (2022): <\/strong>Patterns and progams: Replication and Creativity in the Place-Based Knitting of Shetland and Ireland. <i>Textile. Cloth and Culture <\/i>\u00a0(on-line published dec 2022)\u00a0[place-based craft, local identity, global relations, knitting] <span style=\"font-family:Arial,Helvetica,sans-serif\"><strong><a data-url=\"https:\/\/drive.google.com\/file\/d\/16NR7jhLBQDdTJ0U0KShe-Hd5HhM_ELwB\/view?usp=sharing\" href=\"https:\/\/drive.google.com\/file\/d\/16NR7jhLBQDdTJ0U0KShe-Hd5HhM_ELwB\/view?usp=sharing\" target=\"_blank\" title=\"\" rel=\"noopener\"><span style=\"color:#0000ff\">PDF<\/span><\/a><\/strong><\/span>\n<\/p>\n<p style=\"margin-bottom:0cm\">\n\t<strong>Hui, Allison (2012): <\/strong>Things in motion, things in practices: How moblie practice networks facilitate the travel and use of leisure objects. <i>Journal of Consumer Culture <\/i>vol. 12 no. 2 pp. 195\u2014215.\u00a0[mobility, patch-work quilting and birdwatching, tools for crafting, use of tools.\u00a0<i>To read this article I suggest that you start on page 202 with the heading \u201cPerforming on the move\u201d with the empirical study of patch-work quilting and birdwatching. The introduction of the article is quite heavy on theory, and could be read after the empirical study<\/i>.] <strong><a data-url=\"https:\/\/drive.google.com\/file\/d\/1xl88pl6EytrVVHzbBujY7onkdVtgkbEL\/view?usp=sharing\" href=\"https:\/\/drive.google.com\/file\/d\/1xl88pl6EytrVVHzbBujY7onkdVtgkbEL\/view?usp=sharing\" target=\"_blank\" title=\"\" rel=\"noopener\"><span style=\"color:#0000ff\">PDF<\/span><\/a><\/strong>\n<\/p>\n<p style=\"margin-bottom:0cm\">\n\t<strong>Shabab, Sofya (2021)<\/strong>: Crafting displacement: Reconfigurations of heritage among Syrian artisans in Amman. <i>Journal of Material Culture<\/i> vol. 26 no. 4, pp. 382\u2014402.\u00a0[intangible heritage, carpenting, refugees, displacement, development]<strong> <a data-url=\"https:\/\/drive.google.com\/file\/d\/1BULhgLfrMOu2Th7zYz2-N8lDYPygO73J\/view?usp=sharing\" href=\"https:\/\/drive.google.com\/file\/d\/1BULhgLfrMOu2Th7zYz2-N8lDYPygO73J\/view?usp=sharing\" target=\"_blank\" title=\"\" rel=\"noopener\"><span style=\"color:#0000ff\">PDF<\/span><\/a><\/strong>\n<\/p>\n<p style=\"margin-bottom:0cm\">\n\t\u00a0\n<\/p>\n<p style=\"margin-bottom:0cm\">\n\t\u00a0\n<\/p>\n<p>\n\t<\/p><\/div>\n        <\/div>\n        <\/div>\n    <\/div>\n\n<p>\n\t<\/p><div class=\"accordion mb-3\">\n        <div class=\"accordion-item accordion-item--white\">\n        <h2 class=\"accordion-header\" id=\"accordion-69e0f15e20caa-heading\">\n            <button class=\"accordion-button collapsed\" type=\"button\" data-bs-toggle=\"collapse\" data-bs-target=\"#accordion-69e0f15e20caa-collapse\" aria-expanded=\"true\" aria-controls=\"accordion-69e0f15e20caa-collapse\">Reflecting sustainable craft\u00a0 \u00a0\u2013 308 <\/button>\n        <\/h2>\n        <div id=\"accordion-69e0f15e20caa-collapse\" class=\"accordion-collapse collapse\" aria-labelledby=\"accordion-69e0f15e20caa-heading\">\n            <div class=\"accordion-body\">\n\n<p>\n\t<strong>Niina V\u00e4\u00e4n\u00e4nen, University of Eastern Finland\u00a0\u00a0 <\/strong>\u00a0\n<\/p>\n<p>\n\t1. assingment: Take a picture of your own crafted product and be prepared to introduce it to your team members.\n<\/p>\n<p>\n\t2. assigment: Read the article by V\u00e4\u00e4n\u00e4nen, N., P\u00f6ll\u00e4nen, S., Kaipainen, M., &amp; Vartiainen, L. (2017) Sustainable craft in practice \u2013 from practice to theory, Craft Research, 8:2, 257-284.\u00a0<strong><a data-url=\"https:\/\/doi.org\/10.1386\/crre.8.2.257_1\" href=\"https:\/\/doi.org\/10.1386\/crre.8.2.257_1\" target=\"_blank\" title=\"\" rel=\"noopener\">https:\/\/doi.org\/10.1386\/crre.8.2.257_1<\/a>\u00a0<\/strong><br><\/p><\/div>\n        <\/div>\n        <\/div>\n    <\/div>\n\n<p>\n\t<\/p><div class=\"accordion mb-3\">\n        <div class=\"accordion-item accordion-item--white\">\n        <h2 class=\"accordion-header\" id=\"accordion-69e0f15e20cae-heading\">\n            <button class=\"accordion-button collapsed\" type=\"button\" data-bs-toggle=\"collapse\" data-bs-target=\"#accordion-69e0f15e20cae-collapse\" aria-expanded=\"true\" aria-controls=\"accordion-69e0f15e20cae-collapse\">Seeing is believing \u2013 promoting craft in social media \u2013 309\u00a0 \u00a0<\/button>\n        <\/h2>\n        <div id=\"accordion-69e0f15e20cae-collapse\" class=\"accordion-collapse collapse\" aria-labelledby=\"accordion-69e0f15e20cae-heading\">\n            <div class=\"accordion-body\">\n\n<p>\n\t<strong>Ester Magnusson, Uppsala University\u00a0\u00a0<\/strong> \u00a0\n<\/p>\n<p>\n\tBefore the seminar, consider the following questions and write down your thoughts and questions:\u00a0<br>What do you look for when viewing crafts on social media?\u00a0\n<\/p>\n<p>\n\tWhat do you think the people who would be interested in seeing your stuff would be looking for?\u00a0\n<\/p>\n<p>\n\tIf you saw something look easy on social media, how would that impact your perception of the craft?\n<\/p>\n<p>\n\tDo you think making stuff available creates an appreciation or a devaluing of the techniques?\u00a0\n<\/p>\n<p>\n\tWhen you post, do you want the focus to be on you (whether or not you are in the photo) or on the crafted object? Does it matter that you made it?\n<\/p>\n<p>\n\t<img loading=\"lazy\" decoding=\"async\" width=\"915\" height=\"1207\" class=\"alignnone wp-image-18\" src=\"https:\/\/sisu.ut.ee\/wp-content\/uploads\/sites\/620\/ester_crop.jpg\" title=\"Ester\" alt=\"Ester\" srcset=\"https:\/\/sisu.ut.ee\/wp-content\/uploads\/sites\/620\/ester_crop.jpg 915w, https:\/\/sisu.ut.ee\/wp-content\/uploads\/sites\/620\/ester_crop-227x300.jpg 227w, https:\/\/sisu.ut.ee\/wp-content\/uploads\/sites\/620\/ester_crop-776x1024.jpg 776w, https:\/\/sisu.ut.ee\/wp-content\/uploads\/sites\/620\/ester_crop-768x1013.jpg 768w\" sizes=\"auto, (max-width: 915px) 100vw, 915px\"><br><\/p><\/div>\n        <\/div>\n        <\/div>\n    <\/div>\n\n<p>\n\t<\/p><div class=\"accordion mb-3\">\n        <div class=\"accordion-item accordion-item--white\">\n        <h2 class=\"accordion-header\" id=\"accordion-69e0f15e20cb2-heading\">\n            <button class=\"accordion-button collapsed\" type=\"button\" data-bs-toggle=\"collapse\" data-bs-target=\"#accordion-69e0f15e20cb2-collapse\" aria-expanded=\"true\" aria-controls=\"accordion-69e0f15e20cb2-collapse\">Pushing the limits of traditional craft \u2013 307<\/button>\n        <\/h2>\n        <div id=\"accordion-69e0f15e20cb2-collapse\" class=\"accordion-collapse collapse\" aria-labelledby=\"accordion-69e0f15e20cb2-heading\">\n            <div class=\"accordion-body\">\n\n<p>\n\t<strong>Liisi Tamm ja Grete Lehemaa, Pallas UAS<\/strong>\n<\/p>\n<p>\n\t\u00a0\n<\/p>\n<p>\n\t<span style=\"background:white\"><span><span style=\"color:black\">In this seminar we will discuss local production and usage of wool. We will analyse material samples and talk about different possibilities of using locally sourced wool in our (craft)products.<\/span><\/span><\/span>\n<\/p>\n<p>\n\t<span style=\"background:white\"><span><span style=\"color:black\">1. For the seminar, please watch at least two World Hope Forum videos from the following: <\/span><\/span><\/span>\n<\/p>\n<p>\n\t<span style=\"background:white\"><a href=\"https:\/\/www.youtube.com\/watch?v=6iXnR4cHrl4\"><span style=\"color:#0000ff\">https:\/\/www.youtube.com\/watch?v=6iXnR4cHrl4<\/span><\/a><\/span>\n<\/p>\n<p>\n\t<span style=\"background:white\"><a href=\"https:\/\/www.youtube.com\/watch?v=DqDCcSy-DYw\"><span style=\"color:#0000ff\">https:\/\/www.youtube.com\/watch?v=DqDCcSy-DYw<\/span><\/a><\/span>\n<\/p>\n<p>\n\t<span style=\"background:white\"><a href=\"https:\/\/www.youtube.com\/watch?v=eFFi2SKQsII\"><span style=\"color:#0000ff\">https:\/\/www.youtube.com\/watch?v=eFFi2SKQsII<\/span><\/a><\/span>\n<\/p>\n<p>\n\t<span style=\"background:white\"><a href=\"https:\/\/www.youtube.com\/watch?v=aBgXJyhlFM8\"><span style=\"color:#0000ff\">https:\/\/www.youtube.com\/watch?v=aBgXJyhlFM8<\/span><\/a><\/span>\n<\/p>\n<p>\n\t<span style=\"background:white\"><a href=\"https:\/\/www.youtube.com\/watch?v=5IqDREAGLmk\"><span style=\"color:#0000ff\">https:\/\/www.youtube.com\/watch?v=5IqDREAGLmk<\/span><\/a><\/span>\n<\/p>\n<p>\n\t<span style=\"background:white\"><span><span style=\"color:black\">The videos are illustrating usage of wool and local productions (also from other materials) around the world.<\/span><\/span><\/span>\n<\/p>\n<p>\n\t<span style=\"background:white\"><span><span style=\"color:black\">2. Before the seminar, consider the following questions. <\/span><\/span><\/span>\n<\/p>\n<p>\n\t<span style=\"background:white\"><span><span style=\"color:black\">What wool-related problems could you point out (growing, producing, using, etc). Is wool as a material sustainable? In which areas could the wool still be used?<\/span><\/span><\/span>\n<\/p>\n<p>\n\t\u00a0\n<\/p>\n<p>\n\t<\/p><\/div>\n        <\/div>\n        <\/div>\n    <\/div>\n\n<p>\n\t<\/p><div class=\"accordion mb-3\">\n        <div class=\"accordion-item accordion-item--white\">\n        <h2 class=\"accordion-header\" id=\"accordion-69e0f15e20cb7-heading\">\n            <button class=\"accordion-button collapsed\" type=\"button\" data-bs-toggle=\"collapse\" data-bs-target=\"#accordion-69e0f15e20cb7-collapse\" aria-expanded=\"true\" aria-controls=\"accordion-69e0f15e20cb7-collapse\">Current trends in craft on social media \u2013 310 <\/button>\n        <\/h2>\n        <div id=\"accordion-69e0f15e20cb7-collapse\" class=\"accordion-collapse collapse\" aria-labelledby=\"accordion-69e0f15e20cb7-heading\">\n            <div class=\"accordion-body\">\n\n<p>\n\t<strong>Lars Runnquist, Gothenburg University<\/strong>\n<\/p>\n<p>\n\tStarting point for seminar\u00a0\n<\/p>\n<p>\n\t\u2022How is craft described on social media today?\n<\/p>\n<p>\n\t\u2022How is craft portrayed in relation to sustainability?\n<\/p>\n<p>\n\t\u2022What tendencies and buzz words do you find online?\n<\/p>\n<p>\n\t\u00a0\n<\/p>\n<p>\n\tSum up your findings in five to ten screen shots\/pictures &gt;\u00a0E-mail these to Lars,\u00a0<a href=\"mailto:lars.runnquist@conservation.gu.se\">lars.runnquist@conservation.gu.se<\/a>\n<\/p>\n<p>\n\t\u00a0\n<\/p>\n<p>\n\t\u2022Lars will put your pictures in a PowerPoint.\n<\/p>\n<p>\n\t\u2022We will discuss your findings together.\n<\/p>\n<p>\n\t\u2022Together we\u2019ll sum up the big picture on how craft is portrayed on social media today.\n<\/p>\n<p>\n\t\u2022The main ideas\/trends will be summed up together.\n<\/p>\n<p>\n\tRemember\u2026\n<\/p>\n<p>\n\t<img loading=\"lazy\" decoding=\"async\" width=\"914\" height=\"134\" class=\"alignnone wp-image-19\" src=\"https:\/\/sisu.ut.ee\/wp-content\/uploads\/sites\/620\/picture3.png\" title=\"pic\" alt=\"pic\" srcset=\"https:\/\/sisu.ut.ee\/wp-content\/uploads\/sites\/620\/picture3.png 914w, https:\/\/sisu.ut.ee\/wp-content\/uploads\/sites\/620\/picture3-300x44.png 300w, https:\/\/sisu.ut.ee\/wp-content\/uploads\/sites\/620\/picture3-768x113.png 768w\" sizes=\"auto, (max-width: 914px) 100vw, 914px\">\n<\/p>\n<p>\n\t<\/p><\/div>\n        <\/div>\n        <\/div>\n    <\/div>\n\n<p>\n\t<\/p><div class=\"accordion mb-3\">\n        <div class=\"accordion-item accordion-item--white\">\n        <h2 class=\"accordion-header\" id=\"accordion-69e0f15e20cb9-heading\">\n            <button class=\"accordion-button collapsed\" type=\"button\" data-bs-toggle=\"collapse\" data-bs-target=\"#accordion-69e0f15e20cb9-collapse\" aria-expanded=\"true\" aria-controls=\"accordion-69e0f15e20cb9-collapse\">Register for a seminar<\/button>\n        <\/h2>\n        <div id=\"accordion-69e0f15e20cb9-collapse\" class=\"accordion-collapse collapse\" aria-labelledby=\"accordion-69e0f15e20cb9-heading\">\n            <div class=\"accordion-body\">\n\n<p>\n\tYou can choose one seminar. The number of participants is limited.\u00a0<strong><a data-url=\"https:\/\/docs.google.com\/spreadsheets\/d\/1gu3CMFg5O_SD6d6EQbnBUGzxkrJWTyoBfxzNsBjYhJ8\/edit#gid=0\" href=\"https:\/\/docs.google.com\/spreadsheets\/d\/1gu3CMFg5O_SD6d6EQbnBUGzxkrJWTyoBfxzNsBjYhJ8\/edit#gid=0\" target=\"_blank\" title=\"Register here for seminar\" rel=\"noopener\">Register here for seminar<\/a><\/strong>\n<\/p>\n<p>\n\t<\/p><\/div>\n        <\/div>\n        <\/div>\n    <\/div>\n\n<p>\n\t\u00a0<\/p>\n","protected":false},"excerpt":{"rendered":"<p>On Tuesday, March 28\u00a0at 10-12, seminars in small groups will take place.\u00a0See the descriptions\u00a0below. Pay attention to the assignments and materials of the seminar. Craft and crafting \u2013 exploring spatial dimensions \u2013 304\u00a0 \u00a0 Elisabeth Gr\u00e4slund Berg, Uppsala University\u00a0\u00a0 \u00a0 &#8230;<\/p>\n","protected":false},"author":28,"featured_media":0,"parent":0,"menu_order":0,"comment_status":"closed","ping_status":"closed","template":"","meta":{"_acf_changed":false,"inline_featured_image":false,"footnotes":""},"class_list":["post-5","page","type-page","status-publish","hentry"],"acf":[],"_links":{"self":[{"href":"https:\/\/sisu.ut.ee\/craftsymposiummariestad\/wp-json\/wp\/v2\/pages\/5","targetHints":{"allow":["GET"]}}],"collection":[{"href":"https:\/\/sisu.ut.ee\/craftsymposiummariestad\/wp-json\/wp\/v2\/pages"}],"about":[{"href":"https:\/\/sisu.ut.ee\/craftsymposiummariestad\/wp-json\/wp\/v2\/types\/page"}],"author":[{"embeddable":true,"href":"https:\/\/sisu.ut.ee\/craftsymposiummariestad\/wp-json\/wp\/v2\/users\/28"}],"replies":[{"embeddable":true,"href":"https:\/\/sisu.ut.ee\/craftsymposiummariestad\/wp-json\/wp\/v2\/comments?post=5"}],"version-history":[{"count":1,"href":"https:\/\/sisu.ut.ee\/craftsymposiummariestad\/wp-json\/wp\/v2\/pages\/5\/revisions"}],"predecessor-version":[{"id":39,"href":"https:\/\/sisu.ut.ee\/craftsymposiummariestad\/wp-json\/wp\/v2\/pages\/5\/revisions\/39"}],"wp:attachment":[{"href":"https:\/\/sisu.ut.ee\/craftsymposiummariestad\/wp-json\/wp\/v2\/media?parent=5"}],"curies":[{"name":"wp","href":"https:\/\/api.w.org\/{rel}","templated":true}]}}