{"id":7,"date":"2024-04-04T04:54:24","date_gmt":"2024-04-04T01:54:24","guid":{"rendered":"https:\/\/sisu.ut.ee\/craftconference2019\/additional-events-and-sight-seeing\/"},"modified":"2024-04-04T04:56:13","modified_gmt":"2024-04-04T01:56:13","slug":"additional-events-and-sight-seeing","status":"publish","type":"page","link":"https:\/\/sisu.ut.ee\/craftconference2019\/additional-events-and-sight-seeing\/","title":{"rendered":"Additional events and sight seeing"},"content":{"rendered":"<p>\n\t\u00a0\n<\/p>\n<p>\n\t<strong>November\u00a0 7-10, 2019<\/strong>\n<\/p>\n<p>\n\tSt Martin\u2019s Fair (Mardilaat) in Tallinn, Saku Suurhall\n<\/p>\n<blockquote class=\"wp-embedded-content\" data-secret=\"huOREvwO6o\"><p><a href=\"https:\/\/folkart.ee\/uritused\/xxiii-mardilaat-saku-suurhallis-2\/\">XXIII Mardilaat Saku Suurhallis<\/a><\/p><\/blockquote>\n<p><div class=\"video-placeholder-wrapper video-placeholder-wrapper--fixed\" style=\"height: 282px;\">\n\t\t\t    <div class=\"video-placeholder d-flex justify-content-center align-items-center\">\n\t\t\t        <div class=\"overlay text-white p-2 w-100 text-center d-block justify-content-center align-items-center\">\n\t\t\t            <div>Kolmandate osapoolte sisu n\u00e4gemiseks palun n\u00f5ustu k\u00fcpsistega.<\/div>\n\t\t\t            <button class=\"btn btn-secondary btn-sm mt-1 consent-change\">Muuda n\u00f5usolekut<\/button>\n\t\t\t        <\/div>\n\t\t\t    <\/div>\n\t\t\t<\/div>\n\n<\/p>\n<p>\n\tDuring the conference a <strong>special exhibition<\/strong>\u00a0was\u00a0opened in the Kondas Centre.\n<\/p>\n<p>\n\t\u00a0\n<\/p>\n<p>\n\t<strong>November 14, 2019<\/strong>\n<\/p>\n<p>\n\tTour at Estonian National Museum in Tartu\n<\/p>\n<p>\n\t<em>Optional, organised by us, see further information from <a href=\"https:\/\/sisu.ut.ee\/craftconference2019\/tour-enm-nov-14\" target=\"_blank\" rel=\"noopener\">here<\/a><\/em>\n<\/p>\n<p>\n\t\u00a0<\/p>\n","protected":false},"excerpt":{"rendered":"<p>\u00a0 November\u00a0 7-10, 2019 St Martin\u2019s Fair (Mardilaat) in Tallinn, Saku Suurhall XXIII Mardilaat Saku Suurhallis Kolmandate osapoolte sisu n\u00e4gemiseks palun n\u00f5ustu k\u00fcpsistega. Muuda n\u00f5usolekut During the conference a special exhibition\u00a0was\u00a0opened in the Kondas Centre. \u00a0 November 14, 2019 Tour &#8230;<\/p>\n","protected":false},"author":181,"featured_media":0,"parent":0,"menu_order":0,"comment_status":"closed","ping_status":"closed","template":"","meta":{"_acf_changed":false,"inline_featured_image":false,"footnotes":""},"class_list":["post-7","page","type-page","status-publish","hentry"],"acf":[],"_links":{"self":[{"href":"https:\/\/sisu.ut.ee\/craftconference2019\/wp-json\/wp\/v2\/pages\/7","targetHints":{"allow":["GET"]}}],"collection":[{"href":"https:\/\/sisu.ut.ee\/craftconference2019\/wp-json\/wp\/v2\/pages"}],"about":[{"href":"https:\/\/sisu.ut.ee\/craftconference2019\/wp-json\/wp\/v2\/types\/page"}],"author":[{"embeddable":true,"href":"https:\/\/sisu.ut.ee\/craftconference2019\/wp-json\/wp\/v2\/users\/181"}],"replies":[{"embeddable":true,"href":"https:\/\/sisu.ut.ee\/craftconference2019\/wp-json\/wp\/v2\/comments?post=7"}],"version-history":[{"count":1,"href":"https:\/\/sisu.ut.ee\/craftconference2019\/wp-json\/wp\/v2\/pages\/7\/revisions"}],"predecessor-version":[{"id":156,"href":"https:\/\/sisu.ut.ee\/craftconference2019\/wp-json\/wp\/v2\/pages\/7\/revisions\/156"}],"wp:attachment":[{"href":"https:\/\/sisu.ut.ee\/craftconference2019\/wp-json\/wp\/v2\/media?parent=7"}],"curies":[{"name":"wp","href":"https:\/\/api.w.org\/{rel}","templated":true}]}}