{"id":9,"date":"2024-04-04T08:32:13","date_gmt":"2024-04-04T05:32:13","guid":{"rendered":"https:\/\/sisu.ut.ee\/craft\/2019-pt-sugiskool\/"},"modified":"2024-08-20T15:26:11","modified_gmt":"2024-08-20T12:26:11","slug":"2019-pt-sugiskool","status":"publish","type":"page","link":"https:\/\/sisu.ut.ee\/craft\/2019-pt-sugiskool\/","title":{"rendered":"2019 PT s\u00fcgiskool"},"content":{"rendered":"<h4>\u201cEi saa me l\u00e4bi L\u00e4tita\u2026\u201d<\/h4>\n<p><a title=\"\" href=\"https:\/\/www.facebook.com\/events\/746484375788159\" target=\"_blank\" rel=\"noopener\" data-url=\"https:\/\/www.facebook.com\/events\/746484375788159\">Kaheksas s\u00fcgiskool<\/a> tutvustas L\u00e4ti k\u00e4sit\u00f6\u00f6valdkondi ja kultuurip\u00e4randit, ilmestades seda nii tekstiili, puut\u00f6\u00f6, metallit\u00f6\u00f6 kui ka ehituse vaatenurgast. L\u00e4bi naaberrahva k\u00e4elise kultuuri tutvustamise m\u00f5testati Eesti k\u00e4sit\u00f6\u00f6valdkonda ning leiti senitajumata seoseid ja paralleele. Ajaloodoktor Anete Karlsone pidas loengu L\u00e4ti rahvar\u00f5ivaste ajaloolisest kujunemist ning erip\u00e4radest, lisaks sellele \u00f5petas ta huvilistele ka L\u00e4ti traditsioonilise kiriv\u00f6\u00f6 kudumist. Viiendat p\u00f5lve puidust vaatide ning t\u00fcnnide meisterdamisega tegelev Dins Sumerags r\u00e4\u00e4kis ameti ajaloost ning t\u00e4nap\u00e4evast. Rahvusliku metallit\u00f6\u00f6 eriala tudeng, praegune vilistlane Edvards Puciriuss tutvustas tood keskaegse turvise rekonstrueerimisel. Disainiajaloolane Ivar Sakk andis \u00fclevaate L\u00e4ti m\u00f5isatest, nende kujunemisest, \u00fchistest ja erinevatest joontest v\u00f5rreldes Eesti m\u00f5isatega. P\u00e4randtehnoloogia magistri\u00f5ppe vilistlane Monika Hint n\u00e4itas vurrpuuri kasutamise v\u00f5tteid luust esemete t\u00f6\u00f6tlemisel. Rahvusliku ehituse ning p\u00e4randtehnoloogia praegune vilistlane Malvo Tominga viis l\u00e4bi Dorodango t\u00f6\u00f6toa.<\/p>\n<p>S\u00fcgiskooli kavas olid j\u00e4rgnevad loengud:<br>\n\u201cL\u00e4ti rahvar\u00f5ivad\u201d ja \u201cL\u00e4ti traditsioonilise kiriv\u00f6\u00f6 kudumine\u201d Anete Karlsone<br>\n\u201cP\u00f5lise t\u00fcnnimeistri toimetustest\u201d Dins Sumerags<br>\n\u201cKeskaegse turvise t\u00e4nap\u00e4evane rekonstrueerimine\u201d Edvards Puciriuss<br>\n\u201cL\u00e4ti ja Eesti m\u00f5isad \u2013 sarnased v\u00f5i erinevad?\u201d Ivar Sakk<\/p>\n<p>S\u00fcgiskooli <a title=\"\" href=\"https:\/\/flickr.com\/photos\/184756568@N05\/albums\/72157711874253608\/with\/49098978173\/\" target=\"_blank\" rel=\"noopener\" data-url=\"https:\/\/flickr.com\/photos\/184756568@N05\/albums\/72157711874253608\/with\/49098978173\/\">j\u00e4\u00e4dvustas fotodele<\/a> Kerttu Kruusla.<\/p>\n<p><img loading=\"lazy\" decoding=\"async\" width=\"1810\" height=\"2560\" class=\"alignnone wp-image-86\" style=\"width: 424px; height: 600px;\" title=\"pt_sygiskool_2019_plakat.jpg\" src=\"https:\/\/sisu.ut.ee\/wp-content\/uploads\/sites\/619\/pt_sygiskool_2019_plakat-scaled.jpg\" alt=\"l\u00e4tita\" srcset=\"https:\/\/sisu.ut.ee\/wp-content\/uploads\/sites\/619\/pt_sygiskool_2019_plakat-scaled.jpg 1810w, https:\/\/sisu.ut.ee\/wp-content\/uploads\/sites\/619\/pt_sygiskool_2019_plakat-212x300.jpg 212w, https:\/\/sisu.ut.ee\/wp-content\/uploads\/sites\/619\/pt_sygiskool_2019_plakat-724x1024.jpg 724w, https:\/\/sisu.ut.ee\/wp-content\/uploads\/sites\/619\/pt_sygiskool_2019_plakat-768x1086.jpg 768w, https:\/\/sisu.ut.ee\/wp-content\/uploads\/sites\/619\/pt_sygiskool_2019_plakat-1086x1536.jpg 1086w, https:\/\/sisu.ut.ee\/wp-content\/uploads\/sites\/619\/pt_sygiskool_2019_plakat-1448x2048.jpg 1448w, https:\/\/sisu.ut.ee\/wp-content\/uploads\/sites\/619\/pt_sygiskool_2019_plakat-1920x2715.jpg 1920w\" sizes=\"auto, (max-width: 1810px) 100vw, 1810px\"><\/p>\n","protected":false},"excerpt":{"rendered":"<p>\u201cEi saa me l\u00e4bi L\u00e4tita\u2026\u201d Kaheksas s\u00fcgiskool tutvustas L\u00e4ti k\u00e4sit\u00f6\u00f6valdkondi ja kultuurip\u00e4randit, ilmestades seda nii tekstiili, puut\u00f6\u00f6, metallit\u00f6\u00f6 kui ka ehituse vaatenurgast. L\u00e4bi naaberrahva k\u00e4elise kultuuri tutvustamise m\u00f5testati Eesti k\u00e4sit\u00f6\u00f6valdkonda ning leiti senitajumata seoseid ja paralleele. Ajaloodoktor Anete Karlsone pidas &#8230;<\/p>\n","protected":false},"author":274,"featured_media":0,"parent":0,"menu_order":0,"comment_status":"closed","ping_status":"closed","template":"","meta":{"_acf_changed":false,"inline_featured_image":false,"footnotes":""},"class_list":["post-9","page","type-page","status-publish","hentry"],"acf":[],"_links":{"self":[{"href":"https:\/\/sisu.ut.ee\/craft\/wp-json\/wp\/v2\/pages\/9","targetHints":{"allow":["GET"]}}],"collection":[{"href":"https:\/\/sisu.ut.ee\/craft\/wp-json\/wp\/v2\/pages"}],"about":[{"href":"https:\/\/sisu.ut.ee\/craft\/wp-json\/wp\/v2\/types\/page"}],"author":[{"embeddable":true,"href":"https:\/\/sisu.ut.ee\/craft\/wp-json\/wp\/v2\/users\/274"}],"replies":[{"embeddable":true,"href":"https:\/\/sisu.ut.ee\/craft\/wp-json\/wp\/v2\/comments?post=9"}],"version-history":[{"count":2,"href":"https:\/\/sisu.ut.ee\/craft\/wp-json\/wp\/v2\/pages\/9\/revisions"}],"predecessor-version":[{"id":456,"href":"https:\/\/sisu.ut.ee\/craft\/wp-json\/wp\/v2\/pages\/9\/revisions\/456"}],"wp:attachment":[{"href":"https:\/\/sisu.ut.ee\/craft\/wp-json\/wp\/v2\/media?parent=9"}],"curies":[{"name":"wp","href":"https:\/\/api.w.org\/{rel}","templated":true}]}}