{"id":820,"date":"2026-02-03T17:15:49","date_gmt":"2026-02-03T15:15:49","guid":{"rendered":"https:\/\/sisu.ut.ee\/craft\/?page_id=820"},"modified":"2026-02-19T14:36:11","modified_gmt":"2026-02-19T12:36:11","slug":"kulo-sugiskool-2025","status":"publish","type":"page","link":"https:\/\/sisu.ut.ee\/craft\/kulo-sugiskool-2025\/","title":{"rendered":"2025 KULO s\u00fcgiskool"},"content":{"rendered":"<h4 class=\"wp-block-heading has-extra-large-font-size\">\u201cElu p\u00e4rast\u201d<\/h4>\n\n\n\n<p>17.\u201318. oktoober\u00a02025 toimus\u00a0M\u00e4nniku Metsatalus\u00a0kultuurip\u00e4randi loovrakenduse\u00a0s\u00fcgiskool <a href=\"https:\/\/viljandi.ut.ee\/et\/sisu\/kultuuriparandi-loovrakenduste-sugiskool-2025-elu-parast\" target=\"_blank\" rel=\"noreferrer noopener\">teemal\u00a0\u201eElu p\u00e4rast\u201c<\/a>. S\u00fcgiskooli avatud seminaris m\u00f5testati v\u00f5imalikke tulevikustsenaariumeid: elu p\u00e4rast elektrit, kapitalismi v\u00f5i keskkonnakriisi \u2013 aga ka elu s\u00e4ilimise nimel. Fookuses oli k\u00fcsimus, millist rolli m\u00e4ngib p\u00e4rand \u2013 oskused, teadmised, materjalid ja kogukonnad \u2013 olukordades, kus harjumusp\u00e4rased s\u00fcsteemid ei pruugi enam toimida.\u00a0<br>Igal s\u00fcgisel toimuv\u00a0kool tutvustab p\u00e4randtehnoloogiaid, tugevdades sidet vaimse ja k\u00e4elise p\u00e4rimuse vahel ning soodustab loovate ja praktiliste teadmiste vahetust, samuti uurib, kuidas traditsioonilised teadmised ja loovad lahendused meid tulevikus toetavad.\u00a0<\/p>\n\n\n\n<p>Kavas olid j\u00e4rgnevad ettekanded, millest osad on ka j\u00e4relvaadetavad.<\/p>\n\n\n\n<p>Markus Pau, p\u00e4randehitaja. <a href=\"https:\/\/uttv.ee\/naita?id=39077\" target=\"_blank\" rel=\"noreferrer noopener\">\u201cKiukanep \u2013 traditsiooniline k\u00e4sit\u00f6\u00f6materjal, innovaatiline ehitusmaterjal\u201d<\/a><br>Rea Sepping, maastikuarhitekt, v\u00e4iketalupidaja, tasaarengu eestk\u00f5neleja. <a href=\"https:\/\/uttv.ee\/naita?id=39097\" target=\"_blank\" rel=\"noreferrer noopener\">\u201dJ\u00e4tkusuutlik v\u00e4iketalupidamine\u201d<\/a><br>Margus Ott, filosoof ja kirjanik. <a href=\"https:\/\/uttv.ee\/naita?id=39098\" target=\"_blank\" rel=\"noreferrer noopener\">\u201cKas on elu p\u00e4rast kapitalismi?\u201d<\/a><br>videvikupidamine jutuvestja Piret P\u00e4\u00e4riga. \u201dVanade rahvajuttude uus elu\u201d<br>klaashelmeste valmistamine viikingiaegse ahjuga klaasikunstnik Margit Randm\u00e4e juhendamisel<br>kogemuslik korilusmatk Maarja \u00d5unastega. \u201dMetsikud s\u00f6\u00f6davad taimed looduses\u201d<br>Triin Pruul, loovterapeut. Loeng ja t\u00f6\u00f6tuba teemal <a href=\"https:\/\/uttv.ee\/naita?id=39099\" target=\"_blank\" rel=\"noreferrer noopener\">\u201cLoodusp\u00f5hine loovteraapia. Looduskeskkonna ja looduslike materjalide kaasamisest kunstiteraapia protsessi\u201d<\/a><br>Margus Ott. Raamatu <a href=\"https:\/\/uttv.ee\/naita?id=39100\" target=\"_blank\" rel=\"noreferrer noopener\">\u201cK\u00e4sit\u00f6\u00f6filosoofia, filosoofiak\u00e4sit\u00f6\u00f6\u201d esitlus<\/a><\/p>\n\n\n\n<figure class=\"wp-block-image size-large\"><img loading=\"lazy\" decoding=\"async\" width=\"1024\" height=\"576\" src=\"https:\/\/sisu.ut.ee\/wp-content\/uploads\/sites\/619\/KULO2025-1024x576.png\" alt=\"\" class=\"wp-image-827\" srcset=\"https:\/\/sisu.ut.ee\/wp-content\/uploads\/sites\/619\/KULO2025-1024x576.png 1024w, https:\/\/sisu.ut.ee\/wp-content\/uploads\/sites\/619\/KULO2025-300x169.png 300w, https:\/\/sisu.ut.ee\/wp-content\/uploads\/sites\/619\/KULO2025-768x432.png 768w, https:\/\/sisu.ut.ee\/wp-content\/uploads\/sites\/619\/KULO2025.png 1280w\" sizes=\"auto, (max-width: 1024px) 100vw, 1024px\"><\/figure>\n","protected":false},"excerpt":{"rendered":"<p>\u201cElu p\u00e4rast\u201d 17.\u201318. oktoober\u00a02025 toimus\u00a0M\u00e4nniku Metsatalus\u00a0kultuurip\u00e4randi loovrakenduse\u00a0s\u00fcgiskool teemal\u00a0\u201eElu p\u00e4rast\u201c. S\u00fcgiskooli avatud seminaris m\u00f5testati v\u00f5imalikke tulevikustsenaariumeid: elu p\u00e4rast elektrit, kapitalismi v\u00f5i keskkonnakriisi \u2013 aga ka elu s\u00e4ilimise nimel. Fookuses oli k\u00fcsimus, millist rolli m\u00e4ngib p\u00e4rand \u2013 oskused, teadmised, materjalid ja kogukonnad &#8230;<\/p>\n","protected":false},"author":274,"featured_media":0,"parent":0,"menu_order":0,"comment_status":"closed","ping_status":"closed","template":"","meta":{"_acf_changed":false,"inline_featured_image":false,"footnotes":""},"class_list":["post-820","page","type-page","status-publish","hentry"],"acf":[],"_links":{"self":[{"href":"https:\/\/sisu.ut.ee\/craft\/wp-json\/wp\/v2\/pages\/820","targetHints":{"allow":["GET"]}}],"collection":[{"href":"https:\/\/sisu.ut.ee\/craft\/wp-json\/wp\/v2\/pages"}],"about":[{"href":"https:\/\/sisu.ut.ee\/craft\/wp-json\/wp\/v2\/types\/page"}],"author":[{"embeddable":true,"href":"https:\/\/sisu.ut.ee\/craft\/wp-json\/wp\/v2\/users\/274"}],"replies":[{"embeddable":true,"href":"https:\/\/sisu.ut.ee\/craft\/wp-json\/wp\/v2\/comments?post=820"}],"version-history":[{"count":6,"href":"https:\/\/sisu.ut.ee\/craft\/wp-json\/wp\/v2\/pages\/820\/revisions"}],"predecessor-version":[{"id":868,"href":"https:\/\/sisu.ut.ee\/craft\/wp-json\/wp\/v2\/pages\/820\/revisions\/868"}],"wp:attachment":[{"href":"https:\/\/sisu.ut.ee\/craft\/wp-json\/wp\/v2\/media?parent=820"}],"curies":[{"name":"wp","href":"https:\/\/api.w.org\/{rel}","templated":true}]}}