{"id":8,"date":"2024-04-04T08:32:13","date_gmt":"2024-04-04T05:32:13","guid":{"rendered":"https:\/\/sisu.ut.ee\/craft\/2020-kulo-sugiskool\/"},"modified":"2024-08-20T15:24:56","modified_gmt":"2024-08-20T12:24:56","slug":"2020-kulo-sugiskool","status":"publish","type":"page","link":"https:\/\/sisu.ut.ee\/craft\/2020-kulo-sugiskool\/","title":{"rendered":"2020 KULO s\u00fcgiskool"},"content":{"rendered":"<h4>\u201cKus me kolmi kokku saame?\u201d<\/h4>\n<p>Varasemalt p\u00e4randtehnoloogia s\u00fcgiskooli nime all tuntud s\u00fcndmus toimus \u00fcheksandat korda ja seekord koos p\u00e4rimusmuusikutega. <a title=\"\" href=\"https:\/\/www.facebook.com\/events\/2635222740124817\" target=\"_blank\" rel=\"noopener\" data-url=\"https:\/\/www.facebook.com\/events\/2635222740124817\">S\u00fcgiskooli<\/a> eesm\u00e4rk oli pakkuda arutlusi p\u00e4randk\u00e4sit\u00f6\u00f6, p\u00e4rimusmuusika ja pillivalmistamise \u00fchisjoonte \u00fcle. Ettekanded-arutelud l\u00e4htusid \u00fcheltpoolt lihtsatest k\u00fcsimustest, nagu kas palkehitusel ja parmupillil on midagi \u00fchist, kuid lahati ka keerulisemaid teemasid, nt kuidas k\u00e4elist ja muusikalist p\u00e4randit uurida ja kaasaega tuua? Mis \u00fcldse on p\u00e4rand ja p\u00e4rimus?<br>\nAkadeemilise s\u00f5pruskohtumise l\u00f5\u00f5gastavamad hetked j\u00f5udsid k\u00e4tte esimese p\u00e4eva \u00f5htul, kui toimus legendaarse kudumisv\u00f5istluse \u201cK\u00e4i ja koo\u201d eriv\u00f5istlus ning peale seda \u00f6\u00f6matk l\u00e4hematel metsaradadel ja allika juurde, tee peal sai mitmeid p\u00f5nevaid \u00fclesandeid lahendada, neist meeleolukaim oli kurjade metsn\u00f5idade peletamine laulu abil. Peale matkalt saabumist veedeti videvikutunnid suitsu- ja soome saunas. Uue p\u00e4eva hommiku sisustasid p\u00e4rimusmuusikud Villu ja Eeva Talsi enda kogemustest p\u00e4rimusmuusikutena r\u00e4\u00e4kimisega ning viisid l\u00e4bi p\u00f5neva p\u00e4rimustantsu \u00f5pitoa, mis piltlikustas p\u00e4rimuskultuuri v\u00f5rratut varieeruvust labajala r\u00fctmiv\u00f5imaluste ja muusika vaheliste seoste n\u00e4itel. S\u00fcgiskooli l\u00f5petas sillaseminar, mil k\u00f5ik kohalviibijad said arutleda p\u00e4rimusmuusika ja p\u00e4randtehnoloogia kokkupuutepunktide \u00fcle.<\/p>\n<p>S\u00fcgiskooli kavas olid j\u00e4rgnevad loengud:<br>\n\u201eP\u00e4rimusmuusika uurimise erip\u00e4radest\u201c Celia Roose<br>\n\u201eP\u00e4randkultuuri terminoloogia\u201c Marja-Leena Jaanus<br>\n\u201eP\u00e4rimusmuusika\u201c C\u00e4tlin M\u00e4gi<br>\n\u201eArheoloogilised luust vilepillid: seosed materjali, tehnika ja heli vahel\u201c Madli Oras<br>\n\u201eP\u00e4rimuspulm t\u00e4nap\u00e4eval\u201c Liis Burk<br>\n\u201eP\u00e4rimusmuusikast t\u00e4nap\u00e4eva-muusiku kogemuses\u201c Eeva Talsi ja Villu Talsi<br>\nP\u00e4rimusmuusikute, pillimeistrite ja p\u00e4randtehnoloogide sillaseminar, modereeris Ave Matsin.<\/p>\n<p><img loading=\"lazy\" decoding=\"async\" width=\"1820\" height=\"1206\" class=\"alignnone wp-image-85\" style=\"width: 850px; height: 563px;\" title=\"kultuuriparandi_sugiskool_2020_veeb.png\" src=\"https:\/\/sisu.ut.ee\/wp-content\/uploads\/sites\/619\/kultuuriparandi_sugiskool_2020_veeb.png\" alt=\"kolmi kokku\" srcset=\"https:\/\/sisu.ut.ee\/wp-content\/uploads\/sites\/619\/kultuuriparandi_sugiskool_2020_veeb.png 1820w, https:\/\/sisu.ut.ee\/wp-content\/uploads\/sites\/619\/kultuuriparandi_sugiskool_2020_veeb-300x199.png 300w, https:\/\/sisu.ut.ee\/wp-content\/uploads\/sites\/619\/kultuuriparandi_sugiskool_2020_veeb-1024x679.png 1024w, https:\/\/sisu.ut.ee\/wp-content\/uploads\/sites\/619\/kultuuriparandi_sugiskool_2020_veeb-768x509.png 768w, https:\/\/sisu.ut.ee\/wp-content\/uploads\/sites\/619\/kultuuriparandi_sugiskool_2020_veeb-1536x1018.png 1536w\" sizes=\"auto, (max-width: 1820px) 100vw, 1820px\"><\/p>\n","protected":false},"excerpt":{"rendered":"<p>\u201cKus me kolmi kokku saame?\u201d Varasemalt p\u00e4randtehnoloogia s\u00fcgiskooli nime all tuntud s\u00fcndmus toimus \u00fcheksandat korda ja seekord koos p\u00e4rimusmuusikutega. S\u00fcgiskooli eesm\u00e4rk oli pakkuda arutlusi p\u00e4randk\u00e4sit\u00f6\u00f6, p\u00e4rimusmuusika ja pillivalmistamise \u00fchisjoonte \u00fcle. Ettekanded-arutelud l\u00e4htusid \u00fcheltpoolt lihtsatest k\u00fcsimustest, nagu kas palkehitusel ja parmupillil &#8230;<\/p>\n","protected":false},"author":274,"featured_media":0,"parent":0,"menu_order":0,"comment_status":"closed","ping_status":"closed","template":"","meta":{"_acf_changed":false,"inline_featured_image":false,"footnotes":""},"class_list":["post-8","page","type-page","status-publish","hentry"],"acf":[],"_links":{"self":[{"href":"https:\/\/sisu.ut.ee\/craft\/wp-json\/wp\/v2\/pages\/8","targetHints":{"allow":["GET"]}}],"collection":[{"href":"https:\/\/sisu.ut.ee\/craft\/wp-json\/wp\/v2\/pages"}],"about":[{"href":"https:\/\/sisu.ut.ee\/craft\/wp-json\/wp\/v2\/types\/page"}],"author":[{"embeddable":true,"href":"https:\/\/sisu.ut.ee\/craft\/wp-json\/wp\/v2\/users\/274"}],"replies":[{"embeddable":true,"href":"https:\/\/sisu.ut.ee\/craft\/wp-json\/wp\/v2\/comments?post=8"}],"version-history":[{"count":2,"href":"https:\/\/sisu.ut.ee\/craft\/wp-json\/wp\/v2\/pages\/8\/revisions"}],"predecessor-version":[{"id":455,"href":"https:\/\/sisu.ut.ee\/craft\/wp-json\/wp\/v2\/pages\/8\/revisions\/455"}],"wp:attachment":[{"href":"https:\/\/sisu.ut.ee\/craft\/wp-json\/wp\/v2\/media?parent=8"}],"curies":[{"name":"wp","href":"https:\/\/api.w.org\/{rel}","templated":true}]}}