{"id":78,"date":"2024-04-04T08:32:21","date_gmt":"2024-04-04T05:32:21","guid":{"rendered":"https:\/\/sisu.ut.ee\/craft\/avaleht\/"},"modified":"2024-08-20T06:56:37","modified_gmt":"2024-08-20T03:56:37","slug":"avaleht","status":"publish","type":"page","link":"https:\/\/sisu.ut.ee\/craft\/","title":{"rendered":"Avaleht"},"content":{"rendered":"<h2 style=\"text-align: justify;\">T\u00dc Viljandi kultuuriakadeemia p\u00e4randtehnoloogia<\/h2>\n<p style=\"text-align: justify;\"><span style=\"font-size: 14px;\">Viljandi Kultuuriakadeemia on osa Tartu \u00dclikoolist, mis kuulub maailma parimate \u00fclikoolide nimistusse. Kultuurip\u00e4randile toetuva k\u00f5rghariduse andmise k\u00f5rval toimub siin j\u00e4rjepidev erialane teadus- ja loomet\u00f6\u00f6. Akadeemilist \u00f5pet t\u00e4iendavad erinevad s\u00fcndmused ja projektid, samuti valdkondade\u00fclene ja rahvusvaheline koost\u00f6\u00f6.<br>\nLisaks p\u00e4evakajalistele ettev\u00f5tmistele koondab k\u00e4esolev veebileht l\u00e4bil\u00f5iget p\u00e4randtehnoloogia valdkonna tegemistest alates aastast 1994, mil avati esimene p\u00e4randtehnoloogia eriala \u00f5ppekava \u2013 talukujundus ja rahvuslik k\u00e4sit\u00f6\u00f6.<\/span><\/p>\n<p style=\"text-align: right;\"><span style=\"font-size: 14px;\"><em>Metallist k\u00e4ev\u00f5ru valmistamine, foto autor Kerttu Kruusla.<\/em><\/span><\/p>\n<p style=\"text-align: justify;\"><img loading=\"lazy\" decoding=\"async\" width=\"2048\" height=\"1365\" class=\"alignnone wp-image-164\" style=\"height: 733px; float: left; width: 1100px;\" title=\"metallitoo_craftsymp_foto_kerttu_kruusla.jpg\" src=\"https:\/\/sisu.ut.ee\/wp-content\/uploads\/sites\/619\/metallitoo_craftsymp_foto_kerttu_kruusla.jpg\" alt=\"Metallit\u00f6\u00f6\" srcset=\"https:\/\/sisu.ut.ee\/wp-content\/uploads\/sites\/619\/metallitoo_craftsymp_foto_kerttu_kruusla.jpg 2048w, https:\/\/sisu.ut.ee\/wp-content\/uploads\/sites\/619\/metallitoo_craftsymp_foto_kerttu_kruusla-300x200.jpg 300w, https:\/\/sisu.ut.ee\/wp-content\/uploads\/sites\/619\/metallitoo_craftsymp_foto_kerttu_kruusla-1024x683.jpg 1024w, https:\/\/sisu.ut.ee\/wp-content\/uploads\/sites\/619\/metallitoo_craftsymp_foto_kerttu_kruusla-768x512.jpg 768w, https:\/\/sisu.ut.ee\/wp-content\/uploads\/sites\/619\/metallitoo_craftsymp_foto_kerttu_kruusla-1536x1024.jpg 1536w, https:\/\/sisu.ut.ee\/wp-content\/uploads\/sites\/619\/metallitoo_craftsymp_foto_kerttu_kruusla-1920x1280.jpg 1920w\" sizes=\"auto, (max-width: 2048px) 100vw, 2048px\"><\/p>\n","protected":false},"excerpt":{"rendered":"<p>T\u00dc Viljandi kultuuriakadeemia p\u00e4randtehnoloogia Viljandi Kultuuriakadeemia on osa Tartu \u00dclikoolist, mis kuulub maailma parimate \u00fclikoolide nimistusse. Kultuurip\u00e4randile toetuva k\u00f5rghariduse andmise k\u00f5rval toimub siin j\u00e4rjepidev erialane teadus- ja loomet\u00f6\u00f6. Akadeemilist \u00f5pet t\u00e4iendavad erinevad s\u00fcndmused ja projektid, samuti valdkondade\u00fclene ja rahvusvaheline koost\u00f6\u00f6. &#8230;<\/p>\n","protected":false},"author":274,"featured_media":0,"parent":0,"menu_order":0,"comment_status":"closed","ping_status":"closed","template":"","meta":{"_acf_changed":false,"inline_featured_image":false,"footnotes":""},"class_list":["post-78","page","type-page","status-publish","hentry"],"acf":[],"_links":{"self":[{"href":"https:\/\/sisu.ut.ee\/craft\/wp-json\/wp\/v2\/pages\/78","targetHints":{"allow":["GET"]}}],"collection":[{"href":"https:\/\/sisu.ut.ee\/craft\/wp-json\/wp\/v2\/pages"}],"about":[{"href":"https:\/\/sisu.ut.ee\/craft\/wp-json\/wp\/v2\/types\/page"}],"author":[{"embeddable":true,"href":"https:\/\/sisu.ut.ee\/craft\/wp-json\/wp\/v2\/users\/274"}],"replies":[{"embeddable":true,"href":"https:\/\/sisu.ut.ee\/craft\/wp-json\/wp\/v2\/comments?post=78"}],"version-history":[{"count":5,"href":"https:\/\/sisu.ut.ee\/craft\/wp-json\/wp\/v2\/pages\/78\/revisions"}],"predecessor-version":[{"id":386,"href":"https:\/\/sisu.ut.ee\/craft\/wp-json\/wp\/v2\/pages\/78\/revisions\/386"}],"wp:attachment":[{"href":"https:\/\/sisu.ut.ee\/craft\/wp-json\/wp\/v2\/media?parent=78"}],"curies":[{"name":"wp","href":"https:\/\/api.w.org\/{rel}","templated":true}]}}