{"id":77,"date":"2024-04-04T08:32:21","date_gmt":"2024-04-04T05:32:21","guid":{"rendered":"https:\/\/sisu.ut.ee\/craft\/studia-vernacula\/"},"modified":"2026-01-25T15:50:59","modified_gmt":"2026-01-25T13:50:59","slug":"studia-vernacula","status":"publish","type":"page","link":"https:\/\/sisu.ut.ee\/craft\/studia-vernacula\/","title":{"rendered":"Studia Vernacula"},"content":{"rendered":"<p style=\"text-align: justify;\"><img loading=\"lazy\" decoding=\"async\" width=\"2560\" height=\"1708\" class=\"alignnone wp-image-163\" style=\"width: 300px; height: 200px; margin: 12px; float: right;\" title=\"Foto autor Maritta Anton\" src=\"https:\/\/sisu.ut.ee\/wp-content\/uploads\/sites\/619\/sv_by_maritta_anton-scaled.jpg\" alt=\"sv\" srcset=\"https:\/\/sisu.ut.ee\/wp-content\/uploads\/sites\/619\/sv_by_maritta_anton-scaled.jpg 2560w, https:\/\/sisu.ut.ee\/wp-content\/uploads\/sites\/619\/sv_by_maritta_anton-300x200.jpg 300w, https:\/\/sisu.ut.ee\/wp-content\/uploads\/sites\/619\/sv_by_maritta_anton-1024x683.jpg 1024w, https:\/\/sisu.ut.ee\/wp-content\/uploads\/sites\/619\/sv_by_maritta_anton-768x512.jpg 768w, https:\/\/sisu.ut.ee\/wp-content\/uploads\/sites\/619\/sv_by_maritta_anton-1536x1025.jpg 1536w, https:\/\/sisu.ut.ee\/wp-content\/uploads\/sites\/619\/sv_by_maritta_anton-2048x1366.jpg 2048w, https:\/\/sisu.ut.ee\/wp-content\/uploads\/sites\/619\/sv_by_maritta_anton-1920x1281.jpg 1920w\" sizes=\"auto, (max-width: 2560px) 100vw, 2560px\">Studia Vernacula sari avaldab k\u00e4sit\u00f6\u00f6d ja p\u00e4randtehnoloogiat k\u00e4sitlevaid teadust\u00f6id, et pakkuda p\u00e4randtehnoloogilisele m\u00f5ttele akadeemilist foorumit.<\/p>\n<p style=\"text-align: justify;\">Studia Vernacula eesm\u00e4rk on avaldada k\u00f5rgetasemelisi k\u00e4sit\u00f6\u00f6teaduslikke publikatsioone, arendades seel\u00e4bi eestikeelset teadus- ja erialadiskursust. Lisaks avaldatakse \u00fclevaateartikleid, arvustusi ning teisi uurimuslikke kirjutisi. Laiendatud ingliskeelsete sisukokkuv\u00f5tete kaudu tutvustab ajakiri Eesti k\u00e4sit\u00f6\u00f6- ning rahvusteaduslikke uurimusi ka rahvusvahelisele uurijate ja praktikute ringile.<\/p>\n<p style=\"text-align: justify;\">Studia Vernacula peamine sihtgrupp on akadeemilise taustaga k\u00e4sit\u00f6\u00f6praktikud ning naaberteaduste uurijad. Ajakirja p\u00f5hiartiklid ning praktikapeegli rubriigi kaast\u00f6\u00f6d on kirjutatud enamjaolt T\u00dc Viljandi kultuuriakadeemia p\u00e4randtehnoloogia \u00f5ppekavade raames valmivate uurimist\u00f6\u00f6de p\u00f5hjal. Teoreetiline t\u00f5lkeartikkel valitakse igasse numbrisse v\u00e4lja toimetuskolleegiumi ettepanekul ning tegevtoimetuse, erialakonsultantide ja osakonna \u00f5ppej\u00f5udude koostoos.<\/p>\n<p style=\"text-align: justify;\"><strong>V\u00e4ljaandja<\/strong><br>\nTartu \u00dclikooli Viljandi kultuuriakadeemia<\/p>\n<p style=\"text-align: justify;\"><strong>Toimetus<\/strong><br>\nPeatoimetaja: Jana Reidla<br>\nSisutoimetajad: Madis Arukask, Ave Matsin, Jana Reidla, Leele V\u00e4lja<br>\nKeeletoimetaja: Milvi Martina Piir<br>\nTegevtoimetaja: Madis Rennu<br>\nProjektijuht: Lembe Lahtmaa<br>\nInglise keele toimetaja: Daniel Edward Allen<br>\nInglise keele t\u00f5lked: Anu Kannike, Tiina M\u00e4llo<br>\nK\u00fcljendus ja kujundus: Lepp&amp;Nagel O\u00dc<\/p>\n<p style=\"text-align: justify;\"><strong>Levitaja<\/strong><br>\nSaarakiri O\u00dc<\/p>\n<ul>\n<li style=\"text-align: justify;\"><a title=\"\" href=\"https:\/\/epood.saara.ee\/toode\/raamatud\/kasitooteadus\" target=\"_blank\" rel=\"noopener\" data-url=\"https:\/\/epood.saara.ee\/toode\/raamatud\/kasitooteadus\">Telli endale Studia Vernacula ajakiri<\/a><\/li>\n<li style=\"text-align: justify;\"><a title=\"\" href=\"https:\/\/viljandi.ut.ee\/et\/sisu\/studia-vernacula-autorijuhend\" target=\"_blank\" rel=\"noopener\" data-url=\"https:\/\/viljandi.ut.ee\/et\/sisu\/studia-vernacula-autorijuhend\">Studia Vernacula autorijuhend<\/a><\/li>\n<\/ul>\n<h4>Ilmunud v\u00e4ljaanded<\/h4>\n<p>2025: <a href=\"https:\/\/ojs.utlib.ee\/index.php\/SV\/issue\/view\/2023\" target=\"_blank\" rel=\"noopener\">\u201cPuust ja punaseks \/ Hands on\u201d<\/a><br>\n2024: <a href=\"https:\/\/ojs.utlib.ee\/index.php\/SV\/issue\/view\/1928\" target=\"_blank\" rel=\"noopener\">\u201cKultuurip\u00e4randi loomine \/ Making cultural heritage\u201d<\/a><br>\n2023: <a href=\"https:\/\/doi.org\/10.12697\/sv.2023.15\" target=\"_blank\" rel=\"noopener\">\u201c\u00dcmber telje \/ On the Loom\u201d<\/a><br>\n2022: <a title=\"\" href=\"https:\/\/ojs.utlib.ee\/index.php\/SV\/issue\/view\/1641\" target=\"_blank\" rel=\"noopener\" data-url=\"https:\/\/ojs.utlib.ee\/index.php\/SV\/issue\/view\/1641\">\u201cKelle p\u00e4rand? \/ Whose heritage?\u201d<\/a><br>\n2021: <a title=\"\" href=\"https:\/\/ojs.utlib.ee\/index.php\/SV\/issue\/view\/1295\" target=\"_blank\" rel=\"noopener\" data-url=\"https:\/\/ojs.utlib.ee\/index.php\/SV\/issue\/view\/1295\">\u201cLuubi all \/ Zoom in\u201c<\/a><br>\n2020: \u201c<a title=\"\" href=\"https:\/\/ojs.utlib.ee\/index.php\/SV\/issue\/view\/1223\" target=\"_blank\" rel=\"noopener\" data-url=\"https:\/\/ojs.utlib.ee\/index.php\/SV\/issue\/view\/1223\">Vaata ringi \/ Look Around\u201c<\/a><br>\n2019: <a title=\"\" href=\"https:\/\/ojs.utlib.ee\/index.php\/SV\/issue\/view\/1229\" target=\"_blank\" rel=\"noopener\" data-url=\"https:\/\/ojs.utlib.ee\/index.php\/SV\/issue\/view\/1229\">\u201cStudying Estonian Heritage Craft Technologies\u201d<\/a><br>\n2019:\u00a0 <a title=\"\" href=\"https:\/\/ojs.utlib.ee\/index.php\/SV\/issue\/view\/1220\" target=\"_blank\" rel=\"noopener\" data-url=\"https:\/\/ojs.utlib.ee\/index.php\/SV\/issue\/view\/1220\">\u201cAsja uuritakse \/ All things considered\u201c<\/a><br>\n2018: <a title=\"\" href=\"https:\/\/ojs.utlib.ee\/index.php\/SV\/issue\/view\/1219\" target=\"_blank\" rel=\"noopener\" data-url=\"https:\/\/ojs.utlib.ee\/index.php\/SV\/issue\/view\/1219\">\u201cEsemete elulood \/Object Biographies\u201d<\/a><br>\n2017: <a title=\"\" href=\"https:\/\/ojs.utlib.ee\/index.php\/SV\/issue\/view\/969\" target=\"_blank\" rel=\"noopener\" data-url=\"https:\/\/ojs.utlib.ee\/index.php\/SV\/issue\/view\/969\">\u201cLeivanumber \/ Breadwinner\u201d<\/a><br>\n2016: <a title=\"\" href=\"https:\/\/ojs.utlib.ee\/index.php\/SV\/issue\/view\/890\" target=\"_blank\" rel=\"noopener\" data-url=\"https:\/\/ojs.utlib.ee\/index.php\/SV\/issue\/view\/890\">\u201cK\u00e4ekirjad \/ The Scripts of Crafts\u201c<\/a><br>\n2015: <a title=\"\" href=\"https:\/\/ojs.utlib.ee\/index.php\/SV\/issue\/view\/844\" target=\"_blank\" rel=\"noopener\" data-url=\"https:\/\/ojs.utlib.ee\/index.php\/SV\/issue\/view\/844\">\u201cSilmn\u00e4htav \/ The Manifest\u201c<\/a><br>\n2014: <a title=\"\" href=\"https:\/\/ojs.utlib.ee\/index.php\/SV\/issue\/view\/846\" target=\"_blank\" rel=\"noopener\" data-url=\"https:\/\/ojs.utlib.ee\/index.php\/SV\/issue\/view\/846\">\u201cK\u00e4egakatsutav \/ The Tangible\u201d<\/a><br>\n2013: <a title=\"\" href=\"https:\/\/ojs.utlib.ee\/index.php\/SV\/issue\/view\/843\" target=\"_blank\" rel=\"noopener\" data-url=\"https:\/\/ojs.utlib.ee\/index.php\/SV\/issue\/view\/843\">\u201cLugusid materjalidest \/ Stories about Materials\u201d<\/a><br>\n2012: <a title=\"\" href=\"https:\/\/epood.saara.ee\/pood\/kihnu-kordid-eile-ja-tana-semiootiline-esemeuurimus\" target=\"_blank\" rel=\"noopener\" data-url=\"https:\/\/epood.saara.ee\/pood\/kihnu-kordid-eile-ja-tana-semiootiline-esemeuurimus\">\u201cKihnu k\u00f6rdid eile ja t\u00e4na. Semiootiline esemeuurimus\u201d<\/a><br>\n2008: <a title=\"\" href=\"https:\/\/www.loomeagentuur.ee\/sahtel\/puutooraamat\" target=\"_blank\" rel=\"noopener\" data-url=\"https:\/\/www.loomeagentuur.ee\/sahtel\/puutooraamat\">\u201cTraditsioonilised puut\u00f6\u00f6- ja ehitusoskused Viljandimaal\u201d<\/a><\/p>\n<p style=\"text-align: justify;\"><em>Ajakirja koostamist ja v\u00e4ljaandmist toetab Tartu \u00dclikooli humanitaarteaduste ja kunstide valdkonna rahvusteaduste baasfinantseerimine ja valdkondlik kirjastamistoetus ning Eesti Kultuurkapitali rahvakultuuri sihtkapital.<\/em><\/p>\n<p style=\"text-align: justify;\"><img loading=\"lazy\" decoding=\"async\" width=\"642\" height=\"308\" class=\"alignnone wp-image-158\" style=\"width: 300px; height: 144px; float: left;\" title=\"kulka_logo_must.png\" src=\"https:\/\/sisu.ut.ee\/wp-content\/uploads\/sites\/619\/kulka_logo_must.png\" alt=\"KULKA logo\" srcset=\"https:\/\/sisu.ut.ee\/wp-content\/uploads\/sites\/619\/kulka_logo_must.png 642w, https:\/\/sisu.ut.ee\/wp-content\/uploads\/sites\/619\/kulka_logo_must-300x144.png 300w\" sizes=\"auto, (max-width: 642px) 100vw, 642px\"><\/p>\n<p style=\"text-align: justify;\">\n<\/p>","protected":false},"excerpt":{"rendered":"<p>Studia Vernacula sari avaldab k\u00e4sit\u00f6\u00f6d ja p\u00e4randtehnoloogiat k\u00e4sitlevaid teadust\u00f6id, et pakkuda p\u00e4randtehnoloogilisele m\u00f5ttele akadeemilist foorumit. Studia Vernacula eesm\u00e4rk on avaldada k\u00f5rgetasemelisi k\u00e4sit\u00f6\u00f6teaduslikke publikatsioone, arendades seel\u00e4bi eestikeelset teadus- ja erialadiskursust. Lisaks avaldatakse \u00fclevaateartikleid, arvustusi ning teisi uurimuslikke kirjutisi. Laiendatud ingliskeelsete sisukokkuv\u00f5tete &#8230;<\/p>\n","protected":false},"author":274,"featured_media":0,"parent":0,"menu_order":0,"comment_status":"closed","ping_status":"closed","template":"","meta":{"_acf_changed":false,"inline_featured_image":false,"footnotes":""},"class_list":["post-77","page","type-page","status-publish","hentry"],"acf":[],"_links":{"self":[{"href":"https:\/\/sisu.ut.ee\/craft\/wp-json\/wp\/v2\/pages\/77","targetHints":{"allow":["GET"]}}],"collection":[{"href":"https:\/\/sisu.ut.ee\/craft\/wp-json\/wp\/v2\/pages"}],"about":[{"href":"https:\/\/sisu.ut.ee\/craft\/wp-json\/wp\/v2\/types\/page"}],"author":[{"embeddable":true,"href":"https:\/\/sisu.ut.ee\/craft\/wp-json\/wp\/v2\/users\/274"}],"replies":[{"embeddable":true,"href":"https:\/\/sisu.ut.ee\/craft\/wp-json\/wp\/v2\/comments?post=77"}],"version-history":[{"count":9,"href":"https:\/\/sisu.ut.ee\/craft\/wp-json\/wp\/v2\/pages\/77\/revisions"}],"predecessor-version":[{"id":776,"href":"https:\/\/sisu.ut.ee\/craft\/wp-json\/wp\/v2\/pages\/77\/revisions\/776"}],"wp:attachment":[{"href":"https:\/\/sisu.ut.ee\/craft\/wp-json\/wp\/v2\/media?parent=77"}],"curies":[{"name":"wp","href":"https:\/\/api.w.org\/{rel}","templated":true}]}}