{"id":76,"date":"2024-04-04T08:32:21","date_gmt":"2024-04-04T05:32:21","guid":{"rendered":"https:\/\/sisu.ut.ee\/craft\/rahvuslik-kasitoo\/"},"modified":"2024-08-20T13:07:25","modified_gmt":"2024-08-20T10:07:25","slug":"rahvuslik-kasitoo","status":"publish","type":"page","link":"https:\/\/sisu.ut.ee\/craft\/rahvuslik-kasitoo\/","title":{"rendered":"Rahvuslik K\u00e4sit\u00f6\u00f6"},"content":{"rendered":"<p style=\"text-align: justify;\">Rahvuslik K\u00e4sit\u00f6\u00f6 on toimetiste sari, mille eesm\u00e4rk on k\u00e4sit\u00f6\u00f6tehnikate ja oskuste s\u00e4ilitamine, propageerimine ja taasl\u00f5imimine kaasaegsesse tarbekeskkonda. Sarjaga toome vanad oskused tavalugejale l\u00e4hemale ja anname praktiliste juhiste ning \u00f5petuste kaudu k\u00f5igile huvilistele v\u00f5imaluse ise meistriks ja p\u00e4rimuse kandjaks saada.<\/p>\n<h4 style=\"text-align: justify;\">Ilmunud v\u00e4ljaanded:<\/h4>\n<p style=\"text-align: justify;\">2016 <a title=\"\" href=\"https:\/\/viljandi.ut.ee\/et\/sisu\/valjaanne-laanemaa-sormkindad\" target=\"_blank\" rel=\"noopener\" data-url=\"https:\/\/viljandi.ut.ee\/et\/sisu\/valjaanne-laanemaa-sormkindad\">\u201cL\u00e4\u00e4nemaa s\u00f5rmkindad\u201d<\/a><\/p>\n<p><img loading=\"lazy\" decoding=\"async\" width=\"634\" height=\"886\" class=\"alignnone wp-image-162\" style=\"width: 215px; height: 300px; margin: 12px; float: right;\" title=\"kaas_l22nemaa_s6rmkindad_02_0.jpg\" src=\"https:\/\/sisu.ut.ee\/wp-content\/uploads\/sites\/619\/kaas_l22nemaa_s6rmkindad_02_0.jpg\" alt=\"l\u00e4\u00e4nemaa s\u00f5rmkindad\" srcset=\"https:\/\/sisu.ut.ee\/wp-content\/uploads\/sites\/619\/kaas_l22nemaa_s6rmkindad_02_0.jpg 634w, https:\/\/sisu.ut.ee\/wp-content\/uploads\/sites\/619\/kaas_l22nemaa_s6rmkindad_02_0-215x300.jpg 215w\" sizes=\"auto, (max-width: 634px) 100vw, 634px\">Raamat \u201eL\u00e4\u00e4nemaa s\u00f5rmkindad\u201c on t\u00e4iendatud variant Liivi Vainu l\u00f5put\u00f6\u00f6st \u201eL\u00e4\u00e4nemaa silm\u00adkoelised s\u00f5rmkindad 19. sajandist kuni 1940. aastateni\u201c. 19. sajandi l\u00f5pu L\u00e4\u00e4nemaa kihelkondade s\u00f5rmkindaid \u00fchendab sarnane kirjade- ja v\u00e4rvikasutus. Neid kindaid iseloomustab eriline v\u00e4rvik\u00fcllus \u2013 suured geomeetrilised kirjad ning linnumotiivid, mida hiljem enam ei kootud. Raamat annab \u00fclevaate L\u00e4\u00e4nemaa kinnaste kujunemisloost, s\u00f5rmkinnastest (kiris\u00f5rmkindad, roositud s\u00f5rmkindad, pitsilises koes s\u00f5rmkindad) ning lisaks on toodud ka p\u00f5hjalikud s\u00f5rmkinnaste kudumis\u00f5petused. Raamatus on hulgaliselt Eesti muuseumides asuvate originaal\u00adkinnaste fotosid koos kirjeldustega.<\/p>\n<p style=\"text-align: justify;\">2009 <a title=\"\" href=\"https:\/\/www.loomeagentuur.ee\/sahtel\/sobadjatekid\" target=\"_blank\" rel=\"noopener\" data-url=\"https:\/\/www.loomeagentuur.ee\/sahtel\/sobadjatekid\">\u201cEtnograafilised s\u00f5bad ja tekid: l\u00fchike \u00f5petusraamat\u201d<\/a><\/p>\n<p>Raamat on m\u00f5eldud Eesti etnograafilisest tekstiilip\u00e4randist huvituvale kangakudujale. Siia pole koondatud k\u00f5ik Eestis ajalooliselt levinud vaiba- ja \u00fclevisete t\u00fc\u00fcbid, vaid v\u00e4ike osa neist \u2013 valik lihttriibulisi ja kiritriipudega koerips- ja s\u00f5bakirjalistes tehnikates kootud variante. Raamat annab l\u00fchi\u00fclevaate s\u00f5bade ja tekkide ajaloolisest levikust ning juhiseid nende kudumiseks. V\u00e4ljaande praktilise poole moodustavad T\u00dc Viljandi Kultuuriakadeemia rahvusliku k\u00e4sit\u00f6\u00f6 osakonna tekstiili eriala tudengite valmistatud koopiavaipade tegemise juhised. Koopiate aluseks on originaalesemed muuseumitest. Nii koosnebki iga konkreetne juhis originaal- ja koopiavaiba fotost, muuseumist p\u00e4rineva eseme saamisloost-kirjeldusest ja selle kudumise \u00f5petusest.<\/p>\n<p style=\"text-align: justify;\">\n<\/p>","protected":false},"excerpt":{"rendered":"<p>Rahvuslik K\u00e4sit\u00f6\u00f6 on toimetiste sari, mille eesm\u00e4rk on k\u00e4sit\u00f6\u00f6tehnikate ja oskuste s\u00e4ilitamine, propageerimine ja taasl\u00f5imimine kaasaegsesse tarbekeskkonda. Sarjaga toome vanad oskused tavalugejale l\u00e4hemale ja anname praktiliste juhiste ning \u00f5petuste kaudu k\u00f5igile huvilistele v\u00f5imaluse ise meistriks ja p\u00e4rimuse kandjaks saada. Ilmunud &#8230;<\/p>\n","protected":false},"author":274,"featured_media":0,"parent":0,"menu_order":0,"comment_status":"closed","ping_status":"closed","template":"","meta":{"_acf_changed":false,"inline_featured_image":false,"footnotes":""},"class_list":["post-76","page","type-page","status-publish","hentry"],"acf":[],"_links":{"self":[{"href":"https:\/\/sisu.ut.ee\/craft\/wp-json\/wp\/v2\/pages\/76","targetHints":{"allow":["GET"]}}],"collection":[{"href":"https:\/\/sisu.ut.ee\/craft\/wp-json\/wp\/v2\/pages"}],"about":[{"href":"https:\/\/sisu.ut.ee\/craft\/wp-json\/wp\/v2\/types\/page"}],"author":[{"embeddable":true,"href":"https:\/\/sisu.ut.ee\/craft\/wp-json\/wp\/v2\/users\/274"}],"replies":[{"embeddable":true,"href":"https:\/\/sisu.ut.ee\/craft\/wp-json\/wp\/v2\/comments?post=76"}],"version-history":[{"count":3,"href":"https:\/\/sisu.ut.ee\/craft\/wp-json\/wp\/v2\/pages\/76\/revisions"}],"predecessor-version":[{"id":429,"href":"https:\/\/sisu.ut.ee\/craft\/wp-json\/wp\/v2\/pages\/76\/revisions\/429"}],"wp:attachment":[{"href":"https:\/\/sisu.ut.ee\/craft\/wp-json\/wp\/v2\/media?parent=76"}],"curies":[{"name":"wp","href":"https:\/\/api.w.org\/{rel}","templated":true}]}}