{"id":75,"date":"2024-04-04T08:32:21","date_gmt":"2024-04-04T05:32:21","guid":{"rendered":"https:\/\/sisu.ut.ee\/craft\/naitused-2022-0\/"},"modified":"2024-08-25T09:12:06","modified_gmt":"2024-08-25T06:12:06","slug":"naitused-2022-0","status":"publish","type":"page","link":"https:\/\/sisu.ut.ee\/craft\/naitused-2022-0\/","title":{"rendered":"N\u00e4itused 2022"},"content":{"rendered":"<h4 style=\"text-align: justify;\">N\u00e4itus \u201cOma Mood 10\u201d<\/h4>\n<p style=\"text-align: justify;\">4. maist 13. juunini Kondase keskuses, Viljandis<br>\nMoeetenduse <a href=\"https:\/\/viljandi.ut.ee\/et\/sisu\/naitus-omamood-10\" target=\"_blank\" rel=\"noopener\">OmaMood k\u00fcmnenda juubeliaasta v\u00e4ljapanek<\/a> ilmestas moeetenduse arengut, lavavalgust n\u00e4inud kollektsioone ja kaadritaguseid hetki. N\u00e4ituse \u201eOmaMood 10\u201c fotod olid \u00fcleval ka P\u00e4rimusmuusika keskuses 07.07.-04.09.2022.<\/p>\n<h4 style=\"text-align: justify;\">Tekin\u00e4itus \u201cV\u00e4rvir\u00f5\u00f5m\u201d<\/h4>\n<p style=\"text-align: justify;\">6. aprillist 29. maini T\u00dc Molekulaar- ja Rakubioloogia Instituudi Omicumis, Tartus<br>\nT\u00dc Viljandi Kultuuriakadeemia rahvusliku tekstiili eriala \u00fcli\u00f5pilaste telgedel kootud villased s\u00f5bakirjalised tekid, mille mustrid v\u00f5eti Eesti muuseumites olevatelt tekkidelt ja vaipadelt, pakkusid silmar\u00f5\u00f5mu. <a title=\"\" href=\"https:\/\/tartu.postimees.ee\/7497467\/omicumi-aatriumis-ripuvad-sobakirjalised-tekid?fbclid=IwAR3MdoXOUYBhYIZlvB45VUs1jikD8B6nsVcT9-mxMWVA3ztWGy1z3x__8d8\" target=\"_blank\" rel=\"noopener\" data-url=\"https:\/\/tartu.postimees.ee\/7497467\/omicumi-aatriumis-ripuvad-sobakirjalised-tekid?fbclid=IwAR3MdoXOUYBhYIZlvB45VUs1jikD8B6nsVcT9-mxMWVA3ztWGy1z3x__8d8\">Aime J\u00f5gi kirjutatud Postimehe artikkel.<\/a><\/p>\n<h4 style=\"text-align: justify;\">\u201eRahvuslikkuse otsingud\u201c<\/h4>\n<p style=\"text-align: justify;\">1. juunist 30. juulini Avinurme kultuurikeskuses, J\u00f5gevamaal<br>\n<a title=\"\" href=\"https:\/\/online.le.ee\/2020\/11\/20\/naitus-mis-aitab-motestada-rahvuskultuuri\/\" target=\"_blank\" rel=\"noopener\" data-url=\"https:\/\/online.le.ee\/2020\/11\/20\/naitus-mis-aitab-motestada-rahvuskultuuri\/\">V\u00e4ljapanek<\/a> andis \u00fclevaate meie t\u00e4naseid arusaamu kujundanud protsessi olulisematest ajaloolistest etappidest ja m\u00f5jutajatest ning n\u00e4itab, kuidas p\u00e4randtehnoloogid t\u00e4nap\u00e4eval p\u00e4randit m\u00f5testavad.<\/p>\n<h4 style=\"text-align: justify;\">\u201eP\u00e4rand haagib\u201c<\/h4>\n<p style=\"text-align: justify;\">20. juunist 17. septembrini Viljandi muuseumis<br>\n<a title=\"\" href=\"https:\/\/muuseum.viljandimaa.ee\/www\/2022\/kultuuriakadeemia-tudengite-naitus-parand-haagib\/\" target=\"_blank\" rel=\"noopener\" data-url=\"https:\/\/muuseum.viljandimaa.ee\/www\/2022\/kultuuriakadeemia-tudengite-naitus-parand-haagib\/\">Kultuuriakadeemia p\u00e4randtehnoloogia \u00f5ppekava<\/a> tekstiili ja metallit\u00f6\u00f6 eriala \u00fcli\u00f5pilaste \u00f5ppet\u00f6\u00f6d tutvustav v\u00e4ljapanek esitles nii \u00f5ppet\u00f6\u00f6 k\u00e4igus kui ka l\u00f5put\u00f6\u00f6na valminud esemeid: r\u00f5ivakomplekte, vaipu, metallist n\u00f5usid ja ehteid.<\/p>\n<h4 style=\"text-align: justify;\">\u201cP\u00e4randiluup\u201d<\/h4>\n<p style=\"text-align: justify;\">Aprillist m\u00e4rtsini 2023 <a title=\"\" href=\"https:\/\/kultuuriseltsid.ee\/2022\/12\/17\/naitus-parandiluup-25\/\" target=\"_blank\" rel=\"noopener\" data-url=\"https:\/\/kultuuriseltsid.ee\/2022\/12\/17\/naitus-parandiluup-25\/\">r\u00e4ndas ringi Ameerikas<\/a>, oli New Yorgi Eesti Maja Suures Saalis, Lakewoodi Eesti majas ja <a title=\"\" href=\"https:\/\/www.vabaeestisona.com\/et\/naitus-parandiluup-chicago-eesti-majas\/\" target=\"_blank\" rel=\"noopener\" data-url=\"https:\/\/www.vabaeestisona.com\/et\/naitus-parandiluup-chicago-eesti-majas\/\">Chicago Eesti Majas.<\/a><br>\nN\u00e4itus tutvustab v\u00e4liseestlastele Eesti kultuuri p\u00e4evade jt s\u00fcndmuste raames p\u00e4randit, millega rahvusliku metallit\u00f6\u00f6, ehituse ja tekstiil erialadel igap\u00e4evaselt tegeletakse.<\/p>\n<h4 style=\"text-align: justify;\">Aknan\u00e4itus Kaarmanni k\u00e4sit\u00f6\u00f6poe vaateaknal<\/h4>\n<p style=\"text-align: justify;\">1.- 30.septembrini Tallinnas, Raekoja platsil Kaarmanni kaupluse (Vanaturu kael 8) vaateaknal p\u00e4randtehnoloogia \u00f5ppekava tekstiili eriala \u00fcli\u00f5pilaste poolt Mulgi elamuskeskusele valmistatud nukud.<\/p>\n<h4 style=\"text-align: justify;\">S\u00f5bakirjaliste tekkide n\u00e4itus<\/h4>\n<p style=\"text-align: justify;\">2. septembrist 14. oktoobrini Heimtali muuseumi rahvamajas<br>\nRahvusliku tekstiili eriala \u00fcli\u00f5pilaste telgedel kootud villased s\u00f5bakirjalised tekid, mille mustrid ja v\u00e4rvid v\u00f5eti Eesti muuseumides olevatelt tekkidelt ning vaipadelt.<\/p>\n<h4 style=\"text-align: justify;\">Vilma villalabori l\u00f5ngaarenduste v\u00e4ljapanek Disaini\u00f6\u00f6l<\/h4>\n<p style=\"text-align: justify;\">19.-25. septembril XVII Tallinna Disaini\u00f6\u00f6 festivalil Balti Manufaktuuris<br>\nV\u00e4ljapanek keskendus keskkonnahoiu ja j\u00e4tkusuutlikkuse teemadele ja tutvustas disaini k\u00f5rgkoole. EKA j\u00e4tkusuutliku disaini ja materjalide labori DiMa n\u00e4itusel olid eksponeeritud ka T\u00dc VKA Vilma villalaboris v\u00e4lja t\u00f6\u00f6tatud l\u00f5ngaarendused. Purustatud kiud kombineerituna lambavillaga said l\u00f5ngaks Astri Kaljuse k\u00e4e all Vilma villakojas.<\/p>\n<h4 style=\"text-align: justify;\">Foton\u00e4itus \u201eKandjad\u201c<\/h4>\n<p style=\"text-align: justify;\">16. septembrist 14. oktoobrini P\u00e4rimusmuusika aidas<br>\nP\u00e4randtehnoloogia rahvusliku tekstiili eriala tudengite Kristi Eversti ja Heleri J\u00fcrissoni koostatud n\u00e4itus tutvustas etnograafilisi kindaid erinevate kandjate k\u00e4es. Fotodel olid akadeemiaga seotud \u00f5ppej\u00f5ud ja \u00fcli\u00f5pilased \u2013 p\u00e4randkultuuri p\u00fcsivate v\u00e4\u00e4rtuste hoidjaid t\u00e4nap\u00e4eva muutuvas ning rahutus maailmas. N\u00e4itus oli 11.11.2022-11.02.2023 \u00fcleval kultuuriakadeemia Vilma \u00f5ppehoones.<\/p>\n<h4 style=\"text-align: justify;\">Tekin\u00e4itus \u201eSITIKAL SILEDAD TIIVAD\u201c<\/h4>\n<p style=\"text-align: justify;\">14. novembrist 31. detsembrini 2022 Tartu \u00fclikooli peahoones<br>\nTartu \u00dclikooli Viljandi Kultuuriakadeemia rahvusliku tekstiili eriala \u00fcli\u00f5pilaste <a title=\"\" href=\"https:\/\/ut.ee\/et\/sisu\/tekinaitus-sitikal-siledad-tiivad\" target=\"_blank\" rel=\"noopener\" data-url=\"https:\/\/ut.ee\/et\/sisu\/tekinaitus-sitikal-siledad-tiivad\">telgedel kootud villased s\u00f5bakirjalised tekid<\/a>, mille mustrid ja v\u00e4rvid on v\u00f5etud Eesti muuseumides olevatelt tekkidelt ning vaipadelt.<\/p>\n","protected":false},"excerpt":{"rendered":"<p>N\u00e4itus \u201cOma Mood 10\u201d 4. maist 13. juunini Kondase keskuses, Viljandis Moeetenduse OmaMood k\u00fcmnenda juubeliaasta v\u00e4ljapanek ilmestas moeetenduse arengut, lavavalgust n\u00e4inud kollektsioone ja kaadritaguseid hetki. N\u00e4ituse \u201eOmaMood 10\u201c fotod olid \u00fcleval ka P\u00e4rimusmuusika keskuses 07.07.-04.09.2022. Tekin\u00e4itus \u201cV\u00e4rvir\u00f5\u00f5m\u201d 6. aprillist 29. &#8230;<\/p>\n","protected":false},"author":274,"featured_media":0,"parent":0,"menu_order":0,"comment_status":"closed","ping_status":"closed","template":"","meta":{"_acf_changed":false,"inline_featured_image":false,"footnotes":""},"class_list":["post-75","page","type-page","status-publish","hentry"],"acf":[],"_links":{"self":[{"href":"https:\/\/sisu.ut.ee\/craft\/wp-json\/wp\/v2\/pages\/75","targetHints":{"allow":["GET"]}}],"collection":[{"href":"https:\/\/sisu.ut.ee\/craft\/wp-json\/wp\/v2\/pages"}],"about":[{"href":"https:\/\/sisu.ut.ee\/craft\/wp-json\/wp\/v2\/types\/page"}],"author":[{"embeddable":true,"href":"https:\/\/sisu.ut.ee\/craft\/wp-json\/wp\/v2\/users\/274"}],"replies":[{"embeddable":true,"href":"https:\/\/sisu.ut.ee\/craft\/wp-json\/wp\/v2\/comments?post=75"}],"version-history":[{"count":3,"href":"https:\/\/sisu.ut.ee\/craft\/wp-json\/wp\/v2\/pages\/75\/revisions"}],"predecessor-version":[{"id":597,"href":"https:\/\/sisu.ut.ee\/craft\/wp-json\/wp\/v2\/pages\/75\/revisions\/597"}],"wp:attachment":[{"href":"https:\/\/sisu.ut.ee\/craft\/wp-json\/wp\/v2\/media?parent=75"}],"curies":[{"name":"wp","href":"https:\/\/api.w.org\/{rel}","templated":true}]}}