{"id":74,"date":"2024-04-04T08:32:20","date_gmt":"2024-04-04T05:32:20","guid":{"rendered":"https:\/\/sisu.ut.ee\/craft\/naitused-2021\/"},"modified":"2024-08-25T09:14:12","modified_gmt":"2024-08-25T06:14:12","slug":"naitused-2021","status":"publish","type":"page","link":"https:\/\/sisu.ut.ee\/craft\/naitused-2021\/","title":{"rendered":"N\u00e4itused 2021"},"content":{"rendered":"<p style=\"text-align: justify;\">J\u00e4rgnevalt on esile toodud vaid olulisemad n\u00e4itused aastast 2021.<\/p>\n<h4 style=\"text-align: justify;\">Vaiban\u00e4itus \u201cSinitriipu kirjatud\u201d<\/h4>\n<p style=\"text-align: justify;\">N\u00e4itus koosnes sinikirjalistest vaipadest, mille kudusid Tartu \u00dclikooli Viljandi kultuuriakadeemia p\u00e4randtehnoloogia \u00f5ppekava rahvusliku tekstiili eriala \u00fcli\u00f5pilased. V\u00e4ljapanekul eksponeeritud <a title=\"\" href=\"https:\/\/ut.ee\/et\/sisu\/viljandi-kultuuriakadeemia-rahvusliku-tekstiili-eriala-uliopilaste-vaibanaitus-sinitriipu\" target=\"_blank\" rel=\"noopener\" data-url=\"https:\/\/ut.ee\/et\/sisu\/viljandi-kultuuriakadeemia-rahvusliku-tekstiili-eriala-uliopilaste-vaibanaitus-sinitriipu\">kangastelgedel kootud s\u00f5bakirjalised ning naastp\u00f5imes koopiavaibad<\/a> olid valmistatud traditsiooniliste v\u00f5tete, materjalide ja t\u00f6\u00f6vahenditega, et anda uus elu unustusse vajunud k\u00e4sit\u00f6\u00f6p\u00e4randile. K\u00f5ikides vaipades oli kasutatud sinist mustril\u00f5nga, mis on eestlaste tekstiilikunstis olnud eriti iseloomulik. \u00dcli\u00f5pilasi juhendas rahvusliku tekstiili lektor Christi K\u00fctt. N\u00e4itus oli p\u00fchendatud Eesti Vabariigi taasiseseisvumise 30. aastap\u00e4evale.<br>\n18.08.-30.09.2021 ehtis taasiseseisvumise juubeli puhul Riigikogu 3. korruse galeriid,<br>\n01.11.2021-01.03.2022 Tartu \u00dclikooli peahoone 1. korruse fuajees,<br>\n04.04.-30.04.2022 Avinurme kultuurikeskuses.<\/p>\n<h4 style=\"text-align: justify;\">\u00a0Aknan\u00e4itus Kaarmanni k\u00e4sit\u00f6\u00f6poe vaateaknal<\/h4>\n<p style=\"text-align: justify;\">1.-30. septembril 2021 oli Tallinnas Kaarmanni kaupluse k\u00e4sit\u00f6\u00f6poe aknal avatud v\u00e4ljapanek 2020. aastal kultuuriakadeemia l\u00f5petanud K\u00e4tli Saarkoppel-Kruuseri rahvusliku tekstiili eriala l\u00f5put\u00f6\u00f6 kollektsioonist. Tema l\u00f5put\u00f6\u00f6 koosnes Muhu pruuttekkide kirjalikust uurimisest ja praktilisest loovt\u00f6\u00f6st, r\u00f5ivakollektsioonist, mille tikandite motiivid p\u00e4rinevad autori esiema Maria pruuttekilt.<\/p>\n<h4 style=\"text-align: justify;\">P\u00e4randtehnoloogia \u00f5ppekava v\u00e4ljapanek Disaini\u00f6\u00f6l<\/h4>\n<p style=\"text-align: justify;\">20.-26. septembril oli Tallinnas Disaini\u00f6\u00f6 festivali raames P\u00f5hjala ruumides \u00fcleval p\u00e4randtehnoloogia \u00f5ppekava v\u00e4ljapanek. Ehtevitriinis pakkus silmailu rahvusliku metallit\u00f6\u00f6 2021. aasta l\u00f5petaja Maarja Palu valmistatud p\u00e4randist inspireeritud h\u00f5beehete l\u00f5put\u00f6\u00f6kollektsioon. Ekspositsiooni ilmestas ka ergas punane rahvap\u00e4rane pindp\u00f5imes seinavaip.\n<\/p>\n<p style=\"text-align: justify;\">2021. aastat ilmestasid ka mitmed<strong> \u00fcli\u00f5pilaste poolt algatatud ja kureeritud n\u00e4itused.<\/strong> Aprillis korraldasid rahvusliku metallit\u00f6\u00f6 eriala \u00fcli\u00f5pilased Diana Dello ja Hedi Vrageri eestvedamisel <a title=\"\" href=\"https:\/\/viljandi.ut.ee\/et\/sisu\/metallitoo-eriala-tudengid-kogusid-ukraina-uliopilaste-toetuseks-ligi-5000-eu\" target=\"_blank\" rel=\"noopener\" data-url=\"https:\/\/viljandi.ut.ee\/et\/sisu\/metallitoo-eriala-tudengid-kogusid-ukraina-uliopilaste-toetuseks-ligi-5000-eu\">oksjoni T\u00dc-s \u00f5ppivate Ukraina \u00fcli\u00f5pilaste toetuseks<\/a>. Kokku koguti 4735 eurot. 9. maist kuni 9. juunini toimus Karilatsi muuseumis rahvusliku metallit\u00f6\u00f6 eriala \u00fcli\u00f5pilaste toode n\u00e4itus \u201e\u00d5pipoisist meistres\u201c. Peakorraldajaks oli Marko Purge, kaasa aitas Kauri Kurvits. 23. juulist 20. septembrini toimus Tabivere muuseumis rahvusliku metallit\u00f6\u00f6 eriala 1. kursuse n\u00e4itus \u201eMeie esimene aasta\u201c selle kursuse \u00fcli\u00f5pilase Katrin P\u00f5dra eestvedamisel. Novembrist aasta l\u00f5puni on Muhus Liiva pastoraadis \u00fcleval Marko Purge koostatud n\u00e4itus T\u00dc VKA p\u00e4randtehnoloogia metallieriala \u00fcli\u00f5pilaste valmistatud kodarrahade fotodest. Varem oli sama n\u00e4itus seoses Raamatukogude aastaga \u00fcleval K\u00f5o raamatukogus.<\/p>\n","protected":false},"excerpt":{"rendered":"<p>J\u00e4rgnevalt on esile toodud vaid olulisemad n\u00e4itused aastast 2021. Vaiban\u00e4itus \u201cSinitriipu kirjatud\u201d N\u00e4itus koosnes sinikirjalistest vaipadest, mille kudusid Tartu \u00dclikooli Viljandi kultuuriakadeemia p\u00e4randtehnoloogia \u00f5ppekava rahvusliku tekstiili eriala \u00fcli\u00f5pilased. V\u00e4ljapanekul eksponeeritud kangastelgedel kootud s\u00f5bakirjalised ning naastp\u00f5imes koopiavaibad olid valmistatud traditsiooniliste v\u00f5tete, &#8230;<\/p>\n","protected":false},"author":274,"featured_media":0,"parent":0,"menu_order":0,"comment_status":"closed","ping_status":"closed","template":"","meta":{"_acf_changed":false,"inline_featured_image":false,"footnotes":""},"class_list":["post-74","page","type-page","status-publish","hentry"],"acf":[],"_links":{"self":[{"href":"https:\/\/sisu.ut.ee\/craft\/wp-json\/wp\/v2\/pages\/74","targetHints":{"allow":["GET"]}}],"collection":[{"href":"https:\/\/sisu.ut.ee\/craft\/wp-json\/wp\/v2\/pages"}],"about":[{"href":"https:\/\/sisu.ut.ee\/craft\/wp-json\/wp\/v2\/types\/page"}],"author":[{"embeddable":true,"href":"https:\/\/sisu.ut.ee\/craft\/wp-json\/wp\/v2\/users\/274"}],"replies":[{"embeddable":true,"href":"https:\/\/sisu.ut.ee\/craft\/wp-json\/wp\/v2\/comments?post=74"}],"version-history":[{"count":2,"href":"https:\/\/sisu.ut.ee\/craft\/wp-json\/wp\/v2\/pages\/74\/revisions"}],"predecessor-version":[{"id":599,"href":"https:\/\/sisu.ut.ee\/craft\/wp-json\/wp\/v2\/pages\/74\/revisions\/599"}],"wp:attachment":[{"href":"https:\/\/sisu.ut.ee\/craft\/wp-json\/wp\/v2\/media?parent=74"}],"curies":[{"name":"wp","href":"https:\/\/api.w.org\/{rel}","templated":true}]}}