{"id":72,"date":"2024-04-04T08:32:20","date_gmt":"2024-04-04T05:32:20","guid":{"rendered":"https:\/\/sisu.ut.ee\/craft\/naitused-2020-0\/"},"modified":"2024-08-25T09:17:50","modified_gmt":"2024-08-25T06:17:50","slug":"naitused-2020-0","status":"publish","type":"page","link":"https:\/\/sisu.ut.ee\/craft\/naitused-2020-0\/","title":{"rendered":"N\u00e4itused 2020"},"content":{"rendered":"<p style=\"text-align: justify;\">J\u00e4rgnevalt on esile toodud vaid olulisemad n\u00e4itused aastast 2020.<\/p>\n<h4 style=\"text-align: justify;\">N\u00e4itus ,,Kapaga kindaid ja k\u00e4put\u00e4is muud\u201d<\/h4>\n<p style=\"text-align: justify;\">20.-28. veebruar 2020 oli rahvusliku tekstiili eriala \u00fcliopilastoode n\u00e4itus \u00fcleval <a title=\"\" href=\"https:\/\/www.facebook.com\/events\/1055871948103491\" target=\"_blank\" rel=\"noopener\" data-url=\"https:\/\/www.facebook.com\/events\/1055871948103491\">Wimka galeriis, aadressil Turu 7 (Viljandi)<\/a>. N\u00e4ha sai kaunist k\u00e4sit\u00f6\u00f6d: kindaid, pastlaid, m\u00e4nguasju, ehteid jm. Eraldi osa moodustasid k\u00e4sit\u00f6\u00f6liste autoportreed, samuti fotod teistest valminud k\u00e4sit\u00f6\u00f6esemetest. N\u00e4itus tutvustas rahvusliku tekstiili eriala \u00fcli\u00f5pilaste k\u00e4elist osavust ja avas m\u00f5tte k\u00e4sit\u00f6\u00f6lisest kui rahvakultuuri edasikandjast. ,,Kapaga kindaid ja k\u00e4put\u00e4is muud\u201d oli eksponeeritud juulis ja augustis 2020 Allikamaja koolituskeskuses, Tallinnas.<\/p>\n<h4 style=\"text-align: justify;\">Rahvusliku metallit\u00f6\u00f6 eriala \u00fcli\u00f5pilast\u00f6\u00f6de v\u00e4ljapanek\u00a0<\/h4>\n<p style=\"text-align: justify;\"><a title=\"\" href=\"https:\/\/www.facebook.com\/tyvka\/posts\/10157283448727536\/\" target=\"_blank\" rel=\"noopener\" data-url=\"https:\/\/www.facebook.com\/tyvka\/posts\/10157283448727536\/\">S\u00fcgisel 2020 oli Viljandi linnaraamatukogus n\u00e4itus<\/a>, kus eksponeeriti \u00fcli\u00f5pilaste valmistatud taieseid (ehted, sepised, tarbeesemed) erinevates tehnoloogiates ja materjalides. Viljandi linnaraamatukogu 2. korruse laenutussaali vitriinides olid sepistatud tarbeesemed ja iluasjad, lehtmetallist kohrutatud ja taondatud n\u00f5ud ning v\u00e4\u00e4rismetallidest ehted.<\/p>\n<h4 style=\"text-align: justify;\">E-n\u00e4itus \u201cLendut\u00f5us XII\u201d<\/h4>\n<p style=\"text-align: justify;\">N\u00e4itus tutvustab rahvusliku tekstiili eriala 12. lennu kuue \u00fcli\u00f5pilase l\u00f5put\u00f6id. N\u00e4ituse koostas Katri Smitt, fotod tegi Sandra Urvak. Erialal m\u00f5testatakse rahvakunsti kui elavat, arenevat ja \u00fchiskonna muutustega kohanevat kultuurin\u00e4htust. Paindlik \u00f5ppekava pakub rohkelt individuaalseid valikuv\u00f5imalusi. Muuhulgas on \u00f5ppekava t\u00e4iendatud moe, r\u00f5ivakujunduse ja \u00f5mbluse valikainetega.<\/p>\n<p><img loading=\"lazy\" decoding=\"async\" width=\"1424\" height=\"1003\" class=\"alignnone wp-image-79\" style=\"width: 600px; height: 423px; float: left;\" title=\"lendutousxii.png\" src=\"https:\/\/sisu.ut.ee\/wp-content\/uploads\/sites\/619\/lendutousxii.png\" alt=\"lendut\u00f5usxii\" srcset=\"https:\/\/sisu.ut.ee\/wp-content\/uploads\/sites\/619\/lendutousxii.png 1424w, https:\/\/sisu.ut.ee\/wp-content\/uploads\/sites\/619\/lendutousxii-300x211.png 300w, https:\/\/sisu.ut.ee\/wp-content\/uploads\/sites\/619\/lendutousxii-1024x721.png 1024w, https:\/\/sisu.ut.ee\/wp-content\/uploads\/sites\/619\/lendutousxii-768x541.png 768w\" sizes=\"auto, (max-width: 1424px) 100vw, 1424px\"><\/p>\n<p>\u00a0<\/p>\n\n\n<div class=\"wp-block-group attached-files-group is-layout-constrained wp-block-group-is-layout-constrained\">\n<div class=\"wp-block-file\"><a href=\"https:\/\/sisu.ut.ee\/wp-content\/uploads\/sites\/619\/lendtous_xii.pdf\" target=\"_blank\" rel=\"noreferrer noopener\">Lendut\u00f5us XII e-n\u00e4itus.pdf<\/a><\/div>\n<\/div>\n","protected":false},"excerpt":{"rendered":"<p>J\u00e4rgnevalt on esile toodud vaid olulisemad n\u00e4itused aastast 2020. N\u00e4itus ,,Kapaga kindaid ja k\u00e4put\u00e4is muud\u201d 20.-28. veebruar 2020 oli rahvusliku tekstiili eriala \u00fcliopilastoode n\u00e4itus \u00fcleval Wimka galeriis, aadressil Turu 7 (Viljandi). N\u00e4ha sai kaunist k\u00e4sit\u00f6\u00f6d: kindaid, pastlaid, m\u00e4nguasju, ehteid jm. &#8230;<\/p>\n","protected":false},"author":274,"featured_media":0,"parent":0,"menu_order":0,"comment_status":"closed","ping_status":"closed","template":"","meta":{"_acf_changed":false,"inline_featured_image":false,"footnotes":""},"class_list":["post-72","page","type-page","status-publish","hentry"],"acf":[],"_links":{"self":[{"href":"https:\/\/sisu.ut.ee\/craft\/wp-json\/wp\/v2\/pages\/72","targetHints":{"allow":["GET"]}}],"collection":[{"href":"https:\/\/sisu.ut.ee\/craft\/wp-json\/wp\/v2\/pages"}],"about":[{"href":"https:\/\/sisu.ut.ee\/craft\/wp-json\/wp\/v2\/types\/page"}],"author":[{"embeddable":true,"href":"https:\/\/sisu.ut.ee\/craft\/wp-json\/wp\/v2\/users\/274"}],"replies":[{"embeddable":true,"href":"https:\/\/sisu.ut.ee\/craft\/wp-json\/wp\/v2\/comments?post=72"}],"version-history":[{"count":3,"href":"https:\/\/sisu.ut.ee\/craft\/wp-json\/wp\/v2\/pages\/72\/revisions"}],"predecessor-version":[{"id":601,"href":"https:\/\/sisu.ut.ee\/craft\/wp-json\/wp\/v2\/pages\/72\/revisions\/601"}],"wp:attachment":[{"href":"https:\/\/sisu.ut.ee\/craft\/wp-json\/wp\/v2\/media?parent=72"}],"curies":[{"name":"wp","href":"https:\/\/api.w.org\/{rel}","templated":true}]}}