{"id":676,"date":"2025-08-25T15:04:55","date_gmt":"2025-08-25T12:04:55","guid":{"rendered":"https:\/\/sisu.ut.ee\/craft\/?page_id=676"},"modified":"2026-02-03T21:37:26","modified_gmt":"2026-02-03T19:37:26","slug":"naitused-2025","status":"publish","type":"page","link":"https:\/\/sisu.ut.ee\/craft\/naitused-2025\/","title":{"rendered":"N\u00e4itused 2025"},"content":{"rendered":"<p class=\"has-large-font-size\"><strong>\u201cAjaj\u00f5gi\u201d<\/strong><\/p>\n\n\n\n<p class=\"has-regular-font-size\">Tartu \u00dclikooli Viljandi kultuuriakadeemia 16 vilistlase ja \u00f5ppej\u00f5u <a href=\"https:\/\/viljandi.ut.ee\/et\/naitus-ajajogi\" target=\"_blank\" rel=\"noreferrer noopener\">\u00fchisn\u00e4itus \u201cAjaj\u00f5gi\u201d<\/a> p\u00fchendati p\u00e4randtehnoloogia \u00f5ppekava 30. tegutsemisaastale. N\u00e4itus viis vaatajad looklevale jalutusk\u00e4igule p\u00e4randikihtide vahele, pakkudes v\u00f5imaluse v\u00f5tta hetk m\u00f5tisklemaks, kuidas need t\u00e4nap\u00e4eva kanduvad. N\u00e4ituse kujundiks oli kujuteldav j\u00f5gi, et tuua\u00a0vaatajani mineviku k\u00e4sit\u00f6\u00f6 kohandades seda kaasaegse maitse j\u00e4rgi ja kanda k\u00e4sit\u00f6\u00f6 edasi tulevikku.\u00a0N\u00e4ituse kuraator Kristi J\u00f5este p\u00e4lvis\u00a0r\u00e4ndn\u00e4ituse korraldamise eest\u00a0kultuurkapitali rahvakultuuri valdkondliku tunnustuspreemia.\u00a0\u00a0<br>N\u00e4itus toimus: <br>R\u00fcki galerii, Viljandi 19.09.-12.10.2024<br>Disaini- ja Arhitektuurigalerii, Tallinn 07.01.-01.02.2025<br>Vana-V\u00f5romaa kultuurikoda, V\u00f5ru 08.02.-23.03.2025, <a href=\"https:\/\/www.flickr.com\/photos\/184756568@N05\/albums\/72177720323772077\/\" target=\"_blank\" rel=\"noreferrer noopener\">vaata galeriid<\/a><\/p>\n\n\n\n<p class=\"has-large-font-size\"><strong>\u201cSajand ees v\u00f5i taga\u201d\u00a0<\/strong>\u00a0<\/p>\n\n\n\n<p>4.\u00a0jaanuarist\u00a014.\u00a0veebruarini\u00a0oli\u00a0Viljandi Linnagaleriis\u00a0n\u00e4itus\u00a0\u201cSajand ees v\u00f5i taga\u201d, kus\u00a0esitleti Viljandimaa rahvar\u00f5ivakooli\u00a0t\u00e4iend\u00f5ppe\u00a0kursuslaste kahe aasta jooksul valmistatud Viljandimaa kihelkondade rahvar\u00f5ivaid ning r\u00f5ivakomplekte. N\u00e4itusel keskenduti P\u00f5hja-Viljandimaa ja Mulgimaa rahvar\u00f5ivastele.\u00a0\u00a0<\/p>\n\n\n\n<p class=\"has-large-font-size\"><strong>Tekstiili eriala \u00f5ppej\u00f5u\u00a0Christi K\u00fcti\u00a0autorin\u00e4itus\u00a0\u201cH\u00f5bevalge KOLME V\u00c4RVI VAHEL\u201d\u00a0<\/strong>\u00a0<\/p>\n\n\n\n<p>1. veebruarist 20. aprillini oli\u00a0Kondase\u00a0Keskuse n\u00e4itusel v\u00e4ljas Christi K\u00fcti viimaste aastate vaibalooming, mis on inspireeritud eri tehnikates valmistatud rahvuslikest vaipadest, mis on\u00a0Eesti tekstiilivaramu v\u00e4rvikaim osa.\u00a0\u00a0<\/p>\n\n\n\n<p class=\"has-large-font-size\"><strong>Kompositsiooni \u00f5ppej\u00f5ud\u00a0Katri\u00a0Smiti\u00a0illustratsioonin\u00e4itus<\/strong>\u00a0<\/p>\n\n\n\n<p>6.\u00a0kuni 25. maini\u00a0sai\u00a0\u00a0Kondase\u00a0keskuses\u00a0vaadata\u00a0Katri\u00a0Smiti\u00a0laste pildiraamatu\u00a0\u201eV\u00e4ike romb\u201d\u00a0illustratsioonide n\u00e4itust.\u00a06. mai\u00a0raamatuesitlusel\u00a0tutvustas autor ka\u00a0teost. Edasi\u00a0sai\u00a0n\u00e4itust vaadata\u00a04. augustist 31. oktoobrini\u00a0Rapla Kultuurikeskuse\u00a0R\u00fctmani\u00a0galeriis.\u00a0<\/p>\n\n\n\n<p class=\"has-large-font-size\"><strong>Metallit\u00f6\u00f6 eriala esindus\u00a0Eesti ehtekunsti\u00a0n\u00e4itusel\u00a0\u201eMetsa sosinad\u201c<\/strong>\u00a0\u00a0<\/p>\n\n\n\n<p class=\"has-regular-font-size\">7. maist 28. septembrini\u00a0oli\u00a0Soomes, Espoos\u00a0kaasaegse Eesti ehtekunsti n\u00e4itus\u00a0\u201eMets sosistab \u2013\u00a0Mets\u00e4\u00a0kuiskaa\u201c.\u00a0Soome kella- ja ehtemuuseumis\u00a0Kruunu\u00a0avatud ainulaadne n\u00e4itus t\u00f5i esmakordselt Soome publiku ette ulatusliku valiku Eesti\u00a0kunstnike loodusteemadele keskendunud loomingust alates 1980ndatest kuni t\u00e4nap\u00e4evani.\u00a0N\u00e4itusel\u00a0esindasid\u00a0Eestit\u00a055\u00a0ehtekunstnikku\u00a0oma t\u00f6\u00f6dega,\u00a0sh ka Viljandi kultuuriakadeemia\u00a0metallit\u00f6\u00f6 eriala\u00a0\u00f5ppej\u00f5ud, vilistlased\u00a0ja\u00a0\u00fcli\u00f5pilased.\u00a0<\/p>\n\n\n\n<p class=\"has-large-font-size\"><strong>OmaMood 2025 kollektsioon Kaarmanni aknan\u00e4itusel<\/strong>\u00a0<\/p>\n\n\n\n<p class=\"has-regular-font-size\">Septembris sai Tallinnas, Kaarmanni k\u00e4sit\u00f6\u00f6poe aknan\u00e4itusel tutvuda kollektsiooniga OD`E ja \u00d5ED, mille \u00fcheks autoriks on Tiiu\u00a0K\u00e4ngsepp-Prost, kes l\u00f5petas sel aastal T\u00dc Viljandi kultuuriakadeemia p\u00e4randtehnoloogia tekstiili eriala.\u00a0<\/p>\n\n\n\n<p class=\"has-large-font-size\"><strong>V\u00e4ljapanek\u00a0Disaini\u00f6\u00f6\u00a02025 n\u00e4itusel<\/strong>\u00a0<\/p>\n\n\n\n<p class=\"has-regular-font-size\">30. septembrist 5. oktoobrini osaleti v\u00e4ljapanekuga Tallinna Krulli kvartalis Eesti disainikoolide \u00fchisel n\u00e4itusel. Tutvuda sai p\u00e4randtehnoloogia erialade ja T\u00dc VKA kultuurip\u00e4randi loovrakenduste MA \u00fcli\u00f5pilaste 2025. aasta inspireerivate l\u00f5put\u00f6\u00f6dega.\u00a0\u00a0<\/p>\n\n\n\n<p class=\"has-large-font-size\"><strong>Tekstiili eriala \u00fcli\u00f5pilaste tekin\u00e4itus \u201eSitikal siledad tiivad\u201d<\/strong>\u00a0<\/p>\n\n\n\n<p>3.\u00a0novembrist\u00a02025\u00a028. veebruarini\u00a02026\u00a0oli\u00a0Tartu \u00dclikooli peahoones\u00a0tekin\u00e4itus \u201eSitikal siledad tiivad IV\u201c,\u00a0n\u00e4ha\u00a0sai T\u00dc\u00a0Viljandi kultuuriakadeemia p\u00e4randtehnoloogia tekstiili eriala \u00fcli\u00f5pilaste valmistatud s\u00f5bakirjalisi telgedel kootud tekke, mille mustrid on kopeeritud Eesti muuseumides olevatelt tekkidelt ja vaipadelt.\u00a0\u00a0<\/p>\n","protected":false},"excerpt":{"rendered":"<p>\u201cAjaj\u00f5gi\u201d Tartu \u00dclikooli Viljandi kultuuriakadeemia 16 vilistlase ja \u00f5ppej\u00f5u \u00fchisn\u00e4itus \u201cAjaj\u00f5gi\u201d p\u00fchendati p\u00e4randtehnoloogia \u00f5ppekava 30. tegutsemisaastale. N\u00e4itus viis vaatajad looklevale jalutusk\u00e4igule p\u00e4randikihtide vahele, pakkudes v\u00f5imaluse v\u00f5tta hetk m\u00f5tisklemaks, kuidas need t\u00e4nap\u00e4eva kanduvad. N\u00e4ituse kujundiks oli kujuteldav j\u00f5gi, et tuua\u00a0vaatajani mineviku &#8230;<\/p>\n","protected":false},"author":274,"featured_media":0,"parent":0,"menu_order":0,"comment_status":"closed","ping_status":"closed","template":"","meta":{"_acf_changed":false,"inline_featured_image":false,"footnotes":""},"class_list":["post-676","page","type-page","status-publish","hentry"],"acf":[],"_links":{"self":[{"href":"https:\/\/sisu.ut.ee\/craft\/wp-json\/wp\/v2\/pages\/676","targetHints":{"allow":["GET"]}}],"collection":[{"href":"https:\/\/sisu.ut.ee\/craft\/wp-json\/wp\/v2\/pages"}],"about":[{"href":"https:\/\/sisu.ut.ee\/craft\/wp-json\/wp\/v2\/types\/page"}],"author":[{"embeddable":true,"href":"https:\/\/sisu.ut.ee\/craft\/wp-json\/wp\/v2\/users\/274"}],"replies":[{"embeddable":true,"href":"https:\/\/sisu.ut.ee\/craft\/wp-json\/wp\/v2\/comments?post=676"}],"version-history":[{"count":6,"href":"https:\/\/sisu.ut.ee\/craft\/wp-json\/wp\/v2\/pages\/676\/revisions"}],"predecessor-version":[{"id":839,"href":"https:\/\/sisu.ut.ee\/craft\/wp-json\/wp\/v2\/pages\/676\/revisions\/839"}],"wp:attachment":[{"href":"https:\/\/sisu.ut.ee\/craft\/wp-json\/wp\/v2\/media?parent=676"}],"curies":[{"name":"wp","href":"https:\/\/api.w.org\/{rel}","templated":true}]}}