{"id":672,"date":"2025-08-25T15:01:58","date_gmt":"2025-08-25T12:01:58","guid":{"rendered":"https:\/\/sisu.ut.ee\/craft\/?page_id=672"},"modified":"2026-02-03T21:21:59","modified_gmt":"2026-02-03T19:21:59","slug":"naituse-2024","status":"publish","type":"page","link":"https:\/\/sisu.ut.ee\/craft\/naituse-2024\/","title":{"rendered":"N\u00e4itused 2024"},"content":{"rendered":"<p>24. novembrist 2023 kuni 2. jaanuarini 2024 oli Riisipere kultuurimajas tekstiili eriala \u00fcli\u00f5pilaste valmistatud <strong>\u201eKirjatud tekid ja kindad\u201c<\/strong>, edasi kuni 24. m\u00e4rtsini 2025 oli n\u00e4itus \u00fcleval Tabasalu raamatukogus, Laagri Kultuurikeskuses ja Keila kultuurimajas.<\/p>\n\n\n\n<p>6. jaanuarist kuni 16. veebruarini 2024 olid Betti Alveri Muuseumis J\u00f5geval n\u00e4itusel <strong>\u201eSumesoe n\u00e4put\u00f6\u00f6\u201c<\/strong> tekstiili eriala \u00fcli\u00f5pilaste valmistatud s\u00f5bad, m\u00e4nguasjad, vaibad jm k\u00e4sit\u00f6\u00f6esemed.<\/p>\n\n\n\n<p>08. m\u00e4rtsist kuni 28. aprillini 2024 olid Viljandi s\u00f5pruslinnas Porvoos (Soome) N\u00e4si m\u00f5isa n\u00e4itusel <strong>\u201eViljandi tuleb k\u00fclla!\u201c<\/strong> esindatud kultuuriakadeemia p\u00e4randtehnoloogia \u00fcli\u00f5pilaste t\u00f6\u00f6d: metallit\u00f6\u00f6 unikaalehted ja Soome puukko-t\u00fc\u00fcpi noad, tekstiili eriala \u00fcli\u00f5pilaste kootud s\u00f5bakirjalised tekid ja r\u00f5ivakomplektid.<\/p>\n\n\n\n<p>13. m\u00e4rtsist kuni 13. aprillini 2024 oli Valga Muuseumis metallit\u00f6\u00f6 eriala \u00f5ppet\u00f6\u00f6de n\u00e4itus <strong>\u201eVorm\u201c.<\/strong> V\u00e4lja oli pandud \u00fcli\u00f5pilaste ja vilistlaste valmistatud tarbeesemed, skulpturaalsed vormid ja ehted.<\/p>\n\n\n\n<p>03. maist kuni 13. septembrini 2024 toimus <a href=\"https:\/\/www.erm.ee\/et\/uks-vagi\" target=\"_blank\" rel=\"noreferrer noopener\">n\u00e4itus<strong> \u201e\u00dcks v\u00e4gi\u201c<\/strong><\/a><strong> <\/strong>ERMi Heimtali muuseumi rahvamajas. V\u00e4ljapanek andis \u00fclevaate Anu Raua stipendiumi laureaatide loomingust, tutvustades eripalgelisi ja silmapaistvaid k\u00e4sit\u00f6\u00f6meistreid, kes on \u00f5ppinud T\u00dc Viljandi kultuuriakadeemias ning kelle looming l\u00e4htub kultuurip\u00e4randist.<\/p>\n\n\n\n<p>06. juunist kuni 31. augustini 2024 eksponeeriti Viljandi muuseumis p\u00e4randtehnoloogia \u00f5ppekava metallit\u00f6\u00f6 eriala \u00f5ppej\u00f5udude Eilve Mangluse, Indrek Ikkoneni, Kirsti Tuuma, Mart Reino, T\u00f5nis Luige ja V\u00e4ino Niitv\u00e4gi <a href=\"https:\/\/muuseum.viljandimaa.ee\/www\/2024\/naitus-ohustatud-liikide-kaitseala\/\" target=\"_blank\" rel=\"noreferrer noopener\">\u00fchisn\u00e4itust <strong>\u201eOhustatud liikide kaitseala\u201c<\/strong>.<\/a><\/p>\n\n\n\n<p>Esimesest juunist kuni 20. augustini 2024 toimus Avinurme kultuurikeskuses kultuuriakadeemia <strong>p\u00e4randtehnolooga \u00f5ppekava l\u00f5put\u00f6\u00f6de<\/strong> plagude n\u00e4itus.<\/p>\n\n\n\n<p class=\"has-regular-font-size\"><strong>\u201cAjaj\u00f5gi\u201d<\/strong><br>Tartu \u00dclikooli Viljandi kultuuriakadeemia 16 vilistlase ja \u00f5ppej\u00f5u <a href=\"https:\/\/viljandi.ut.ee\/et\/naitus-ajajogi\" target=\"_blank\" rel=\"noreferrer noopener\">\u00fchisn\u00e4itus \u201cAjaj\u00f5gi\u201d<\/a> p\u00fchendati p\u00e4randtehnoloogia \u00f5ppekava 30. tegutsemisaastale. N\u00e4itus viis vaatajad looklevale jalutusk\u00e4igule p\u00e4randikihtide vahele, pakkudes v\u00f5imaluse v\u00f5tta hetk m\u00f5tisklemaks, kuidas need t\u00e4nap\u00e4eva kanduvad.<br>N\u00e4itus toimus:<br>R\u00fcki galerii, Viljandi 19.09.-12.10.2024<br>Disaini- ja Arhitektuurigalerii, Tallinn 07.01.-01.02.2025<br>Vana-V\u00f5romaa kultuurikoda, V\u00f5ru 08.02.-23.03.2025<\/p>\n\n\n\n<p><\/p>\n","protected":false},"excerpt":{"rendered":"<p>24. novembrist 2023 kuni 2. jaanuarini 2024 oli Riisipere kultuurimajas tekstiili eriala \u00fcli\u00f5pilaste valmistatud \u201eKirjatud tekid ja kindad\u201c, edasi kuni 24. m\u00e4rtsini 2025 oli n\u00e4itus \u00fcleval Tabasalu raamatukogus, Laagri Kultuurikeskuses ja Keila kultuurimajas. 6. jaanuarist kuni 16. veebruarini 2024 olid &#8230;<\/p>\n","protected":false},"author":274,"featured_media":0,"parent":0,"menu_order":0,"comment_status":"closed","ping_status":"closed","template":"","meta":{"_acf_changed":false,"inline_featured_image":false,"footnotes":""},"class_list":["post-672","page","type-page","status-publish","hentry"],"acf":[],"_links":{"self":[{"href":"https:\/\/sisu.ut.ee\/craft\/wp-json\/wp\/v2\/pages\/672","targetHints":{"allow":["GET"]}}],"collection":[{"href":"https:\/\/sisu.ut.ee\/craft\/wp-json\/wp\/v2\/pages"}],"about":[{"href":"https:\/\/sisu.ut.ee\/craft\/wp-json\/wp\/v2\/types\/page"}],"author":[{"embeddable":true,"href":"https:\/\/sisu.ut.ee\/craft\/wp-json\/wp\/v2\/users\/274"}],"replies":[{"embeddable":true,"href":"https:\/\/sisu.ut.ee\/craft\/wp-json\/wp\/v2\/comments?post=672"}],"version-history":[{"count":8,"href":"https:\/\/sisu.ut.ee\/craft\/wp-json\/wp\/v2\/pages\/672\/revisions"}],"predecessor-version":[{"id":833,"href":"https:\/\/sisu.ut.ee\/craft\/wp-json\/wp\/v2\/pages\/672\/revisions\/833"}],"wp:attachment":[{"href":"https:\/\/sisu.ut.ee\/craft\/wp-json\/wp\/v2\/media?parent=672"}],"curies":[{"name":"wp","href":"https:\/\/api.w.org\/{rel}","templated":true}]}}