{"id":67,"date":"2024-04-04T08:32:20","date_gmt":"2024-04-04T05:32:20","guid":{"rendered":"https:\/\/sisu.ut.ee\/craft\/folkloristika-ja-parandirakenduste-magistritood\/"},"modified":"2026-02-03T21:53:06","modified_gmt":"2026-02-03T19:53:06","slug":"folkloristika-ja-parandirakenduste-magistritood","status":"publish","type":"page","link":"https:\/\/sisu.ut.ee\/craft\/folkloristika-ja-parandirakenduste-magistritood\/","title":{"rendered":"Folkloristika ja p\u00e4randirakenduste magistrit\u00f6\u00f6d"},"content":{"rendered":"<p>Antud \u00f5ppekavalt on siin esile toodud vaid need magistrit\u00f6\u00f6d, mis on kaitstud k\u00e4sit\u00f6\u00f6p\u00e4randi uurimise ja rakendamise suunal.<\/p>\n<h4>2025<\/h4>\n<p>Mar\u2019yana Svarnyk <a href=\"https:\/\/hdl.handle.net\/10062\/116898\" target=\"_blank\" rel=\"noopener\">\u2018Remaking of the late 19th century pysanky with natural dyes\u2019<\/a> (magistriprojekt, juhendajad Elo-Hanna Seljamaa, Ave Matsin)<\/p>\n<h4>2024<\/h4>\n<p>Kristel Ruutma <a href=\"https:\/\/hdl.handle.net\/10062\/95150\">\u2018Transmission of Craft Knowledge: Making a Classical Ballet Dress\u2019<\/a> (magistriprojekt, juhendaja Diana Tuulik)<\/p>\n<p>Vassa Yakymets <a href=\"https:\/\/hdl.handle.net\/10062\/100052\">\u02bbFinding the needle: the mnemonic role of vernacular textile crafting in ethnic identity solidification and maintenance\u02bc<\/a> (magistriprojekt; juhendajad Kristi J\u00f5este ja Laur Vallikivi)<\/p>\n<h4>2023<\/h4>\n<p>Chahal Garg <a href=\"https:\/\/hdl.handle.net\/10062\/106149\" target=\"_blank\" rel=\"noopener\">\u2018CRAFTECH FUTURES: Speculative Futures of Craft and Technology Convergence\u2019<\/a> (magistriprojekt, juhendaja Elo-Hanna Seljamaa)<\/p>\n<p>Reyhaneh Ghoroghchian<a href=\"https:\/\/hdl.handle.net\/10062\/92066\"> \u2018The Lords of the Zagros Mountains: The Struggles of Modern Qashqai Nomads and Ways to Preserve Their Fleeting Culture\u2019<\/a> (magistrit\u00f6\u00f6, juhendja Kristin Kuutma)<\/p>\n<p>Evgeniya Grafskaya <a href=\"https:\/\/hdl.handle.net\/10062\/92061\">\u2018Papermaking Guidebook for Beginners. Craft and Recycling on a Budget\u2019<\/a> (magistriprojekt, juhendaja Elo-Hanna Seljamaa)<\/p>\n<h4>2022<\/h4>\n<p>Siarhiej Makarevich <a title=\"\" href=\"http:\/\/hdl.handle.net\/10062\/88013\" target=\"_blank\" rel=\"noopener\" data-url=\"http:\/\/hdl.handle.net\/10062\/88013\">\u02bbRevitalisation of the Local Weaving Tradition in the Hancavic\u030cy District (Belarus)\u02bc<\/a> (magistriprojekt, juhendaja Kristin Kuutma)<\/p>\n<p>Sab\u012bne Puste <a title=\"\" href=\"http:\/\/hdl.handle.net\/10062\/88007\" target=\"_blank\" rel=\"noopener\" data-url=\"http:\/\/hdl.handle.net\/10062\/88007\">\u02bbPodcast on Korean Traditional Crafts\u02bc<\/a> (magistriprojekt; juhendaja Kristi J\u00f5este)<\/p>\n<p>Emily Celeste Watts <a title=\"\" href=\"http:\/\/hdl.handle.net\/10062\/88011\" target=\"_blank\" rel=\"noopener\" data-url=\"http:\/\/hdl.handle.net\/10062\/88011\">\u02bbThe Muhu Slipper as a Cultural Object: An Examination of the Importance of Place, History, and Attribution\u02bc<\/a> (magistriprojekt, juhendaja Kristi J\u00f5este)<\/p>\n<h4>2021<\/h4>\n<p>Audrey Scrugham <a title=\"\" href=\"http:\/\/hdl.handle.net\/10062\/72981\" target=\"_blank\" rel=\"noopener\" data-url=\"http:\/\/hdl.handle.net\/10062\/72981\">\u02bbEmbodied Knowledge and the Process of Creative Empowerment through the Art and Craft of Zine-making\u02bc<\/a> (magistriprojekt; juhendaja Kristi J\u00f5este)<\/p>\n<h4>2019<\/h4>\n<p>Nurjahan Hadi <a title=\"\" href=\"http:\/\/hdl.handle.net\/10062\/67017\" target=\"_blank\" rel=\"noopener\" data-url=\"http:\/\/hdl.handle.net\/10062\/67017\">\u02bbTransformation of a Traditional Textile Craft: A Case Study of Nakshi Kantha\u02bc<\/a> (juhendajad Ave Matsin, Kristi J\u00f5este)<\/p>\n<div id=\"WACViewPanel_ClipboardElement\" class=\"WACEditing EditMode EditingSurfaceBody FireFox WACViewPanel_DisableLegacyKeyCodeAndCharCode usehover\" style=\"overflow: hidden; direction: ltr;\">\n<div class=\"OutlineElement Ltr SCXW180724976 BCX2\" style=\"direction: ltr;\">\n<p class=\"Paragraph SCXW180724976 BCX2\" lang=\"EN-US\" style=\"font-weight: normal; font-style: normal; vertical-align: baseline; background-color: transparent; color: windowtext; text-align: left; margin-left: 0px; margin-right: 0px; padding-left: 0px; padding-right: 0px; text-indent: 0px;\" xml:lang=\"EN-US\"><span class=\"TextRun SCXW180724976 BCX2\" lang=\"EN-US\" style=\"11pt;line-height: 19.425px;\" xml:lang=\"EN-US\" data-contrast=\"auto\"><span class=\"NormalTextRun SCXW180724976 BCX2\">\u00a0<\/span><\/span><\/p>\n<\/div>\n<\/div>\n","protected":false},"excerpt":{"rendered":"<p>Antud \u00f5ppekavalt on siin esile toodud vaid need magistrit\u00f6\u00f6d, mis on kaitstud k\u00e4sit\u00f6\u00f6p\u00e4randi uurimise ja rakendamise suunal. 2025 Mar\u2019yana Svarnyk \u2018Remaking of the late 19th century pysanky with natural dyes\u2019 (magistriprojekt, juhendajad Elo-Hanna Seljamaa, Ave Matsin) 2024 Kristel Ruutma \u2018Transmission &#8230;<\/p>\n","protected":false},"author":274,"featured_media":0,"parent":0,"menu_order":0,"comment_status":"closed","ping_status":"closed","template":"","meta":{"_acf_changed":false,"inline_featured_image":false,"footnotes":""},"class_list":["post-67","page","type-page","status-publish","hentry"],"acf":[],"_links":{"self":[{"href":"https:\/\/sisu.ut.ee\/craft\/wp-json\/wp\/v2\/pages\/67","targetHints":{"allow":["GET"]}}],"collection":[{"href":"https:\/\/sisu.ut.ee\/craft\/wp-json\/wp\/v2\/pages"}],"about":[{"href":"https:\/\/sisu.ut.ee\/craft\/wp-json\/wp\/v2\/types\/page"}],"author":[{"embeddable":true,"href":"https:\/\/sisu.ut.ee\/craft\/wp-json\/wp\/v2\/users\/274"}],"replies":[{"embeddable":true,"href":"https:\/\/sisu.ut.ee\/craft\/wp-json\/wp\/v2\/comments?post=67"}],"version-history":[{"count":6,"href":"https:\/\/sisu.ut.ee\/craft\/wp-json\/wp\/v2\/pages\/67\/revisions"}],"predecessor-version":[{"id":845,"href":"https:\/\/sisu.ut.ee\/craft\/wp-json\/wp\/v2\/pages\/67\/revisions\/845"}],"wp:attachment":[{"href":"https:\/\/sisu.ut.ee\/craft\/wp-json\/wp\/v2\/media?parent=67"}],"curies":[{"name":"wp","href":"https:\/\/api.w.org\/{rel}","templated":true}]}}