{"id":65,"date":"2024-04-04T08:32:19","date_gmt":"2024-04-04T05:32:19","guid":{"rendered":"https:\/\/sisu.ut.ee\/craft\/kunstide-ja-tehnoloogia-opetaja-magistritood\/"},"modified":"2026-02-19T14:02:26","modified_gmt":"2026-02-19T12:02:26","slug":"kunstide-ja-tehnoloogia-opetaja-magistritood","status":"publish","type":"page","link":"https:\/\/sisu.ut.ee\/craft\/kunstide-ja-tehnoloogia-opetaja-magistritood\/","title":{"rendered":"Kunstide ja tehnoloogia \u00f5petaja magistrit\u00f6\u00f6d"},"content":{"rendered":"<p>J\u00e4rgnevalt on loetletud vaid p\u00e4randtehnoloogia, k\u00e4sit\u00f6\u00f6 ja tehnoloogia\u00f5petusega seostuvad magistrit\u00f6\u00f6d antud \u00f5ppekavalt.<\/p>\n<h4>2025<\/h4>\n<p>Antonina Eek <a href=\"https:\/\/hdl.handle.net\/10062\/111080\" target=\"_blank\" rel=\"noopener\">\u201eKoolijuhtide arvamused kunstide ja tehnoloogia valdkonna ainete olulisusest ning \u00f5petajate ettevalmistuse ja t\u00f6\u00f6tingimuste kohta \u00fcldhariduskoolis\u201c<\/a> (juhendaja Marvi Remmik)<\/p>\n<p>K\u00e4tlin Kaju <a href=\"https:\/\/hdl.handle.net\/10062\/111091\" target=\"_blank\" rel=\"noopener\">\u201eR\u00f5iva\u00f5mblemine III kooliastmes. Dressikangast r\u00f5ivaeseme l\u00f5iked ja t\u00f6\u00f6juhendid\u201c<\/a> (juhendaja Anu Pink)<\/p>\n<p>Liina Kilter <a href=\"https:\/\/hdl.handle.net\/10062\/111098\" target=\"_blank\" rel=\"noopener\">\u201eTehnoloogia ainevaldkonna \u00f5ppeainete l\u00f5iming; taaskasutusel p\u00f5hinevate \u00f5ppematerjalide kasutamine Saaremaa koolides\u201c<\/a> (juhendaja Mart Soobik)<\/p>\n<p>Agni Laats <a href=\"https:\/\/hdl.handle.net\/10062\/111078\" target=\"_blank\" rel=\"noopener\">\u201eViltimistehnika \u00f5pijuhised II-III kooliastme \u00f5pilastele\u201c<\/a> (juhendaja Pille Pattak)<\/p>\n<p>Liisa Mets <a href=\"https:\/\/hdl.handle.net\/10062\/111100\" target=\"_blank\" rel=\"noopener\">\u201eAsjakohastatud disainm\u00f5tlemise protsessi mudel tehnoloogia\u00f5petuses\u201c<\/a> (juhendaja Mart Soobik)<\/p>\n<p>Juta Pertel <a href=\"ttps:\/\/hdl.handle.net\/10062\/111089\" target=\"_blank\" rel=\"noopener\">\u201eTehnoloogia\u00f5petuse praktilised \u00fclesanded t\u00fctarlastele\u201c<\/a> (juhendaja Mart Soobik)<\/p>\n<p>Erika Salaj\u00f5e <a href=\"ttps:\/\/hdl.handle.net\/10062\/111039\" target=\"_blank\" rel=\"noopener\">\u201eTehisintellekt kui n\u00fc\u00fcdisaegse \u00f5petaja t\u00f6\u00f6vahend: tehnoloogiavaldkonna \u00f5petajate kogemused ja arvamused Saare maakonna n\u00e4itel\u201c<\/a> (juhendaja Mart Soobik)<\/p>\n<p>Triin T\u00fcrk <a href=\"https:\/\/hdl.handle.net\/10062\/111139\" target=\"_blank\" rel=\"noopener\">\u201eTuleviku insenerid: Tehnoloogia\u00f5petuse \u00fclesanded tehnoloogiavaldkonna ainete ol\u00fcmpiaadil\u201c<\/a> (juhendajad Mart Soobik, Marvi Remmik)<\/p>\n<p>Mai Uiga <a href=\"https:\/\/hdl.handle.net\/10062\/111120\" target=\"_blank\" rel=\"noopener\">\u201eJaapani traditsioonilist k\u00e4sit\u00f6\u00f6d tutvustav \u00f5ppematerjal p\u00f5hikooli II ja III kooliastme k\u00e4sit\u00f6\u00f6tundideks\u201c<\/a> (juhendaja Maria J\u00fcrim\u00e4e)<\/p>\n<h4>2024<\/h4>\n<p>Siegrid Illus <a href=\"https:\/\/hdl.handle.net\/10062\/102555\" target=\"_blank\" rel=\"noopener\">\u201cValik tekstiilip\u00f5histe kompositsiooni\u00fclesannete ideekaarte p\u00f5hikooli II ja III kooliastme k\u00e4sit\u00f6\u00f6tundideks\u201d<\/a> (juhendaja Katri Smitt)<\/p>\n<p>Aili J\u00e4rvesaar <a href=\"https:\/\/hdl.handle.net\/10062\/102558\" target=\"_blank\" rel=\"noopener\">\u201c\u00d5petajate arvamused kaasava hariduse rakendamisest k\u00e4sit\u00f6\u00f6 ja kodunduse tundides\u201d<\/a> (juhendaja Marvi Remmik)<\/p>\n<p>Kadri Kuusik \u201cTehnoloogiatunni kavandamine ja l\u00e4biviimine hariduslike erivajadustega laste r\u00fchmas\u201d<\/p>\n<p>Riina K\u00f5verik <a href=\"https:\/\/hdl.handle.net\/10062\/102563\" target=\"_blank\" rel=\"noopener\">\u201cDigivahendite kasutamine k\u00e4sit\u00f6\u00f6tundides: v\u00f5imalused ja v\u00e4ljakutsed \u00f5pilaste digip\u00e4devuste arendamiseks \u00f5petajate kogemuse p\u00f5hjal\u201d<\/a> (juhendaja Meeli Rannastu-Avalos)<\/p>\n<p>Liina Laansalu <a href=\"https:\/\/hdl.handle.net\/10062\/102579\" target=\"_blank\" rel=\"noopener\">\u201cLapitehnika t\u00f6\u00f6vihiku koostamine III kooliastmele ja t\u00e4iskasvanute hobi\u00f5ppeks\u201d<\/a> (juhendajad Maret Lehis ja Ave Matsin)<\/p>\n<p>Leho Lainoja <a href=\"https:\/\/hdl.handle.net\/10062\/102586\" target=\"_blank\" rel=\"noopener\">\u201c\u00d5petajate tegevusv\u00f5imekuse avaldumine p\u00f5hikooli riikliku \u00f5ppekava muutustega toimetulekul \u2013 tehnoloogia\u00f5petajate t\u00fcpoloogia\u201d<\/a> (juhendaja Liana Roos)<\/p>\n<p>Triinu Larionov <a href=\"https:\/\/hdl.handle.net\/10062\/99482\" target=\"_blank\" rel=\"noopener\">\u201cMetoodilise juhendi loomine kultuurip\u00e4randi k\u00e4sitlemiseks k\u00e4sit\u00f6\u00f6 tunnis projekt\u00f5ppena l\u00e4htuvalt n\u00fc\u00fcdisaegsest \u00f5pik\u00e4situsest\u201d<\/a> (juhendajad Inna Raud ja Keret Altpere)<\/p>\n<p>Tiia M\u00e4e <a href=\"https:\/\/hdl.handle.net\/10062\/102588\" target=\"_blank\" rel=\"noopener\">\u201c\u00d5pilaste kaasamine hindamisprotsessi k\u00e4sit\u00f6\u00f6s p\u00f5hikooli III kooliastmes\u201d<\/a> (juhendajad Maria J\u00fcrim\u00e4e ja Marvi Remmik)<\/p>\n<p>Kirke Rahnel <a href=\"https:\/\/hdl.handle.net\/10062\/102591\" target=\"_blank\" rel=\"noopener\">\u201cAlgaja k\u00e4sit\u00f6\u00f6- ja kodunduse \u00f5petaja kohanemise ja professionaalse arengu toetamine \u00fcldhariduskoolides\u201d<\/a> (juhendaja Marvi Remmik)<\/p>\n<p>Katre Teppan <a href=\"https:\/\/hdl.handle.net\/10062\/102593\" target=\"_blank\" rel=\"noopener\">\u201c\u00d5piobjekti loomine III kooliastme kodunduse tundide rikastamiseks\u201d<\/a> (juhendaja Maria J\u00fcrim\u00e4e)<\/p>\n<p>Kristel Unt <a href=\"https:\/\/hdl.handle.net\/10062\/102594\" target=\"_blank\" rel=\"noopener\">\u201cTehnoloogiavaldkonna \u00f5petajate valmisolek \u00f5ppekava muudatusteks\u201d<\/a> (juhendaja Marvi Remmik)<\/p>\n<p>Larissa Vangonen <a href=\"https:\/\/hdl.handle.net\/10062\/102595\" target=\"_blank\" rel=\"noopener\">\u201cTehnoloogia\u00f5petuse \u00f5ppematerjal p\u00f5hikooli 4. klassi muukeelsetele \u00f5pilastele\u201d<\/a> (juhendaja Mart Soobik)<\/p>\n<p>Maret Volens <a href=\"https:\/\/hdl.handle.net\/10062\/102636\" target=\"_blank\" rel=\"noopener\">\u201cTehnoloogia\u00f5petuse f\u00fc\u00fcsiline \u00f5pikeskkond ja turvaline \u00f5ppet\u00f6\u00f6\u201d<\/a> (juhendaja Mart Soobik)<\/p>\n<h4>2023<\/h4>\n<p>Riina Arva \u201cAvastus\u00f5pe k\u00e4sit\u00f6\u00f6 ja kodunduse tundides l\u00f5imingus teiste \u00f5ppeainetega\u201d<\/p>\n<p>Kristiina Avel <a href=\"https:\/\/hdl.handle.net\/10062\/90441\">\u201cVoolus\u00f6\u00f6vituse \u00f5ppematerjal traditsioonilise graafika taustaga inimestele\u201d<\/a> (juhendaja Piret Viirpalu)<\/p>\n<p>Triin Hussar \u201cTraditsioonilise puuk\u00e4sit\u00f6\u00f6 \u00f5petamine\u201d<\/p>\n<p>Kirsika Karheiding <a href=\"https:\/\/hdl.handle.net\/10062\/90440\">\u201cM\u00e4ngulised vahendid heegeldama \u00f5ppimisel\u201d<\/a> (juhendaja Inna Raud)<\/p>\n<p>Karmen Kroonm\u00e4e <a href=\"https:\/\/hdl.handle.net\/10062\/90439\">\u201cG\u00fcmnaasiumi valikaine \u201cLoovp\u00e4rand ja disain\u201d v\u00e4ljat\u00f6\u00f6tamine ja selle aktuaalsus teiste koolide sarnaste valikainete n\u00e4itel\u201d<\/a> (juhendaja Keret Altpere)<\/p>\n<p>Jaana K\u00e4ba \u201cKeraamika tehnoloogia \u00f5petamine teises kooliastmes\u201d (juhendaja Mart Soobik)<\/p>\n<p>Pille Pirk <a href=\"https:\/\/hdl.handle.net\/10062\/90430\">\u201cGeomeetria \u00f5mblemise tunnis. T\u00f6\u00f6juhendid geomeetrilise p\u00f5hiplaaniga kottide \u00f5mblemiseks II ja III kooliastmes\u201d<\/a> (juhendaja Anu Pink)<\/p>\n<p>Natalja \u0160vetsova <a href=\"https:\/\/hdl.handle.net\/10062\/90445\">\u201cJ\u00e4tkusuutlik areng tehnoloogia\u00f5petuse tundides l\u00f5imitud disainiprotsessi n\u00e4itel\u201d<\/a> (juhendaja Mart Soobik)<\/p>\n<p>Peeter Tamm \u201cTehnoloogilise kirjaoskuse ja digip\u00e4devuse arendamine III kooliastmes Sketchup arvutiprogrammi n\u00e4itel\u201d<\/p>\n<p>Elis Tuik <a href=\"https:\/\/hdl.handle.net\/10062\/90435\">\u201cSetomaa koolinoorte osalemine Seto pitsi p\u00e4evadel 2012-2022: teadlikkus ja huvi konkursil osav\u00f5tmisest\u201d<\/a> (juhendaja Inna Raud)<\/p>\n<h4>2022<\/h4>\n<p>Liina Ambos <a href=\"https:\/\/hdl.handle.net\/10062\/90806\">\u201cNahkmaterjali tutvustamine ja tehnoloogia p\u00f5hikooli II ja III kooliastmes\u201d <\/a>(juhendajad Kristina Rajando ja Piret Viirpalu)<\/p>\n<p>Thea Ilusmets ja Lilia Murs <a href=\"https:\/\/hdl.handle.net\/10062\/90808\">\u201cK\u00e4sit\u00f6\u00f6 ja kodunduse \u00f5petamine distantsilt \u2013 \u00f5petajate kogemused\u201d<\/a> (juhendajad Anu Pink ja Marvi Remmik)<\/p>\n<p>Marilin Jaadla <a href=\"https:\/\/hdl.handle.net\/10062\/90809\">\u201c\u00d5ppevideod tikkimises l\u00e4bi rahvusliku tikandi\u201d<\/a> (juhendajad Pille Pattak ja Christi K\u00fctt)<\/p>\n<p>Toomas Kaarj\u00e4rv <a href=\"https:\/\/hdl.handle.net\/10062\/90815\">\u201cTehnoloogia\u00f5petuse \u00f5petajate kogemused holistilise mudeli tunnielementide rakendamisel ja ettepanekud tunnielementide rakendamise toetamiseks tehnoloogia\u00f5petuse tundides\u201d<\/a> (juhendaja Mart Soobik)<\/p>\n<p>Katrin Kobolt <a href=\"https:\/\/hdl.handle.net\/10062\/90803\">\u201cSoovitused tehnoloogia\u00f5petuse osaoskuse \u201cdisain ja joonestamine\u201d sisus ja \u00f5pitulemustes\u201d<\/a> (juhendaja Mart Soobik)<\/p>\n<p>Maret Kuura \u201cK\u00e4sit\u00f6\u00f6\u00f5petuse valikkursuse kujundamine g\u00fcmnaasiumis kahe ainetunni n\u00e4itel\u201d<\/p>\n<p>Priit Laats <a href=\"https:\/\/hdl.handle.net\/10062\/90814\">\u201cKvalifitseeritud tehnoloogia\u00f5petajate p\u00f5hjendused \u00f5petajana mitte t\u00f6\u00f6tamiseks ning ettepanekud \u00f5petajaametisse asumise soodustamiseks\u201d<\/a> (juhendaja Marvi Remmik)<\/p>\n<p>Kerli Laur <a href=\"https:\/\/hdl.handle.net\/10062\/90804\">\u201cKoolieelses lasteasutuses 5.-7. aastastele lastele \u00f5petatavad tehnilised oskused\u201d<\/a> (juhendajad Piret Viirpalu ja Keret Altpere)<\/p>\n<p>K\u00fclli Sari <a href=\"https:\/\/hdl.handle.net\/10062\/90805\">\u201c\u00d5ppematerjal III kooliastme andekate ja edasij\u00f5udnud \u00f5pilaste arendamiseks rahvusliku k\u00e4sit\u00f6\u00f6 ja disaini valdkonnas valgetikandi n\u00e4itel\u201d<\/a> (juhendaja Pille Pattak)<\/p>\n<p>Birgit Tuulemets <a href=\"https:\/\/hdl.handle.net\/10062\/90800\">\u201c\u00d5ppevara loomine: tehnoloogia\u00f5petuse projekt\u00f5pe, mis toetab \u00f5ppeainete l\u00f5imingut ja enesejuhitud \u00f5pet\u201d<\/a> (juhendaja Meeli Rannastu-Avalos)<\/p>\n<h4>2021<\/h4>\n<p>Marja-Leena Jaanus <a title=\"\" href=\"http:\/\/hdl.handle.net\/10062\/72474\" target=\"_blank\" rel=\"noopener\" data-url=\"http:\/\/hdl.handle.net\/10062\/72474\">\u201cOskuskeel \u00fcldhariduskoolide k\u00e4sit\u00f6\u00f6\u00f5pikutes: heegeldamise oskuss\u00f5navara korrastamine\u201d<\/a> (juhendajad Ave Matsin, Reet Hendrikson)<\/p>\n<p>Merilin Schults <a title=\"\" href=\"http:\/\/hdl.handle.net\/10062\/72477\" target=\"_blank\" rel=\"noopener\" data-url=\"http:\/\/hdl.handle.net\/10062\/72477\">\u201c\u00d5pioskuste kujundamine k\u00e4sit\u00f6\u00f6 ja kodunduse \u00f5petajate arusaamade alusel\u201d<\/a> (juhendaja Tiia Pedastsaar)<\/p>\n<h4>2020<\/h4>\n<p>K\u00fclli Eplik <a title=\"\" href=\"http:\/\/hdl.handle.net\/10062\/68163\" target=\"_blank\" rel=\"noopener\" data-url=\"http:\/\/hdl.handle.net\/10062\/68163\">\u201c\u00d5pilaste tehnoloogiline kirjaoskus p\u00f5hikooli III kooliastmes<\/a>\u201d (juhendajad Mart Soobik, Marvi Remmik)<\/p>\n<p>Katri Kuusk <a title=\"\" href=\"http:\/\/hdl.handle.net\/10062\/68166\" target=\"_blank\" rel=\"noopener\" data-url=\"http:\/\/hdl.handle.net\/10062\/68166\">\u201c3. \u2013 4. klassi \u00f5pilaste vanemate kunsti ja tehnoloogia \u00f5ppeainete tegevuste ohutuse alased hoiakud ja praktikad\u201d<\/a> (juhendaja Liina Adov)<\/p>\n<p>Grete K\u00fcppar <a title=\"\" href=\"http:\/\/hdl.handle.net\/10062\/68173\" target=\"_blank\" rel=\"noopener\" data-url=\"http:\/\/hdl.handle.net\/10062\/68173\">\u201c\u00d5ppevideod Eesti rahvuslikest kudumisv\u00f5tetest\u201d<\/a> (juhendajad Anu Pink, Piret Viirpalu)<\/p>\n<p>Barbara Laul <a title=\"\" href=\"http:\/\/hdl.handle.net\/10062\/68157\" target=\"_blank\" rel=\"noopener\" data-url=\"http:\/\/hdl.handle.net\/10062\/68157\">\u201c\u00d5ppijate tajutud heaolu ning aktiivsust t\u00f5stvad liikumistegevused ja \u00f5pikeskkonna seaded k\u00e4sit\u00f6\u00f6 tundides\u201d<\/a> (juhendajad \u00dclle S\u00e4\u00e4lik, Piret Viirpalu)<\/p>\n<p>Getter Laur <a title=\"\" href=\"http:\/\/hdl.handle.net\/10062\/68174\" target=\"_blank\" rel=\"noopener\" data-url=\"http:\/\/hdl.handle.net\/10062\/68174\">\u201cMoeajaloo \u00f5petamisest eesti k\u00f5rgkoolides\u201d<\/a> (juhendaja Marvi Remmik)<\/p>\n<p>Kaja Leht <a title=\"\" href=\"http:\/\/hdl.handle.net\/10062\/68160\" target=\"_blank\" rel=\"noopener\" data-url=\"http:\/\/hdl.handle.net\/10062\/68160\">\u201cVeebip\u00f5hine projekt\u00f5ppe juhendmaterjal \u00f5petajale II kooliastmes k\u00e4sit\u00f6\u00f6 \u00f5petamiseks: p\u00e4randtehnoloogilised t\u00f6\u00f6v\u00f5tted ja taaskasutusmaterjalid tekstiilse m\u00e4nguasja valmistamise n\u00e4itel\u201c<\/a> (juhendajad Christi K\u00fctt, Keret Altpere)<\/p>\n<p>Maie Leppik-Ojasaar <a title=\"\" href=\"http:\/\/hdl.handle.net\/10062\/68171\" target=\"_blank\" rel=\"noopener\" data-url=\"http:\/\/hdl.handle.net\/10062\/68171\">\u201c\u00d5pilaste teadmised tehnoloogia\u00f5petuse osaoskusest \u201cmaterjalid ja nende t\u00f6\u00f6tlemine\u201d p\u00f5hikooli III kooliastmes\u201d<\/a> (juhendajad Mart Soobik, Piret Viirpalu)<\/p>\n<p>Terje-Marje Sillaste <a title=\"\" href=\"https:\/\/dspace.ut.ee\/handle\/10062\/68168\" target=\"_blank\" rel=\"noopener\" data-url=\"https:\/\/dspace.ut.ee\/handle\/10062\/68168\">\u201c\u00d5pilaste ootused ja rahulolu p\u00f5hikooli \u00f5ppeainega \u201cTehnoloogiaopetus\u201d\u201d<\/a> (juhendajad Mart Soobik, Piret Viirpalu)<\/p>\n<p>Laura Toomast <a title=\"\" href=\"http:\/\/hdl.handle.net\/10062\/68162\" target=\"_blank\" rel=\"noopener\" data-url=\"http:\/\/hdl.handle.net\/10062\/68162\">\u201c\u00d5ppematerjalid nutikate tekstiilide ja e-tekstiilide kasutamiseks k\u00e4sit\u00f6\u00f6tundides\u201d<\/a> (juhendaja Keret Altpere)<\/p>\n<p>Eda Toomsalu <a title=\"\" href=\"http:\/\/hdl.handle.net\/10062\/68158\" target=\"_blank\" rel=\"noopener\" data-url=\"http:\/\/hdl.handle.net\/10062\/68158\">\u201cT\u00f6\u00f6juhised \u00f5petajale silmuskudumis- ja heegeldamistehnika \u00f5petamiseks metafooride abil\u201d<\/a> (juhendaja Irja Vaas)<\/p>\n<p>Vaili Viirlaid <a title=\"\" href=\"http:\/\/hdl.handle.net\/10062\/68156\" target=\"_blank\" rel=\"noopener\" data-url=\"http:\/\/hdl.handle.net\/10062\/68156\">\u201cTehnoloogilise kirjaoskuse vajalikkus omakultuuri arengus. Rahvatantsukunst heegelmustrites\u201d<\/a> (juhendajad Pille Pattak, Kai Valtna)<\/p>\n<h4>2019<\/h4>\n<p>Maarja J\u00f5evee <a title=\"\" href=\"http:\/\/hdl.handle.net\/10062\/64273\" target=\"_blank\" rel=\"noopener\" data-url=\"http:\/\/hdl.handle.net\/10062\/64273\">\u201cT\u00f6\u00f6juhendid Lihula lilltikandis k\u00e4sit\u00f6\u00f6esemete teostamiseks II ja III kooliastmes\u201d<\/a> (juhendaja Irja Vaas)<\/p>\n<p>Dagmar Riet <a title=\"\" href=\"http:\/\/hdl.handle.net\/10062\/65340\" target=\"_blank\" rel=\"noopener\" data-url=\"http:\/\/hdl.handle.net\/10062\/65340\">\u201cHelmestikandi \u00f5petamine III kooliastmes: iseseisva t\u00f6\u00f6 juhendid\u201d<\/a> (juhendaja Tiia Pedastsaar)<\/p>\n<p>Eve Varik <a title=\"\" href=\"http:\/\/hdl.handle.net\/10062\/65344\" target=\"_blank\" rel=\"noopener\" data-url=\"http:\/\/hdl.handle.net\/10062\/65344\">\u201dT\u00f6\u00f6juhendite kogu silmuskudumise \u00f5petamiseks II kooliastmes\u201d<\/a> (juhendaja Irja Vaas)<\/p>\n<h4>2018<\/h4>\n<p>Heli Esko <a title=\"\" href=\"http:\/\/hdl.handle.net\/10062\/60791\" target=\"_blank\" rel=\"noopener\" data-url=\"http:\/\/hdl.handle.net\/10062\/60791\">\u201cRahvuslikud t\u00f6\u00f6d k\u00e4sit\u00f6\u00f6 ainekavas\u201d<\/a> (juhendaja Anu Pink)<\/p>\n<p>Kristi Moppel <a title=\"\" href=\"http:\/\/hdl.handle.net\/10062\/62126\" target=\"_blank\" rel=\"noopener\" data-url=\"http:\/\/hdl.handle.net\/10062\/62126\">\u201cInseneeria valdkonna arusaamad loovusest ja loovuse toetamine p\u00f5hikooli \u00f5ppekavas ainevaldkonna tehnoloogia\u00f5petus abil\u201d<\/a> (juhendajad Mart Soobik, Piret Viirpalu)<\/p>\n<p>Maire Pariots <a title=\"\" href=\"http:\/\/hdl.handle.net\/10062\/62120\" target=\"_blank\" rel=\"noopener\" data-url=\"http:\/\/hdl.handle.net\/10062\/62120\">\u201cLoovuse komponentide avaldumine II \u2013 III kooliastme k\u00e4sit\u00f6\u00f6 ja kodunduse tundides Ida-Viru maakonna p\u00f5hikooli n\u00e4itel\u201d<\/a> (juhendaja Irja Vaas)<\/p>\n<p>Margit Pinna-Valge <a title=\"\" href=\"http:\/\/hdl.handle.net\/10062\/60792\" target=\"_blank\" rel=\"noopener\" data-url=\"http:\/\/hdl.handle.net\/10062\/60792\">\u201cL\u00f5imitud aine- ja keele\u00f5ppe p\u00f5him\u00f5tetel p\u00f5hinev II kooliastme kodunduse \u00f5ppematerjal r\u00f5ivaste hoolduse teema \u00f5petamiseks\u201d<\/a> (juhendaja Irja Vaas)<\/p>\n<p>Sandra Porovart <a title=\"\" href=\"http:\/\/hdl.handle.net\/10062\/62128\" target=\"_blank\" rel=\"noopener\" data-url=\"http:\/\/hdl.handle.net\/10062\/62128\">\u201cLoomingulise valdkonna arusaamad loovusest ja loovuse toetamine p\u00f5hikooli \u00f5ppekavas\u201d<\/a> (juhendajad Mart Soobik, Piret Viirpalu)<\/p>\n","protected":false},"excerpt":{"rendered":"<p>J\u00e4rgnevalt on loetletud vaid p\u00e4randtehnoloogia, k\u00e4sit\u00f6\u00f6 ja tehnoloogia\u00f5petusega seostuvad magistrit\u00f6\u00f6d antud \u00f5ppekavalt. 2025 Antonina Eek \u201eKoolijuhtide arvamused kunstide ja tehnoloogia valdkonna ainete olulisusest ning \u00f5petajate ettevalmistuse ja t\u00f6\u00f6tingimuste kohta \u00fcldhariduskoolis\u201c (juhendaja Marvi Remmik) K\u00e4tlin Kaju \u201eR\u00f5iva\u00f5mblemine III kooliastmes. Dressikangast r\u00f5ivaeseme &#8230;<\/p>\n","protected":false},"author":274,"featured_media":0,"parent":0,"menu_order":0,"comment_status":"closed","ping_status":"closed","template":"","meta":{"_acf_changed":false,"inline_featured_image":false,"footnotes":""},"class_list":["post-65","page","type-page","status-publish","hentry"],"acf":[],"_links":{"self":[{"href":"https:\/\/sisu.ut.ee\/craft\/wp-json\/wp\/v2\/pages\/65","targetHints":{"allow":["GET"]}}],"collection":[{"href":"https:\/\/sisu.ut.ee\/craft\/wp-json\/wp\/v2\/pages"}],"about":[{"href":"https:\/\/sisu.ut.ee\/craft\/wp-json\/wp\/v2\/types\/page"}],"author":[{"embeddable":true,"href":"https:\/\/sisu.ut.ee\/craft\/wp-json\/wp\/v2\/users\/274"}],"replies":[{"embeddable":true,"href":"https:\/\/sisu.ut.ee\/craft\/wp-json\/wp\/v2\/comments?post=65"}],"version-history":[{"count":9,"href":"https:\/\/sisu.ut.ee\/craft\/wp-json\/wp\/v2\/pages\/65\/revisions"}],"predecessor-version":[{"id":849,"href":"https:\/\/sisu.ut.ee\/craft\/wp-json\/wp\/v2\/pages\/65\/revisions\/849"}],"wp:attachment":[{"href":"https:\/\/sisu.ut.ee\/craft\/wp-json\/wp\/v2\/media?parent=65"}],"curies":[{"name":"wp","href":"https:\/\/api.w.org\/{rel}","templated":true}]}}