{"id":64,"date":"2024-04-04T08:32:19","date_gmt":"2024-04-04T05:32:19","guid":{"rendered":"https:\/\/sisu.ut.ee\/craft\/pt-konverentsid\/"},"modified":"2026-02-03T21:47:17","modified_gmt":"2026-02-03T19:47:17","slug":"pt-konverentsid","status":"publish","type":"page","link":"https:\/\/sisu.ut.ee\/craft\/pt-konverentsid\/","title":{"rendered":"P\u00e4randtehnoloogia konverentsid"},"content":{"rendered":"<p>P\u00e4randtehnoloogia konverentsid on toimunud alates 2013. aastast. Konverentside sihtr\u00fchm on akadeemilisest diskussioonist ja valdkonna arendamisest huvitatud praktikud, \u00fcli\u00f5pilased, \u00f5ppej\u00f5ud ja uurijad. Eestikeelsed konverentsid on keskendunud p\u00e4randtehnoloogia seostele erinevate naaberteadustega. N\u00e4iteks 2019. aastal toimunud seitsmes rahvusvaheline p\u00e4randtehnoloogia konverents \u201cStudying Traditional Crafts: Goals and Methods in Higher Education\u201d (\u201cRahvusliku k\u00e4sit\u00f6\u00f6 uurimine: sihid ja meetodid k\u00f5rghariduses\u201d) keskendus p\u00e4randtehnoloogia \u00f5petamise ja uurimise eesm\u00e4rkidele ning meetoditele k\u00f5rgharidus\u00f5ppes.<\/p>\n<h4>P\u00e4randtehnoloogia konverentsid<\/h4>\n<p>2025: <a href=\"https:\/\/viljandi.ut.ee\/et\/uudis\/viljandi-kultuuriakadeemia-parandehituse-ope-tahistab-20-juubelit-konverentsiga\" target=\"_blank\" rel=\"noopener\">\u201cPuust ja punaseks\u201d<\/a>, <a href=\"https:\/\/uttv.ee\/naita?id=39277\" target=\"_blank\" rel=\"noopener\">1. p\u00e4eva<\/a> ja <a href=\"https:\/\/uttv.ee\/naita?id=39338\" target=\"_blank\" rel=\"noopener\">2. p\u00e4eva<\/a> j\u00e4relvaatamine ning konverentsi <a href=\"https:\/\/www.flickr.com\/photos\/184756568@N05\/albums\/72177720330550901\/\" target=\"_blank\" rel=\"noopener\">galerii<\/a>, lisaks rahvusvaheliste <a href=\"https:\/\/flickr.com\/photos\/184756568@N05\/albums\/72177720330568548\/\" target=\"_blank\" rel=\"noopener\">meistriklasside galerii<\/a><br>\n2024: <a href=\"https:\/\/sisu.ut.ee\/parandusfestival2024\/konverents\/\" target=\"_blank\" rel=\"noopener\">\u201cP\u00e4rand kestliku kogukonna teenistuses\u201d<\/a>, j\u00e4relvaatamine (suure saali <a href=\"https:\/\/uttv.ee\/naita?id=35866\" target=\"_blank\" rel=\"noopener\">1. p\u00e4ev<\/a> ja <a href=\"https:\/\/uttv.ee\/naita?id=35896\" target=\"_blank\" rel=\"noopener\">2. p\u00e4ev<\/a>; v\u00e4ikse saali <a href=\"https:\/\/uttv.ee\/naita?id=35867\" target=\"_blank\" rel=\"noopener\">1. p\u00e4ev<\/a> ja <a href=\"https:\/\/uttv.ee\/naita?id=35897\" target=\"_blank\" rel=\"noopener\">2. p\u00e4ev<\/a>), <a href=\"https:\/\/sisu.ut.ee\/wp-content\/uploads\/sites\/693\/Viljandi_conference_abstracts_ENG_04.pdf\" target=\"_blank\" rel=\"noopener\">kirjalik kokkuv\u00f5te<\/a>, <a href=\"https:\/\/www.flickr.com\/photos\/184756568@N05\/albums\/72177720320983946\/\" target=\"_blank\" rel=\"noopener\">galerii<\/a><br>\n2023: <a href=\"https:\/\/viljandi.ut.ee\/et\/parandtehnoloogia-konverents\" target=\"_blank\" rel=\"noopener\">\u201cKestlik mood\u201d<\/a>, <a href=\"https:\/\/uttv.ee\/naita?id=34946\" target=\"_blank\" rel=\"noopener\">j\u00e4relvaatamine<\/a> ja <a href=\"https:\/\/www.flickr.com\/photos\/184756568@N05\/albums\/72177720312852470\/\" target=\"_blank\" rel=\"noopener\">galerii<\/a><br>\n2022: \u201cVilla konverents\u201d, <a title=\"\" href=\"https:\/\/www.uttv.ee\/naita?id=33811\" target=\"_blank\" rel=\"noopener\" data-url=\"https:\/\/www.uttv.ee\/naita?id=33811\">1. p\u00e4eva<\/a> ja <a title=\"\" href=\"https:\/\/www.uttv.ee\/naita?id=33813\" target=\"_blank\" rel=\"noopener\" data-url=\"https:\/\/www.uttv.ee\/naita?id=33813\">2. p\u00e4eva<\/a> j\u00e4relvaatamine<br>\n2021: <a title=\"\" href=\"https:\/\/viljandi.ut.ee\/et\/sisu\/ptlk-IX\" target=\"_blank\" rel=\"noopener\" data-url=\"https:\/\/viljandi.ut.ee\/et\/sisu\/ptlk-IX\">\u201cSoome-ugri dialoogid. Kogud ja kogumine\u201d<\/a>, <a title=\"\" href=\"https:\/\/www.uttv.ee\/naita?id=31875\" target=\"_blank\" rel=\"noopener\" data-url=\"https:\/\/www.uttv.ee\/naita?id=31875\">j\u00e4relvaatamine<\/a><br>\n2020: <a title=\"\" href=\"https:\/\/viljandi.ut.ee\/et\/sisu\/parandtehnoloogia-konverents-2020-oma-nahk\" target=\"_blank\" rel=\"noopener\" data-url=\"https:\/\/viljandi.ut.ee\/et\/sisu\/parandtehnoloogia-konverents-2020-oma-nahk\">\u201cOma nahk\u201d, p\u00e4evakava, j\u00e4relvaatamine ja galerii<\/a><br>\n2019: <a title=\"\" href=\"https:\/\/sisu.ut.ee\/craftconference2019\" target=\"_blank\" rel=\"noopener\" data-url=\"https:\/\/sisu.ut.ee\/craftconference2019\">\u201cRahvusliku k\u00e4sit\u00f6\u00f6 uurimine: sihid ja meetodid k\u00f5rghariduses\u201d<\/a>, <a title=\"\" href=\"https:\/\/www.uttv.ee\/otsing#sona=craft%20conference\" target=\"_blank\" rel=\"noopener\" data-url=\"https:\/\/www.uttv.ee\/otsing#sona=craft%20conference\">j\u00e4relvaatamine<\/a><br>\n2018: <a title=\"\" href=\"https:\/\/viljandi.ut.ee\/et\/sisu\/konverentsil-saab-aimu-kasitoolise-tookojast\" target=\"_blank\" rel=\"noopener\" data-url=\"https:\/\/viljandi.ut.ee\/et\/sisu\/konverentsil-saab-aimu-kasitoolise-tookojast\">\u201cT\u00f6\u00f6kojast ja t\u00f6\u00f6riistadest\u201d<\/a>, j\u00e4relvaatamine <a title=\"\" href=\"https:\/\/www.uttv.ee\/otsing#sona=p%C3%A4randtehnoloogia%20konverents;tulemusi=50\" target=\"_blank\" rel=\"noopener\" data-url=\"https:\/\/www.uttv.ee\/otsing#sona=p%C3%A4randtehnoloogia%20konverents;tulemusi=50\">loengute kaupa<\/a><br>\n2017: <a title=\"\" href=\"https:\/\/viljandi.ut.ee\/et\/sisu\/konverentsil-uuritakse-parandtehnoloogia-seoseid-kohalike-materjalidega\" target=\"_blank\" rel=\"noopener\" data-url=\"https:\/\/viljandi.ut.ee\/et\/sisu\/konverentsil-uuritakse-parandtehnoloogia-seoseid-kohalike-materjalidega\">\u201cP\u00e4randtehnoloogia ja kohalikud loodusmaterjalid\u201d<\/a>, j\u00e4relvaatamine <a title=\"\" href=\"https:\/\/www.uttv.ee\/otsing#sona=p%C3%A4randtehnoloogia%20konverents;tulemusi=50\" target=\"_blank\" rel=\"noopener\" data-url=\"https:\/\/www.uttv.ee\/otsing#sona=p%C3%A4randtehnoloogia%20konverents;tulemusi=50\">loengute kaupa<\/a><br>\n2016: <a title=\"\" href=\"https:\/\/www.facebook.com\/events\/t%C3%BC-viljandi-kultuuriakadeemia\/p%C3%A4randtehnoloogia-konverents-k%C3%A4sit%C3%B6%C3%B6-kirjeldamise-keeled\/1007762689353392\/?locale=pt_BR\" target=\"_blank\" rel=\"noopener\" data-url=\"https:\/\/www.facebook.com\/events\/t%C3%BC-viljandi-kultuuriakadeemia\/p%C3%A4randtehnoloogia-konverents-k%C3%A4sit%C3%B6%C3%B6-kirjeldamise-keeled\/1007762689353392\/?locale=pt_BR\">\u201cP\u00e4randtehnoloogia ja k\u00e4sit\u00f6\u00f6 kirjeldamise keeled\u201d<\/a><br>\n2015: \u201cLuubi all on asjad!\u201d<br>\n2014: <a title=\"\" href=\"https:\/\/kultuur.err.ee\/302875\/viljandi-kasitooakadeemikud-tahistavad-juubelit\" target=\"_blank\" rel=\"noopener\" data-url=\"https:\/\/kultuur.err.ee\/302875\/viljandi-kasitooakadeemikud-tahistavad-juubelit\">\u201cK\u00e4sit\u00f6\u00f6 valdkonna inspiratsioonikonverents\u201d<\/a><br>\n2013: <a title=\"\" href=\"https:\/\/viljandi.ut.ee\/et\/sisu\/viljandis-toimub-parandoskuste-uurimise-seminar\" target=\"_blank\" rel=\"noopener\" data-url=\"https:\/\/viljandi.ut.ee\/et\/sisu\/viljandis-toimub-parandoskuste-uurimise-seminar\">\u201cP\u00e4ritud oskused. Visuaalse dokumenteerimise v\u00f5imalused\u201d<\/a>, j\u00e4relkajastus <a title=\"\" href=\"https:\/\/ojs.utlib.ee\/index.php\/SV\/article\/view\/17451\/12306\" target=\"_blank\" rel=\"noopener\" data-url=\"https:\/\/ojs.utlib.ee\/index.php\/SV\/article\/view\/17451\/12306\">Studia Vernaculas<\/a><\/p>\n<p>Konverentsi toetab Eesti Kultuurkapital ja T\u00dc rahvusteaduste baasfinatseerimine.<\/p>\n<p><img loading=\"lazy\" decoding=\"async\" width=\"642\" height=\"308\" class=\"alignnone wp-image-158\" style=\"width: 208px; height: 100px;\" title=\"kulka_logo_must.png\" src=\"https:\/\/sisu.ut.ee\/wp-content\/uploads\/sites\/619\/kulka_logo_must.png\" alt=\"KULKA logo\" srcset=\"https:\/\/sisu.ut.ee\/wp-content\/uploads\/sites\/619\/kulka_logo_must.png 642w, https:\/\/sisu.ut.ee\/wp-content\/uploads\/sites\/619\/kulka_logo_must-300x144.png 300w\" sizes=\"auto, (max-width: 642px) 100vw, 642px\"><\/p>\n","protected":false},"excerpt":{"rendered":"<p>P\u00e4randtehnoloogia konverentsid on toimunud alates 2013. aastast. Konverentside sihtr\u00fchm on akadeemilisest diskussioonist ja valdkonna arendamisest huvitatud praktikud, \u00fcli\u00f5pilased, \u00f5ppej\u00f5ud ja uurijad. Eestikeelsed konverentsid on keskendunud p\u00e4randtehnoloogia seostele erinevate naaberteadustega. N\u00e4iteks 2019. aastal toimunud seitsmes rahvusvaheline p\u00e4randtehnoloogia konverents \u201cStudying Traditional Crafts: &#8230;<\/p>\n","protected":false},"author":274,"featured_media":0,"parent":0,"menu_order":0,"comment_status":"closed","ping_status":"closed","template":"","meta":{"_acf_changed":false,"inline_featured_image":false,"footnotes":""},"class_list":["post-64","page","type-page","status-publish","hentry"],"acf":[],"_links":{"self":[{"href":"https:\/\/sisu.ut.ee\/craft\/wp-json\/wp\/v2\/pages\/64","targetHints":{"allow":["GET"]}}],"collection":[{"href":"https:\/\/sisu.ut.ee\/craft\/wp-json\/wp\/v2\/pages"}],"about":[{"href":"https:\/\/sisu.ut.ee\/craft\/wp-json\/wp\/v2\/types\/page"}],"author":[{"embeddable":true,"href":"https:\/\/sisu.ut.ee\/craft\/wp-json\/wp\/v2\/users\/274"}],"replies":[{"embeddable":true,"href":"https:\/\/sisu.ut.ee\/craft\/wp-json\/wp\/v2\/comments?post=64"}],"version-history":[{"count":9,"href":"https:\/\/sisu.ut.ee\/craft\/wp-json\/wp\/v2\/pages\/64\/revisions"}],"predecessor-version":[{"id":842,"href":"https:\/\/sisu.ut.ee\/craft\/wp-json\/wp\/v2\/pages\/64\/revisions\/842"}],"wp:attachment":[{"href":"https:\/\/sisu.ut.ee\/craft\/wp-json\/wp\/v2\/media?parent=64"}],"curies":[{"name":"wp","href":"https:\/\/api.w.org\/{rel}","templated":true}]}}