{"id":639,"date":"2024-08-30T09:30:16","date_gmt":"2024-08-30T06:30:16","guid":{"rendered":"https:\/\/sisu.ut.ee\/craft\/?page_id=639"},"modified":"2026-02-03T21:13:12","modified_gmt":"2026-02-03T19:13:12","slug":"stipendium","status":"publish","type":"page","link":"https:\/\/sisu.ut.ee\/craft\/stipendium\/","title":{"rendered":"Stipendium"},"content":{"rendered":"<h2 class=\"wp-block-heading\">Anu Raua nimeline stipendium<\/h2>\n\n\n\n<p>Anu Raua nimeline stipendium on m\u00f5eldud T\u00dc Viljandi kultuuriakadeemia p\u00e4randtehnoloogia ja kultuurip\u00e4randi loovrakenduste \u00f5ppekavade \u00fcli\u00f5pilastele, kes on silma paistnud ainelise kultuurip\u00e4randi uurimise ja hoidmisega. Igal aastal v\u00e4lja antava stipendiumi \u00fche osa moodustab rahaline toetus 1000 eurot ning teise osa naturaalmajanduslik toetus, mis s\u00fcmboliseerib seotust maakultuuriga. Tekstiilikunstnik Anu Raud oli talukujunduse ja rahvusliku k\u00e4sit\u00f6\u00f6 eriala (praeguse p\u00e4randtehnoloogia \u00f5ppekava rahvusliku tekstiili eriala) asutamise \u00fcheks eestvedajaks.<\/p>\n\n\n\n<p>Stipendiumile saavad <strong>kandidaate esitada<\/strong> T\u00dc Viljandi kultuuriakadeemia \u00f5ppej\u00f5ud ja \u00fcli\u00f5pilased. Vabavormilises esildises tuleb selgelt lahti kirjutada kellele ja missuguste teenete eest stipendiumit taotletakse. Ise sellele stipendiumile kandideerida v\u00f5imalik ei ole. Stipendium antakse tavaliselt \u00fcle novembris p\u00e4randtehnoloogia konverentsil.<br>Esildised palume edastada e-posti aadressil tysiht@ut.ee. Tavaliselt on esildiste saatmise t\u00e4htaeg sama aasta 1. november. <br>T\u00e4psemad iga-aastased stipendiumi tingimused ja seniste stipendiaatide kirjeldused leiad T\u00dc VKA kodulehelt: <a href=\"https:\/\/viljandi.ut.ee\/et\/anu-raua-nimeline-stipendium\" target=\"_blank\" rel=\"noreferrer noopener\">https:\/\/viljandi.ut.ee\/et\/anu-raua-nimeline-stipendium<\/a><br><a href=\"https:\/\/sihtasutus.ut.ee\/fondid\/anu-raua-stipendiumi-statuut\" data-type=\"link\" data-id=\"https:\/\/sihtasutus.ut.ee\/fondid\/anu-raua-stipendiumi-statuut\" target=\"_blank\" rel=\"noreferrer noopener\">Tutvu stipendiumi statuudiga.<\/a><\/p>\n\n\n\n<p><strong>Stipendiumi v\u00e4ljaandmist on v\u00f5imalik toetada<\/strong> tehes oma annetus Tartu \u00dclikooli sihtasutuse arveldusarvele:<br>EE471010102026293006 (SEB pank);<br>EE532200221010373441 (Swedbank).<br>Selgitusse lisada \u201cAnu Raua stipendiumifond\u201d.<\/p>\n\n\n\n<p><strong>Varasemad stipendiaadid:<\/strong><br>2025 \u2013 Siiri Karelson (<a href=\"https:\/\/www.flickr.com\/photos\/184756568@N05\/albums\/72177720330568458\/\" data-type=\"link\" data-id=\"https:\/\/www.flickr.com\/photos\/184756568@N05\/albums\/72177720330568458\/\" target=\"_blank\" rel=\"noreferrer noopener\">vaata stipendiumi \u00fcleandmise galeriid<\/a>)<br>2024 \u2013 Mari Roose (<a href=\"https:\/\/flickr.com\/photos\/184756568@N05\/albums\/72177720321963074\/\" target=\"_blank\" rel=\"noreferrer noopener\">vaata stipendiumi \u00fcleandmise galeriid<\/a>) <br>2023 \u2013 Meelika Hainsoo ja Jaana Reissaar (<a href=\"https:\/\/www.flickr.com\/photos\/184756568@N05\/albums\/72177720312878424\/\" data-type=\"link\" data-id=\"https:\/\/www.flickr.com\/photos\/184756568@N05\/albums\/72177720312878424\/\" target=\"_blank\" rel=\"noreferrer noopener\">vaata stipendiumi \u00fcleandmise galeriid<\/a>)<br>2022 \u2013 Kristi Everst ja Koidu Ahk (<a href=\"https:\/\/www.flickr.com\/photos\/184756568@N05\/albums\/72177720303905989\/\" data-type=\"link\" data-id=\"https:\/\/www.flickr.com\/photos\/184756568@N05\/albums\/72177720303905989\/\" target=\"_blank\" rel=\"noreferrer noopener\">vaata stipendiumi \u00fcleandmise galeriid<\/a>)<br>2021 \u2013 Kadi Vingisaar (<a href=\"https:\/\/www.flickr.com\/photos\/184756568@N05\/albums\/72157720170483513\/\" data-type=\"link\" data-id=\"https:\/\/www.flickr.com\/photos\/184756568@N05\/albums\/72157720170483513\/\" target=\"_blank\" rel=\"noreferrer noopener\">vaata stipendiumi \u00fcleandmise galeriid<\/a>)<br>2020 \u2013 Jaanus Vaabla (<a href=\"https:\/\/www.flickr.com\/photos\/184756568@N05\/albums\/72157717152165722\/\" data-type=\"link\" data-id=\"https:\/\/www.flickr.com\/photos\/184756568@N05\/albums\/72157717152165722\/\" target=\"_blank\" rel=\"noreferrer noopener\">vaata stipendiumi \u00fcleandmise galeriid<\/a>)<br>2019 \u2013 Maarja Palu ja Liis Luhamaa (<a href=\"https:\/\/www.flickr.com\/photos\/184756568@N05\/albums\/72157712227103196\/\" data-type=\"link\" data-id=\"https:\/\/www.flickr.com\/photos\/184756568@N05\/albums\/72157712227103196\/\" target=\"_blank\" rel=\"noreferrer noopener\">vaata stipendiumi \u00fcleandmise galeriid<\/a>)<br>2018 \u2013 Marko Aatonen ja K\u00e4tli Saarkoppel-Kruuser<br>2017 \u2013 Kati Kuusemets ja Mareli Rannap<br>2016 \u2013 Malvo Tominga ja Marit K\u00fclv<br>2015 \u2013 Indrek Ikkonen<br>2014 \u2013 Anu Arm<\/p>\n\n\n\n<figure class=\"wp-block-image size-large\"><img loading=\"lazy\" decoding=\"async\" width=\"1024\" height=\"699\" src=\"https:\/\/sisu.ut.ee\/wp-content\/uploads\/sites\/619\/52516732484_648dae09e5_k-1024x699.jpg\" alt=\"\" class=\"wp-image-648\" srcset=\"https:\/\/sisu.ut.ee\/wp-content\/uploads\/sites\/619\/52516732484_648dae09e5_k-1024x699.jpg 1024w, https:\/\/sisu.ut.ee\/wp-content\/uploads\/sites\/619\/52516732484_648dae09e5_k-300x205.jpg 300w, https:\/\/sisu.ut.ee\/wp-content\/uploads\/sites\/619\/52516732484_648dae09e5_k-768x525.jpg 768w, https:\/\/sisu.ut.ee\/wp-content\/uploads\/sites\/619\/52516732484_648dae09e5_k-1536x1049.jpg 1536w, https:\/\/sisu.ut.ee\/wp-content\/uploads\/sites\/619\/52516732484_648dae09e5_k-1920x1311.jpg 1920w, https:\/\/sisu.ut.ee\/wp-content\/uploads\/sites\/619\/52516732484_648dae09e5_k.jpg 2047w\" sizes=\"auto, (max-width: 1024px) 100vw, 1024px\"><\/figure>\n","protected":false},"excerpt":{"rendered":"<p>Anu Raua nimeline stipendium Anu Raua nimeline stipendium on m\u00f5eldud T\u00dc Viljandi kultuuriakadeemia p\u00e4randtehnoloogia ja kultuurip\u00e4randi loovrakenduste \u00f5ppekavade \u00fcli\u00f5pilastele, kes on silma paistnud ainelise kultuurip\u00e4randi uurimise ja hoidmisega. Igal aastal v\u00e4lja antava stipendiumi \u00fche osa moodustab rahaline toetus 1000 eurot &#8230;<\/p>\n","protected":false},"author":274,"featured_media":0,"parent":0,"menu_order":0,"comment_status":"closed","ping_status":"closed","template":"","meta":{"_acf_changed":false,"inline_featured_image":false,"footnotes":""},"class_list":["post-639","page","type-page","status-publish","hentry"],"acf":[],"_links":{"self":[{"href":"https:\/\/sisu.ut.ee\/craft\/wp-json\/wp\/v2\/pages\/639","targetHints":{"allow":["GET"]}}],"collection":[{"href":"https:\/\/sisu.ut.ee\/craft\/wp-json\/wp\/v2\/pages"}],"about":[{"href":"https:\/\/sisu.ut.ee\/craft\/wp-json\/wp\/v2\/types\/page"}],"author":[{"embeddable":true,"href":"https:\/\/sisu.ut.ee\/craft\/wp-json\/wp\/v2\/users\/274"}],"replies":[{"embeddable":true,"href":"https:\/\/sisu.ut.ee\/craft\/wp-json\/wp\/v2\/comments?post=639"}],"version-history":[{"count":8,"href":"https:\/\/sisu.ut.ee\/craft\/wp-json\/wp\/v2\/pages\/639\/revisions"}],"predecessor-version":[{"id":832,"href":"https:\/\/sisu.ut.ee\/craft\/wp-json\/wp\/v2\/pages\/639\/revisions\/832"}],"wp:attachment":[{"href":"https:\/\/sisu.ut.ee\/craft\/wp-json\/wp\/v2\/media?parent=639"}],"curies":[{"name":"wp","href":"https:\/\/api.w.org\/{rel}","templated":true}]}}