{"id":63,"date":"2024-04-04T08:32:19","date_gmt":"2024-04-04T05:32:19","guid":{"rendered":"https:\/\/sisu.ut.ee\/craft\/parandtehnoloogia-magistritood\/"},"modified":"2024-08-20T12:15:42","modified_gmt":"2024-08-20T09:15:42","slug":"parandtehnoloogia-magistritood","status":"publish","type":"page","link":"https:\/\/sisu.ut.ee\/craft\/parandtehnoloogia-magistritood\/","title":{"rendered":"P\u00e4randtehnoloogia magistrit\u00f6\u00f6d"},"content":{"rendered":"<h4>2022<\/h4>\n<p>Malvo Tominga <a title=\"\" href=\"http:\/\/hdl.handle.net\/10062\/82392\" target=\"_blank\" rel=\"noopener\" data-url=\"http:\/\/hdl.handle.net\/10062\/82392\">\u201cTampsaviseinad ja nende ilmastikukindluse saavutamise problemaatika Eestis: krohvkatted\u201d<\/a> (juhendaja Tarmo Tammekivi)<\/p>\n<h4>2021<\/h4>\n<p>Tuuli J\u00f5esaar <a title=\"\" href=\"https:\/\/www.ester.ee\/record=b5457455*est\" target=\"_blank\" rel=\"noopener\" data-url=\"https:\/\/www.ester.ee\/record=b5457455*est\">\u201cKeskaegsete jalatsite valmistamismeetodid Kadrioru koge leiukompleksi n\u00e4itel\u201d<\/a> (juhendajad Erki Russow, Ave Matsin)<\/p>\n<p>L\u00fc\u00fcli Kiik <a title=\"\" href=\"http:\/\/hdl.handle.net\/10062\/72316\" target=\"_blank\" rel=\"noopener\" data-url=\"http:\/\/hdl.handle.net\/10062\/72316\">\u201cSeto naise peav\u00f6\u00f6 algup\u00e4rane punumistehnika ja t\u00e4nap\u00e4evased valmistusviisid\u201d<\/a> (juhendaja Inna Raud)<\/p>\n<p>Markus Pau <a title=\"\" href=\"http:\/\/hdl.handle.net\/10062\/72727\" target=\"_blank\" rel=\"noopener\" data-url=\"http:\/\/hdl.handle.net\/10062\/72727\">\u201cP\u00e4randit hoides ja s\u00fcnteesides: maakivim\u00fc\u00fcride seespoolne soojustamine kanepibetooniga Mooste m\u00f5isa tall-t\u00f5llakuuri n\u00e4itel\u201d<\/a> (juhendajad Targo Kalamees, Madis Rennu)<\/p>\n<p>Jaana Ratas <a title=\"\" href=\"http:\/\/hdl.handle.net\/10062\/73522\" target=\"_blank\" rel=\"noopener\" data-url=\"http:\/\/hdl.handle.net\/10062\/73522\">\u201c\u00d5mbluskunst keskaegsetes linnades Tallinna Jahu tn arheoloogiliste leidude n\u00e4itel\u201d<\/a> (juhendaja Riina Rammo)<\/p>\n<p>Kersti Siim <a title=\"\" href=\"http:\/\/hdl.handle.net\/10062\/72728\" target=\"_blank\" rel=\"noopener\" data-url=\"http:\/\/hdl.handle.net\/10062\/72728\">\u201cEesti vesiveskite sisseseade dokumenteerimise uurimus jahuveskite n\u00e4itel\u201d<\/a> (juhendajad Liisi J\u00e4\u00e4ts, Madis Rennu)<\/p>\n<h4>2020<\/h4>\n<p>Karmo Kiilmann <a title=\"\" href=\"http:\/\/hdl.handle.net\/10062\/68006%20%20\" target=\"_blank\" rel=\"noopener\" data-url=\"http:\/\/hdl.handle.net\/10062\/68006  \">\u201cViikingiaja t\u00f6\u00f6kirved. Tehniline iseloom, rekonstruktsioon ja kasutuskogemus C-t\u00fc\u00fcpi kirveste n\u00e4itel\u201d<\/a> (juhendajad Ragnar Saage, Kristi J\u00f5este)<\/p>\n<p>Liis Luhamaa <a title=\"\" href=\"http:\/\/hdl.handle.net\/10062\/69657\" target=\"_blank\" rel=\"noopener\" data-url=\"http:\/\/hdl.handle.net\/10062\/69657\">\u201cL\u00f5una-L\u00e4\u00e4nemaa lapilised rahvar\u00f5ivaseelikud ja nende valmistamise tehnoloogia\u201d<\/a> (juhendaja Astri Kaljus)<\/p>\n<p>Piia Rand <a title=\"\" href=\"http:\/\/hdl.handle.net\/10062\/67904\" target=\"_blank\" rel=\"noopener\" data-url=\"http:\/\/hdl.handle.net\/10062\/67904\">\u201cEesti kiriv\u00f6\u00f6d: nende kihelkondlikud erip\u00e4rad Saaremaa n\u00e4itel\u201d<\/a> (juhendaja Inna Raud)<\/p>\n<h4>2019<\/h4>\n<p>Sigre Andreson <a title=\"\" href=\"http:\/\/hdl.handle.net\/10062\/64115\" target=\"_blank\" rel=\"noopener\" data-url=\"http:\/\/hdl.handle.net\/10062\/64115\">\u201cSeto niplispits: tehnoloogia ja iseloomulikud jooned 19. sajandil. \u00d5petamine ja tutvustamine t\u00e4nap\u00e4eval\u201d<\/a> (juhendaja Inna Raud)<\/p>\n<p>Mari-Lii Hirsik <a title=\"\" href=\"http:\/\/hdl.handle.net\/10062\/64117\" target=\"_blank\" rel=\"noopener\" data-url=\"http:\/\/hdl.handle.net\/10062\/64117\">\u201cV\u00f6\u00f6l kantavad esemed \u2013 nahast kott ja noatupp Eesti keskaja linnaarheoloogilises materjalis\u201d<\/a> (juhendajad Ave Matsin, Krista Sarv)<\/p>\n<p>Marja-Leena Jaanus <a title=\"\" href=\"http:\/\/hdl.handle.net\/10062\/64036\" target=\"_blank\" rel=\"noopener\" data-url=\"http:\/\/hdl.handle.net\/10062\/64036\">\u201cK\u00e4sit\u00f6\u00f6keele korrastamine ja arendamine kasit\u00f6\u00f6teaduse terminite komisjoni t\u00f6\u00f6 n\u00e4idete varal\u201d<\/a> (juhendajad Helen Plado, Ave Matsin\u201d<\/p>\n<p>Madli Sepper <a title=\"\" href=\"http:\/\/hdl.handle.net\/10062\/64118\" target=\"_blank\" rel=\"noopener\" data-url=\"http:\/\/hdl.handle.net\/10062\/64118\">\u201c\u00d5igeusukiriku tekstiilide vanus, s\u00fcmboolika ja tehnoloogiad L\u00e4\u00e4ne-Eesti ja Tallinna kirikute n\u00e4itel\u201d<\/a> (juhendajad Kadri T\u00fc\u00fcr, Marju Raabe)<\/p>\n<h4>2018<\/h4>\n<p>Airi Gailit <a title=\"\" href=\"http:\/\/hdl.handle.net\/10062\/63829\" target=\"_blank\" rel=\"noopener\" data-url=\"http:\/\/hdl.handle.net\/10062\/63829\">\u201cSeentega l\u00f5nga v\u00e4rvimine ja katsed kaneelruuniku kasvatamiseks\u201d<\/a> (juhendaja Kristi J\u00f5este)<\/p>\n<p>Mareli Rannap <a title=\"\" href=\"http:\/\/hdl.handle.net\/10062\/60378\" target=\"_blank\" rel=\"noopener\" data-url=\"http:\/\/hdl.handle.net\/10062\/60378\">\u201cPaikkondliku rahvar\u00f5ivan\u00f5uandekoja tegevusp\u00f5him\u00f5tted. Saaremaa n\u00f5uandekoja n\u00e4ide\u201d<\/a> (juhendaja Ave Matsin)<\/p>\n<h4>2017<\/h4>\n<p>Astri Kaljus <a title=\"\" href=\"http:\/\/hdl.handle.net\/10062\/56838\" target=\"_blank\" rel=\"noopener\" data-url=\"http:\/\/hdl.handle.net\/10062\/56838\">\u201cVillaste kangaste kudumise v\u00f5tted 11.\u201317. sajandi Eesti arheoloogiliste leidude p\u00f5hjal ja nende taasloomine t\u00e4nap\u00e4eval\u201d<\/a> (juhendajad Riina Rammo, Ave Matsin)<\/p>\n<p>Merike Saaremets <a title=\"\" href=\"http:\/\/hdl.handle.net\/10062\/56836\" target=\"_blank\" rel=\"noopener\" data-url=\"http:\/\/hdl.handle.net\/10062\/56836\">\u201cP\u00f5hja-Liivimaa labakindad XIX sajandil. Tehnoloogilised v\u00f5tted ja kohandatud rekonstruktsiooni kudumine\u201d<\/a> (juhendaja Kristi J\u00f5este)<\/p>\n<h4>2016<\/h4>\n<p>Kristjan Bachman <a title=\"\" href=\"http:\/\/hdl.handle.net\/10062\/53034\" target=\"_blank\" rel=\"noopener\" data-url=\"http:\/\/hdl.handle.net\/10062\/53034\">\u201cRuhnu talutoa m\u00f6\u00f6bel \u2013 kaardistamine ja uuendamise v\u00f5imalused\u201d<\/a> (juhendaja Kurmo Konsa)<\/p>\n<p>Liliana Bristol <a title=\"\" href=\"http:\/\/hdl.handle.net\/10062\/53033\" target=\"_blank\" rel=\"noopener\" data-url=\"http:\/\/hdl.handle.net\/10062\/53033\">\u201cKuldtikand Eestis: v\u00e4ljakujunemine 20. sajandi alguses ja kohandamine kaasajal\u201d<\/a> (juhendajad Ave Matsin, Marju Raabe)<\/p>\n<p>Liisi Joala <a title=\"\" href=\"http:\/\/hdl.handle.net\/10062\/53042\" target=\"_blank\" rel=\"noopener\" data-url=\"http:\/\/hdl.handle.net\/10062\/53042\">\u201cRobert Natuse riidev\u00e4rvimis- ja tr\u00fckkimist\u00f6\u00f6stus Viljandis aastatel 1883-1941\u2033<\/a> (juhendajad Kristi J\u00f5este, Piret Valk)<\/p>\n<p>Jane J\u00f5gi <a title=\"\" href=\"http:\/\/hdl.handle.net\/10062\/53035\" target=\"_blank\" rel=\"noopener\" data-url=\"http:\/\/hdl.handle.net\/10062\/53035\">\u201cT\u00fclltikandi tehnika, areng ning ise\u00e4rasused Eestis\u201d<\/a> (juhendajas Anu Pink, Ave Matsin)<\/p>\n<p>\u00dclle Palumets <a title=\"\" href=\"http:\/\/hdl.handle.net\/10062\/53045\" target=\"_blank\" rel=\"noopener\" data-url=\"http:\/\/hdl.handle.net\/10062\/53045\">\u201cAjaloolise ainese k\u00e4sitlemise suunad ja v\u00f5imalused traditsioonilise linase s\u00e4rgi valmistamise \u00f5petamisel\u201d<\/a> (juhendajad Inna Raud, Virve Tuubel)<\/p>\n<p>Margit Pensa <a title=\"\" href=\"http:\/\/hdl.handle.net\/10062\/53043\" target=\"_blank\" rel=\"noopener\" data-url=\"http:\/\/hdl.handle.net\/10062\/53043\">\u201cLina t\u00f6\u00f6tlemine 20. sajandi esimesel poolel Eestis ja selle protsessi taasloomine\u201d<\/a> (juhendajad Ave Matsin, Ell Vahtram\u00e4e)<\/p>\n<p>Liis Veersalu <a title=\"\" href=\"http:\/\/hdl.handle.net\/10062\/53036\" target=\"_blank\" rel=\"noopener\" data-url=\"http:\/\/hdl.handle.net\/10062\/53036\">\u201cKuusalu kihelkonna vanem pulmakombestik ja selle taasloomine t\u00e4nap\u00e4eval\u201d<\/a> (juhendajad Kristi J\u00f5este, Piret \u00d5unapuu)<\/p>\n<h4>2015<\/h4>\n<p>Kersti Loite <a title=\"\" href=\"http:\/\/hdl.handle.net\/10062\/47228\" target=\"_blank\" rel=\"noopener\" data-url=\"http:\/\/hdl.handle.net\/10062\/47228\">\u201cAjaloolistel allikatel p\u00f5hineva rahvar\u00f5ivakomplekti koostamise p\u00f5him\u00f5tted, komplektide koostamine ja valmistamine Virumaa rahvariiete n\u00e4itel\u201d<\/a> (juhendajad Ave Matsin, Reet Piiri)<\/p>\n<p>Ruth Moppel <a title=\"\" href=\"http:\/\/hdl.handle.net\/10062\/47198\" target=\"_blank\" rel=\"noopener\" data-url=\"http:\/\/hdl.handle.net\/10062\/47198\">\u201cPakutr\u00fcki tehnoloogia levik Eestis 18.-20. sajandil ja selle traditsioonip\u00f5hine kasutamine t\u00e4nap\u00e4eval\u201d<\/a> (juhendaja Ave Matsin)<\/p>\n<p>Angelika N\u00f6ps <a title=\"\" href=\"http:\/\/hdl.handle.net\/10062\/47100\" target=\"_blank\" rel=\"noopener\" data-url=\"http:\/\/hdl.handle.net\/10062\/47100\">\u201cMetallniplispitside levik Eesti rahvar\u00f5ivastel 18.-19. sajandil Eesti Rahva Muuseumi kogude p\u00f5hjal, nende kasutamise otstarve ja pitside rekonstrueerimine\u201d<\/a> (juhendajad Ave Matsin, Eeva Talts)<\/p>\n<p>Tarmo Tammekivi <a title=\"\" href=\"http:\/\/hdl.handle.net\/10062\/47226\" target=\"_blank\" rel=\"noopener\" data-url=\"http:\/\/hdl.handle.net\/10062\/47226\">\u201cTootlikkuse kasvule suunatud t\u00f6\u00f6skeemi loomine Weel O\u00dcle traditsioonip\u00f5histe vahv\u00e4rkkonstruktsioonide valmistamiseks\u201d <\/a>(juhendajad Kadi Karine, Priit-Kalev Parts)<\/p>\n<h4>2014<\/h4>\n<p>Andres Rattasepp <a title=\"\" href=\"http:\/\/hdl.handle.net\/10062\/41872\" target=\"_blank\" rel=\"noopener\" data-url=\"http:\/\/hdl.handle.net\/10062\/41872\">\u201cKasetohust punutud eesti m\u00e4rsside tehnoloogilised erip\u00e4rad, valmistamine ning t\u00e4nap\u00e4evased rakendamisv\u00f5imalused\u201d<\/a> (juhendajad Priit-Kalev Parts, Vladimir Jarish)<\/p>\n<p>Inna Raud <a title=\"\" href=\"http:\/\/hdl.handle.net\/10062\/41679\" target=\"_blank\" rel=\"noopener\" data-url=\"http:\/\/hdl.handle.net\/10062\/41679\">\u201cV\u00e4ndra kihelkonna naiste traditsioonilised rahvar\u00f5ivad: komplektide koostamine ja valmistamine t\u00e4nap\u00e4eval\u201d<\/a> (juhendajad Kristi J\u00f5este,\u00a0 Igor T\u00f5nurist)<\/p>\n<h4>2013<\/h4>\n<p>Monika Hint <a title=\"\" href=\"http:\/\/hdl.handle.net\/10062\/30723\" target=\"_blank\" rel=\"noopener\" data-url=\"http:\/\/hdl.handle.net\/10062\/30723\">\u201cLuust esemed: toormaterjal, t\u00f6\u00f6tlemistehnoloogiad ja tootearendus\u201d<\/a> (juhendajad Heidi Luik, K\u00e4rt Summatavet)<\/p>\n<p>\u00dclli Kont <a title=\"\" href=\"http:\/\/hdl.handle.net\/10062\/31565\" target=\"_blank\" rel=\"noopener\" data-url=\"http:\/\/hdl.handle.net\/10062\/31565\">\u201cHelmev\u00f6\u00f6de valmistamise tehnolooga ning arendamine Eesti muuseumikogude ainese p\u00f5hjal\u201d<\/a> (juhendajad Helve Russak, Christi K\u00fctt)<\/p>\n<p>Maret Lehis <a title=\"\" href=\"http:\/\/hdl.handle.net\/10062\/31532\" target=\"_blank\" rel=\"noopener\" data-url=\"http:\/\/hdl.handle.net\/10062\/31532\">\u201cPott-ja kabim\u00fctside algup\u00e4ra ja areng 18.-19. sajandil ning nende valmistamistehnoloogia rekonstrueerimine ja arendamine\u201d<\/a> (juhendajad Kristi J\u00f5este, Reet Piiri)<\/p>\n<p>Alo Peebo <a title=\"\" href=\"http:\/\/hdl.handle.net\/10062\/31567\" target=\"_blank\" rel=\"noopener\" data-url=\"http:\/\/hdl.handle.net\/10062\/31567\">\u201cMaakiviehitus: ajalooline \u00fclevaade ja t\u00f6\u00f6protsessid Joona talu k\u00f5rvalhoone n\u00e4itel\u201d<\/a> (juhendaja Priit-Kalev Parts)<\/p>\n<p>Anu Pink <a title=\"\" href=\"https:\/\/www.ester.ee\/record=b4082790*est\" target=\"_blank\" rel=\"noopener\" data-url=\"https:\/\/www.ester.ee\/record=b4082790*est\">\u201cSilmuskoeliste sukkade ja sokkide kudumise tehnoloogilised v\u00f5tted, nende muutumine ja paikkondlikud erinevused 19.-20. sajandi Eestis\u201c<\/a> (juhendaja Kristi J\u00f5este)<\/p>\n<p>Veinika V\u00e4strik <a title=\"\" href=\"http:\/\/hdl.handle.net\/10062\/30699\" target=\"_blank\" rel=\"noopener\" data-url=\"http:\/\/hdl.handle.net\/10062\/30699\">\u201cAvinurme l\u00f5imeripstehnikas p\u00f5randakatted Eestis ilmunud kudumis\u00f5petuste ja muuseumikogude taustal ning katsed kasutada l\u00f5imeripstehnikat t\u00e4nap\u00e4evaste linaste materjalidega kudumisel\u201d<\/a> (juhendaja Vaike Reemann, Ave Matsin)<\/p>\n","protected":false},"excerpt":{"rendered":"<p>2022 Malvo Tominga \u201cTampsaviseinad ja nende ilmastikukindluse saavutamise problemaatika Eestis: krohvkatted\u201d (juhendaja Tarmo Tammekivi) 2021 Tuuli J\u00f5esaar \u201cKeskaegsete jalatsite valmistamismeetodid Kadrioru koge leiukompleksi n\u00e4itel\u201d (juhendajad Erki Russow, Ave Matsin) L\u00fc\u00fcli Kiik \u201cSeto naise peav\u00f6\u00f6 algup\u00e4rane punumistehnika ja t\u00e4nap\u00e4evased valmistusviisid\u201d (juhendaja &#8230;<\/p>\n","protected":false},"author":274,"featured_media":0,"parent":0,"menu_order":0,"comment_status":"closed","ping_status":"closed","template":"","meta":{"_acf_changed":false,"inline_featured_image":false,"footnotes":""},"class_list":["post-63","page","type-page","status-publish","hentry"],"acf":[],"_links":{"self":[{"href":"https:\/\/sisu.ut.ee\/craft\/wp-json\/wp\/v2\/pages\/63","targetHints":{"allow":["GET"]}}],"collection":[{"href":"https:\/\/sisu.ut.ee\/craft\/wp-json\/wp\/v2\/pages"}],"about":[{"href":"https:\/\/sisu.ut.ee\/craft\/wp-json\/wp\/v2\/types\/page"}],"author":[{"embeddable":true,"href":"https:\/\/sisu.ut.ee\/craft\/wp-json\/wp\/v2\/users\/274"}],"replies":[{"embeddable":true,"href":"https:\/\/sisu.ut.ee\/craft\/wp-json\/wp\/v2\/comments?post=63"}],"version-history":[{"count":4,"href":"https:\/\/sisu.ut.ee\/craft\/wp-json\/wp\/v2\/pages\/63\/revisions"}],"predecessor-version":[{"id":421,"href":"https:\/\/sisu.ut.ee\/craft\/wp-json\/wp\/v2\/pages\/63\/revisions\/421"}],"wp:attachment":[{"href":"https:\/\/sisu.ut.ee\/craft\/wp-json\/wp\/v2\/media?parent=63"}],"curies":[{"name":"wp","href":"https:\/\/api.w.org\/{rel}","templated":true}]}}