{"id":62,"date":"2024-04-04T08:32:19","date_gmt":"2024-04-04T05:32:19","guid":{"rendered":"https:\/\/sisu.ut.ee\/craft\/trukised-sv\/"},"modified":"2026-01-25T16:03:54","modified_gmt":"2026-01-25T14:03:54","slug":"trukised-sv","status":"publish","type":"page","link":"https:\/\/sisu.ut.ee\/craft\/trukised-sv\/","title":{"rendered":"Tr\u00fckised"},"content":{"rendered":"<p style=\"text-align: justify;\">K\u00e4sit\u00f6\u00f6 populariseerimiseks on ellu kutsutud kaks v\u00e4ljaannete sarja: \u201cStudia Vernacula\u201d ja \u201cRahvuslik K\u00e4sit\u00f6\u00f6\u201d.<\/p>\n<p style=\"text-align: justify;\"><strong>Studia Vernacula<\/strong> sari avaldab k\u00e4sit\u00f6\u00f6d ja p\u00e4randtehnoloogiat k\u00e4sitlevaid teadust\u00f6id, et pakkuda p\u00e4randtehnoloogilisele m\u00f5ttele akadeemilist foorumit.<\/p>\n<p style=\"text-align: justify;\"><strong>Rahvuslik K\u00e4sit\u00f6\u00f6<\/strong> on toimetiste sari, mille eesm\u00e4rgiks on p\u00e4randtehnoloogia \u00f5ppekavade missioonist l\u00e4htuvalt k\u00e4sit\u00f6\u00f6tehnikate ja oskuste s\u00e4ilitamine, propageerimine ja taasl\u00f5imimine kaasaegsesse tarbekeskkonda.<\/p>\n<p><img loading=\"lazy\" decoding=\"async\" class=\"alignright wp-image-778 size-medium\" src=\"https:\/\/sisu.ut.ee\/wp-content\/uploads\/sites\/619\/Margus-Ott_Kasitoofilosoofia-300x300.png\" alt=\"\" width=\"300\" height=\"300\" srcset=\"https:\/\/sisu.ut.ee\/wp-content\/uploads\/sites\/619\/Margus-Ott_Kasitoofilosoofia-300x300.png 300w, https:\/\/sisu.ut.ee\/wp-content\/uploads\/sites\/619\/Margus-Ott_Kasitoofilosoofia-150x150.png 150w, https:\/\/sisu.ut.ee\/wp-content\/uploads\/sites\/619\/Margus-Ott_Kasitoofilosoofia.png 600w\" sizes=\"auto, (max-width: 300px) 100vw, 300px\">2025. aastal ilmus <strong>Margus Oti raamat \u201eK\u00e4sit\u00f6\u00f6filosoofia, filosoofiak\u00e4sit\u00f6\u00f6\u201c.<\/strong> K\u00e4sit\u00f6\u00f6filosoofia on v\u00e4lja kasvanud Tartu \u00dclikooli Viljandi kultuuriakadeemia p\u00e4randtehnoloogia \u00f5ppe- ja uurimist\u00f6\u00f6st. Esmapilgul lihtsana tunduvas k\u00e4sit\u00f6\u00f6s on kihte ja tasandeid, mis avanevad ainult t\u00f5elisele meistrile ning mille m\u00f5testamise ja s\u00f5nastamise v\u00f5tabki k\u00e4esolev teos ette. Raamat aitab kaasa omamaisele k\u00e4sit\u00f6\u00f6m\u00f5tlemisele, arvestades just siinse keelelise, kultuurilise ja ajaloolise kontekstiga, rikastades seda L\u00e4\u00e4ne ja Hiina ainesega. Tr\u00fckis v\u00f5iks huvi pakkuda nii akadeemilise taustaga k\u00e4sit\u00f6\u00f6praktikuile kui ka laiemale lugejaskonnale.\u00a0<br>Raamatu v\u00e4ljaandja on T\u00dc Viljandi kultuuriakadeemia, kirjastaja ja peamine levitaja on Saarakiri. <a href=\"https:\/\/epood.saara.ee\/pood\/kasitoofilosoofia-filosoofiakasitoo\" target=\"_blank\" rel=\"noopener\">Telli raamat Saara e-poest.<\/a>\u00a0<\/p>\n\n\n<p><\/p>\n","protected":false},"excerpt":{"rendered":"<p>K\u00e4sit\u00f6\u00f6 populariseerimiseks on ellu kutsutud kaks v\u00e4ljaannete sarja: \u201cStudia Vernacula\u201d ja \u201cRahvuslik K\u00e4sit\u00f6\u00f6\u201d. Studia Vernacula sari avaldab k\u00e4sit\u00f6\u00f6d ja p\u00e4randtehnoloogiat k\u00e4sitlevaid teadust\u00f6id, et pakkuda p\u00e4randtehnoloogilisele m\u00f5ttele akadeemilist foorumit. Rahvuslik K\u00e4sit\u00f6\u00f6 on toimetiste sari, mille eesm\u00e4rgiks on p\u00e4randtehnoloogia \u00f5ppekavade missioonist l\u00e4htuvalt &#8230;<\/p>\n","protected":false},"author":274,"featured_media":0,"parent":0,"menu_order":0,"comment_status":"closed","ping_status":"closed","template":"","meta":{"_acf_changed":false,"inline_featured_image":false,"footnotes":""},"class_list":["post-62","page","type-page","status-publish","hentry"],"acf":[],"_links":{"self":[{"href":"https:\/\/sisu.ut.ee\/craft\/wp-json\/wp\/v2\/pages\/62","targetHints":{"allow":["GET"]}}],"collection":[{"href":"https:\/\/sisu.ut.ee\/craft\/wp-json\/wp\/v2\/pages"}],"about":[{"href":"https:\/\/sisu.ut.ee\/craft\/wp-json\/wp\/v2\/types\/page"}],"author":[{"embeddable":true,"href":"https:\/\/sisu.ut.ee\/craft\/wp-json\/wp\/v2\/users\/274"}],"replies":[{"embeddable":true,"href":"https:\/\/sisu.ut.ee\/craft\/wp-json\/wp\/v2\/comments?post=62"}],"version-history":[{"count":3,"href":"https:\/\/sisu.ut.ee\/craft\/wp-json\/wp\/v2\/pages\/62\/revisions"}],"predecessor-version":[{"id":779,"href":"https:\/\/sisu.ut.ee\/craft\/wp-json\/wp\/v2\/pages\/62\/revisions\/779"}],"wp:attachment":[{"href":"https:\/\/sisu.ut.ee\/craft\/wp-json\/wp\/v2\/media?parent=62"}],"curies":[{"name":"wp","href":"https:\/\/api.w.org\/{rel}","templated":true}]}}