{"id":61,"date":"2024-04-04T08:32:19","date_gmt":"2024-04-04T05:32:19","guid":{"rendered":"https:\/\/sisu.ut.ee\/craft\/kultuuriparandi-loovrakenduste-magistritood\/"},"modified":"2026-01-25T14:42:56","modified_gmt":"2026-01-25T12:42:56","slug":"kultuuriparandi-loovrakenduste-magistritood","status":"publish","type":"page","link":"https:\/\/sisu.ut.ee\/craft\/kultuuriparandi-loovrakenduste-magistritood\/","title":{"rendered":"Kultuurip\u00e4randi loovrakenduste magistrit\u00f6\u00f6d"},"content":{"rendered":"<h4>2025<\/h4>\n<p>Tiina Angerj\u00e4rv <a href=\"https:\/\/hdl.handle.net\/10062\/111075\" target=\"_blank\" rel=\"noopener\">\u201cMaakivim\u00fc\u00fcride vuukimine ajalooliste ja t\u00e4nap\u00e4evaste vahenditega\u201d<\/a> (juhendajad Madis Rennu, Alo Peebo)<\/p>\n<p>Martin Bristol <a href=\"https:\/\/hdl.handle.net\/10062\/111052\" target=\"_blank\" rel=\"noopener\">\u201cArhitektuurne kuldamine Tallinna vanalinnas: ajaloolised tehnoloogiad ja nende tuvastamine ning korrastamine kaasajal Tallinna Toomkiriku ajan\u00e4itajate restaureerimist\u00f6\u00f6de n\u00e4itel\u201d<\/a> (juhendajad Kristi J\u00f5este, Ragnar Saage)<\/p>\n<p>Eero Ehala <a href=\"https:\/\/hdl.handle.net\/10062\/111059\" target=\"_blank\" rel=\"noopener\">\u201c1686. aastal loodud Tartu maketist koopia valmistamine\u201d<\/a> (juhendaja Eve Komissarov)<\/p>\n<p>Marje Leht <a href=\"https:\/\/hdl.handle.net\/10062\/111069\" target=\"_blank\" rel=\"noopener\">\u201cTuniisheegeldatud Rannarootsi teki RrM 1022 14 188 taasloomine\u201d<\/a> (juhendaja Kristi J\u00f5este)<\/p>\n<p>Merle Liinsoo <a href=\"https:\/\/hdl.handle.net\/10062\/111071\" target=\"_blank\" rel=\"noopener\">\u201cParukameistrid ja parukate valmistamine Eesti teatrites Ugala teatri parukalao leidude n\u00e4itel\u201d<\/a> (juhendajad Eve Komissarov, T\u00f5nis Parksepp)<\/p>\n<p>Tiit Raik <a href=\"https:\/\/hdl.handle.net\/10062\/111076\" target=\"_blank\" rel=\"noopener\">\u201cHeledatele puiduliikidele sobilikud m\u00f6\u00f6blilakkide retseptid, tehnoloogiad ning viimistlusmeetodid 19. sajandi kirjalikele allikatele tuginedes\u201d<\/a> (juhendajad Indrek Ikkonen, Aivar Roosaar)<\/p>\n<p>Jaana Reissaar <a href=\"https:\/\/hdl.handle.net\/10062\/111067\" target=\"_blank\" rel=\"noopener\">\u201cMuhu meeste silmkoelised kampsunid (vatid) 19. sajandi l\u00f5pul ja 20. sajandi algul, nende ajastutruud valmistamise tehnoloogiad\u201d<\/a> (juhendaja Kristi J\u00f5este)<\/p>\n<p>Signe Susi <a href=\"https:\/\/hdl.handle.net\/10062\/111045\" target=\"_blank\" rel=\"noopener\">\u201cAjalooliste fotode kasutamine Eesti rahvar\u00f5ivaste uurimisel. Juhend rahvar\u00f5ivavalmistajale ja -kandjale\u201d<\/a> (juhendaja Inna Raud)<\/p>\n<h4>2024<\/h4>\n<p>Piret Albert <a href=\"https:\/\/hdl.handle.net\/10062\/99222\">\u201cEesti meeste rahvar\u00f5ivakomplekti kuuluvad nahkp\u00fcksid. \u00d5mblustehnoloogia\u201d<\/a> (juhendajad Riina Tomberg, Ilme Alandi)<\/p>\n<p>Kadri Allikm\u00e4e <a href=\"https:\/\/hdl.handle.net\/10062\/99159\">\u201cMustrid Torupilli Jussi muusikas ehk Juhan Maakeri pillim\u00e4ngu variatsioonid\u201d<\/a> (juhendajad Krista Sildoja, C\u00e4tlin M\u00e4gi)<\/p>\n<p>Kristel Kolga <a href=\"https:\/\/hdl.handle.net\/10062\/99220\">\u201cLammaste ja kitsede nahastamise v\u00f5tete m\u00f5ju naha kvaliteedile\u201d<\/a> (juhendajad Ave Matsin, Kristina Rajando)<\/p>\n<p>Katti Muru <a href=\"https:\/\/hdl.handle.net\/10062\/99160\">\u201cEeluuring Eesti lambavilla klassifitseerimise s\u00fcsteemi loomiseks\u201d<\/a> (juhendajad Ave Matsin, Astri Kaljus)<\/p>\n<p>Anneli Poska <a href=\"https:\/\/hdl.handle.net\/10062\/99218\">\u201cKoerakarva f\u00fc\u00fcsikalised omadused ja sobivus l\u00f5nga valmistamiseks\u201d<\/a> (juhendajad Ave Matsin, Hele Siimon)<\/p>\n<p>Edvards Puciriuss <a href=\"https:\/\/hdl.handle.net\/10062\/99209\">\u201cTau\u0161eerimistehnoloogia kasutamine Eesti arheoloogiliste leidude n\u00e4itel\u201d<\/a> (juhendajad Ragnar Saage, Indrek Jets)<\/p>\n<p>Kelly Veinberg <a href=\"https:\/\/hdl.handle.net\/10062\/99211\">\u201cViiuli\u00f5ppe meetodid p\u00e4rimusmuusika \u00f5petamisel\u201d<\/a> (juhendajad Krista Sildoja, Celia Roose)<\/p>\n<h4>2023<\/h4>\n<p>Eda Kivisild <a href=\"https:\/\/hdl.handle.net\/10062\/90147\">\u201cKarksi ja Halliste kihelkondade kinnaste kudumise traditsioon 19. sajandist t\u00e4nap\u00e4evani\u201d<\/a> (juhendaja Kristi J\u00f5este)<\/p>\n<p>Kadri Kuusk <a href=\"http:\/\/hdl.handle.net\/10062\/89956\">\u201cHiiumaa p\u00f5randakatted kui kohalike sotsiaal-majanduslike protsesside peegeldus\u201d<\/a> (juhendajad Helgi P\u00f5llo, Ave Matsin)<\/p>\n<p>Katry Mets <a href=\"http:\/\/hdl.handle.net\/10062\/89958\">\u201cKuldnahk ja selle valmistamine. Huecki maja nahktapeedi fragmentide tehniline ja stilistiline anal\u00fc\u00fcs\u201d<\/a> (juhendajad Kadri Kallaste, Kurmo Konsa)<\/p>\n<p>Merli M\u00e4nd <a href=\"https:\/\/hdl.handle.net\/10062\/90151\">\u201cMuhu naiste vammuste l\u00f5ikeline areng ja valmistamise tehnikate muutus 19. sajandist kuni 20. sajandi esimese pooleni. Muhu vammuse valmistamine p\u00e4randtehnoloogiliste ja t\u00e4nap\u00e4evaste t\u00f6\u00f6v\u00f5tetega\u201d<\/a> (juhendaja Inna Raud)<\/p>\n<p>Age Raudsepp <a href=\"https:\/\/hdl.handle.net\/10062\/90146\">\u201cRahvar\u00f5iva k\u00e4iste kurrutamise tehnoloogia Eestis\u201d<\/a> (juhendaja Inna Raud)<\/p>\n<p>Svetlana Saare <a href=\"https:\/\/hdl.handle.net\/10062\/90165\">\u201cP\u00e4randtekstiilide puhastamine keemilise puhastuse t\u00f6\u00f6koja tingimustes\u201d<\/a> (juhendajad Diana Tuulik, Eve Keedus; konsultant Tiia Plamus)<\/p>\n<p>Evelin Siiman <a href=\"https:\/\/hdl.handle.net\/10062\/90148\">\u201cJuusehete tehnoloogia Eestis. Tervikesemete valmistamine punumisketta abil\u201d<\/a> (juhendaja Astri Kaljus)<\/p>\n<p>Made Uus <a href=\"https:\/\/hdl.handle.net\/10062\/90144\">\u201cKuidas valmistada Paistu ja Tarvastu naistekasukat. \u00d5ppevideote loomine kasuka koolituse juurde\u201d<\/a> (juhendajad Priit-Kalev Parts, Inna Raud)<\/p>\n<p>Janne Vaabla <a href=\"https:\/\/hdl.handle.net\/10062\/90149\">\u201cEesti rahvar\u00f5ivap\u00e4rand ideoloogiate tuultes: laste rahvar\u00f5ivakost\u00fc\u00fcmide areng XX sajandil\u201d<\/a> (juhendaja Inna Raud)<\/p>\n<h4>2022<\/h4>\n<p>Indrek Ikkonen <a title=\"\" href=\"http:\/\/hdl.handle.net\/10062\/82387\" target=\"_blank\" rel=\"noopener\" data-url=\"http:\/\/hdl.handle.net\/10062\/82387\">\u201cEesti filigraan 1945-1959: traditsioon ja muutused\u201d<\/a> (juhendaja Eilve Manglus)<\/p>\n<p>Eva-Liisa Kriis <a title=\"\" href=\"http:\/\/hdl.handle.net\/10062\/82391\" target=\"_blank\" rel=\"noopener\" data-url=\"http:\/\/hdl.handle.net\/10062\/82391\">\u201cDobby-telgede ja vedulauaga kangastelgede kasutuselev\u00f5tt Eestis 19. sajandi l\u00f5pus ja 20. sajandi alguses\u201d<\/a> (juhendaja Ave Matsin)<\/p>\n<p>Tiina Kull <a title=\"\" href=\"http:\/\/hdl.handle.net\/10062\/82388\" target=\"_blank\" rel=\"noopener\" data-url=\"http:\/\/hdl.handle.net\/10062\/82388\">\u201cN\u00f6\u00f6biliistuga rahvar\u00f5ivas\u00e4rgid Eestis. P\u00e4randtehnoloogiline uurimus esikinnise konstruktsioonidest\u201d<\/a> (juhendaja Inna Raud)<\/p>\n<p>Aivi Tamm <a title=\"\" href=\"http:\/\/hdl.handle.net\/10062\/82389\" target=\"_blank\" rel=\"noopener\" data-url=\"http:\/\/hdl.handle.net\/10062\/82389\">\u201cPuuvillased jakid rahvar\u00f5ivaste kandmise traditsioonis L\u00e4\u00e4ne-Eestis ja saartel 19. sajandi l\u00f5pus ja 20. sajandi alguses\u201d<\/a> (juhendajad Kristi J\u00f5este, Anu Randmaa)<\/p>\n<p>Marge Veelmaa <a title=\"\" href=\"http:\/\/hdl.handle.net\/10062\/82394\" target=\"_blank\" rel=\"noopener\" data-url=\"http:\/\/hdl.handle.net\/10062\/82394\">\u201cKangakudumise \u00f5petamine Eesti naisk\u00e4sit\u00f6\u00f6koolides 19. sajandi l\u00f5pu ja 20. sajandi alguses ning Euroopa m\u00f5jutused sellele\u201d<\/a> (juhendaja Inna Raud)<\/p>\n<p>Kadi Vingisaar <a title=\"\" href=\"http:\/\/hdl.handle.net\/10062\/82402\" target=\"_blank\" rel=\"noopener\" data-url=\"http:\/\/hdl.handle.net\/10062\/82402\">\u201cKombineeritud pistetega tikitud pinnakirjad ja nende valmistamise t\u00f6\u00f6v\u00f5tted J\u00e4rvamaa rahvar\u00f5ivastel\u201d<\/a> (juhendajad Ave Matsin, Silja N\u00f5u)<\/p>\n","protected":false},"excerpt":{"rendered":"<p>2025 Tiina Angerj\u00e4rv \u201cMaakivim\u00fc\u00fcride vuukimine ajalooliste ja t\u00e4nap\u00e4evaste vahenditega\u201d (juhendajad Madis Rennu, Alo Peebo) Martin Bristol \u201cArhitektuurne kuldamine Tallinna vanalinnas: ajaloolised tehnoloogiad ja nende tuvastamine ning korrastamine kaasajal Tallinna Toomkiriku ajan\u00e4itajate restaureerimist\u00f6\u00f6de n\u00e4itel\u201d (juhendajad Kristi J\u00f5este, Ragnar Saage) Eero Ehala &#8230;<\/p>\n","protected":false},"author":274,"featured_media":0,"parent":0,"menu_order":0,"comment_status":"closed","ping_status":"closed","template":"","meta":{"_acf_changed":false,"inline_featured_image":false,"footnotes":""},"class_list":["post-61","page","type-page","status-publish","hentry"],"acf":[],"_links":{"self":[{"href":"https:\/\/sisu.ut.ee\/craft\/wp-json\/wp\/v2\/pages\/61","targetHints":{"allow":["GET"]}}],"collection":[{"href":"https:\/\/sisu.ut.ee\/craft\/wp-json\/wp\/v2\/pages"}],"about":[{"href":"https:\/\/sisu.ut.ee\/craft\/wp-json\/wp\/v2\/types\/page"}],"author":[{"embeddable":true,"href":"https:\/\/sisu.ut.ee\/craft\/wp-json\/wp\/v2\/users\/274"}],"replies":[{"embeddable":true,"href":"https:\/\/sisu.ut.ee\/craft\/wp-json\/wp\/v2\/comments?post=61"}],"version-history":[{"count":8,"href":"https:\/\/sisu.ut.ee\/craft\/wp-json\/wp\/v2\/pages\/61\/revisions"}],"predecessor-version":[{"id":769,"href":"https:\/\/sisu.ut.ee\/craft\/wp-json\/wp\/v2\/pages\/61\/revisions\/769"}],"wp:attachment":[{"href":"https:\/\/sisu.ut.ee\/craft\/wp-json\/wp\/v2\/media?parent=61"}],"curies":[{"name":"wp","href":"https:\/\/api.w.org\/{rel}","templated":true}]}}