{"id":6,"date":"2024-04-04T08:32:13","date_gmt":"2024-04-04T05:32:13","guid":{"rendered":"https:\/\/sisu.ut.ee\/craft\/2022-kulo-sugiskool\/"},"modified":"2026-02-19T14:31:38","modified_gmt":"2026-02-19T12:31:38","slug":"2022-kulo-sugiskool","status":"publish","type":"page","link":"https:\/\/sisu.ut.ee\/craft\/2022-kulo-sugiskool\/","title":{"rendered":"2022 KULO s\u00fcgiskool"},"content":{"rendered":"<h4>\u201cNaha ja karvadega\u201d<\/h4>\n<p>11. korda toimunud <a title=\"\" href=\"https:\/\/viljandi.ut.ee\/et\/kulo-sugiskool-2022?fbclid=IwAR3vEZ9dP_mHdlRFqoWQESveCEDFHLzghqRSUlmw7fYNhZ-PIpQUkChllBo\" target=\"_blank\" rel=\"noopener\" data-url=\"https:\/\/viljandi.ut.ee\/et\/kulo-sugiskool-2022?fbclid=IwAR3vEZ9dP_mHdlRFqoWQESveCEDFHLzghqRSUlmw7fYNhZ-PIpQUkChllBo\">s\u00fcgiskooli<\/a> eesm\u00e4rgiks oli v\u00e4\u00e4rtustada vaimset ja k\u00e4elist p\u00e4randit ning tuua kokku inimesi, kes soovivad oma oskusi ja teadmisi t\u00e4iendada v\u00f5i neid teiste huvilistega jagada. Seekord keskenduti traditsioonilistele naturaalsetele materjalidele nagu nahk ja karvad ja juhiti t\u00e4helepanu nende olulisele rollile ja rikkalikele kasutusv\u00f5imalustele nii minevikus kui ka kaasajal, andes samas \u00fclevaate t\u00e4nap\u00e4evastest looduslikest kiududest alternatiivsete materjalide kasutusv\u00f5imalustest.<\/p>\n<p>S\u00fcgiskooli kavas olid j\u00e4rgnevad loengud, mida saab UTTV-st j\u00e4relvaadata:<\/p>\n<p><a title=\"\" href=\"https:\/\/www.uttv.ee\/naita?id=33636\" target=\"_blank\" rel=\"noopener\" data-url=\"https:\/\/www.uttv.ee\/naita?id=33636\">\u201cHoia oma nahk<\/a>\u201d Kristina Rajando<br>\n<a title=\"\" href=\"https:\/\/www.uttv.ee\/naita?id=33637\" target=\"_blank\" rel=\"noopener\" data-url=\"https:\/\/www.uttv.ee\/naita?id=33637\">\u201cNahaeriala v\u00e4ljakutsed seoses uute suundadega materjaliteaduses\u201c<\/a> Tiina Karu<br>\n<a title=\"\" href=\"https:\/\/www.uttv.ee\/naita?id=33638\" target=\"_blank\" rel=\"noopener\" data-url=\"https:\/\/www.uttv.ee\/naita?id=33638\">\u201cTaaskasutus l\u00e4bi aksessuaaride redisaini\u201d<\/a> M\u00e4rt Puusta<br>\n<a title=\"\" href=\"https:\/\/www.uttv.ee\/naita?id=33639\" target=\"_blank\" rel=\"noopener\" data-url=\"https:\/\/www.uttv.ee\/naita?id=33639\">\u201cJalutusk\u00e4ik keskaegsete nahast jalatsite radadel\u201d<\/a> Tuuli J\u00f5esaar<br>\n<a title=\"\" href=\"https:\/\/www.uttv.ee\/naita?id=33644\" target=\"_blank\" rel=\"noopener\" data-url=\"https:\/\/www.uttv.ee\/naita?id=33644\">\u201cSaaremaa traditsioonilised kasukad ja talvem\u00fctsid\u201d<\/a> Mareli Rannap<br>\n<a title=\"\" href=\"https:\/\/www.uttv.ee\/naita?id=33640\" target=\"_blank\" rel=\"noopener\" data-url=\"https:\/\/www.uttv.ee\/naita?id=33640\">\u201cSekeldused h\u00fclgemaost tuulekotiga\u201c<\/a> Leanne Barbo<br>\n<a title=\"\" href=\"https:\/\/www.uttv.ee\/naita?id=33641\" target=\"_blank\" rel=\"noopener\" data-url=\"https:\/\/www.uttv.ee\/naita?id=33641\">\u201cTorupilli tulemine\u201d<\/a> Ants Taul<br>\n<a title=\"\" href=\"https:\/\/www.uttv.ee\/naita?id=33642\" target=\"_blank\" rel=\"noopener\" data-url=\"https:\/\/www.uttv.ee\/naita?id=33642\">\u201cLaulud naha ja karvadega\u201d<\/a> Koidu Ahk &amp; ansambel Koidu T\u00e4hed<br>\n\u201c<a title=\"\" href=\"https:\/\/www.uttv.ee\/naita?id=33643\" target=\"_blank\" rel=\"noopener\" data-url=\"https:\/\/www.uttv.ee\/naita?id=33643\">Biodisain\u201d<\/a> Riina \u00d5un<br>\n<a title=\"\" href=\"https:\/\/www.uttv.ee\/naita?id=33645\" target=\"_blank\" rel=\"noopener\" data-url=\"https:\/\/www.uttv.ee\/naita?id=33645\">\u201cJuuksed ja karvad rahvausus ja kombestikus\u201d<\/a> Madis Arukask<br>\n<a title=\"\" href=\"https:\/\/www.uttv.ee\/naita?id=33646\" target=\"_blank\" rel=\"noopener\" data-url=\"https:\/\/www.uttv.ee\/naita?id=33646\">\u201cEi j\u00e4ta mitte karvagi p\u00e4h\u00e4\u201d<\/a> Krista Sarv<\/p>\n<p><img loading=\"lazy\" decoding=\"async\" width=\"960\" height=\"540\" class=\"alignnone wp-image-83\" title=\"2022_sygiskooli_veebiplakat.jpg\" src=\"https:\/\/sisu.ut.ee\/wp-content\/uploads\/sites\/619\/2022_sygiskooli_veebiplakat.jpg\" alt=\"naha ja karvadega\" srcset=\"https:\/\/sisu.ut.ee\/wp-content\/uploads\/sites\/619\/2022_sygiskooli_veebiplakat.jpg 960w, https:\/\/sisu.ut.ee\/wp-content\/uploads\/sites\/619\/2022_sygiskooli_veebiplakat-300x169.jpg 300w, https:\/\/sisu.ut.ee\/wp-content\/uploads\/sites\/619\/2022_sygiskooli_veebiplakat-768x432.jpg 768w\" sizes=\"auto, (max-width: 960px) 100vw, 960px\"><\/p>\n","protected":false},"excerpt":{"rendered":"<p>\u201cNaha ja karvadega\u201d 11. korda toimunud s\u00fcgiskooli eesm\u00e4rgiks oli v\u00e4\u00e4rtustada vaimset ja k\u00e4elist p\u00e4randit ning tuua kokku inimesi, kes soovivad oma oskusi ja teadmisi t\u00e4iendada v\u00f5i neid teiste huvilistega jagada. Seekord keskenduti traditsioonilistele naturaalsetele materjalidele nagu nahk ja karvad ja &#8230;<\/p>\n","protected":false},"author":274,"featured_media":0,"parent":0,"menu_order":0,"comment_status":"closed","ping_status":"closed","template":"","meta":{"_acf_changed":false,"inline_featured_image":false,"footnotes":""},"class_list":["post-6","page","type-page","status-publish","hentry"],"acf":[],"_links":{"self":[{"href":"https:\/\/sisu.ut.ee\/craft\/wp-json\/wp\/v2\/pages\/6","targetHints":{"allow":["GET"]}}],"collection":[{"href":"https:\/\/sisu.ut.ee\/craft\/wp-json\/wp\/v2\/pages"}],"about":[{"href":"https:\/\/sisu.ut.ee\/craft\/wp-json\/wp\/v2\/types\/page"}],"author":[{"embeddable":true,"href":"https:\/\/sisu.ut.ee\/craft\/wp-json\/wp\/v2\/users\/274"}],"replies":[{"embeddable":true,"href":"https:\/\/sisu.ut.ee\/craft\/wp-json\/wp\/v2\/comments?post=6"}],"version-history":[{"count":4,"href":"https:\/\/sisu.ut.ee\/craft\/wp-json\/wp\/v2\/pages\/6\/revisions"}],"predecessor-version":[{"id":861,"href":"https:\/\/sisu.ut.ee\/craft\/wp-json\/wp\/v2\/pages\/6\/revisions\/861"}],"wp:attachment":[{"href":"https:\/\/sisu.ut.ee\/craft\/wp-json\/wp\/v2\/media?parent=6"}],"curies":[{"name":"wp","href":"https:\/\/api.w.org\/{rel}","templated":true}]}}