{"id":58,"date":"2024-04-04T08:32:19","date_gmt":"2024-04-04T05:32:19","guid":{"rendered":"https:\/\/sisu.ut.ee\/craft\/taiend\/"},"modified":"2026-02-19T14:39:27","modified_gmt":"2026-02-19T12:39:27","slug":"taiend","status":"publish","type":"page","link":"https:\/\/sisu.ut.ee\/craft\/taiend\/","title":{"rendered":"T\u00e4iendus\u00f5pe"},"content":{"rendered":"<p style=\"text-align: justify;\">Tartu \u00dclikooli Viljandi kultuuriakadeemiast leiad valiku praktilisi ja p\u00f5nevaid p\u00e4randtehnoloogia alaseid t\u00e4iendus\u00f5ppe koolitusi: osaleda saab koolituskalendris olevatel t\u00e4iendus\u00f5ppekursustel v\u00f5i valida huvipakkuv taseme\u00f5ppeaine ja osaleda sellel koos tudengitega.<\/p>\n<div class=\"content\">\n<div id=\"node-39389\" class=\"node node-page clearfix\">\n<div class=\"content\">\n<div class=\"field field-name-body field-type-text-with-summary field-label-hidden\">\n<div class=\"field-items\">\n<div class=\"field-item even\">\n<p style=\"text-align: justify;\"><strong>Taseme\u00f5ppeained t\u00e4iendus\u00f5ppena. <\/strong>T\u00dc Viljandi kultuuriakadeemias on palju p\u00f5nevaid taseme\u00f5ppe aineid, millest mitmetel on v\u00f5imalik koos tudengitega osaleda ka t\u00e4iendus\u00f5ppijana. Liituda saab kahel korral aastas \u2013 septembris ja veebruaris. Selleks tuleb sobiv aine v\u00e4lja valida ja esitada vormikohane avaldus.<\/p>\n<p style=\"text-align: justify;\">\u00d5pe on tasuline: \u00fche ainepunkti hind on rakendusk\u00f5rgharidus\u00f5ppe ainetel 40 eurot ja magistri\u00f5ppe ainetel 45 eurot. Tunnistuse saamiseks tuleb t\u00e4ita k\u00f5ik aine l\u00e4bimiseks ette n\u00e4htud n\u00f5uded. <a title=\"\" href=\"https:\/\/viljandi.ut.ee\/et\/tasemeoppeained-taiendusoppena\" target=\"_blank\" rel=\"noopener\" data-url=\"https:\/\/viljandi.ut.ee\/et\/tasemeoppeained-taiendusoppena\">Loe l\u00e4hemalt.<\/a><\/p>\n<p style=\"text-align: justify;\"><a title=\"\" href=\"https:\/\/viljandi.ut.ee\/et\/taiendusoppekoolitused\" target=\"_blank\" rel=\"noopener\" data-url=\"https:\/\/viljandi.ut.ee\/et\/taiendusoppekoolitused\">T\u00dc Viljandi Kultuuriakadeemia t\u00e4iend\u00f5ppe koolituste kalender.<\/a><\/p>\n<p>2025 septembris algas t\u00e4iend\u00f5ppe koolitus<strong> \u201cV\u00e4\u00e4rtustades ja v\u00e4\u00e4rindades lammast \u2013 p\u00e4randtarkused ja ringtehnoloogia\u201d.<\/strong> Programmi eesm\u00e4rgiks on anda terviklik \u00fclevaade lamba rollist Eesti talukultuuris, rahvap\u00e4rimuses ja t\u00e4nap\u00e4eva p\u00f5llumajanduses ning \u00f5petada lambasaadusi keskkonnateadlikult, j\u00e4tkusuutlikult, terviklikult ja loovalt kasutama! T\u00e4iendkoolitus kestab juunini 2026 (kord kuus 2-p\u00e4evaste moodulitena) ja toimub Viljandis, Heimtalis, Rebasem\u00f5isa k\u00fclas ja Kaika k\u00fclas. T\u00e4psem \u00fclevaade <a href=\"https:\/\/viljandi.ut.ee\/et\/vaartustades-ja-vaarindades-lammast-parandtarkused-ja-ringtehnoloogia\" target=\"_blank\" rel=\"noopener\">\u00f5ppemoodulite ja koolituse sisu kohta.<\/a><\/p>\n<p style=\"text-align: justify;\">Mitmed p\u00e4randtehnoloogia t\u00e4iendus\u00f5ppe kursused toimuvad regulaarselt.<\/p>\n<p style=\"text-align: justify;\"><img loading=\"lazy\" decoding=\"async\" width=\"2048\" height=\"1365\" class=\"alignnone wp-image-145\" style=\"width: 300px; height: 200px; margin: 12px; float: right;\" title=\"Foto autor Kerttu Kruusla\" src=\"https:\/\/sisu.ut.ee\/wp-content\/uploads\/sites\/619\/51966617496_0a93ab97c4_k.jpg\" alt=\"metallit\u00f6\u00f6\" srcset=\"https:\/\/sisu.ut.ee\/wp-content\/uploads\/sites\/619\/51966617496_0a93ab97c4_k.jpg 2048w, https:\/\/sisu.ut.ee\/wp-content\/uploads\/sites\/619\/51966617496_0a93ab97c4_k-300x200.jpg 300w, https:\/\/sisu.ut.ee\/wp-content\/uploads\/sites\/619\/51966617496_0a93ab97c4_k-1024x683.jpg 1024w, https:\/\/sisu.ut.ee\/wp-content\/uploads\/sites\/619\/51966617496_0a93ab97c4_k-768x512.jpg 768w, https:\/\/sisu.ut.ee\/wp-content\/uploads\/sites\/619\/51966617496_0a93ab97c4_k-1536x1024.jpg 1536w, https:\/\/sisu.ut.ee\/wp-content\/uploads\/sites\/619\/51966617496_0a93ab97c4_k-1920x1280.jpg 1920w\" sizes=\"auto, (max-width: 2048px) 100vw, 2048px\"><strong>P\u00e4randtehnoloogia metallit\u00f6\u00f6 eel\u00f5pe. <\/strong>Ootame osalema k\u00f5iki traditsioonilisest ehte-, sepa- ja metallvormit\u00f6\u00f6st huvitatud inimesi. Eel\u00f5pe annab esmased kogemused, oskused ja teadmised, j\u00e4tkamaks \u00f5pingud T\u00dc VKA p\u00e4randtehnoloogia \u00f5ppekava metallit\u00f6\u00f6 erialal. Eel\u00f5ppe l\u00e4binud \u00f5ppija saab \u00fclevaate erinevatest ehte-, sepa- ja vormit\u00f6\u00f6 t\u00f6\u00f6v\u00f5tetest ja tehnoloogiatest ning on teinud proovit\u00f6id. Lisaks on tutvunud eriala toetavate kompositsiooni, joonistamise ja maalimise t\u00f6\u00f6v\u00f5tetega ning sooritanud harjutus\u00fclesandeid. Tutvu 2023 kevadel toimunud kursuse detailsema <a title=\"\" href=\"https:\/\/viljandi.ut.ee\/et\/parandtehnoloogia-metallitoo-eelope\" target=\"_blank\" rel=\"noopener\" data-url=\"https:\/\/viljandi.ut.ee\/et\/parandtehnoloogia-metallitoo-eelope\">kirjeldusega<\/a>.<\/p>\n<p style=\"text-align: justify;\">Alates 2021. aastast korraldab T\u00dc VKA <strong>Viljandimaa rahvar\u00f5ivakooli <\/strong>tegevust. Kaheaastase kursuse k\u00e4igus valmistavad osalejad Viljandimaa traditsioonilise rahvar\u00f5ivakost\u00fc\u00fcmi oma ala asjatundjate juhendamisel. Esmalt tutvutakse muuseumis originaalesemete ja arhiividega ning koostatakse rahvar\u00f5ivakomplekt. Edasi \u00f5pitakse kost\u00fc\u00fcmi valmistamiseks vajalikke tehnikaid, valmistatakse \u00fcksikesemed ja tutvutakse nende kandmistraditsiooniga. Kursuse l\u00f5puks valmib kirjalik l\u00f5put\u00f6\u00f6 ning terviklik r\u00f5ivakomplekt. <a href=\"https:\/\/viljandi.ut.ee\/et\/sisu\/viljandimaa-rahvaroivakool-2024-2026\" target=\"_blank\" rel=\"noopener\">Loe p\u00f5hjalikumalt teise lennu \u00f5ppekava ja kursuse kohta.<\/a><\/p>\n<p style=\"text-align: justify;\"><strong>Kultuurip\u00e4randi loovrakenduste s\u00fcgiskool <\/strong>toimub igal aastal septembri l\u00f5pus v\u00f5i oktoobri alguses. Iga kord valivad KULO magistrandid s\u00fcgiskoolile p\u00e4evakajalise k\u00e4sit\u00f6\u00f6teadusliku fookuse. Esimene s\u00fcgiskool toimus 2012. aastal,\u00a0 n\u00e4iteks 2021. aasta teemaks olid siseveeteed ning 2022. aastal nahk ja karvad. Viimased s\u00fcgiskoolid on p\u00f5iminud temaatiliseks tervikuks nii p\u00e4randtehnoloogia, folkloristika kui muusika temaatikad. Loengute k\u00f5rval leidub alati ruumi ka \u00f6\u00f6matkale ning m\u00f5nedele praktilistele tegevustele. <a href=\"https:\/\/sisu.ut.ee\/craft\/sundmusdeee\/\" target=\"_blank\" rel=\"noopener\">Loe s\u00fcgiskoolide kohta pikemalt.<\/a><\/p>\n<p style=\"text-align: justify;\"><img loading=\"lazy\" decoding=\"async\" width=\"1840\" height=\"1228\" class=\"alignnone wp-image-146\" style=\"width: 300px; height: 200px; margin: 12px; float: right;\" title=\"Foto autor Sandra Urvak\" src=\"https:\/\/sisu.ut.ee\/wp-content\/uploads\/sites\/619\/20150709_8559.jpg\" alt=\"knitting\" srcset=\"https:\/\/sisu.ut.ee\/wp-content\/uploads\/sites\/619\/20150709_8559.jpg 1840w, https:\/\/sisu.ut.ee\/wp-content\/uploads\/sites\/619\/20150709_8559-300x200.jpg 300w, https:\/\/sisu.ut.ee\/wp-content\/uploads\/sites\/619\/20150709_8559-1024x683.jpg 1024w, https:\/\/sisu.ut.ee\/wp-content\/uploads\/sites\/619\/20150709_8559-768x513.jpg 768w, https:\/\/sisu.ut.ee\/wp-content\/uploads\/sites\/619\/20150709_8559-1536x1025.jpg 1536w\" sizes=\"auto, (max-width: 1840px) 100vw, 1840px\">P\u00e4randtehnoloogia \u00f5ppekava korraldab alates 2014. aastast <strong>rahvusvahelist k\u00e4sit\u00f6\u00f6laagrit Craft Camp<\/strong>, mille eesm\u00e4rk on tutvustada v\u00e4lismaalastele Eesti traditsioonilisi k\u00e4sit\u00f6\u00f6tehnikaid ja nende kasutusv\u00f5imalusi t\u00e4nap\u00e4eval. Laager toimub tavaliselt juuli teisel n\u00e4dalal ning \u00f5ppet\u00f6\u00f6 on inglise keeles. Lisaks t\u00f6\u00f6tubadele on osalejatel v\u00f5imalus \u00fchel p\u00e4eval k\u00fclastada m\u00f5nda Eestimaa erin\u00e4olistest kultuuripiirkondadest ning saada osa \u00f5htuti toimuvast kultuuriprogrammist. Laager toimub T\u00dc Viljandi kultuuriakadeemia Vilma \u00f5ppehoones.\u00a0 Programm on planeeritud kogu n\u00e4dalaks, vabade kohtade olemasolul pakume v\u00f5imalust osaleda \u00fcksikutes t\u00f6\u00f6tubades, sellekohase info avaldame paar kuud enne laagrit. Loe <a title=\"\" href=\"https:\/\/viljandi.ut.ee\/en\/craftcamp\" target=\"_blank\" rel=\"noopener\" data-url=\"https:\/\/viljandi.ut.ee\/en\/craftcamp\">pikemalt Craft Campi kohta<\/a>, t\u00e4ielik laagri kava on leitav inglise keeles.<\/p>\n<p style=\"text-align: justify;\"><strong>Noore Meistri Kooli <\/strong>eesm\u00e4rk on anda noortele esmaseid teadmisi ja oskusi traditsioonilisest k\u00e4sit\u00f6\u00f6st, p\u00e4randkultuurist ja materjalide kestlikust kasutamisest. See on oman\u00e4oline k\u00e4sit\u00f6\u00f6laager 16- kuni 30-aastastele noortele \u00fcle Eesti. Kolmep\u00e4evane laager toimub tavaliselt aprillikuu koolivaheajal. Laagri programmi mahuvad nii individuaalne k\u00e4sit\u00f6\u00f6 tegemine juhendaja juuresolekul kui ka mitmed \u00fchistegevused, arutelud, tuurid ja m\u00e4ngud. Osalejad saavad valida 3 erineva t\u00f6\u00f6toa vahel \u2013 mille fookuses on tavaliselt tekstiil, metall ning puit. T\u00f6\u00f6tubade k\u00e4igus valmivad praktilised esemed, p\u00f5hir\u00f5hk on uue tehnika omandamisel ja loomet\u00f6\u00f6l. Loe p\u00f5hjalikumalt <a href=\"https:\/\/sisu.ut.ee\/craft\/noore-meistri-kool-0\/\" target=\"_blank\" rel=\"noopener\">Noore Meistri Kooli kohta.<\/a><\/p>\n<\/div>\n<\/div>\n<\/div>\n<\/div>\n<\/div>\n<\/div>\n","protected":false},"excerpt":{"rendered":"<p>Tartu \u00dclikooli Viljandi kultuuriakadeemiast leiad valiku praktilisi ja p\u00f5nevaid p\u00e4randtehnoloogia alaseid t\u00e4iendus\u00f5ppe koolitusi: osaleda saab koolituskalendris olevatel t\u00e4iendus\u00f5ppekursustel v\u00f5i valida huvipakkuv taseme\u00f5ppeaine ja osaleda sellel koos tudengitega. Taseme\u00f5ppeained t\u00e4iendus\u00f5ppena. T\u00dc Viljandi kultuuriakadeemias on palju p\u00f5nevaid taseme\u00f5ppe aineid, millest mitmetel on &#8230;<\/p>\n","protected":false},"author":274,"featured_media":0,"parent":0,"menu_order":0,"comment_status":"closed","ping_status":"closed","template":"","meta":{"_acf_changed":false,"inline_featured_image":false,"footnotes":""},"class_list":["post-58","page","type-page","status-publish","hentry"],"acf":[],"_links":{"self":[{"href":"https:\/\/sisu.ut.ee\/craft\/wp-json\/wp\/v2\/pages\/58","targetHints":{"allow":["GET"]}}],"collection":[{"href":"https:\/\/sisu.ut.ee\/craft\/wp-json\/wp\/v2\/pages"}],"about":[{"href":"https:\/\/sisu.ut.ee\/craft\/wp-json\/wp\/v2\/types\/page"}],"author":[{"embeddable":true,"href":"https:\/\/sisu.ut.ee\/craft\/wp-json\/wp\/v2\/users\/274"}],"replies":[{"embeddable":true,"href":"https:\/\/sisu.ut.ee\/craft\/wp-json\/wp\/v2\/comments?post=58"}],"version-history":[{"count":8,"href":"https:\/\/sisu.ut.ee\/craft\/wp-json\/wp\/v2\/pages\/58\/revisions"}],"predecessor-version":[{"id":870,"href":"https:\/\/sisu.ut.ee\/craft\/wp-json\/wp\/v2\/pages\/58\/revisions\/870"}],"wp:attachment":[{"href":"https:\/\/sisu.ut.ee\/craft\/wp-json\/wp\/v2\/media?parent=58"}],"curies":[{"name":"wp","href":"https:\/\/api.w.org\/{rel}","templated":true}]}}