{"id":57,"date":"2024-04-04T08:32:19","date_gmt":"2024-04-04T05:32:19","guid":{"rendered":"https:\/\/sisu.ut.ee\/craft\/pt-rahvusliku-metallitoo-loputood\/"},"modified":"2026-01-25T13:34:36","modified_gmt":"2026-01-25T11:34:36","slug":"pt-rahvusliku-metallitoo-loputood","status":"publish","type":"page","link":"https:\/\/sisu.ut.ee\/craft\/pt-rahvusliku-metallitoo-loputood\/","title":{"rendered":"PT metallit\u00f6\u00f6 l\u00f5put\u00f6\u00f6d"},"content":{"rendered":"<h4>2025<\/h4>\n<p>Marlin Kohtring <a href=\"https:\/\/hdl.handle.net\/10062\/111216\" target=\"_blank\" rel=\"noopener\">\u201cR\u00f5hkudest inspireeritud kaasaegne puusaehe\u201d<\/a> (juhendaja Indrek Ikkonen)<\/p>\n<p>Tiina Kull <a href=\"https:\/\/hdl.handle.net\/10062\/111225\" target=\"_blank\" rel=\"noopener\">\u201cLooduse ja tehnoloogia vastasseis: titaanist ja taimedest rinnaehted\u201d<\/a> (juhendaja Kirsti Tuum)<\/p>\n<p>Madli K\u00f5iv <a href=\"https:\/\/hdl.handle.net\/10062\/111213\" target=\"_blank\" rel=\"noopener\">\u201cSeto ehetest inspireeritud tunnelk\u00f5rvar\u00f5ngad\u201d<\/a> (juhendaja Eilve Manglus)<\/p>\n<p>Karl M\u00e4rdla <a href=\"https:\/\/hdl.handle.net\/10062\/111197\" target=\"_blank\" rel=\"noopener\">\u201cRakvere Waldorfkooli sepisv\u00e4rava kavandamine ja valmistamine\u201d<\/a> (juhendajad Eilve Manglus, V\u00e4ino Niitv\u00e4gi)<\/p>\n<p>Katrin P\u00f5dra <a href=\"https:\/\/hdl.handle.net\/10062\/111199\" target=\"_blank\" rel=\"noopener\">\u201cP\u00f5ltsamaa t\u00fc\u00fcpi preeside valmistustehnoloogia ja t\u00f6\u00f6riistade taasloomine: traditsioonide ja t\u00e4nap\u00e4eva kohtumine ehteloomes\u201d<\/a> (juhendaja V\u00e4ino Niitv\u00e4gi)<\/p>\n<p>Randar P\u00f5ld <a href=\"https:\/\/hdl.handle.net\/10062\/111220\" target=\"_blank\" rel=\"noopener\">\u201cMeelespea motiiviga valatud ja emailitud ehtekomplekt\u201d<\/a> (juhendaja Kirsti Tuum)<\/p>\n<p>Mari Roose <a href=\"https:\/\/hdl.handle.net\/10062\/111214\" target=\"_blank\" rel=\"noopener\">\u201cMetsavana m\u00fctoloogiast inspireeritud ehismask\u201d<\/a> (juhendaja Eilve Manglus)<\/p>\n<p>Ly Sameli <a href=\"https:\/\/hdl.handle.net\/10062\/111200\" target=\"_blank\" rel=\"noopener\">\u201cSepistatud nurk-uksehingede rekonstrueerimine\u201d<\/a> (juhendajad Madis Rennu, Gunnar Vares)<\/p>\n<p>Aivo V\u00e4lja <a href=\"https:\/\/hdl.handle.net\/10062\/111193\" target=\"_blank\" rel=\"noopener\">\u201c1000-aastane nuga. Eesti 10. sajandi paksuseljalise v\u00f5itlusnoa sepistamisest\u201d<\/a> (juhendajad Mart Reino, Ragnar Saage)<\/p>\n<h4>2024<\/h4>\n<p>Ingmar Ivar Feldmann <a href=\"https:\/\/hdl.handle.net\/10062\/99407\">\u201cMusterterasest nugade valmistamine ja selleks vajamineva gaasi\u00e4\u00e4si ehitamine\u201d<\/a> (juhendajad T\u00f5nu Arrak, Eilve Manglus)<\/p>\n<p>Meelika Hainsoo <a href=\"https:\/\/hdl.handle.net\/10062\/98992\" target=\"_blank\" rel=\"noopener\">\u201cNeli neitsit. R\u00f5ngass\u00f5lgedest ja regilauludest inspireeritud rinnaehted\u201d<\/a> (juhendaja Indrek Ikkonen)<\/p>\n<p>Margit Randm\u00e4e <a href=\"https:\/\/hdl.handle.net\/10062\/99403\">\u201cElades saan helmekorra. H\u00f5bedast ja helmestest kaelaehete kollektsioon\u201d<\/a> (juhendajad Indrek Ikkonen, Kai Kiudsoo-V\u00e4rv)<\/p>\n<h4>2023<\/h4>\n<p>Gert Evert <a href=\"https:\/\/hdl.handle.net\/10062\/90179\">\u201cH\u00f5bedast ja messingist graveeritud ning valatud malendite komplekt\u201d<\/a> (juhendaja Mart Reino)<\/p>\n<p>Reelika Ilves <a href=\"https:\/\/hdl.handle.net\/10062\/90186\">\u201cRahvuslikust tikandist inspireeritud ehtekarp\u201d<\/a> (juhendaja Indrek Ikkonen)<\/p>\n<p>Reet Kandimaa <a href=\"https:\/\/hdl.handle.net\/10062\/90187\">\u201cEesti muinasehete s\u00fcmboolikast inspireeritud ehtekomplekt\u201d<\/a> (juhendajad Riina Rammo, Indrek Ikkonen)<\/p>\n<p>Kaie Konsap <a href=\"https:\/\/hdl.handle.net\/10062\/90183\">\u201cRooma rauaaegsete k\u00e4rbiss\u00f5lgede valmistamise tehnoloogia\u201d<\/a> (juhendajad Egge Edussaar-Harak, Eilve Manglus)<\/p>\n<p>Meelis Merila <a href=\"https:\/\/hdl.handle.net\/10062\/90185\">\u201cSepisristide elementide valmistamise tehnoloogia Paistu kalmistu ristide n\u00e4itel\u201d<\/a> (juhendajad V\u00e4ino Niitv\u00e4gi, Gunnar Vares)<\/p>\n<p>Karl Eik Rebane <a href=\"https:\/\/hdl.handle.net\/10062\/90184\">\u201cKeskaegsete laevade metallist kinnitusvahendite tegemine ja nende kasutamine Lootsi ja Peetri laevade n\u00e4itel\u201d<\/a> (juhendajad Priit L\u00e4tti, Madis Rennu)<\/p>\n<p>Eesi Rosenberg <a href=\"https:\/\/hdl.handle.net\/10062\/90098\">\u201cAve Maria. Piet\u00e0ga paater-ripatsid\u201d<\/a> (juhendaja Indrek Ikkonen)<\/p>\n<p>Alvar Umb <a href=\"https:\/\/hdl.handle.net\/10062\/90177\">\u201cKihnu naise rahvariietest inspireeritud emailitehnoloogias prossid\u201d<\/a> (juhendaja Kirsti Tuum)<\/p>\n<p>Jaanus Vaabla <a href=\"https:\/\/hdl.handle.net\/10062\/90181\">\u201cEhteseeria loomisprotsess ideest valmis tooteni\u201d<\/a> (juhendaja Eilve Manglus)<\/p>\n<h4>2022<\/h4>\n<p>Diana Jezierska <a title=\"\" href=\"https:\/\/www.ester.ee\/record=b5504644*est\" target=\"_blank\" rel=\"noopener\" data-url=\"https:\/\/www.ester.ee\/record=b5504644*est\">\u201c\u00dche pere p\u00e4rimusel p\u00f5hinev peaehete kollektsioon \u201cMedvjodka naised, unistus luigeluulinnast\u201d\u201d<\/a> (juhendajad Kaire Rannik, Madis Rennu)<\/p>\n<h4>2021<\/h4>\n<p>Maarja Palu <a title=\"\" href=\"http:\/\/hdl.handle.net\/10062\/74370%20%20\" target=\"_blank\" rel=\"noopener\" data-url=\"http:\/\/hdl.handle.net\/10062\/74370  \">\u201cSoome-ugri kaitsemaagilistest uskumustest inspireeritud ehtekollektsioon\u201d<\/a> (juhendaja Indrek Ikkonen)<\/p>\n<p>Janis Pettai <a title=\"\" href=\"http:\/\/hdl.handle.net\/10062\/74371\" target=\"_blank\" rel=\"noopener\" data-url=\"http:\/\/hdl.handle.net\/10062\/74371\">\u201cGranulatsiooni tehnoloogiast inspireeritud ehtekomplekt\u201d<\/a> (juhendajad Harvi Varkki, Kirsti Tuum)<\/p>\n<p>Edvards Puciriuss <a title=\"\" href=\"http:\/\/hdl.handle.net\/10062\/74373\" target=\"_blank\" rel=\"noopener\" data-url=\"http:\/\/hdl.handle.net\/10062\/74373\">\u201cM\u00f5ne hauapanuse pindpanusest:\u00a0 tau\u0161eerimistehnikast Eesti arheoloogilistel leidudel\u201d<\/a> (juhendajad Indrek Jets, V\u00e4ino Niitv\u00e4gi)<\/p>\n<p>Kristiina Saar <a title=\"\" href=\"http:\/\/hdl.handle.net\/10062\/74369\" target=\"_blank\" rel=\"noopener\" data-url=\"http:\/\/hdl.handle.net\/10062\/74369\">\u201cPeaehe \u201cMinu p\u00e4rimuslikud filtrid\u201d\u201d<\/a> (juhendaja Indrek Ikkonen)<\/p>\n<p>Tiia-Mai Tiikoja <a title=\"\" href=\"http:\/\/hdl.handle.net\/10062\/74372%20%20\" target=\"_blank\" rel=\"noopener\" data-url=\"http:\/\/hdl.handle.net\/10062\/74372  \">\u201cS\u00f5numiga s\u00f5rmused\u201d<\/a> (juhendaja Indrek Ikkonen)<\/p>\n<h4>2019<\/h4>\n<p>Lauri Luke <a title=\"\" href=\"http:\/\/hdl.handle.net\/10062\/64572\" target=\"_blank\" rel=\"noopener\" data-url=\"http:\/\/hdl.handle.net\/10062\/64572\">\u201cPortatiivne v\u00e4li\u00e4\u00e4s\u201d<\/a> (juhendajad Mart Reino, Mikk Freiberg)<\/p>\n<p>Mark Net\u0161ajev <a title=\"\" href=\"http:\/\/hdl.handle.net\/10062\/64574\" target=\"_blank\" rel=\"noopener\" data-url=\"http:\/\/hdl.handle.net\/10062\/64574\">\u201cMokumegane tehnoloogias ehtekomplekt\u201d<\/a> (juhendajad Anni Kagovere, Eilve Manglus)<\/p>\n<p>Maria Poll <a title=\"\" href=\"http:\/\/hdl.handle.net\/10062\/64573\" target=\"_blank\" rel=\"noopener\" data-url=\"http:\/\/hdl.handle.net\/10062\/64573\">\u201cKr\u00f5ll ja p\u00e4rl: kr\u00f5llide edasiarendus modernse ehtekomplekti n\u00e4itel\u201d<\/a> (juhendajad V\u00e4ino Niitv\u00e4gi, Krista Lehari)<\/p>\n<p>Andre Rist <a title=\"\" href=\"http:\/\/hdl.handle.net\/10062\/64077\" target=\"_blank\" rel=\"noopener\" data-url=\"http:\/\/hdl.handle.net\/10062\/64077\">\u201cPaistu Maarja kiriku palvek\u00fc\u00fcnalde hoidja\u201d<\/a> (juhendaja V\u00e4ino Niitv\u00e4gi)<\/p>\n<h4>2018<\/h4>\n<p>Alo-Allar Altmets <a title=\"\" href=\"http:\/\/hdl.handle.net\/10062\/62070\" target=\"_blank\" rel=\"noopener\" data-url=\"http:\/\/hdl.handle.net\/10062\/62070\">\u201cPanustehnika ja selle eksperimentaalsed katsed\u201d<\/a> (juhendajad Indrek Jets, Eilve Manglus)<\/p>\n<h4>2017<\/h4>\n<p>Indrek Ikkonen <a title=\"\" href=\"http:\/\/hdl.handle.net\/10062\/56594%20%20\" target=\"_blank\" rel=\"noopener\" data-url=\"http:\/\/hdl.handle.net\/10062\/56594  \">\u201cEesti filigraani valmistamise tehnoloogiad\u201d<\/a> (juhendaja Eilve Manglus)<\/p>\n<p>Anna-Maria Kaseoja <a title=\"\" href=\"http:\/\/hdl.handle.net\/10062\/56763%20%20\" target=\"_blank\" rel=\"noopener\" data-url=\"http:\/\/hdl.handle.net\/10062\/56763  \">\u201cHaris\u00f5rmustest ja kase, p\u00e4rna ning \u00f5unapuu lehtedest inspireeritud ehtekollektsioon\u201d<\/a> (juhendajad Eilve Manglus, Marja-Leena Jaanus)<\/p>\n<p>Matis Lendok <a title=\"\" href=\"http:\/\/hdl.handle.net\/10062\/56830\" target=\"_blank\" rel=\"noopener\" data-url=\"http:\/\/hdl.handle.net\/10062\/56830\">\u201cTuulekukk\u201d<\/a> (juhendaja V\u00e4ino Niitv\u00e4gi)<\/p>\n<p>Kaur Matiisen <a title=\"\" href=\"http:\/\/hdl.handle.net\/10062\/56764\" target=\"_blank\" rel=\"noopener\" data-url=\"http:\/\/hdl.handle.net\/10062\/56764\">\u201cRollim\u00e4ngu raudr\u00fc\u00fc\u201d<\/a> (juhendajad Mart Reino, Edvards Puciriuss)<\/p>\n<p>Paul Salumaa <a title=\"\" href=\"http:\/\/hdl.handle.net\/10062\/56831\" target=\"_blank\" rel=\"noopener\" data-url=\"http:\/\/hdl.handle.net\/10062\/56831\">\u201cKarpluku valmistamine Ketta talu talliluku eeskujul\u201d<\/a> (juhendajad V\u00e4ino Niitv\u00e4gi, Mikk Freiberg, Mart Salumaa)<\/p>\n<p>Ramona Sats <a title=\"\" href=\"http:\/\/hdl.handle.net\/10062\/56832\" target=\"_blank\" rel=\"noopener\" data-url=\"http:\/\/hdl.handle.net\/10062\/56832\">\u201cDamaskuse mustritest inspireeritud nahkkotid\u201d<\/a> (juhendajad Kirsti Tuum, Egge Edussaar-Harak, konsultant Mikk Freiberg)<\/p>\n<h4>\u00a02015<\/h4>\n<p>Margit Keeman <a title=\"\" href=\"http:\/\/hdl.handle.net\/10062\/46998\" target=\"_blank\" rel=\"noopener\" data-url=\"http:\/\/hdl.handle.net\/10062\/46998\">\u201cKivij\u00e4rve kuljustega noatuped\u201d<\/a> (juhendajad: Riina Rammo, Egge Edussaar-Harak)<\/p>\n<p>T\u00f5nis Luik <a title=\"\" href=\"http:\/\/hdl.handle.net\/10062\/47018\" target=\"_blank\" rel=\"noopener\" data-url=\"http:\/\/hdl.handle.net\/10062\/47018\">\u201cJalgrattaparkla sepistatud rattahoidjad\u201d<\/a> (juhendajad Eilve Manglus, V\u00e4ino Niitv\u00e4gi)<\/p>\n<p>Siim Otsa <a title=\"\" href=\"http:\/\/hdl.handle.net\/10062\/47010\" target=\"_blank\" rel=\"noopener\" data-url=\"http:\/\/hdl.handle.net\/10062\/47010\">\u201cMalmsulatusahju ehitamine ja proovivalu teostamine\u201d<\/a> (juhendaja Mart Reino, konsultant Harvi Varkki)<\/p>\n","protected":false},"excerpt":{"rendered":"<p>2025 Marlin Kohtring \u201cR\u00f5hkudest inspireeritud kaasaegne puusaehe\u201d (juhendaja Indrek Ikkonen) Tiina Kull \u201cLooduse ja tehnoloogia vastasseis: titaanist ja taimedest rinnaehted\u201d (juhendaja Kirsti Tuum) Madli K\u00f5iv \u201cSeto ehetest inspireeritud tunnelk\u00f5rvar\u00f5ngad\u201d (juhendaja Eilve Manglus) Karl M\u00e4rdla \u201cRakvere Waldorfkooli sepisv\u00e4rava kavandamine ja valmistamine\u201d &#8230;<\/p>\n","protected":false},"author":274,"featured_media":0,"parent":0,"menu_order":0,"comment_status":"closed","ping_status":"closed","template":"","meta":{"_acf_changed":false,"inline_featured_image":false,"footnotes":""},"class_list":["post-57","page","type-page","status-publish","hentry"],"acf":[],"_links":{"self":[{"href":"https:\/\/sisu.ut.ee\/craft\/wp-json\/wp\/v2\/pages\/57","targetHints":{"allow":["GET"]}}],"collection":[{"href":"https:\/\/sisu.ut.ee\/craft\/wp-json\/wp\/v2\/pages"}],"about":[{"href":"https:\/\/sisu.ut.ee\/craft\/wp-json\/wp\/v2\/types\/page"}],"author":[{"embeddable":true,"href":"https:\/\/sisu.ut.ee\/craft\/wp-json\/wp\/v2\/users\/274"}],"replies":[{"embeddable":true,"href":"https:\/\/sisu.ut.ee\/craft\/wp-json\/wp\/v2\/comments?post=57"}],"version-history":[{"count":6,"href":"https:\/\/sisu.ut.ee\/craft\/wp-json\/wp\/v2\/pages\/57\/revisions"}],"predecessor-version":[{"id":764,"href":"https:\/\/sisu.ut.ee\/craft\/wp-json\/wp\/v2\/pages\/57\/revisions\/764"}],"wp:attachment":[{"href":"https:\/\/sisu.ut.ee\/craft\/wp-json\/wp\/v2\/media?parent=57"}],"curies":[{"name":"wp","href":"https:\/\/api.w.org\/{rel}","templated":true}]}}