{"id":567,"date":"2024-08-23T12:51:21","date_gmt":"2024-08-23T09:51:21","guid":{"rendered":"https:\/\/sisu.ut.ee\/craft\/?page_id=567"},"modified":"2026-02-03T17:04:46","modified_gmt":"2026-02-03T15:04:46","slug":"festivalid","status":"publish","type":"page","link":"https:\/\/sisu.ut.ee\/craft\/festivalid\/","title":{"rendered":"Festivalid"},"content":{"rendered":"<p>Alates 2022. aastast on T\u00dc VKA korraldanud Parandus- ja P\u00e4randusfestivale. Paranduskultuur on osa suuremast liikumisest, mille eesm\u00e4rgiks on v\u00e4hendada ringluses olevate materjalide hulka ja pidurdada uute tootmist. <\/p>\n\n\n\n<p><strong>20. septembril 2025 toimus<\/strong>\u00a0<strong><a href=\"https:\/\/viljandi.ut.ee\/et\/sisu\/iv-viljandi-parandusfestival-2025\" data-type=\"link\" data-id=\"https:\/\/viljandi.ut.ee\/et\/sisu\/iv-viljandi-parandusfestival-2025\" target=\"_blank\" rel=\"noreferrer noopener\">neljas Viljandi parandusfestival<\/a><\/strong>,\u00a0mis t\u00f5i kokku rohkelt huvilisi ja pakkus tegevust igale maitsele.\u00a0Kultuuriakadeemia Vilma \u00f5ppehoones ja selle \u00fcmbruses lahti rulluva s\u00fcndmuse eesm\u00e4rk oli propageerida kestliku tarbimise p\u00f5him\u00f5tteid: \u00e4ra viska kulunud v\u00f5i katkist eset kergek\u00e4eliselt \u00e4ra, vaid pikenda selle eluiga hooldades, parandades v\u00f5i taaskasutades.\u00a0T\u00f6\u00f6tubades \u00f5piti, kuidas anda armsatele esemetele uus elu, jalutusk\u00e4ikudel avastati Vilma hoone ja selle \u00fcmbruse p\u00f5nevat ajalugu\u00a0ning\u00a0Heiki\u00a0Raudla\u00a0esitles\u00a0raamatut \u201eViljandi lood ja legendid, 2. osa\u201c. P\u00e4eva jooksul toimusid ka rohevahetus, t\u00e4ika ja kohaliku k\u00e4sit\u00f6\u00f6 m\u00fc\u00fck ning linna saunas pakuti\u00a0v\u00f5imalust\u00a0keha turgutada.\u00a0Festivalip\u00e4eva ilmestasid kontserdid, kus astusid \u00fcles Silver Sepp ning\u00a0C\u00e4tlin\u00a0ja Marko M\u00e4gi.<br>Vaata <a href=\"https:\/\/www.flickr.com\/photos\/184756568@N05\/albums\/72177720329499208\/\" target=\"_blank\" rel=\"noreferrer noopener\">Kerttu Kruusla fotosid<\/a> 2025. aasta festivalist. <\/p>\n\n\n\n<p><strong>2024. aasta 1.-5. oktoobril toimus <a href=\"https:\/\/sisu.ut.ee\/parandusfestival2024\/\" data-type=\"link\" data-id=\"https:\/\/sisu.ut.ee\/parandusfestival2024\/\" target=\"_blank\" rel=\"noreferrer noopener\">P\u00e4randusfestival<\/a>.<\/strong> Festivali programm tutvustas vaimse kultuurip\u00e4randi n\u00e4htusi ja avas erinevaid rahvakultuuri teadmiste vaatenurki, mis aitavad leida s\u00e4\u00e4stlikke lahendusi majandus- ja keskkonnaprobleemidele; jagas n\u00e4pun\u00e4iteid, kuidas ise oma ellu muutusi tuua ja loomulikult t\u00f5i osalejateni ka p\u00e4rimuslikku meelelahutust.<\/p>\n\n\n\n<p><strong>2024 festivali ajakava:<\/strong><br><strong>1.-2. oktoober<\/strong>: <a href=\"https:\/\/sisu.ut.ee\/parandusfestival2024\/konverents\/\" target=\"_blank\" rel=\"noreferrer noopener\">rahvusvaheline teaduskonverents<\/a> \u201cP\u00e4rand kestliku kogukonna teenistuses\u201d P\u00e4rimusmuusika Aidas. <br><em>Konverentsil arutleti traditsiooni kui kultuurilise protsessi \u00fcle ja k\u00e4sitleti p\u00e4randit kui keskkondlikku, kultuurilist, sotsiaalset ja majanduslikku v\u00e4\u00e4rtust, mis toetab ja aitab \u00fchiskonda arendada nii kohalikul, riiklikul kui globaalsel tasandil.<\/em><br>Vaata konverentsi <a href=\"https:\/\/www.flickr.com\/photos\/184756568@N05\/albums\/72177720320983946\/\" target=\"_blank\" rel=\"noreferrer noopener\">galeriid<\/a>.<br><strong>3. oktoober:<\/strong> rahvusvahelised meistriklassid<br><em>Meistriklassid olid suunatud eelk\u00f5ige k\u00e4sit\u00f6\u00f6 ja p\u00e4rimusmuusika professionaalidele ja \u00fcli\u00f5pilastele, nende eesm\u00e4rk oli kogemuste vahetamine, uute rahvusvaheliste kontaktide s\u00f5lmimine ja koost\u00f6\u00f6projektide s\u00fcnd.<\/em><br>Vaata <a href=\"https:\/\/www.flickr.com\/photos\/184756568@N05\/albums\/72177720321031098\/\" target=\"_blank\" rel=\"noreferrer noopener\">meistriklasside galeriid<\/a>.<br><strong>4.-5. oktoober:<\/strong> suur p\u00e4randuspidu Viljandi Spordihoones ja P\u00e4rimusmuusika Aidas<br><em>P\u00e4randuspeo s\u00fcdameks oli p\u00e4randoskuste ja vaimse kultuurip\u00e4randi n\u00e4htuste esitlusele p\u00fchendatud UNESCO n\u00e4ituse- ja messiala Viljandi spordihoones, P\u00e4rimusmuusika Aidas ja seda \u00fcmbritseval alal. Koos samal ajal toimuva parandusfestivali ja <a href=\"https:\/\/folk.ee\/teeme\/parimusmuusika-loikuspidu\" data-type=\"link\" data-id=\"https:\/\/folk.ee\/teeme\/parimusmuusika-loikuspidu\" target=\"_blank\" rel=\"noreferrer noopener\">P\u00e4rimusmuusika L\u00f5ikuspeoga<\/a> muutus Viljandi selleks n\u00e4dalavahetuseks terveks Eesti kultuurip\u00e4randi pealinnaks.<\/em><br>Saa osa p\u00e4randusfestivali melust l\u00e4bi Kerttu Kruusla <a href=\"https:\/\/www.flickr.com\/photos\/184756568@N05\/albums\/72177720321295919\/\" target=\"_blank\" rel=\"noreferrer noopener\">fotogalerii<\/a>.<br>Viljandi p\u00e4randusfestival kuulus Tartu 2024 programmiliini Inimene ja Oskused. Seda korraldasid T\u00dc Viljandi kultuuriakadeemia ja Eesti P\u00e4rimusmuusika Keskus koost\u00f6\u00f6s Bonifatiuse Gildi, Eesti Rahvakunsti ja K\u00e4sit\u00f6\u00f6 Liidu, Eesti Rahvakultuuri Keskuse ja UNESCO loovlinnade v\u00f5rgustikuga.\u202f<\/p>\n\n\n\n<p><strong>Teine Parandusfestival<\/strong> toimus 16. septembril 2023 Viljandi G\u00fcmnaasiumi taga Ugala tiigi kaldal. <a href=\"https:\/\/fb.me\/e\/19hyHQ5gs\" target=\"_blank\" rel=\"noreferrer noopener\">Festival<\/a> t\u00f5i kokku vilunud parandajad ja parandushuvilised, et \u00fcheskoos anda katkistele, ent kalliks saanud esemetele uus elu. Parandust\u00f6\u00f6tubades osalejad said k\u00e4tt proovida n\u00f5elumisest akende restaureerimise ja kompostkemmergu valmistamiseni. Kuna 2023 p\u00e4randilinn Viljandi aasta-teemaks oli p\u00e4randaiandus, toimus ka vastavasisuline seminar. Oma ala eksperdid r\u00e4\u00e4kisid n\u00e4iteks mulla elustikust, kompostimisest ja j\u00e4\u00e4tmevabast k\u00f6\u00f6gist.<\/p>\n\n\n\n<p>2022. aasta 10. septembril <a href=\"https:\/\/viljandi.ut.ee\/et\/sisu\/viljandis-toimus-eesti-esimene-parandusfestival\" target=\"_blank\" rel=\"noreferrer noopener\">toimus Viljandis <strong>esimene<\/strong> <strong>Parandusfestival<\/strong><\/a>. Festival andis k\u00e4sit\u00f6\u00f6le ja oskustele maailmaparandusliku m\u00f5\u00f5tme: k\u00fclastajad said osaleda kokku 14 eriilmelises <a href=\"https:\/\/visitviljandi.ee\/uudised\/viljandi-parandusfestivali-kava-ja-tootoad\/?fbclid=IwY2xjawE1SZ5leHRuA2FlbQIxMAABHT0u8wP40MRqmDYQpTnCzyPt9sqUpi8KEQJqdl0JuQLheEkvle_poiaEEg_aem_Zme9GFV3VDBFMwQGfl6-3A\">parandust\u00f6\u00f6toas<\/a>, mis aitasid k\u00fclastajatel oma vanu p\u00e4evin\u00e4inud esemeid turgutada. T\u00f6\u00f6tube oli r\u00f5ivaste ja silmkoeesemete parandamisest h\u00f5beesemete ja jalgrataste hoolduseni v\u00e4lja. Toimus ettekandeseminar koos vestlusringiga, mille fookuses olid kogukondlik paranduskultuur ja emotsionaalne kestlikkus ning palju muid p\u00f5nevaid tegevusi. Parandusfestival oli osa UNESCO loovlinnade v\u00f5rgustikku kuuluva P\u00e4randilinn Viljandi programmist ja Viljandi linna 739. s\u00fcnnip\u00e4eva t\u00e4histamisest.<br><a href=\"https:\/\/www.flickr.com\/photos\/184756568@N05\/sets\/72177720302201780\/\" target=\"_blank\" rel=\"noreferrer noopener\">Vaata 2022 Parandusfestivali galeriid.<\/a><\/p>\n\n\n\n<p class=\"has-text-align-right\"><em>Foto autor Kerttu Kruusla.<\/em><\/p>\n\n\n\n<figure class=\"wp-block-image size-large\"><img loading=\"lazy\" decoding=\"async\" width=\"1024\" height=\"683\" src=\"https:\/\/sisu.ut.ee\/wp-content\/uploads\/sites\/619\/54835767923_ae3d696927_k-1024x683.jpg\" alt=\"Inimesed festivali lava ees istumas, taustal telgid.\" class=\"wp-image-817\" srcset=\"https:\/\/sisu.ut.ee\/wp-content\/uploads\/sites\/619\/54835767923_ae3d696927_k-1024x683.jpg 1024w, https:\/\/sisu.ut.ee\/wp-content\/uploads\/sites\/619\/54835767923_ae3d696927_k-300x200.jpg 300w, https:\/\/sisu.ut.ee\/wp-content\/uploads\/sites\/619\/54835767923_ae3d696927_k-768x512.jpg 768w, https:\/\/sisu.ut.ee\/wp-content\/uploads\/sites\/619\/54835767923_ae3d696927_k-1920x1280.jpg 1920w, https:\/\/sisu.ut.ee\/wp-content\/uploads\/sites\/619\/54835767923_ae3d696927_k.jpg 2048w\" sizes=\"auto, (max-width: 1024px) 100vw, 1024px\"><\/figure>\n\n\n\n<p><\/p>\n\n\n\n<p><\/p>\n","protected":false},"excerpt":{"rendered":"<p>Alates 2022. aastast on T\u00dc VKA korraldanud Parandus- ja P\u00e4randusfestivale. Paranduskultuur on osa suuremast liikumisest, mille eesm\u00e4rgiks on v\u00e4hendada ringluses olevate materjalide hulka ja pidurdada uute tootmist. 20. septembril 2025 toimus\u00a0neljas Viljandi parandusfestival,\u00a0mis t\u00f5i kokku rohkelt huvilisi ja pakkus tegevust &#8230;<\/p>\n","protected":false},"author":274,"featured_media":0,"parent":0,"menu_order":0,"comment_status":"closed","ping_status":"closed","template":"","meta":{"_acf_changed":false,"inline_featured_image":false,"footnotes":""},"class_list":["post-567","page","type-page","status-publish","hentry"],"acf":[],"_links":{"self":[{"href":"https:\/\/sisu.ut.ee\/craft\/wp-json\/wp\/v2\/pages\/567","targetHints":{"allow":["GET"]}}],"collection":[{"href":"https:\/\/sisu.ut.ee\/craft\/wp-json\/wp\/v2\/pages"}],"about":[{"href":"https:\/\/sisu.ut.ee\/craft\/wp-json\/wp\/v2\/types\/page"}],"author":[{"embeddable":true,"href":"https:\/\/sisu.ut.ee\/craft\/wp-json\/wp\/v2\/users\/274"}],"replies":[{"embeddable":true,"href":"https:\/\/sisu.ut.ee\/craft\/wp-json\/wp\/v2\/comments?post=567"}],"version-history":[{"count":11,"href":"https:\/\/sisu.ut.ee\/craft\/wp-json\/wp\/v2\/pages\/567\/revisions"}],"predecessor-version":[{"id":819,"href":"https:\/\/sisu.ut.ee\/craft\/wp-json\/wp\/v2\/pages\/567\/revisions\/819"}],"wp:attachment":[{"href":"https:\/\/sisu.ut.ee\/craft\/wp-json\/wp\/v2\/media?parent=567"}],"curies":[{"name":"wp","href":"https:\/\/api.w.org\/{rel}","templated":true}]}}