{"id":563,"date":"2024-08-23T12:50:14","date_gmt":"2024-08-23T09:50:14","guid":{"rendered":"https:\/\/sisu.ut.ee\/craft\/?page_id=563"},"modified":"2026-02-19T14:37:52","modified_gmt":"2026-02-19T12:37:52","slug":"loomekonkurss","status":"publish","type":"page","link":"https:\/\/sisu.ut.ee\/craft\/loomekonkurss\/","title":{"rendered":"Loomekonkurss"},"content":{"rendered":"<p>T\u00dc Viljandi kultuuriakadeemia ringtehnoloogia eriala korraldab <strong>loomekonkurssi \u201cParandan maailma oma k\u00e4tega!\u201d. <\/strong><br>Konkurss on suunatud noortele vanuses 14\u201323 aastat. Konkursile esitatud eseme n\u00e4ol v\u00f5ib olla tegemist mistahes materjalist tarbe- v\u00f5i r\u00f5ivaesemega, masina, seadme v\u00f5i t\u00f6\u00f6riistaga, peaasi on, et seda saab edasi kasutada uudsel moel. Osalemiseks tuleb t\u00e4ita ankeet ja panna \u00fcles fotod l\u00f5puni viimistletud t\u00f6\u00f6st. T\u00f6\u00f6l v\u00f5ib olla ka mitu teostajat ja \u00fcks autor v\u00f5ib esitada mitu t\u00f6\u00f6d. Esitatud t\u00f6id hindab Viljandi kultuuriakadeemia ringtehnoloogia eriala \u00f5ppej\u00f5ududest koosnev \u017e\u00fcrii, kes valib v\u00e4lja kolm parimat t\u00f6\u00f6d (rahaline auhind ja Noore Meistri Koolis osalemine).<\/p>\n\n\n\n<p><strong>2023. aasta loomekonkursi v\u00f5itjad, I-III koht: <\/strong><br>Kertu Allas-Laumets t\u00f6\u00f6: \u201eupcycled p\u00fcksid\u201c <br>Mari Roose t\u00f6\u00f6: \u201eTaaskantavad papud\u201c <br>Pauline \u00d6\u00f6pik t\u00f6\u00f6d: \u201eTekikotist vatikuueks\u201c ja \u201eMagamiskotist s\u00fcgismantliks\u201c.<br><a href=\"https:\/\/viljandi.ut.ee\/et\/sisu\/loomekonkurss-parandan-maailma-oma-katega-kuulutas-valja-voitjad\" target=\"_blank\" rel=\"noreferrer noopener\">Vaata konkursit\u00f6id.<\/a><\/p>\n\n\n\n<p><strong>2024. aasta loomekonkursi v\u00f5itjad:<\/strong> <br>I koht: Anni Valg t\u00f6\u00f6 \u201cF\u00e4nnitagi (M\u00e5neskin)\u201d <br>II koht: Kelli Kangro ja Adelle Laande t\u00f6\u00f6 \u201cVeimevaka restaureerimine\u201d, mis oli ka Facebook-i rahvah\u00e4\u00e4letuse lemmik ja sai lisaks eripreemia \u2013 VKA meenekott<br>III koht: Martin Valvas t\u00f6\u00f6 \u201cElektriv\u00f5rr\u201d.<\/p>\n\n\n\n<p><strong>2025. aasta loomekonkursi v\u00f5itjad:<\/strong><br>I koht: Mairo Seire \u201eFilo niit\u201c<br>II koht: Kaarup \u00d6\u00f6vel \u201eAuto \u00f5hkpatjadest matkakott\u201c <br>III koht: Marten Leilop ja Grete Maruste \u201epacesca\u201c (tool) <br>Eriauhinnad p\u00e4lvisid:<br>Marri-Mariska Tammep\u00f5ld (25 aastane) \u201eSokis\u00e4\u00e4repatsikummid\u201c<br>Iris Sulg (15 aastane) \u201eNarmasteksad ning kivikestega tagi\u201c <br><a href=\"https:\/\/viljandi.ut.ee\/et\/uudis\/selgusid-ringtehnoloogia-loomekonkursi-parandan-maailma-oma-katega-voidutood\" target=\"_blank\" rel=\"noreferrer noopener\">Vaata v\u00f5idut\u00f6id<\/a>.<\/p>\n\n\n\n<p>Parimaid loomekonkursi t\u00f6id eksponeeritakse p\u00e4randtehnoloogia \u00f5ppekava ringtehnoloogia eriala Facebooki lehel ja kultuuriakadeemia kodulehel.<\/p>\n","protected":false},"excerpt":{"rendered":"<p>T\u00dc Viljandi kultuuriakadeemia ringtehnoloogia eriala korraldab loomekonkurssi \u201cParandan maailma oma k\u00e4tega!\u201d. Konkurss on suunatud noortele vanuses 14\u201323 aastat. Konkursile esitatud eseme n\u00e4ol v\u00f5ib olla tegemist mistahes materjalist tarbe- v\u00f5i r\u00f5ivaesemega, masina, seadme v\u00f5i t\u00f6\u00f6riistaga, peaasi on, et seda saab edasi &#8230;<\/p>\n","protected":false},"author":274,"featured_media":0,"parent":0,"menu_order":0,"comment_status":"closed","ping_status":"closed","template":"","meta":{"_acf_changed":false,"inline_featured_image":false,"footnotes":""},"class_list":["post-563","page","type-page","status-publish","hentry"],"acf":[],"_links":{"self":[{"href":"https:\/\/sisu.ut.ee\/craft\/wp-json\/wp\/v2\/pages\/563","targetHints":{"allow":["GET"]}}],"collection":[{"href":"https:\/\/sisu.ut.ee\/craft\/wp-json\/wp\/v2\/pages"}],"about":[{"href":"https:\/\/sisu.ut.ee\/craft\/wp-json\/wp\/v2\/types\/page"}],"author":[{"embeddable":true,"href":"https:\/\/sisu.ut.ee\/craft\/wp-json\/wp\/v2\/users\/274"}],"replies":[{"embeddable":true,"href":"https:\/\/sisu.ut.ee\/craft\/wp-json\/wp\/v2\/comments?post=563"}],"version-history":[{"count":6,"href":"https:\/\/sisu.ut.ee\/craft\/wp-json\/wp\/v2\/pages\/563\/revisions"}],"predecessor-version":[{"id":869,"href":"https:\/\/sisu.ut.ee\/craft\/wp-json\/wp\/v2\/pages\/563\/revisions\/869"}],"wp:attachment":[{"href":"https:\/\/sisu.ut.ee\/craft\/wp-json\/wp\/v2\/media?parent=563"}],"curies":[{"name":"wp","href":"https:\/\/api.w.org\/{rel}","templated":true}]}}