{"id":56,"date":"2024-04-04T08:32:18","date_gmt":"2024-04-04T05:32:18","guid":{"rendered":"https:\/\/sisu.ut.ee\/craft\/ma\/"},"modified":"2024-08-20T07:02:16","modified_gmt":"2024-08-20T04:02:16","slug":"ma","status":"publish","type":"page","link":"https:\/\/sisu.ut.ee\/craft\/ma\/","title":{"rendered":"Magistri\u00f5pe"},"content":{"rendered":"<p style=\"text-align: justify;\">Magistri\u00f5pe on k\u00f5rghariduse teise astme \u00f5pe, mille kestel \u00fcli\u00f5pilane s\u00fcvendab p\u00e4randtehnoloogia alaseid teadmisi ning omandab t\u00e4iendavaid teadmisi ja oskusi iseseisvaks t\u00f6\u00f6ks. Magistri\u00f5pe annab v\u00f5imaluse oma erialavalikut t\u00e4psustada v\u00f5i soovi korral ka muuta. Magistri\u00f5ppe maht on 120 ainepunkti (EAP) ning \u00f5pingud kestavad kaks aastat. P\u00e4rast l\u00f5petamist on soovi korral v\u00f5imalik j\u00e4tkata \u00f5pinguid doktori\u00f5ppes.<\/p>\n<h2 style=\"text-align: justify;\">Kultuurip\u00e4randi loovrakendused<\/h2>\n<p style=\"text-align: justify;\"><img loading=\"lazy\" decoding=\"async\" width=\"2560\" height=\"1707\" class=\"alignnone wp-image-142\" style=\"width: 300px; height: 200px; margin: 12px; float: right;\" title=\"Foto autor Kerttu Kruusla\" src=\"https:\/\/sisu.ut.ee\/wp-content\/uploads\/sites\/619\/helisalvestus2_by_kerttu_kruusla-scaled.jpg\" alt=\"Helisalvestus\" srcset=\"https:\/\/sisu.ut.ee\/wp-content\/uploads\/sites\/619\/helisalvestus2_by_kerttu_kruusla-scaled.jpg 2560w, https:\/\/sisu.ut.ee\/wp-content\/uploads\/sites\/619\/helisalvestus2_by_kerttu_kruusla-300x200.jpg 300w, https:\/\/sisu.ut.ee\/wp-content\/uploads\/sites\/619\/helisalvestus2_by_kerttu_kruusla-1024x683.jpg 1024w, https:\/\/sisu.ut.ee\/wp-content\/uploads\/sites\/619\/helisalvestus2_by_kerttu_kruusla-768x512.jpg 768w, https:\/\/sisu.ut.ee\/wp-content\/uploads\/sites\/619\/helisalvestus2_by_kerttu_kruusla-1536x1024.jpg 1536w, https:\/\/sisu.ut.ee\/wp-content\/uploads\/sites\/619\/helisalvestus2_by_kerttu_kruusla-2048x1365.jpg 2048w, https:\/\/sisu.ut.ee\/wp-content\/uploads\/sites\/619\/helisalvestus2_by_kerttu_kruusla-1920x1280.jpg 1920w\" sizes=\"auto, (max-width: 2560px) 100vw, 2560px\">Kultuurip\u00e4randi loovrakenduste magistrikraadi omandanud inimesed rikastavad professionaalset kultuurielu traditsioonilise k\u00e4sit\u00f6\u00f6 v\u00f5i muusika praktikap\u00f5hise uurimise ja sellel p\u00f5hinevate loomeprojektidega. \u00d5pe Viljandis on korraldatud paindlikult ning vastab t\u00f6\u00f6tava inimese vajadustele ja v\u00f5imalustele. \u00d5ppekava l\u00e4bimine loob suurep\u00e4rased eeldused rahvuslikku identiteeti tugevdavate loomeprojektide, toote- ja teenusedisaini, koolituste jmt s\u00fcnniks p\u00e4randtehnoloogia v\u00f5i p\u00e4rimusmuusika vallas.<\/p>\n<p style=\"text-align: justify;\">\u00d5ppekava annab sulle teoreetiliste teadmiste ja praktiliste oskuste l\u00f5imimisel p\u00f5hineva vaate kultuurip\u00e4randile ja p\u00e4rimusele ning loob paremad eeldused valdkonna\u00fcleseks tegevuseks. \u00d5ppe mahust moodustavad poole teoreetilised ja metodoloogilised ained, mis toetavad uurimist\u00f6\u00f6d, ning praktilist ettevalmistust s\u00fcvendavad spetsialiseerumisained. Teine pool jaguneb erialaste iseseisvate praktikate ja magistrit\u00f6\u00f6 v\u00f5i -projekti koostamise vahel.<\/p>\n<p style=\"text-align: justify;\">Spetsialiseeruda saad kas p\u00e4randtehnoloogiale v\u00f5i p\u00e4rimusmuusikale. Lisaks on valida veel kolme suuna vahel, n\u00e4iteks v\u00f5ib p\u00e4randehituse taustaga praktik valida arhitektuuri konserveerimise ja restaureerimise (\u00f5pe toimub Eesti Kunstiakadeemias ja on \u00fcli\u00f5pilasele tasuline). Sul on valida ka arvukate valikainete vahel. Peale selle saad luua hoopis oma individuaalse \u00f5pitee v\u00f5i kasutada v\u00e4lis\u00f5pir\u00e4nde v\u00f5imalusi.<\/p>\n<p style=\"text-align: justify;\">\u00d5pe toimub sessioon\u00f5ppe vormis kaks korda kuus.<\/p>\n<p style=\"text-align: justify;\">Peale l\u00f5petamist. P\u00e4randtehnoloogia valdkonnas on meie vilistlastele sobivad spetsialiseerumisalad muu hulgas k\u00e4sit\u00f6\u00f6ettev\u00f5tlus ja -koolitus, praktiline muuseumit\u00f6\u00f6 ning p\u00e4randehitiste restaureerimine.\u00a0 P\u00e4rimusmuusika suuna vilistlased t\u00f6\u00f6tavad edasi selle alla \u00f5petajate, aga ka muusikute ja kultuurit\u00f6\u00f6tajatena.<\/p>\n<p style=\"text-align: justify;\"><a title=\"\" href=\"https:\/\/ut.ee\/et\/oppekavad\/kultuuriparandi-loovrakendused\" target=\"_blank\" rel=\"noopener\" data-url=\"https:\/\/ut.ee\/et\/oppekavad\/kultuuriparandi-loovrakendused\">Loe p\u00f5hjalikumalt \u00f5ppeainete, \u00f5ppekeskkonna ja vastuv\u00f5tutingimuste kohta.<\/a><\/p>\n<h2 style=\"text-align: justify;\">Kunstide ja tehnoloogia \u00f5petaja<\/h2>\n<p style=\"text-align: justify;\"><img loading=\"lazy\" decoding=\"async\" width=\"2048\" height=\"1366\" class=\"alignnone wp-image-143\" style=\"width: 300px; height: 200px; margin: 12px; float: right;\" title=\"Foto autor Maritta Anton\" src=\"https:\/\/sisu.ut.ee\/wp-content\/uploads\/sites\/619\/nmk23-3_foto_maritta_anton.jpg\" alt=\"NMK\" srcset=\"https:\/\/sisu.ut.ee\/wp-content\/uploads\/sites\/619\/nmk23-3_foto_maritta_anton.jpg 2048w, https:\/\/sisu.ut.ee\/wp-content\/uploads\/sites\/619\/nmk23-3_foto_maritta_anton-300x200.jpg 300w, https:\/\/sisu.ut.ee\/wp-content\/uploads\/sites\/619\/nmk23-3_foto_maritta_anton-1024x683.jpg 1024w, https:\/\/sisu.ut.ee\/wp-content\/uploads\/sites\/619\/nmk23-3_foto_maritta_anton-768x512.jpg 768w, https:\/\/sisu.ut.ee\/wp-content\/uploads\/sites\/619\/nmk23-3_foto_maritta_anton-1536x1025.jpg 1536w, https:\/\/sisu.ut.ee\/wp-content\/uploads\/sites\/619\/nmk23-3_foto_maritta_anton-1920x1281.jpg 1920w\" sizes=\"auto, (max-width: 2048px) 100vw, 2048px\">See mitme aine \u00f5petaja \u00f5ppekava sisaldab Eestis oma valdkonnas enim valikuid. Sind ootab ainulaadne kombinatsioon p\u00e4rimuskultuuri ning n\u00fc\u00fcdisaegse tehnoloogia, muusika, kunsti ja tantsu sessioon\u00f5ppest, mis toimub v\u00e4ga heades tingimustes Viljandis ja Tartus. \u00d5ppekava tugev k\u00fclg on ka teooria ja praktika tihe seostamine ning individuaalne l\u00e4henemine \u00f5ppijale.<\/p>\n<p style=\"text-align: justify;\">Need, kes on juba l\u00e4binud bakalaureuse- v\u00f5i rakendusk\u00f5rgharidus\u00f5ppe kujutava v\u00f5i tarbekunsti, p\u00e4randtehnoloogia, muusika, tantsu v\u00f5i teatrikunsti valdkonnas, saavad selle Eestis ainulaadse \u00f5ppekava l\u00e4bimise j\u00e4rel t\u00f6\u00f6turu jaoks lisav\u00e4\u00e4rtuse, omandades kahe aine \u00f5petaja kutse. \u00d5ppekava l\u00e4binu saab \u00f5petaja 7. taseme kutse.<\/p>\n<p style=\"text-align: justify;\">Meie vilistlaste missioon on \u00fchendada \u00fcldhariduskooli kunsti-, muusika-, k\u00e4sit\u00f6\u00f6- ja tehnoloogia\u00f5petuses parimal v\u00f5imalikul viisil t\u00e4nap\u00e4eva tehnoloogia ning n\u00fc\u00fcdis- ja p\u00e4rimuskultuur. Sul on v\u00f5imalus asuda t\u00f6\u00f6le \u00fcldharidus- v\u00f5i huvikooli kunsti-, muusika-, pilli-, k\u00e4sit\u00f6\u00f6 ja kodunduse, tehnoloogia\u00f5petuse, tantsu- v\u00f5i ettev\u00f5tluse \u00f5petajana, samuti kooliteatri juhendajana.<\/p>\n<p style=\"text-align: justify;\"><a title=\"\" href=\"https:\/\/ut.ee\/et\/oppekavad\/kunstide-ja-tehnoloogia-opetaja\" target=\"_blank\" rel=\"noopener\" data-url=\"https:\/\/ut.ee\/et\/oppekavad\/kunstide-ja-tehnoloogia-opetaja\">Loe p\u00f5hjalikumalt \u00f5ppeainete, \u00f5ppekeskkonna ja vastuv\u00f5tutingimuste kohta.<\/a><\/p>\n<h2 style=\"text-align: justify;\">Folkloristika ja p\u00e4randirakendused<\/h2>\n<p style=\"text-align: justify;\"><img loading=\"lazy\" decoding=\"async\" width=\"2560\" height=\"1707\" class=\"alignnone wp-image-144\" style=\"width: 300px; height: 200px; margin: 12px; float: right;\" title=\"Foto autor Mathilde F Lind\" src=\"https:\/\/sisu.ut.ee\/wp-content\/uploads\/sites\/619\/haabjas_foto_mathilde_f_lind-scaled.jpg\" alt=\"Haabjas\" srcset=\"https:\/\/sisu.ut.ee\/wp-content\/uploads\/sites\/619\/haabjas_foto_mathilde_f_lind-scaled.jpg 2560w, https:\/\/sisu.ut.ee\/wp-content\/uploads\/sites\/619\/haabjas_foto_mathilde_f_lind-300x200.jpg 300w, https:\/\/sisu.ut.ee\/wp-content\/uploads\/sites\/619\/haabjas_foto_mathilde_f_lind-1024x683.jpg 1024w, https:\/\/sisu.ut.ee\/wp-content\/uploads\/sites\/619\/haabjas_foto_mathilde_f_lind-768x512.jpg 768w, https:\/\/sisu.ut.ee\/wp-content\/uploads\/sites\/619\/haabjas_foto_mathilde_f_lind-1536x1024.jpg 1536w, https:\/\/sisu.ut.ee\/wp-content\/uploads\/sites\/619\/haabjas_foto_mathilde_f_lind-2048x1365.jpg 2048w, https:\/\/sisu.ut.ee\/wp-content\/uploads\/sites\/619\/haabjas_foto_mathilde_f_lind-1920x1280.jpg 1920w\" sizes=\"auto, (max-width: 2560px) 100vw, 2560px\">Tartu \u00dclikooli kultuuriteaduste instituudi ja Viljandi kultuuriakadeemia \u00fchine rahvusvaheline \u00f5ppekava annab teadmisi ja oskusi, mida on vaja kultuurip\u00e4randi avaral v\u00e4ljal kriitiliselt m\u00f5tlemiseks ning konstruktiivselt tegutsemiseks. Sa \u00f5pid m\u00e4rkama ainelise ja vaimse kultuurip\u00e4randi loomise protsesse ning vastutustundlikult k\u00e4sitlema kultuurip\u00e4randi \u00fchiskondlik-kultuurilist ja majanduslikku potentsiaali. Omandad ka anal\u00fc\u00fcsioskusi, uurimismeetodeid ja t\u00f6\u00f6kogemusi, millele on hea rajada karj\u00e4\u00e4r v\u00f5i doktori\u00f5pingud.<\/p>\n<p style=\"text-align: justify;\">Kultuurip\u00e4rand toimib t\u00e4nap\u00e4eva \u00fcleilmastunud maailmas ressursina, mida kasutavad nii \u00fcksikisikud kui ka kogukonnad, nii riigid kui ka ettev\u00f5tted. Koolitame spetsialiste, kes m\u00f5istavad kultuurip\u00e4randi olemust ja rakendamise v\u00f5imalusi ning sellega seotud sotsiaalseid, \u00fchiskondlikke ja majanduslikke aspekte.<\/p>\n<p style=\"text-align: justify;\">\u00d5pe toimub p\u00e4eva\u00f5ppena. Spetsialiseeruda saad kas p\u00e4rimuse ja kultuurip\u00e4randi anal\u00fc\u00fcsile (\u00f5pe Tartus) v\u00f5i k\u00e4sit\u00f6\u00f6p\u00e4randi uurimisele ja rakendamisele (\u00f5pe Tartus ja osaliselt Viljandis). M\u00f5lemal suunal omandad kultuuriuurimise kesksed meetodid ning teadmised projektijuhtimisest ja ettev\u00f5tlusest. Loengud on l\u00e4bi p\u00f5imunud seminaride ja praktiliste \u00fclesannetega, mille fookuse \u00fcle otsustad ise. Ka valikainete ja praktika suur maht toetab valitud teema- v\u00f5i tegevusvaldkonnas spetsialistiks kujunemist.<\/p>\n<p style=\"text-align: justify;\">\u00d5pingud l\u00f5petad magistrit\u00f6\u00f6 v\u00f5i rakendusliku magistriprojektiga. L\u00f5put\u00f6\u00f6na on meie \u00fcli\u00f5pilastel valminud n\u00e4iteks raamatu k\u00e4sikiri, taskuh\u00e4\u00e4lingute sari, andmebaas ja \u00f5ppematerjale.<\/p>\n<p style=\"text-align: justify;\"><strong>P\u00e4rimuse ja kultuurip\u00e4randi anal\u00fc\u00fcs.<\/strong> Omandad s\u00fcvendatud teadmisi folkloori ja vaimse kultuurip\u00e4randi suhetest ning kultuurip\u00e4randi loomise ehk p\u00e4randistamise protsessist. \u00d5pid anal\u00fc\u00fcsima kultuuripoliitikat ja suhtlema kultuurip\u00e4randi v\u00e4ljal tegutsejatega. Tutvud valdkonnas oluliste organisatsioonidega, hakkad orienteeruma kultuurip\u00e4randiga seotud v\u00f5imaluste ja probleemide vallas ning oskad kitsaskohti ennetada ja eetiliselt lahendada.<\/p>\n<p style=\"text-align: justify;\"><strong>K\u00e4sit\u00f6\u00f6p\u00e4randi uurimine ja rakendamine. <\/strong>Viljandi kultuuriakadeemia p\u00e4devusele rajatud \u00f5ppesuunal keskendud k\u00e4sit\u00f6\u00f6na valminud esemete ja k\u00e4sit\u00f6\u00f6tehnikate p\u00e4randiks saamise uurimisele ning k\u00e4sit\u00f6\u00f6 (taas)kasutusv\u00f5imalustele nii Eestis kui ka mujal maailmas. \u00d5pid tundma k\u00e4sit\u00f6\u00f6teaduse teooriaid ja m\u00f5isteid ning k\u00fcsima praktikap\u00f5hiseid uurimisk\u00fcsimusi. Omandad teadmisi ja oskusi k\u00e4sit\u00f6\u00f6oskuste edasiandmiseks, aga ka p\u00e4randtehnoloogia vallas toodete ja teenuste disainimiseks. \u00d5ppijal, kes valib selle suuna, peaks juba olema erialaseks tegevuseks vajalikud k\u00e4elised oskused, mida saab magistri\u00f5pingute v\u00e4ltel edasi arendada.<\/p>\n<p style=\"text-align: justify;\"><a title=\"\" href=\"https:\/\/ut.ee\/et\/oppekavad\/folkloristika-ja-parandirakendused\" target=\"_blank\" rel=\"noopener\" data-url=\"https:\/\/ut.ee\/et\/oppekavad\/folkloristika-ja-parandirakendused\">Loe p\u00f5hjalikumalt \u00f5ppeainete, \u00f5ppekeskkonna ja vastuv\u00f5tutingimuste kohta.<\/a><\/p>\n","protected":false},"excerpt":{"rendered":"<p>Magistri\u00f5pe on k\u00f5rghariduse teise astme \u00f5pe, mille kestel \u00fcli\u00f5pilane s\u00fcvendab p\u00e4randtehnoloogia alaseid teadmisi ning omandab t\u00e4iendavaid teadmisi ja oskusi iseseisvaks t\u00f6\u00f6ks. Magistri\u00f5pe annab v\u00f5imaluse oma erialavalikut t\u00e4psustada v\u00f5i soovi korral ka muuta. Magistri\u00f5ppe maht on 120 ainepunkti (EAP) ning \u00f5pingud &#8230;<\/p>\n","protected":false},"author":274,"featured_media":0,"parent":0,"menu_order":0,"comment_status":"closed","ping_status":"closed","template":"","meta":{"_acf_changed":false,"inline_featured_image":false,"footnotes":""},"class_list":["post-56","page","type-page","status-publish","hentry"],"acf":[],"_links":{"self":[{"href":"https:\/\/sisu.ut.ee\/craft\/wp-json\/wp\/v2\/pages\/56","targetHints":{"allow":["GET"]}}],"collection":[{"href":"https:\/\/sisu.ut.ee\/craft\/wp-json\/wp\/v2\/pages"}],"about":[{"href":"https:\/\/sisu.ut.ee\/craft\/wp-json\/wp\/v2\/types\/page"}],"author":[{"embeddable":true,"href":"https:\/\/sisu.ut.ee\/craft\/wp-json\/wp\/v2\/users\/274"}],"replies":[{"embeddable":true,"href":"https:\/\/sisu.ut.ee\/craft\/wp-json\/wp\/v2\/comments?post=56"}],"version-history":[{"count":3,"href":"https:\/\/sisu.ut.ee\/craft\/wp-json\/wp\/v2\/pages\/56\/revisions"}],"predecessor-version":[{"id":391,"href":"https:\/\/sisu.ut.ee\/craft\/wp-json\/wp\/v2\/pages\/56\/revisions\/391"}],"wp:attachment":[{"href":"https:\/\/sisu.ut.ee\/craft\/wp-json\/wp\/v2\/media?parent=56"}],"curies":[{"name":"wp","href":"https:\/\/api.w.org\/{rel}","templated":true}]}}