{"id":55,"date":"2024-04-04T08:32:18","date_gmt":"2024-04-04T05:32:18","guid":{"rendered":"https:\/\/sisu.ut.ee\/craft\/pt-rahvusliku-metallitoo-seminaritood\/"},"modified":"2024-08-25T10:05:36","modified_gmt":"2024-08-25T07:05:36","slug":"pt-rahvusliku-metallitoo-seminaritood","status":"publish","type":"page","link":"https:\/\/sisu.ut.ee\/craft\/pt-rahvusliku-metallitoo-seminaritood\/","title":{"rendered":"PT metallit\u00f6\u00f6 seminarit\u00f6\u00f6d"},"content":{"rendered":"<h4>2024<\/h4>\n<p>Marlin Kohtring \u201cTehisintellekti m\u00f5ju Eesti ehtekunstile ja disainile\u201d (juhendaja Indrek Ikkonen)<\/p>\n<p>Tiina Kull \u201cP\u00e4randtehnoloogia metallit\u00f6\u00f6 eriala ehtevalmistamise algkursuse abistava \u00f5ppematerjali loomine\u201d (juhendaja Indrek Ikkonen)<\/p>\n<p>Madli K\u00f5iv \u201cLuunularipatsid: \u00fclevaade Eesti kogude leiumaterjalist ning usundikontekstist\u201d (juhendaja Madis Rennu)<\/p>\n<p>Karl M\u00e4rdla \u201cSepislikud aiav\u00e4ravad L\u00e4\u00e4ne-Virumaa kabelitel\u201d (juhendaja V\u00e4ino Niitv\u00e4gi)<\/p>\n<p>Mart Parik \u201cK\u00fcnakirves ja selle valmistamine\u201d (juhendajad Eilve Manglus, Peeter Reemann)<\/p>\n<p>Katrin P\u00f5dra \u201cP\u00f5ltsamaa t\u00fc\u00fcpi preeside valmistusviisid ja selleks kasutatud t\u00f6\u00f6vahendid\u201d (juhendaja V\u00e4ino Niitv\u00e4gi)<\/p>\n<p>Mari Roose \u201cKeskkonnas\u00e4\u00e4stlik kontrasti loomine h\u00f5bedal \u2013 oks\u00fcdeerimine ja puhastamine\u201d (juhendajad Edvards Puciriuss, Kirsti Tuum)<\/p>\n<p>Ly Sameli \u201cR\u00e4pina m\u00f5isakeskuse sepikojad ja sepad 19. ja 20. sajandil\u201d (juhendaja Madis Rennu)<\/p>\n<p>Hedi Vrager \u201cKraklee tekkimine kuumemailis: defekt t\u00f6\u00f6s v\u00f5i efektne tehnika?\u201d (juhendaja Kirsti Tuum)<\/p>\n<p>Aivo V\u00e4lja \u201cKaheteraliste m\u00f5\u00f5gateramike tootmise v\u00f5imalikkusest Eesti alal 8.-12. sajandil\u201d (juhendaja Indrek Ikkonen)<\/p>\n<h4>2023<\/h4>\n<p>Ingmar Ivar Feldmann \u201cTallinna vanalinna sepisv\u00e4ravad perioodil 1970-1980\u201d (juhendaja Madis Rennu)<\/p>\n<p>Kadri Nugis \u201cTarvastu naise ehtekomplekt XIX sajandil\u201d (juhendaja Indrek Ikkonen)<\/p>\n<h4>2022<\/h4>\n<p>Gert Evert \u201cVahamudelist ehteni ehk kaduva vaha meetod\u201d (juhendaja Eilve Manglus)<\/p>\n<p>Reelika Ilves \u201cMetallosad 18.-19. sajandi Eesti rahvar\u00f5ivaste nahkv\u00f6\u00f6del\u201d (juhendajad Egge Edussaar-Harak, Eilve Manglus)<\/p>\n<p>Meelika Hainsoo \u201cSiis ma s\u00f5lest s\u00f5na v\u00f5ti. S\u00f5lg regilauludes\u201d (juhendajad Madis Arukask, Indrek Ikkonen)<\/p>\n<p>Reet Kandimaa \u201cRinnakeede valmistamise ja ornamentimise tehnoloogiad 11.\u201313. s Eestis\u201d (juhendajad Mart Reino, Indrek Jets)<\/p>\n<p>Kaie Konsap \u201cK\u00e4rbiss\u00f5led Eestis Rooma rauaaegsetes leidudes\u201d (juhendajad Egge Edussaar-Harak, Eilve Manglus)<\/p>\n<p>Meelis Merila \u201cMetallist hauat\u00e4hised kalmistutel, Paistu kalmistu n\u00e4itel\u201d (juhendaja V\u00e4ino Niitv\u00e4gi)<\/p>\n<p>Eesi Rosenberg \u201cPaater-ripatsid\u201d (juhendaja Indrek Ikkonen)<\/p>\n<p>Alvar Umb \u201cTraditsiooniline sepis Kihnus 19. ja 20. sajandil\u201d (juhendaja Madis Rennu)<\/p>\n<h4>2020<\/h4>\n<p>Diana Jezierska <a title=\"\" href=\"https:\/\/www.ester.ee\/record=b5397969*est\" target=\"_blank\" rel=\"noopener\" data-url=\"https:\/\/www.ester.ee\/record=b5397969*est\">\u201cP\u00e4rimus ja inspiratsioon: tee l\u00e4bi seto ja kihnu p\u00e4rimuse oma elu ja loomingu m\u00f5testamise juurde\u201d<\/a> (juhendajad K\u00e4rt Summatavet, Madis Rennu)<\/p>\n<p>Maarja Palu <a title=\"\" href=\"https:\/\/www.ester.ee\/record=b5437009*est%20%20\" target=\"_blank\" rel=\"noopener\" data-url=\"https:\/\/www.ester.ee\/record=b5437009*est  \">\u201cRuhnu k\u00e4sit\u00f6\u00f6meistri Peeter Rooslaiu prossid kui osa Kihnu p\u00e4randkultuurist\u201d<\/a> (juhendaja Indrek Ikkonen)<\/p>\n<p>Edvards Puciriuss <a title=\"\" href=\"https:\/\/www.ester.ee\/record=b5397126*est\" target=\"_blank\" rel=\"noopener\" data-url=\"https:\/\/www.ester.ee\/record=b5397126*est\">\u201cPeensepad muinasajal lukkude ja v\u00f5tmete valmistamistehnoloogiate n\u00e4itel\u201d<\/a> (juhendajad Marika M\u00e4gi, Madis Rennu)<\/p>\n<p>Margit Randm\u00e4e \u201cPaide kullassepp Jakob Kattenbergi mustriraamat ja seal esindatud meistrite looming\u201d (juhendaja Indrek Ikkonen)<\/p>\n<p>Karl Eik Rebane \u201cRannarootsi uuemast paadi-laevaehitusest: Ruhnu jahta Runbjarn kasutus- ja korrastuskogemuse n\u00e4itel\u201d (juhendaja Madis Rennu)<\/p>\n<p>Kristiina Saar <a title=\"\" href=\"https:\/\/www.ester.ee\/record=b5397955*est\" target=\"_blank\" rel=\"noopener\" data-url=\"https:\/\/www.ester.ee\/record=b5397955*est\">\u201cMokumegane tehnoloogia meister Anni Kagovere\u201d<\/a> (juhendaja Eilve Manglus)<\/p>\n<p>Tiia-Mai Tiikoja <a title=\"\" href=\"https:\/\/www.ester.ee\/record=b5365896*est\" target=\"_blank\" rel=\"noopener\" data-url=\"https:\/\/www.ester.ee\/record=b5365896*est\">\u201cPitsats\u00f5rmuste ajalooline taust ja seos t\u00e4nap\u00e4eva s\u00f5rmustega \u2013 koolil\u00f5pus\u00f5rmused ja korporatsioonis\u00f5rmused\u201d<\/a> (juhendaja Indrek Ikkonen)<\/p>\n<h4>2018<\/h4>\n<p>Lauri Luke <a title=\"\" href=\"https:\/\/www.ester.ee\/record=b5190180*est\" target=\"_blank\" rel=\"noopener\" data-url=\"https:\/\/www.ester.ee\/record=b5190180*est\">\u201cEestis kasutatavad sepa\u00e4\u00e4sid\u201d<\/a> (juhendajad Eilve Manglus, V\u00e4ino Niitv\u00e4gi)<\/p>\n<p>Mark Net\u0161ajev <a title=\"\" href=\"https:\/\/www.ester.ee\/record=b5140184*est\" target=\"_blank\" rel=\"noopener\" data-url=\"https:\/\/www.ester.ee\/record=b5140184*est\">\u201cKuldamise meetodid\u201d<\/a> (juhendajad Merilin Pedastsaar, Eilve Manglus)<\/p>\n<p>Maria Poll <a title=\"\" href=\"https:\/\/www.ester.ee\/record=b5185505*est%20\" target=\"_blank\" rel=\"noopener\" data-url=\"https:\/\/www.ester.ee\/record=b5185505*est \">\u201cAjalooliste kr\u00f5llide valmistamise tehnoloogia ja materjali m\u00e4\u00e4ramine\u201d<\/a> (juhendaja Indrek Ikkonen)<\/p>\n<p>Janis Pettai <a title=\"\" href=\"https:\/\/www.ester.ee\/record=b5140154*est\" target=\"_blank\" rel=\"noopener\" data-url=\"https:\/\/www.ester.ee\/record=b5140154*est\">\u201cViljandi hoonete varikatused\u201d<\/a> (juhendajad V\u00e4ino Niitv\u00e4gi, Leele V\u00e4lja)<\/p>\n<p>Andre Rist <a title=\"\" href=\"https:\/\/www.ester.ee\/record=b5140151*est%20\" target=\"_blank\" rel=\"noopener\" data-url=\"https:\/\/www.ester.ee\/record=b5140151*est \">\u201cMuinasaegne rauasulatustehnoloogia\u201d<\/a> (juhendaja Mart Reino)<\/p>\n<h4>2017<\/h4>\n<p>Randar P\u00f5ld <a title=\"\" href=\"https:\/\/www.ester.ee\/record=b4663120*est\" target=\"_blank\" rel=\"noopener\" data-url=\"https:\/\/www.ester.ee\/record=b4663120*est\">\u201cEesti muinasaegsed surulukud\u201d<\/a> (juhendajad Jaanus Valt, Mikk Freiberg)<\/p>\n<h4>2016<\/h4>\n<p>Alo-Allar Altmets <a title=\"\" href=\"https:\/\/www.ester.ee\/record=b4574996*est\" target=\"_blank\" rel=\"noopener\" data-url=\"https:\/\/www.ester.ee\/record=b4574996*est\">\u201cPuss-saed leiumaterjalis\u201d<\/a> (juhendaja Karmo Kiilman)<\/p>\n<p>Matis Lendok <a title=\"\" href=\"https:\/\/www.ester.ee\/record=b4638954*est\" target=\"_blank\" rel=\"noopener\" data-url=\"https:\/\/www.ester.ee\/record=b4638954*est\">\u201cMetallesemed Suure-Jaani Evangelist Johannese kirikus\u201d<\/a> (juhendajad Mart Reino, Indrek Ikkonen)<\/p>\n<p>Kaur Matiisen <a title=\"\" href=\"https:\/\/www.ester.ee\/record=b4674630*est%20\" target=\"_blank\" rel=\"noopener\" data-url=\"https:\/\/www.ester.ee\/record=b4674630*est \">\u201cTurvisesepp \u2013 Edvards Puciriuss\u201d<\/a> (juhendajad Mart Reino, Indrek Ikkonen)<\/p>\n<p>Paul Salumaa <a title=\"\" href=\"https:\/\/www.ester.ee\/record=b4575004*est\" target=\"_blank\" rel=\"noopener\" data-url=\"https:\/\/www.ester.ee\/record=b4575004*est\">\u201cAidalukud Eestis 18.- 19. sajandil\u201d<\/a> (juhendajad Indrek Ikkonen, Madis Rennu)<\/p>\n<p>Ramona Sats <a title=\"\" href=\"https:\/\/www.ester.ee\/record=b4575024*est\" target=\"_blank\" rel=\"noopener\" data-url=\"https:\/\/www.ester.ee\/record=b4575024*est\">\u201cDamaskuse m\u00e4\u00e4ratlemine tehnoloogiliste erip\u00e4rade kaudu\u201d<\/a> (juhendaja Mikk Freiberg)<\/p>\n<h4>2015<\/h4>\n<p>Indrek ikkonen <a title=\"\" href=\"https:\/\/www.ester.ee\/record=b4543587*est\" target=\"_blank\" rel=\"noopener\" data-url=\"https:\/\/www.ester.ee\/record=b4543587*est\">\u201cEesti filigraani kujunemine 1920.-1930. aastatel\u201d<\/a> (juhendajad Eilve Manglus, Ketli Tiitsar)<\/p>\n<p>Anna-Maria Kaseoja <a title=\"\" href=\"https:\/\/www.ester.ee\/record=b4543557*est%20%20\" target=\"_blank\" rel=\"noopener\" data-url=\"https:\/\/www.ester.ee\/record=b4543557*est  \">\u201cHaris\u00f5rmused kolmest Eesti muuseumist. Kultuuritaustad ja levinumad valmistamisviisid\u201d<\/a> (juhendaja Jana Reidla)<\/p>\n<h4>2014<\/h4>\n<p>Margit Keeman <a title=\"\" href=\"https:\/\/www.ester.ee\/record=b4094800*est%20\" target=\"_blank\" rel=\"noopener\" data-url=\"https:\/\/www.ester.ee\/record=b4094800*est \">\u201cEesti tinulised ja nende valmistamistehnoloogia\u201d<\/a> (juhendaja V\u00e4ino Niitv\u00e4gi)<\/p>\n<p>T\u00f5nis Luik <a title=\"\" href=\"https:\/\/www.ester.ee\/record=b4447341*est\" target=\"_blank\" rel=\"noopener\" data-url=\"https:\/\/www.ester.ee\/record=b4447341*est\">\u201cSepishauapiirdeid Viljandi Vanalt kalmistult\u201d<\/a> (juhendaja V\u00e4ino Niitv\u00e4gi)<\/p>\n<p>Siim Otsa <a title=\"\" href=\"https:\/\/www.ester.ee\/record=b4094793*est\" target=\"_blank\" rel=\"noopener\" data-url=\"https:\/\/www.ester.ee\/record=b4094793*est\">\u201cTerase kokkukeetmist m\u00f5jutavad tegurid \u00fclekatteliite n\u00e4itel\u201d<\/a> (juhendajad Mikk Freiberg, Madis Rennu)<\/p>\n<p>Annika Tihamets <a title=\"\" href=\"https:\/\/www.ester.ee\/record=b4094804*est%20\" target=\"_blank\" rel=\"noopener\" data-url=\"https:\/\/www.ester.ee\/record=b4094804*est \">\u201cPalgikoorimisliimeistri valmistamise erip\u00e4radest\u201d<\/a> (juhendaja Mikk Freiberg)<\/p>\n","protected":false},"excerpt":{"rendered":"<p>2024 Marlin Kohtring \u201cTehisintellekti m\u00f5ju Eesti ehtekunstile ja disainile\u201d (juhendaja Indrek Ikkonen) Tiina Kull \u201cP\u00e4randtehnoloogia metallit\u00f6\u00f6 eriala ehtevalmistamise algkursuse abistava \u00f5ppematerjali loomine\u201d (juhendaja Indrek Ikkonen) Madli K\u00f5iv \u201cLuunularipatsid: \u00fclevaade Eesti kogude leiumaterjalist ning usundikontekstist\u201d (juhendaja Madis Rennu) Karl M\u00e4rdla \u201cSepislikud &#8230;<\/p>\n","protected":false},"author":274,"featured_media":0,"parent":0,"menu_order":0,"comment_status":"closed","ping_status":"closed","template":"","meta":{"_acf_changed":false,"inline_featured_image":false,"footnotes":""},"class_list":["post-55","page","type-page","status-publish","hentry"],"acf":[],"_links":{"self":[{"href":"https:\/\/sisu.ut.ee\/craft\/wp-json\/wp\/v2\/pages\/55","targetHints":{"allow":["GET"]}}],"collection":[{"href":"https:\/\/sisu.ut.ee\/craft\/wp-json\/wp\/v2\/pages"}],"about":[{"href":"https:\/\/sisu.ut.ee\/craft\/wp-json\/wp\/v2\/types\/page"}],"author":[{"embeddable":true,"href":"https:\/\/sisu.ut.ee\/craft\/wp-json\/wp\/v2\/users\/274"}],"replies":[{"embeddable":true,"href":"https:\/\/sisu.ut.ee\/craft\/wp-json\/wp\/v2\/comments?post=55"}],"version-history":[{"count":4,"href":"https:\/\/sisu.ut.ee\/craft\/wp-json\/wp\/v2\/pages\/55\/revisions"}],"predecessor-version":[{"id":612,"href":"https:\/\/sisu.ut.ee\/craft\/wp-json\/wp\/v2\/pages\/55\/revisions\/612"}],"wp:attachment":[{"href":"https:\/\/sisu.ut.ee\/craft\/wp-json\/wp\/v2\/media?parent=55"}],"curies":[{"name":"wp","href":"https:\/\/api.w.org\/{rel}","templated":true}]}}