{"id":54,"date":"2024-04-04T08:32:18","date_gmt":"2024-04-04T05:32:18","guid":{"rendered":"https:\/\/sisu.ut.ee\/craft\/rakenduslik\/"},"modified":"2026-02-19T14:20:05","modified_gmt":"2026-02-19T12:20:05","slug":"rakenduslik","status":"publish","type":"page","link":"https:\/\/sisu.ut.ee\/craft\/rakenduslik\/","title":{"rendered":"Rakendusk\u00f5rgharidus"},"content":{"rendered":"<div class=\"content\">\n<div id=\"node-39387\" class=\"node node-page clearfix\">\n<div class=\"content\">\n<div class=\"field field-name-body field-type-text-with-summary field-label-hidden\">\n<div class=\"field-items\">\n<div class=\"field-item even\">\n<h2 style=\"text-align: justify;\">P\u00e4randtehnoloogia<\/h2>\n<p style=\"text-align: justify;\">P\u00e4randtehnoloogia rakendusk\u00f5rghariduse \u00f5ppekava l\u00e4bimise tulemusel saab sinust maailmaparandaja, kes tunneb h\u00e4sti traditsioonilise k\u00e4sit\u00f6\u00f6 tehnikaid ja materjale ning oskab neid loovalt kasutada t\u00e4nap\u00e4evase elukeskkonna paremaks muutmisel. P\u00e4randtehnoloogia \u00f5ppekaval on v\u00f5imalik spetsialiseeruda 4 erialal: tekstiili, ehituse, metallit\u00f6\u00f6 ja ringtehnoloogia erialal. Erialast t\u00f6\u00f6d aitab leida tihe kokkupuude praktilise t\u00f6\u00f6ga juba \u00f5pingute ajal, p\u00e4rast \u00f5pingute l\u00f5petamist leiad t\u00f6\u00f6d ettev\u00f5tluses, hariduses v\u00f5i muuseumis. Rakendusk\u00f5rgharidus\u00f5ppe l\u00e4bimine annab l\u00f5petajale Tartu \u00dclikooli bakalaureusekraadi ja v\u00f5imaluse j\u00e4tkata \u00f5pinguid magistri\u00f5ppes.<\/p>\n<p style=\"text-align: justify;\">P\u00e4randtehnoloogia \u00f5pe h\u00f5lmab eesti traditsioonilise k\u00e4sit\u00f6\u00f6kultuuri p\u00f5hjalikku tundma\u00f5ppimist ning selle professionaalset, loovat ja j\u00e4tkusuutlikku rakendamist n\u00fc\u00fcdisaegses elukeskkonnas. Olulisel kohal on k\u00e4sit\u00f6\u00f6 m\u00f5testamine, uurimine ja edasiarendamine.<\/p>\n<p style=\"text-align: justify;\">\u00d5ppet\u00f6\u00f6s on suur osakaal praktiliste oskuste omandamisel ja seda toetavatel \u00fcldkunstiainetel. Seep\u00e4rast on k\u00f5ikidel erialadel m\u00e4rkimisv\u00e4\u00e4rne hulk praktikaid. Esimestel aastatel sooritad sa need peamiselt \u00fclikooli \u00f5ppet\u00f6\u00f6kodades, hiljem aga tegevmeistrite, asutuste ja ettev\u00f5tete juures nii kodu- kui ka v\u00e4lismaal. Sinu \u00f5ppej\u00f5ud on oma ala parimad meistrid, loojad ja praktikud.<\/p>\n<p style=\"text-align: justify;\">\u00d5ppevorm: p\u00e4eva\u00f5pe ja sessioon\u00f5pe<\/p>\n<p style=\"text-align: justify;\">\u00d5ppekeel: eesti keel<\/p>\n<p style=\"text-align: justify;\">\u00d5pe kestab neli aastat. Ringtehnoloogia erialal toimub p\u00e4evane \u00f5pe, tekstiili, metalli ja ehituse erialadel sessioon\u00f5pe: \u00fcle n\u00e4dala toimuvad kolme-neljap\u00e4evased \u00f5ppesessioonid, mis vahelduvad iseseisva t\u00f6\u00f6 perioodidega.<\/p>\n<h3 style=\"text-align: justify;\">Erialad<\/h3>\n<p style=\"text-align: justify;\"><img loading=\"lazy\" decoding=\"async\" width=\"2560\" height=\"1707\" class=\"alignnone wp-image-138\" style=\"width: 300px; height: 200px; float: right; margin: 12px;\" title=\"Tr\u00fckipakud, foto autor Kerttu Kruusla\" src=\"https:\/\/sisu.ut.ee\/wp-content\/uploads\/sites\/619\/trukipakud_by_maritta_anton-scaled.jpg\" alt=\"Tr\u00fckipakud\" srcset=\"https:\/\/sisu.ut.ee\/wp-content\/uploads\/sites\/619\/trukipakud_by_maritta_anton-scaled.jpg 2560w, https:\/\/sisu.ut.ee\/wp-content\/uploads\/sites\/619\/trukipakud_by_maritta_anton-300x200.jpg 300w, https:\/\/sisu.ut.ee\/wp-content\/uploads\/sites\/619\/trukipakud_by_maritta_anton-1024x683.jpg 1024w, https:\/\/sisu.ut.ee\/wp-content\/uploads\/sites\/619\/trukipakud_by_maritta_anton-768x512.jpg 768w, https:\/\/sisu.ut.ee\/wp-content\/uploads\/sites\/619\/trukipakud_by_maritta_anton-1536x1024.jpg 1536w, https:\/\/sisu.ut.ee\/wp-content\/uploads\/sites\/619\/trukipakud_by_maritta_anton-2048x1365.jpg 2048w, https:\/\/sisu.ut.ee\/wp-content\/uploads\/sites\/619\/trukipakud_by_maritta_anton-1920x1280.jpg 1920w\" sizes=\"auto, (max-width: 2560px) 100vw, 2560px\"><strong>Tekstiili <\/strong>\u00f5ppe eesm\u00e4rk on koolitada tekstiilide ajalugu, tehnoloogiaid ja kompositsiooniv\u00f5tteid tundvaid k\u00e4sit\u00f6\u00f6meistreid ja -ettev\u00f5tjaid. Kahel esimesel aastal \u00f5pitakse l\u00e4hemalt tundma k\u00f5iki eesti traditsioonilisi tekstiilitehnikaid, nende paikkondlikke erip\u00e4rasid ning muutumist ajas ja ruumis. Haruldasemate tehnikatega saab tutvuda valikainete kursustel. Eriline r\u00f5hk on kohalike k\u00e4sit\u00f6\u00f6materjalide, villa ja nahaga tutvumisel ning nende v\u00e4\u00e4rindamisel. N\u00e4iteks saab Vilma \u00f5ppehoone villakojas huvi korral \u00f5ppida tundma l\u00f5ngategemise saladusi algusest l\u00f5puni. Kolmandal ja neljandal \u00f5ppeaastal keskendutakse teadmiste ja oskuste rakendamisele t\u00e4nap\u00e4evaste toodete valmistamisel. Praktikate ning seminari- ja l\u00f5put\u00f6\u00f6 teemade kaudu saab \u00f5ppija kujundada oma personaalse \u00f5pitee. P\u00f5hi\u00f5ppele lisaks saab valida oma huvi alusel kaks spetsialiseerumismoodulit, et s\u00fcveneda rahvar\u00f5ivaste valmistamisse, traditsioonilisse nahat\u00f6\u00f6tlemisse, muuseumit\u00f6\u00f6sse, koolitamisse v\u00f5i loovettev\u00f5tlusse. Need on \u00fchtlasi peamised valdkonnad, kus tegutsedes saab hiljem leiba teenida.<\/p>\n<p style=\"text-align: justify;\" data-wp-editing=\"1\"><img loading=\"lazy\" decoding=\"async\" width=\"2560\" height=\"1707\" class=\"alignnone wp-image-139\" style=\"width: 300px; height: 200px; float: right; margin: 12px;\" title=\"Foto autor Kerttu Kruusla\" src=\"https:\/\/sisu.ut.ee\/wp-content\/uploads\/sites\/619\/ehitus_by_kerttu_kruusla-scaled.jpg\" alt=\"Ehitus\" srcset=\"https:\/\/sisu.ut.ee\/wp-content\/uploads\/sites\/619\/ehitus_by_kerttu_kruusla-scaled.jpg 2560w, https:\/\/sisu.ut.ee\/wp-content\/uploads\/sites\/619\/ehitus_by_kerttu_kruusla-300x200.jpg 300w, https:\/\/sisu.ut.ee\/wp-content\/uploads\/sites\/619\/ehitus_by_kerttu_kruusla-1024x683.jpg 1024w, https:\/\/sisu.ut.ee\/wp-content\/uploads\/sites\/619\/ehitus_by_kerttu_kruusla-768x512.jpg 768w, https:\/\/sisu.ut.ee\/wp-content\/uploads\/sites\/619\/ehitus_by_kerttu_kruusla-1536x1024.jpg 1536w, https:\/\/sisu.ut.ee\/wp-content\/uploads\/sites\/619\/ehitus_by_kerttu_kruusla-2048x1365.jpg 2048w, https:\/\/sisu.ut.ee\/wp-content\/uploads\/sites\/619\/ehitus_by_kerttu_kruusla-1920x1280.jpg 1920w\" sizes=\"auto, (max-width: 2560px) 100vw, 2560px\"><strong>Ehituse<\/strong> \u00f5ppe eesm\u00e4rk on s\u00e4ilitada, j\u00e4tkata ja ajakohastada rahvuslikku k\u00e4sit\u00f6\u00f6d ehituse vallas. \u00d5pingute k\u00e4igus omandatakse p\u00f5hjalikud ja vahetud teadmised looduslikest ehitusmaterjalidest ning kohalikust ehitustraditsioonist, esmajoones palkehitusest, samuti \u00f5pitakse tundma ja kasutama nii igivanu kui ka moodsaid ehitusv\u00f5tteid ja t\u00f6\u00f6vahendeid. Arendatakse k\u00e4elisi, projekteerimis-, insenertehnilisi ja ettev\u00f5tlusoskusi. P\u00f5hiosa \u00f5ppest moodustab auditoorne t\u00f6\u00f6, mis on tihedalt p\u00f5imitud praktikumide, praktikate, projektit\u00f6\u00f6de ja \u00f5piv\u00e4ljas\u00f5itudega. \u00d5piprojekte ja praktikakohti saab \u00fcli\u00f5pilane valida oma kitsamate erialaste huvide j\u00e4rgi. Vilistlased leiavad muu hulgas rakendust ehitusmeistri, t\u00f6\u00f6dejuhataja, muuseumit\u00f6\u00f6taja, projekteerija, p\u00e4randehituse ettev\u00f5tja, n\u00f5ustaja, ehitus- ja puuk\u00e4sit\u00f6\u00f6nduse juhendaja ning \u00f5petajana.<\/p>\n<p style=\"text-align: justify;\"><img loading=\"lazy\" decoding=\"async\" width=\"1953\" height=\"1302\" class=\"alignnone wp-image-140\" style=\"width: 300px; height: 200px; margin: 12px; float: right;\" title=\"Kuhiks\u00f5lg, t\u00f6\u00f6 ja foto autor Edvards Puciriuss\" src=\"https:\/\/sisu.ut.ee\/wp-content\/uploads\/sites\/619\/eimg_6717e_kuhiksolg_edvards_puciriuss.jpg\" alt=\"Kuhiks\u00f5lg\" srcset=\"https:\/\/sisu.ut.ee\/wp-content\/uploads\/sites\/619\/eimg_6717e_kuhiksolg_edvards_puciriuss.jpg 1953w, https:\/\/sisu.ut.ee\/wp-content\/uploads\/sites\/619\/eimg_6717e_kuhiksolg_edvards_puciriuss-300x200.jpg 300w, https:\/\/sisu.ut.ee\/wp-content\/uploads\/sites\/619\/eimg_6717e_kuhiksolg_edvards_puciriuss-1024x683.jpg 1024w, https:\/\/sisu.ut.ee\/wp-content\/uploads\/sites\/619\/eimg_6717e_kuhiksolg_edvards_puciriuss-768x512.jpg 768w, https:\/\/sisu.ut.ee\/wp-content\/uploads\/sites\/619\/eimg_6717e_kuhiksolg_edvards_puciriuss-1536x1024.jpg 1536w, https:\/\/sisu.ut.ee\/wp-content\/uploads\/sites\/619\/eimg_6717e_kuhiksolg_edvards_puciriuss-1920x1280.jpg 1920w\" sizes=\"auto, (max-width: 1953px) 100vw, 1953px\"><strong>Metallit\u00f6\u00f6<\/strong> \u00f5ppe eesm\u00e4rk on koolitada metallide ajalugu, tehnoloogiaid ja kompositsiooniv\u00f5tteid tundvaid t\u00e4nap\u00e4evaseid k\u00e4sit\u00f6\u00f6meistreid. Esimesel aastal l\u00e4bitakse k\u00f5ik traditsioonilised ehte- ja sepat\u00f6\u00f6 algkursused, millele j\u00e4rgneb s\u00fcvendatud spetsialiseerumine valitud \u00f5ppesuunale. Omandatakse lai valik traditsioonilisi ja n\u00fc\u00fcdisaegseid tehnoloogilisi metallit\u00f6\u00f6oskusi, mida saab praktikate k\u00e4igus oma huvist l\u00e4htuvalt t\u00e4iendada. Teine v\u00f5imalus on valida loovettev\u00f5tja ja muuseumit\u00f6\u00f6taja mooduli vahel. Meie vilistlastest saavad traditsioonilisi oskusi tundvad uue p\u00f5lvkonna k\u00fclasepad, ehtemeistrid, h\u00f5besepad, t\u00f6\u00f6riistade valmistajad v\u00f5i hoopis parandust\u00f6\u00f6koja meistrid. Olenevalt spetsialiseerumisest v\u00f5ib l\u00f5petaja oma oskusi rakendada ettev\u00f5tluses v\u00f5i muuseumit\u00f6\u00f6s.<\/p>\n<p style=\"text-align: justify;\"><img loading=\"lazy\" decoding=\"async\" width=\"2560\" height=\"1707\" class=\"alignnone wp-image-141\" style=\"width: 300px; height: 200px; margin: 12px; float: right;\" title=\"T\u00f6\u00f6riistade hooldamine, foto autor K\u00e4rt Petser\" src=\"https:\/\/sisu.ut.ee\/wp-content\/uploads\/sites\/619\/parandusfestival2_by_kart_petser-scaled.jpg\" alt=\"Parandusfestival\" srcset=\"https:\/\/sisu.ut.ee\/wp-content\/uploads\/sites\/619\/parandusfestival2_by_kart_petser-scaled.jpg 2560w, https:\/\/sisu.ut.ee\/wp-content\/uploads\/sites\/619\/parandusfestival2_by_kart_petser-300x200.jpg 300w, https:\/\/sisu.ut.ee\/wp-content\/uploads\/sites\/619\/parandusfestival2_by_kart_petser-1024x683.jpg 1024w, https:\/\/sisu.ut.ee\/wp-content\/uploads\/sites\/619\/parandusfestival2_by_kart_petser-768x512.jpg 768w, https:\/\/sisu.ut.ee\/wp-content\/uploads\/sites\/619\/parandusfestival2_by_kart_petser-1536x1024.jpg 1536w, https:\/\/sisu.ut.ee\/wp-content\/uploads\/sites\/619\/parandusfestival2_by_kart_petser-2048x1365.jpg 2048w, https:\/\/sisu.ut.ee\/wp-content\/uploads\/sites\/619\/parandusfestival2_by_kart_petser-1920x1280.jpg 1920w\" sizes=\"auto, (max-width: 2560px) 100vw, 2560px\"><strong>Ringtehnoloogia<\/strong> \u00f5ppe eesm\u00e4rk on koolitada tasaarengu p\u00f5him\u00f5tteid j\u00e4rgivaid loovaid ja uuendusmeelseid meistreid, kes aitaksid materjalide ja esemete eluea pikendamise teel kaasa keskkonnaprobleemide ennetamisele ja lahendamisele. Seejuures on olulisel kohal lihttehnoloogilised (low-tech) v\u00f5tted, n\u00e4iteks parandamine, taas- ja uuskasutus ning \u00fcmbert\u00f6\u00f6tlemine.<br>\nRingtehnoloogia eriala annab \u00fclevaate aineringest, Maa taluvuspiiridest, keskkonnakriiside p\u00f5hjustest ja v\u00f5imalikke lahendusi pakkuvatest alternatiivsetest majandusmudelitest. \u00d5pingute k\u00e4igus tutvutakse ringmajanduse ja -disaini kaasaegsete rakendustega, keskendudes kohalikele ressurssidele ja kogukondade kaasamisele. Suuremat t\u00e4helepanu p\u00f6\u00f6ratakse looduslike ja tehismaterjalide tundmisele, t\u00f6\u00f6tlemisviisidele ning keskkonnam\u00f5jule. Olulisel kohal on ka lihttehnoloogiate tundma\u00f5ppimine ja rakendamine kohaliku kestliku tootmise (sh esemete parandamise), materjalide taas- ja uuskasutuse ning \u00fcmbert\u00f6\u00f6tamise teenistusse.<br>\nLaiap\u00f5hjaline materjalide ja tehnikate tundmine v\u00f5imaldab vilistlastel tegeleda erialadevaheliste projektidega ning lahendada materjali- ja tehnika\u00fcleseid probleeme. L\u00f5petajad saavad oma oskusi proovile panna uudsete teenuste ja toodete arendamisel ja kogukonnap\u00f5histe algatuste toetamisel (nt parandust\u00f6\u00f6kojad, uus- ja taaskasutuskeskused, taastav p\u00f5llumajandus). \u00d5pinguid on v\u00f5imalik j\u00e4tkata k\u00e4sit\u00f6\u00f6 ja kodunduse v\u00f5i tehnoloogia\u00f5petuse \u00f5petaja, samuti kultuurip\u00e4randi loovrakenduste ning teiste ringmajanduse ja -disainiga seotud magistri\u00f5ppekavade alusel. <a title=\"\" href=\"https:\/\/viljandi.ut.ee\/et\/ringtehnoloogia\" target=\"_blank\" rel=\"noopener\" data-url=\"https:\/\/viljandi.ut.ee\/et\/ringtehnoloogia\">T\u00e4psem ringtehnoloogia eriala kirjeldus.<\/a><br>\nN\u00e4iteid ringtehnoloogia eriala hindamiseks valminud <a href=\"https:\/\/www.flickr.com\/photos\/184756568@N05\/albums\/72177720326769290\/\" target=\"_blank\" rel=\"noopener\">praktilistest t\u00f6\u00f6dest<\/a>.<\/p>\n<p style=\"text-align: justify;\"><a title=\"\" href=\"https:\/\/ut.ee\/et\/oppekavad\/parandtehnoloogia\" target=\"_blank\" rel=\"noopener\" data-url=\"https:\/\/ut.ee\/et\/oppekavad\/parandtehnoloogia\">Loe p\u00f5hjalikumalt erialade tutvustuste, \u00f5ppeainete, \u00f5ppekeskkonna ja vastuv\u00f5tutingimuste kohta<\/a>.<\/p>\n<\/div>\n<\/div>\n<\/div>\n<\/div>\n<\/div>\n<\/div>\n","protected":false},"excerpt":{"rendered":"<p>P\u00e4randtehnoloogia P\u00e4randtehnoloogia rakendusk\u00f5rghariduse \u00f5ppekava l\u00e4bimise tulemusel saab sinust maailmaparandaja, kes tunneb h\u00e4sti traditsioonilise k\u00e4sit\u00f6\u00f6 tehnikaid ja materjale ning oskab neid loovalt kasutada t\u00e4nap\u00e4evase elukeskkonna paremaks muutmisel. P\u00e4randtehnoloogia \u00f5ppekaval on v\u00f5imalik spetsialiseeruda 4 erialal: tekstiili, ehituse, metallit\u00f6\u00f6 ja ringtehnoloogia erialal. Erialast &#8230;<\/p>\n","protected":false},"author":274,"featured_media":0,"parent":0,"menu_order":0,"comment_status":"closed","ping_status":"closed","template":"","meta":{"_acf_changed":false,"inline_featured_image":false,"footnotes":""},"class_list":["post-54","page","type-page","status-publish","hentry"],"acf":[],"_links":{"self":[{"href":"https:\/\/sisu.ut.ee\/craft\/wp-json\/wp\/v2\/pages\/54","targetHints":{"allow":["GET"]}}],"collection":[{"href":"https:\/\/sisu.ut.ee\/craft\/wp-json\/wp\/v2\/pages"}],"about":[{"href":"https:\/\/sisu.ut.ee\/craft\/wp-json\/wp\/v2\/types\/page"}],"author":[{"embeddable":true,"href":"https:\/\/sisu.ut.ee\/craft\/wp-json\/wp\/v2\/users\/274"}],"replies":[{"embeddable":true,"href":"https:\/\/sisu.ut.ee\/craft\/wp-json\/wp\/v2\/comments?post=54"}],"version-history":[{"count":7,"href":"https:\/\/sisu.ut.ee\/craft\/wp-json\/wp\/v2\/pages\/54\/revisions"}],"predecessor-version":[{"id":856,"href":"https:\/\/sisu.ut.ee\/craft\/wp-json\/wp\/v2\/pages\/54\/revisions\/856"}],"wp:attachment":[{"href":"https:\/\/sisu.ut.ee\/craft\/wp-json\/wp\/v2\/media?parent=54"}],"curies":[{"name":"wp","href":"https:\/\/api.w.org\/{rel}","templated":true}]}}