{"id":53,"date":"2024-04-04T08:32:18","date_gmt":"2024-04-04T05:32:18","guid":{"rendered":"https:\/\/sisu.ut.ee\/craft\/pt-rahvusliku-ehituse-portfooliod\/"},"modified":"2024-08-20T10:39:56","modified_gmt":"2024-08-20T07:39:56","slug":"pt-rahvusliku-ehituse-portfooliod","status":"publish","type":"page","link":"https:\/\/sisu.ut.ee\/craft\/pt-rahvusliku-ehituse-portfooliod\/","title":{"rendered":"PT ehituse portfooliod"},"content":{"rendered":"<p>V\u00e4ike valik ehituse eriala vilistlaste portfooliodest. Pdf failile klikkides avaneb t\u00e4ismahus portfoolio.<\/p>\n<p><strong>Eik Erich Uibo<\/strong> <span class=\"file media-element file-os-files-link-icon\" data-file_info=\"%7B%22fid%22:%2276892%22,%22view_mode%22:%22os_files_link_icon%22,%22type%22:%22media%22%7D\"><img decoding=\"async\" class=\"file-icon\" src=\"\/profiles\/openscholar\/modules\/os\/modules\/os_files\/icons\/application-pdf.svg\" alt=\"\"> <a href=\"https:\/\/sisu.ut.ee\/wp-content\/uploads\/sites\/619\/eikuibo_portfolio.pdf\">eik_erich_uibo_portfoolio.pdf<\/a><\/span><\/p>\n<p><img loading=\"lazy\" decoding=\"async\" width=\"1898\" height=\"666\" class=\"alignnone wp-image-131\" style=\"width: 855px; height: 300px;\" title=\"eik_erich.png\" src=\"https:\/\/sisu.ut.ee\/wp-content\/uploads\/sites\/619\/eik_erich.png\" alt=\"eik erich uibo\" srcset=\"https:\/\/sisu.ut.ee\/wp-content\/uploads\/sites\/619\/eik_erich.png 1898w, https:\/\/sisu.ut.ee\/wp-content\/uploads\/sites\/619\/eik_erich-300x105.png 300w, https:\/\/sisu.ut.ee\/wp-content\/uploads\/sites\/619\/eik_erich-1024x359.png 1024w, https:\/\/sisu.ut.ee\/wp-content\/uploads\/sites\/619\/eik_erich-768x269.png 768w, https:\/\/sisu.ut.ee\/wp-content\/uploads\/sites\/619\/eik_erich-1536x539.png 1536w\" sizes=\"auto, (max-width: 1898px) 100vw, 1898px\"><\/p>\n<p><strong>Kristiina Kesk\u00fcla<\/strong> <span class=\"file media-element file-os-files-link-icon\" data-file_info=\"%7B%22fid%22:%2276893%22,%22view_mode%22:%22os_files_link_icon%22,%22type%22:%22media%22%7D\"><img decoding=\"async\" class=\"file-icon\" src=\"\/profiles\/openscholar\/modules\/os\/modules\/os_files\/icons\/application-pdf.svg\" alt=\"\"> <a href=\"https:\/\/sisu.ut.ee\/wp-content\/uploads\/sites\/619\/portfoolio_kristiina_keskula_2019.pdf\">kristiina_keskula_portfoolio.pdf<\/a><\/span><\/p>\n<p><img loading=\"lazy\" decoding=\"async\" width=\"1189\" height=\"889\" class=\"alignnone wp-image-132\" style=\"width: 401px; height: 300px;\" title=\"kriina.png\" src=\"https:\/\/sisu.ut.ee\/wp-content\/uploads\/sites\/619\/kriina.png\" alt=\"kristiina\" srcset=\"https:\/\/sisu.ut.ee\/wp-content\/uploads\/sites\/619\/kriina.png 1189w, https:\/\/sisu.ut.ee\/wp-content\/uploads\/sites\/619\/kriina-300x224.png 300w, https:\/\/sisu.ut.ee\/wp-content\/uploads\/sites\/619\/kriina-1024x766.png 1024w, https:\/\/sisu.ut.ee\/wp-content\/uploads\/sites\/619\/kriina-768x574.png 768w\" sizes=\"auto, (max-width: 1189px) 100vw, 1189px\"><\/p>\n<p><strong>Andres Veel<\/strong> <span class=\"file media-element file-os-files-link-icon\" data-file_info=\"%7B%22fid%22:%2276894%22,%22view_mode%22:%22os_files_link_icon%22,%22type%22:%22media%22%7D\"><img decoding=\"async\" class=\"file-icon\" src=\"\/profiles\/openscholar\/modules\/os\/modules\/os_files\/icons\/application-pdf.svg\" alt=\"\"> <a href=\"https:\/\/sisu.ut.ee\/wp-content\/uploads\/sites\/619\/portfolio_andresveel.pdf\">andres_veel_portfoolio.pdf<\/a><\/span><\/p>\n<p><img loading=\"lazy\" decoding=\"async\" width=\"739\" height=\"1041\" class=\"alignnone wp-image-133\" style=\"width: 300px; height: 423px;\" title=\"andres.png\" src=\"https:\/\/sisu.ut.ee\/wp-content\/uploads\/sites\/619\/andres.png\" alt=\"andres veel\" srcset=\"https:\/\/sisu.ut.ee\/wp-content\/uploads\/sites\/619\/andres.png 739w, https:\/\/sisu.ut.ee\/wp-content\/uploads\/sites\/619\/andres-213x300.png 213w, https:\/\/sisu.ut.ee\/wp-content\/uploads\/sites\/619\/andres-727x1024.png 727w\" sizes=\"auto, (max-width: 739px) 100vw, 739px\"><\/p>\n<p><strong>Markus Pau<\/strong> <span class=\"file media-element file-os-files-link-icon\" data-file_info=\"%7B%22fid%22:%2276895%22,%22view_mode%22:%22os_files_link_icon%22,%22type%22:%22media%22%7D\"><img decoding=\"async\" class=\"file-icon\" src=\"\/profiles\/openscholar\/modules\/os\/modules\/os_files\/icons\/application-pdf.svg\" alt=\"\"> <a href=\"https:\/\/sisu.ut.ee\/wp-content\/uploads\/sites\/619\/portfoolio_markus_pau_2017.pdf\">markus_pau_portfoolio.pdf<\/a><\/span><\/p>\n<p><img loading=\"lazy\" decoding=\"async\" width=\"667\" height=\"868\" class=\"alignnone wp-image-137\" style=\"width: 300px; height: 390px;\" title=\"markus4.png\" src=\"https:\/\/sisu.ut.ee\/wp-content\/uploads\/sites\/619\/markus4.png\" alt=\"markus pau\" srcset=\"https:\/\/sisu.ut.ee\/wp-content\/uploads\/sites\/619\/markus4.png 667w, https:\/\/sisu.ut.ee\/wp-content\/uploads\/sites\/619\/markus4-231x300.png 231w\" sizes=\"auto, (max-width: 667px) 100vw, 667px\"><\/p>\n<p><strong>Martin N\u00f5mmik<\/strong> <span class=\"file media-element file-os-files-link-icon\" data-file_info=\"%7B%22fid%22:%2276896%22,%22view_mode%22:%22os_files_link_icon%22,%22type%22:%22media%22%7D\"><img decoding=\"async\" class=\"file-icon\" src=\"\/profiles\/openscholar\/modules\/os\/modules\/os_files\/icons\/application-pdf.svg\" alt=\"\"> <a href=\"https:\/\/sisu.ut.ee\/wp-content\/uploads\/sites\/619\/protfoolio_martin_nommik.pdf\">martin_nommik_portfoolio.pdf<\/a><\/span><\/p>\n<p><img loading=\"lazy\" decoding=\"async\" width=\"804\" height=\"1043\" class=\"alignnone wp-image-135\" style=\"width: 300px; height: 389px;\" title=\"martin.png\" src=\"https:\/\/sisu.ut.ee\/wp-content\/uploads\/sites\/619\/martin.png\" alt=\"martin nommik\" srcset=\"https:\/\/sisu.ut.ee\/wp-content\/uploads\/sites\/619\/martin.png 804w, https:\/\/sisu.ut.ee\/wp-content\/uploads\/sites\/619\/martin-231x300.png 231w, https:\/\/sisu.ut.ee\/wp-content\/uploads\/sites\/619\/martin-789x1024.png 789w, https:\/\/sisu.ut.ee\/wp-content\/uploads\/sites\/619\/martin-768x996.png 768w\" sizes=\"auto, (max-width: 804px) 100vw, 804px\"><\/p>\n","protected":false},"excerpt":{"rendered":"<p>V\u00e4ike valik ehituse eriala vilistlaste portfooliodest. Pdf failile klikkides avaneb t\u00e4ismahus portfoolio. Eik Erich Uibo eik_erich_uibo_portfoolio.pdf Kristiina Kesk\u00fcla kristiina_keskula_portfoolio.pdf Andres Veel andres_veel_portfoolio.pdf Markus Pau markus_pau_portfoolio.pdf Martin N\u00f5mmik martin_nommik_portfoolio.pdf<\/p>\n","protected":false},"author":274,"featured_media":0,"parent":0,"menu_order":0,"comment_status":"closed","ping_status":"closed","template":"","meta":{"_acf_changed":false,"inline_featured_image":false,"footnotes":""},"class_list":["post-53","page","type-page","status-publish","hentry"],"acf":[],"_links":{"self":[{"href":"https:\/\/sisu.ut.ee\/craft\/wp-json\/wp\/v2\/pages\/53","targetHints":{"allow":["GET"]}}],"collection":[{"href":"https:\/\/sisu.ut.ee\/craft\/wp-json\/wp\/v2\/pages"}],"about":[{"href":"https:\/\/sisu.ut.ee\/craft\/wp-json\/wp\/v2\/types\/page"}],"author":[{"embeddable":true,"href":"https:\/\/sisu.ut.ee\/craft\/wp-json\/wp\/v2\/users\/274"}],"replies":[{"embeddable":true,"href":"https:\/\/sisu.ut.ee\/craft\/wp-json\/wp\/v2\/comments?post=53"}],"version-history":[{"count":2,"href":"https:\/\/sisu.ut.ee\/craft\/wp-json\/wp\/v2\/pages\/53\/revisions"}],"predecessor-version":[{"id":398,"href":"https:\/\/sisu.ut.ee\/craft\/wp-json\/wp\/v2\/pages\/53\/revisions\/398"}],"wp:attachment":[{"href":"https:\/\/sisu.ut.ee\/craft\/wp-json\/wp\/v2\/media?parent=53"}],"curies":[{"name":"wp","href":"https:\/\/api.w.org\/{rel}","templated":true}]}}