{"id":52,"date":"2024-04-04T08:32:18","date_gmt":"2024-04-04T05:32:18","guid":{"rendered":"https:\/\/sisu.ut.ee\/craft\/oppekavaduus\/"},"modified":"2024-08-20T06:57:30","modified_gmt":"2024-08-20T03:57:30","slug":"oppekavaduus","status":"publish","type":"page","link":"https:\/\/sisu.ut.ee\/craft\/oppekavaduus\/","title":{"rendered":"\u00d5ppekavad"},"content":{"rendered":"<p style=\"text-align: justify;\">T\u00dc Viljandi kultuuriakadeemias saab \u00f5ppida rakendusk\u00f5rghariduse tasemel p\u00e4randtehnoloogiat 4 erineval erialal ning magistri\u00f5ppes 3 erineval \u00f5ppekaval. Lisaks pakume mitmeid t\u00e4iendus\u00f5ppe v\u00f5imalusi.<\/p>\n<p style=\"text-align: right;\"><em>Kiriv\u00f6\u00f6 kudumine, foto autor Kerttu Kruusla.<\/em><\/p>\n<p style=\"text-align: right;\"><img loading=\"lazy\" decoding=\"async\" width=\"2560\" height=\"1707\" class=\"alignnone wp-image-125\" style=\"width: 860px; height: 573px; float: left;\" title=\"vookudumine_by_kerttu_kruusla.jpg\" src=\"https:\/\/sisu.ut.ee\/wp-content\/uploads\/sites\/619\/vookudumine_by_kerttu_kruusla-scaled.jpg\" alt=\"Kiriv\u00f6\u00f6 kudumine\" srcset=\"https:\/\/sisu.ut.ee\/wp-content\/uploads\/sites\/619\/vookudumine_by_kerttu_kruusla-scaled.jpg 2560w, https:\/\/sisu.ut.ee\/wp-content\/uploads\/sites\/619\/vookudumine_by_kerttu_kruusla-300x200.jpg 300w, https:\/\/sisu.ut.ee\/wp-content\/uploads\/sites\/619\/vookudumine_by_kerttu_kruusla-1024x683.jpg 1024w, https:\/\/sisu.ut.ee\/wp-content\/uploads\/sites\/619\/vookudumine_by_kerttu_kruusla-768x512.jpg 768w, https:\/\/sisu.ut.ee\/wp-content\/uploads\/sites\/619\/vookudumine_by_kerttu_kruusla-1536x1024.jpg 1536w, https:\/\/sisu.ut.ee\/wp-content\/uploads\/sites\/619\/vookudumine_by_kerttu_kruusla-2048x1365.jpg 2048w, https:\/\/sisu.ut.ee\/wp-content\/uploads\/sites\/619\/vookudumine_by_kerttu_kruusla-1920x1280.jpg 1920w\" sizes=\"auto, (max-width: 2560px) 100vw, 2560px\"><\/p>\n","protected":false},"excerpt":{"rendered":"<p>T\u00dc Viljandi kultuuriakadeemias saab \u00f5ppida rakendusk\u00f5rghariduse tasemel p\u00e4randtehnoloogiat 4 erineval erialal ning magistri\u00f5ppes 3 erineval \u00f5ppekaval. Lisaks pakume mitmeid t\u00e4iendus\u00f5ppe v\u00f5imalusi. Kiriv\u00f6\u00f6 kudumine, foto autor Kerttu Kruusla.<\/p>\n","protected":false},"author":274,"featured_media":0,"parent":0,"menu_order":0,"comment_status":"closed","ping_status":"closed","template":"","meta":{"_acf_changed":false,"inline_featured_image":false,"footnotes":""},"class_list":["post-52","page","type-page","status-publish","hentry"],"acf":[],"_links":{"self":[{"href":"https:\/\/sisu.ut.ee\/craft\/wp-json\/wp\/v2\/pages\/52","targetHints":{"allow":["GET"]}}],"collection":[{"href":"https:\/\/sisu.ut.ee\/craft\/wp-json\/wp\/v2\/pages"}],"about":[{"href":"https:\/\/sisu.ut.ee\/craft\/wp-json\/wp\/v2\/types\/page"}],"author":[{"embeddable":true,"href":"https:\/\/sisu.ut.ee\/craft\/wp-json\/wp\/v2\/users\/274"}],"replies":[{"embeddable":true,"href":"https:\/\/sisu.ut.ee\/craft\/wp-json\/wp\/v2\/comments?post=52"}],"version-history":[{"count":2,"href":"https:\/\/sisu.ut.ee\/craft\/wp-json\/wp\/v2\/pages\/52\/revisions"}],"predecessor-version":[{"id":387,"href":"https:\/\/sisu.ut.ee\/craft\/wp-json\/wp\/v2\/pages\/52\/revisions\/387"}],"wp:attachment":[{"href":"https:\/\/sisu.ut.ee\/craft\/wp-json\/wp\/v2\/media?parent=52"}],"curies":[{"name":"wp","href":"https:\/\/api.w.org\/{rel}","templated":true}]}}