{"id":495,"date":"2024-08-20T21:24:09","date_gmt":"2024-08-20T18:24:09","guid":{"rendered":"https:\/\/sisu.ut.ee\/craft\/?page_id=495"},"modified":"2024-08-20T21:48:28","modified_gmt":"2024-08-20T18:48:28","slug":"koostoopartnerid","status":"publish","type":"page","link":"https:\/\/sisu.ut.ee\/craft\/koostoopartnerid\/","title":{"rendered":"Koost\u00f6\u00f6partnerid"},"content":{"rendered":"<p>T\u00dc VKA kultuuriakadeemia ning p\u00e4randtehnoloogia \u00f5ppekava teevad j\u00e4rjepidevat ja regulaarset koost\u00f6\u00f6d j\u00e4rgnevate organisatsioonide ja asutustega. Tutvu l\u00e4hemalt nende tegemistega nende kodulehtede kaudu.  <\/p>\n\n\n\n<p>Eesti Rahvakunsti ja K\u00e4sit\u00f6\u00f6 Liit \u2013 <a href=\"https:\/\/folkart.ee\/\">https:\/\/folkart.ee\/<\/a><br>sh koost\u00f6\u00f6 ERKLi alaliiduna tegutseva <a href=\"https:\/\/folkart.ee\/koolitus\/mtu-rahvaroivas\/\">MT\u00dcga Rahvar\u00f5ivas<\/a><br>Soovitame vaadata ERKLi <a href=\"https:\/\/folkart.ee\/luhifilmid\/\">l\u00fchifilme<\/a> eesti traditsioonilistest k\u00e4sit\u00f6\u00f6tehnikatest.<br>Uuri l\u00e4hemalt ka ERKLi v\u00e4lja antava <a href=\"http:\/\/M%C3%A4rk%20OMA%20t%C3%A4histab%20Eesti%20loodusest%20p%C3%A4rit%20eetiliselt%20kogutud%20ja%20t%C3%B6%C3%B6deldud%20materjali.\">m\u00e4rgi OMA<\/a> kohta, mis t\u00e4histab Eesti loodusest p\u00e4rit eetiliselt kogutud ja t\u00f6\u00f6deldud materjali.<\/p>\n\n\n\n<p>Eesti Rahva Muuseum \u2013 <a href=\"https:\/\/erm.ee\/\">https:\/\/erm.ee\/<\/a>, <a href=\"https:\/\/www.erm.ee\/et\/n%C3%A4itused\/heimtali-muuseum\">sh Heimtali Muuseum<\/a><\/p>\n\n\n\n<p>Eesti Rahvakultuuri Keskus \u2013 <a href=\"https:\/\/rahvakultuur.ee\/\">https:\/\/rahvakultuur.ee\/<\/a> <\/p>\n\n\n\n<p>Viljandi Muuseum \u2013 <a href=\"https:\/\/muuseum.viljandimaa.ee\/www\/\">https:\/\/muuseum.viljandimaa.ee\/www\/<\/a><\/p>\n\n\n\n<p>Viljandi linn \u2013 <a href=\"https:\/\/visitviljandi.ee\/\">https:\/\/visitviljandi.ee\/<\/a> <\/p>\n\n\n\n<p>Eesti Kunstiakadeemia \u2013 <a href=\"https:\/\/www.artun.ee\/et\/avaleht\/\">https:\/\/www.artun.ee\/et\/avaleht\/<\/a><\/p>\n\n\n\n<p>K\u00f5rgem Kunstikool Pallas \u2013 <a href=\"https:\/\/pallasart.ee\/\">https:\/\/pallasart.ee\/<\/a><\/p>\n\n\n\n<p>Tallinna Tehnika\u00fclikool \u2013 <a href=\"https:\/\/taltech.ee\/\">https:\/\/taltech.ee\/<\/a><\/p>\n","protected":false},"excerpt":{"rendered":"<p>T\u00dc VKA kultuuriakadeemia ning p\u00e4randtehnoloogia \u00f5ppekava teevad j\u00e4rjepidevat ja regulaarset koost\u00f6\u00f6d j\u00e4rgnevate organisatsioonide ja asutustega. Tutvu l\u00e4hemalt nende tegemistega nende kodulehtede kaudu. Eesti Rahvakunsti ja K\u00e4sit\u00f6\u00f6 Liit \u2013 https:\/\/folkart.ee\/sh koost\u00f6\u00f6 ERKLi alaliiduna tegutseva MT\u00dcga Rahvar\u00f5ivasSoovitame vaadata ERKLi l\u00fchifilme eesti traditsioonilistest &#8230;<\/p>\n","protected":false},"author":274,"featured_media":0,"parent":0,"menu_order":0,"comment_status":"closed","ping_status":"closed","template":"","meta":{"_acf_changed":false,"inline_featured_image":false,"footnotes":""},"class_list":["post-495","page","type-page","status-publish","hentry"],"acf":[],"_links":{"self":[{"href":"https:\/\/sisu.ut.ee\/craft\/wp-json\/wp\/v2\/pages\/495","targetHints":{"allow":["GET"]}}],"collection":[{"href":"https:\/\/sisu.ut.ee\/craft\/wp-json\/wp\/v2\/pages"}],"about":[{"href":"https:\/\/sisu.ut.ee\/craft\/wp-json\/wp\/v2\/types\/page"}],"author":[{"embeddable":true,"href":"https:\/\/sisu.ut.ee\/craft\/wp-json\/wp\/v2\/users\/274"}],"replies":[{"embeddable":true,"href":"https:\/\/sisu.ut.ee\/craft\/wp-json\/wp\/v2\/comments?post=495"}],"version-history":[{"count":2,"href":"https:\/\/sisu.ut.ee\/craft\/wp-json\/wp\/v2\/pages\/495\/revisions"}],"predecessor-version":[{"id":500,"href":"https:\/\/sisu.ut.ee\/craft\/wp-json\/wp\/v2\/pages\/495\/revisions\/500"}],"wp:attachment":[{"href":"https:\/\/sisu.ut.ee\/craft\/wp-json\/wp\/v2\/media?parent=495"}],"curies":[{"name":"wp","href":"https:\/\/api.w.org\/{rel}","templated":true}]}}