{"id":49,"date":"2024-04-04T08:32:18","date_gmt":"2024-04-04T05:32:18","guid":{"rendered":"https:\/\/sisu.ut.ee\/craft\/pt-rahvusliku-ehituse-seminaritood\/"},"modified":"2024-08-25T10:45:46","modified_gmt":"2024-08-25T07:45:46","slug":"pt-rahvusliku-ehituse-seminaritood","status":"publish","type":"page","link":"https:\/\/sisu.ut.ee\/craft\/pt-rahvusliku-ehituse-seminaritood\/","title":{"rendered":"PT ehituse seminarit\u00f6\u00f6d"},"content":{"rendered":"<h4>2024<\/h4>\n<p>Joosep Mattis Eriste \u201cKoorejaam Eesti piimanduses ja maa-arhitektuuris\u201d (juhendaja Leele V\u00e4lja)<\/p>\n<p>Matis Kalm \u201cLihttehnoloogilised t\u00f5stevahendid, nende kasutamine alalisel ning objektip\u00f5hisel t\u00f6\u00f6tamisel\u201d (juhendaja Tarmo Tammekivi)<\/p>\n<p>Moonika K\u00f5ressaar \u201cEesti hobuveski. Tehnoloogia ja kultuurip\u00e4rand\u201d (juhendaja Tarmo Tammekivi)<\/p>\n<p>Kaija K\u00e4ngsepp \u201cP\u00e4randtehnoloogilised t\u00f6\u00f6v\u00f5tted Eesti naivistlikus arhitektuuris\u201d (juhendaja Leele V\u00e4lja)<\/p>\n<p>Paula Lepparu \u201cBetooni kasutus Eestis 1930. aastatel Karuse raudteejaama treppide n\u00e4itel: inventeerimine ja v\u00f5imalik l\u00e4henemine taastamisel\u201d (juhendaja Leele V\u00e4lja)<\/p>\n<p>Laur L\u00f5hmus \u201cPuumajad\u201d (juhendajad Leele V\u00e4lja ja Andres Veel)<\/p>\n<p>Madis Parik \u201cVaba\u00f5humuuseumite eksponaathoonete korralduslikud ja ehituslikud tuleohutusmeetmed Karilatsi Vaba\u00f5hmuuseumi ja Eesti Vaba\u00f5humuuseumi n\u00e4itel\u201d (juhendajad Tarmo Tammekivi ja Alar Valge)<\/p>\n<p>Jaan Prost-K\u00e4ngsepp \u201cParvsaunade ehitus- ja kasutuskogemusi Tartu l\u00e4hipiirkonnas\u201d (juhendaja Madis Rennu)<\/p>\n<p>Siim Rikker \u201cKihnu kivilaev\u201d (juhendajad Madis Rennu ja Reet Laos)<\/p>\n<p>Raimond Russi \u201cPuit elamumajade konstruktsioonide vastupidavus m\u00fcrsu plahvatuse m\u00f5judele. Palk- ja CLT-paneel hoonete n\u00e4itel\u201d (juhendaja Tarmo Tammekivi)<\/p>\n<p>Martin Semm \u201cKatuselaastu tehnoloogiasiire Rootsi ja Eesti vahel\u201d (juhendaja Tarmo Tammekivi)<\/p>\n<p>Mikk Tagapere \u201cLaastukatuste vastupidavust m\u00f5jutavad tegurid\u201d (juhendaja Madis Rennu)<\/p>\n<p>Joosep Voll \u201cS\u00f5restikkonstruktsioonil p\u00f5hineva t\u00f6\u00f6koja kavandamine Vardi k\u00fcla piirkonna s\u00f5restikkonstruktsioonide p\u00f5hjal\u201d (juhendaja Tarmo Tammekivi)<\/p>\n<h4>2022<\/h4>\n<p>Kermo Aasm\u00e4e \u201cK\u00e4sit\u00f6\u00f6 palkmaja energiat\u00f5hususe parima v\u00f5imaliku energiaklassi saavutamine Kolga talu rehielamu n\u00e4itel\u201d (juhendaja Tarmo Tammekivi)<\/p>\n<p>Edrin Hansen \u201cP\u00f5humajade ehitus- ja kasutuskogemusi t\u00e4nap\u00e4eva Eestis\u201d (juhendaja Madis Rennu)<\/p>\n<p>Juhani Lumera \u201cMaakeldri renoveerimislahendus Kingu talu keldri n\u00e4itel\u201d (juhendaja Madis Rennu)<\/p>\n<p>Jakob Naagel \u201cLihttehnoloogilised treipingid\u201d (juhendaja Madis Rennu)<\/p>\n<p>Katrin Paas \u201cRoogkatused ja nende hooldus\u201d (juhendaja Tarmo Tammekivi)<\/p>\n<p>Martin Raat \u201cTartu kahekordsed puukuurid\u201d (juhendaja Leele V\u00e4lja)<\/p>\n<p>Eiko Rapur \u201cL\u00f5hestustehnika rakendus katusekimmide n\u00e4itel\u201d (juhendaja Madis Rennu)<\/p>\n<p>Kardo Seppi \u201cAjalooliste vundamentide taastamine ja parendamine maaelamute n\u00e4itel\u201d (juhendaja Tarmo Tammekivi)<\/p>\n<p>M\u00e4rt Vahtram\u00e4e \u201cViljandi vahv\u00e4rk-kuurid\u201d (juhendaja Joosep Metslang)<\/p>\n<h4>2021<\/h4>\n<p>Aigar M\u00e4tlik <a title=\"\" href=\"https:\/\/www.ester.ee\/record=b5449203*est\" target=\"_blank\" rel=\"noopener\" data-url=\"https:\/\/www.ester.ee\/record=b5449203*est\">\u201cPalkhoone t\u00f5stmine ja ettevalmistavad tegevused\u201d<\/a> (juhendaja Leele V\u00e4lja)<\/p>\n<h4>2020<\/h4>\n<p>Martin N\u00f5mmik <a title=\"\" href=\"https:\/\/www.ester.ee\/record=b5397915*est%20%20\" target=\"_blank\" rel=\"noopener\" data-url=\"https:\/\/www.ester.ee\/record=b5397915*est  \">\u201cK\u00f5inastu laiu kiviaiad ja v\u00e4ravad\u201d<\/a> (juhendaja Leele V\u00e4lja)<\/p>\n<h4>2018<\/h4>\n<p>Marko Aatonen <a title=\"\" href=\"https:\/\/www.ester.ee\/record=b5147043*est%20%20\" target=\"_blank\" rel=\"noopener\" data-url=\"https:\/\/www.ester.ee\/record=b5147043*est  \">\u201cK\u00fclakiik 21. sajandil Viljandi linna ehitatud k\u00fclakiige n\u00e4itel\u201d<\/a> (juhendajad Leele V\u00e4lja, J\u00fcrgen Klemm)<\/p>\n<p>Joonatan Lepik <a title=\"\" href=\"https:\/\/www.ester.ee\/record=b5140139*est%20%20\" target=\"_blank\" rel=\"noopener\" data-url=\"https:\/\/www.ester.ee\/record=b5140139*est  \">\u201cEesti rannarahva tarbehoonete p\u00e4randtehnoloogilisest aspektist. K\u00e4smu Meremuuseumi paadikuuri l\u00e4hte\u00fclesanne\u201d<\/a> (juhendaja Leele V\u00e4lja)<\/p>\n<h4>2017<\/h4>\n<p>J\u00fcrgen Annuk <a title=\"\" href=\"https:\/\/www.ester.ee\/record=b4762275*est\" target=\"_blank\" rel=\"noopener\" data-url=\"https:\/\/www.ester.ee\/record=b4762275*est\">\u201cP\u00f5hja-Sakala valla M\u00e4ek\u00fcla ja Riiassaare k\u00fclade puitaitade p\u00e4randtehnoloogilisest kontekstist\u201d<\/a> (juhendaja Madis Rennu)<\/p>\n<p>Kristiina Kesk\u00fcla <a title=\"\" href=\"https:\/\/www.ester.ee\/record=b4762242*est%20%20\" target=\"_blank\" rel=\"noopener\" data-url=\"https:\/\/www.ester.ee\/record=b4762242*est  \">\u201cKoogi talu suitsusaun meie saunatraditsiooni kontekstis\u201d<\/a> (juhendajad Leele V\u00e4lja, Madis Rennu)<\/p>\n<p>Kalev Kriis <a title=\"\" href=\"https:\/\/www.ester.ee\/record=b4762235*est\" target=\"_blank\" rel=\"noopener\" data-url=\"https:\/\/www.ester.ee\/record=b4762235*est\">\u201cHeimtali vallamaja \u00f5uel asuva lauda v\u00e4lisilme v\u00e4ljaselgitamine ja eelt\u00f6\u00f6 lauda vundamendile v\u00e4lik\u00f6\u00f6gi projekteerimiseks\u201d<\/a> (juhendaja Laur Pihel)<\/p>\n<p>Kristjan T\u00e4ht <a title=\"\" href=\"https:\/\/www.ester.ee\/record=b4762237*est%20%20\" target=\"_blank\" rel=\"noopener\" data-url=\"https:\/\/www.ester.ee\/record=b4762237*est  \">\u201cRookatused\u201d<\/a> (juhendajad Leele V\u00e4lja, Madis Rennu)<\/p>\n<h4>2016<\/h4>\n<p>Mart Eensaar <a title=\"\" href=\"https:\/\/www.ester.ee\/record=b4575039*est%20%20\" target=\"_blank\" rel=\"noopener\" data-url=\"https:\/\/www.ester.ee\/record=b4575039*est  \">\u201cM\u00e4nni k\u00e4nnul koorimine vaigusisalduse t\u00f5stmiseks\u201d<\/a> (juhendajad Andres Uus, Madis Rennu)<\/p>\n<p>Mihkel Kibur <a title=\"\" href=\"https:\/\/www.ester.ee\/record=b4575034*est\" target=\"_blank\" rel=\"noopener\" data-url=\"https:\/\/www.ester.ee\/record=b4575034*est\">\u201c\u00dcmarmaterjalist vahv\u00e4rkt\u00fc\u00fcpi kandekonstruktsioonid ja s\u00f5restikud elamut\u00fc\u00fcpi v\u00e4ikehoonetes\u201d<\/a> (juhendaja Tarmo Tammekivi)<\/p>\n<p>Janno Kuldkepp <a title=\"\" href=\"https:\/\/www.ester.ee\/record=b4575050*est\" target=\"_blank\" rel=\"noopener\" data-url=\"https:\/\/www.ester.ee\/record=b4575050*est\">\u201cK\u00e4sit\u00f6\u00f6 l\u00e4bik\u00e4imine teiste loomevaldadega\u201d<\/a> (juhendajad Madis Rennu, Margus Ott)<\/p>\n<p>Gert Reimets <a title=\"\" href=\"https:\/\/www.ester.ee\/record=b4543499*est%20%20\" target=\"_blank\" rel=\"noopener\" data-url=\"https:\/\/www.ester.ee\/record=b4543499*est  \">\u201cSuitsusauna kerise taastamine Hino talu kerise n\u00e4itel\u201d<\/a> (juhendajad Madis Rennu, Toomas Kalve)<\/p>\n<p>Markus Pau <a title=\"\" href=\"https:\/\/www.ester.ee\/record=b4543522*est%20\" target=\"_blank\" rel=\"noopener\" data-url=\"https:\/\/www.ester.ee\/record=b4543522*est \">\u201cKuluk\u00e4iturite eelkaardistamine ning sobiva arvestuss\u00fcsteemi prognoos kanepibetooni tootmisprotsesside eelarvestamiseks\u201d<\/a> (juhendajad Madis Rennu, Tarmo Tammekivi)<\/p>\n<p>Eik Erich Uibo <a title=\"\" href=\"https:\/\/www.ester.ee\/record=b4575030*est%20%20\" target=\"_blank\" rel=\"noopener\" data-url=\"https:\/\/www.ester.ee\/record=b4575030*est  \">\u201cHetkeolukorra kaardistamine Laane-Suki veranda taastamiseks\u201d<\/a> (juhendaja Tarmo Tammekivi\u201d<\/p>\n<h4>2015<\/h4>\n<p>Ando Aru <a title=\"\" href=\"https:\/\/www.ester.ee\/record=b4535882*est\" target=\"_blank\" rel=\"noopener\" data-url=\"https:\/\/www.ester.ee\/record=b4535882*est\">\u201cMatsi talu pukktuulik: s\u00e4ilinu anal\u00fc\u00fcs\u201d<\/a> (juhendajad Madis Rennu, Mihkel Koppel)<\/p>\n<p>Malvo Tominga <a title=\"\" href=\"https:\/\/www.ester.ee\/record=b4535865*est%20%20\" target=\"_blank\" rel=\"noopener\" data-url=\"https:\/\/www.ester.ee\/record=b4535865*est  \">\u201cVaskoja talu puusilla uuendamiseks vajalike eeltoode kaardistamine J\u00e4ruska silla n\u00e4itel\u201d<\/a> (juhendajad Madis Rennu, Tarmo Tammekivi)<\/p>\n<p>Oliver T\u00e4tte <a title=\"\" href=\"https:\/\/www.ester.ee\/record=b4535900*est%20%20\" target=\"_blank\" rel=\"noopener\" data-url=\"https:\/\/www.ester.ee\/record=b4535900*est  \">\u201cPalkhoonete olukorrahinnangu ja taastamisettepanekute aruande koostamise praktikad ja katsehinnangu teostamine Tartu maakonnas Alatskivi vallas Nina k\u00fclas asuvate Alla ja Lauguse talu aitade n\u00e4itel\u201d<\/a> (juhendajad Madis Rennu, Tarmo Tammekivi)<\/p>\n<h4>2014<\/h4>\n<p>Anu Arm <a title=\"\" href=\"https:\/\/www.ester.ee\/record=b4094900*est\" target=\"_blank\" rel=\"noopener\" data-url=\"https:\/\/www.ester.ee\/record=b4094900*est\">\u201cAjaloolise puits\u00f5restikkonstruktsiooni taastamisest Loodi m\u00f5isa puukuuri n\u00e4itel\u201d<\/a> (juhendajad Madis Rennu, Tarmo Tammekivi)<\/p>\n<p>Marko Aron <a title=\"\" href=\"https:\/\/www.ester.ee\/record=b4091164*est%20%20\" target=\"_blank\" rel=\"noopener\" data-url=\"https:\/\/www.ester.ee\/record=b4091164*est  \">\u201cKuuga seotud p\u00e4rimus metsaraiel\u201d<\/a> (juhendaja Argo Moor)<\/p>\n<p>Mairold Kiho <a title=\"\" href=\"https:\/\/www.ester.ee\/record=b4426772*est%20\" target=\"_blank\" rel=\"noopener\" data-url=\"https:\/\/www.ester.ee\/record=b4426772*est \">\u201cKasutatud puidu ehitustehnilise seisukorra hindamine ning taaskasutamise v\u00f5imaluste anal\u00fc\u00fcs\u201d<\/a> (juhendaja Tarmo Tammekivi)<\/p>\n<p>Artur K\u00f5va <a title=\"\" href=\"https:\/\/www.ester.ee\/record=b4091154*est%20%20\" target=\"_blank\" rel=\"noopener\" data-url=\"https:\/\/www.ester.ee\/record=b4091154*est  \">\u201cJooksukraavi mooduli arendus Kaitsev\u00e4e \u00dchendatud \u00d5ppeasutustele\u201d<\/a> (juhendajad Kaspar Saul, Madis Rennu)<\/p>\n<p>Laur Oberschneider <a title=\"\" href=\"https:\/\/www.ester.ee\/record=b4426760*est%20\" target=\"_blank\" rel=\"noopener\" data-url=\"https:\/\/www.ester.ee\/record=b4426760*est \">\u201cMuhu ehitusettev\u00f5tete kasutamine L\u00f5una-L\u00e4\u00e4nemaa kiviehitistes\u201d<\/a> (juhendajad Madis Rennu, Joosep Metslang)<\/p>\n<p>Viljar Pihus \u201cM\u00e4nnit\u00f5rva m\u00f5ju katusekattematerjalidele laastu- ja sindelkatuste n\u00e4itel\u201d (juhendajad Ahto Raudoja, Madis Rennu)<\/p>\n<p>Janno Sild <a title=\"\" href=\"https:\/\/www.ester.ee\/record=b4426785*est%20%20\" target=\"_blank\" rel=\"noopener\" data-url=\"https:\/\/www.ester.ee\/record=b4426785*est  \">\u201cViljandi linna allikad, nende ehitamine turismiobjektideks\u201d<\/a> (juhendajad Madis Rennu, Peep Tobreluts)<\/p>\n<p>Andres Veel <a title=\"\" href=\"https:\/\/www.ester.ee\/record=b4091175*est\" target=\"_blank\" rel=\"noopener\" data-url=\"https:\/\/www.ester.ee\/record=b4091175*est\">\u201cPalkehitushariduse ja -oskuste kaardistus\u201d<\/a> (juhendajad Mati Pajus, Priit-Kalev Parts)<\/p>\n<h4>2013<\/h4>\n<p>Silver Kuldkepp <a title=\"\" href=\"https:\/\/www.ester.ee\/record=b4090060*est%20%20\" target=\"_blank\" rel=\"noopener\" data-url=\"https:\/\/www.ester.ee\/record=b4090060*est  \">\u201cHalgsaviseina soojapidavus, materjalikulu ja v\u00f5imalikud rakendused Eestis\u201d<\/a> (juhendaja Priit-Kalev Parts)<\/p>\n<h4>2011<\/h4>\n<p>J\u00fcrgo Jartsev-Moont <a title=\"\" href=\"https:\/\/www.ester.ee\/record=b4065859*est%20%20\" target=\"_blank\" rel=\"noopener\" data-url=\"https:\/\/www.ester.ee\/record=b4065859*est  \">\u201cKergsavi kasutusv\u00f5imalustest vahv\u00e4rkhoonetes\u201d<\/a> (juhendajad Priit-Kalev Parts, Raivo M\u00e4ndmaa)<\/p>\n<p>Ardi Kikerman <a title=\"\" href=\"https:\/\/www.ester.ee\/record=b4065858*est\" target=\"_blank\" rel=\"noopener\" data-url=\"https:\/\/www.ester.ee\/record=b4065858*est\">\u201cPalkehituses kasutatavad palkide t\u00f5steviisid ja t\u00f5stevahendid\u201d<\/a> (juhendajad Priit-Kalev Parts, Kristjan Sisa)<\/p>\n<p>Hendrik V\u00e4lja <a title=\"\" href=\"https:\/\/www.ester.ee\/record=b4065857*est%20%20\" target=\"_blank\" rel=\"noopener\" data-url=\"https:\/\/www.ester.ee\/record=b4065857*est  \">\u201cTraditsiooniline ehitus n\u00fc\u00fcdisaegses arhitektuuris\u201d<\/a> (juhendajad Priit-Kalev Parts, Laur Pihel)<\/p>\n<h4>2010<\/h4>\n<p>Martin Hirv <a title=\"\" href=\"https:\/\/www.ester.ee\/record=b4040406*est%20%20\" target=\"_blank\" rel=\"noopener\" data-url=\"https:\/\/www.ester.ee\/record=b4040406*est  \">\u201cSooglem\u00e4e talu elumaja renoveerimise kontseptsioon\u201d<\/a> (juhendajad Joosep Metslang, Priit-Kalev Parts)<\/p>\n<p>Heigo Ilves <a title=\"\" href=\"https:\/\/www.ester.ee\/record=b4040412*est\" target=\"_blank\" rel=\"noopener\" data-url=\"https:\/\/www.ester.ee\/record=b4040412*est\">\u201cLaastukatuse ehitamisest\u201d<\/a> (juhendajad Priit-Kalev Parts, Joosep Metslang)<\/p>\n<p>Kristjan Korts-Lindus <a title=\"\" href=\"https:\/\/www.ester.ee\/record=b4046371*est\" target=\"_blank\" rel=\"noopener\" data-url=\"https:\/\/www.ester.ee\/record=b4046371*est\">\u201cPalkhoone eelarvestamine \u201cR\u00e4ndsauna\u201d n\u00e4itel\u201d<\/a> (juhendajad Joosep Metslang, Erki Markson)<\/p>\n<p>Ivo Leiaru <a title=\"\" href=\"https:\/\/www.ester.ee\/record=b4039261*est\" target=\"_blank\" rel=\"noopener\" data-url=\"https:\/\/www.ester.ee\/record=b4039261*est\">\u201cPuidust s\u00f5udepaatide ehitamise ja hoolduse traditsioonid V\u00f5rtsj\u00e4rvel\u201d<\/a> (juhendajad Priit-Kalev Parts, Jaan Keerdo)<\/p>\n<p>Madis Prikk <a title=\"\" href=\"https:\/\/www.ester.ee\/record=b4039404*est\" target=\"_blank\" rel=\"noopener\" data-url=\"https:\/\/www.ester.ee\/record=b4039404*est\">\u201cO\u00dc R\u00f5uge Sepp sepistatud palkehitust\u00f6\u00f6riistade anal\u00fc\u00fcs\u201d<\/a> (juhendajad Peeter Reemann, Priit-Kalev Parts)<\/p>\n<p>Ivar Smolin <a title=\"\" href=\"https:\/\/www.ester.ee\/record=b4039298*est\" target=\"_blank\" rel=\"noopener\" data-url=\"https:\/\/www.ester.ee\/record=b4039298*est\">\u201cKilingi-N\u00f5mme linnale iseloomulik kombineeritud saunat\u00fc\u00fcp\u201d<\/a> (juhendajad Heiki P\u00e4rdi, Priit-Kalev Parts)<\/p>\n<p>Jaak Tihane <a title=\"\" href=\"https:\/\/www.ester.ee\/record=b4039342*est%20\" target=\"_blank\" rel=\"noopener\" data-url=\"https:\/\/www.ester.ee\/record=b4039342*est \">\u201cVara isolatsioonimaterjalid\u201d<\/a> (juhendajad Priit-Kalev Parts, Andres Uus)<\/p>\n<h4>2009<\/h4>\n<p>Andres Ansper <a title=\"\" href=\"https:\/\/www.ester.ee\/record=b4040337*est\" target=\"_blank\" rel=\"noopener\" data-url=\"https:\/\/www.ester.ee\/record=b4040337*est\">\u201cIgamehe heliokuivati: v\u00e4ikesem\u00f5\u00f5dulise p\u00e4ikesekuivati rakendatavusest puidu kuivatamisel Eesti tingimustes\u201d<\/a> (juhendajad Ants Viilup, Priit-Kalev Parts)<\/p>\n<h4>2008<\/h4>\n<p>Erki Markson <a title=\"\" href=\"https:\/\/www.ester.ee\/record=b4007990*est\" target=\"_blank\" rel=\"noopener\" data-url=\"https:\/\/www.ester.ee\/record=b4007990*est\">\u201cPuitmajade detaile tootvad ettev\u00f5tted Eestis 2006. aastal\u201d<\/a> (juhendaja Andres Uus)<\/p>\n<p>Heiki M\u00fcrk <a title=\"\" href=\"https:\/\/www.ester.ee\/record=b4019344*est%20\" target=\"_blank\" rel=\"noopener\" data-url=\"https:\/\/www.ester.ee\/record=b4019344*est \">\u201cEesti 9.-13. saj. hoonete ehituskonstruktsioonilised lahendused arheoloogiliste ja etnograafiliste andmete p\u00f5hjal\u201d<\/a> (juhendaja Heiki P\u00e4rdi)<\/p>\n<p>Kristi Ristm\u00e4gi <a title=\"\" href=\"https:\/\/www.ester.ee\/record=b4007994*est%20%20\" target=\"_blank\" rel=\"noopener\" data-url=\"https:\/\/www.ester.ee\/record=b4007994*est  \">\u201cRehemajade taastamine Hiiumaa n\u00e4itel\u201d<\/a> (juhendaja Joosep Metslang)<\/p>\n<p>Egon R\u00f6mer <a title=\"\" href=\"https:\/\/www.ester.ee\/record=b4007973*est\" target=\"_blank\" rel=\"noopener\" data-url=\"https:\/\/www.ester.ee\/record=b4007973*est\">\u201cVanade ehitusmaterjalide ja palkehitustarvikute n\u00f5udlusest ja pakkumisest Eestis\u201d<\/a> (juhendajad Priit-Kalev Parts, Joosep Metslang)<\/p>\n<p>Tarmo Tammekivi <a title=\"\" href=\"https:\/\/www.ester.ee\/record=b4007975*est\" target=\"_blank\" rel=\"noopener\" data-url=\"https:\/\/www.ester.ee\/record=b4007975*est\">\u201cSuitsusauna kohandamine kaasaegse ehitustava ja teiste hoonetega t\u00e4nap\u00e4eva Eesti \u00fchiskonnas\u201d<\/a> (juhendaja Heiki P\u00e4rdi)<\/p>\n","protected":false},"excerpt":{"rendered":"<p>2024 Joosep Mattis Eriste \u201cKoorejaam Eesti piimanduses ja maa-arhitektuuris\u201d (juhendaja Leele V\u00e4lja) Matis Kalm \u201cLihttehnoloogilised t\u00f5stevahendid, nende kasutamine alalisel ning objektip\u00f5hisel t\u00f6\u00f6tamisel\u201d (juhendaja Tarmo Tammekivi) Moonika K\u00f5ressaar \u201cEesti hobuveski. Tehnoloogia ja kultuurip\u00e4rand\u201d (juhendaja Tarmo Tammekivi) Kaija K\u00e4ngsepp \u201cP\u00e4randtehnoloogilised t\u00f6\u00f6v\u00f5tted Eesti &#8230;<\/p>\n","protected":false},"author":274,"featured_media":0,"parent":0,"menu_order":0,"comment_status":"closed","ping_status":"closed","template":"","meta":{"_acf_changed":false,"inline_featured_image":false,"footnotes":""},"class_list":["post-49","page","type-page","status-publish","hentry"],"acf":[],"_links":{"self":[{"href":"https:\/\/sisu.ut.ee\/craft\/wp-json\/wp\/v2\/pages\/49","targetHints":{"allow":["GET"]}}],"collection":[{"href":"https:\/\/sisu.ut.ee\/craft\/wp-json\/wp\/v2\/pages"}],"about":[{"href":"https:\/\/sisu.ut.ee\/craft\/wp-json\/wp\/v2\/types\/page"}],"author":[{"embeddable":true,"href":"https:\/\/sisu.ut.ee\/craft\/wp-json\/wp\/v2\/users\/274"}],"replies":[{"embeddable":true,"href":"https:\/\/sisu.ut.ee\/craft\/wp-json\/wp\/v2\/comments?post=49"}],"version-history":[{"count":6,"href":"https:\/\/sisu.ut.ee\/craft\/wp-json\/wp\/v2\/pages\/49\/revisions"}],"predecessor-version":[{"id":614,"href":"https:\/\/sisu.ut.ee\/craft\/wp-json\/wp\/v2\/pages\/49\/revisions\/614"}],"wp:attachment":[{"href":"https:\/\/sisu.ut.ee\/craft\/wp-json\/wp\/v2\/media?parent=49"}],"curies":[{"name":"wp","href":"https:\/\/api.w.org\/{rel}","templated":true}]}}